{"id":7548,"date":"2016-05-30T12:53:43","date_gmt":"2016-05-30T12:53:43","guid":{"rendered":"https:\/\/www.cythelia.fr\/?page_id=7499"},"modified":"2016-12-20T16:41:39","modified_gmt":"2016-12-20T15:41:39","slug":"dron-fotovoltaico","status":"publish","type":"page","link":"https:\/\/www.cythelia.fr\/es\/energias-renovables\/peritaje\/dron-fotovoltaico\/","title":{"rendered":"Dron fotovoltaico"},"content":{"rendered":"<section class=\"wpb-content-wrapper\">[vc_row section_top_margin=\u00a0\u00bbnormaltopmargin\u00a0\u00bb section_bottom_margin=\u00a0\u00bbnormalbottommargin\u00a0\u00bb section_schema=\u00a0\u00bbnormal\u00a0\u00bb section_background=\u00a0\u00bbcolor\u00a0\u00bb background_color=\u00a0\u00bb#ffffff\u00a0\u00bb background_repeat=\u00a0\u00bbrepeat\u00a0\u00bb moving_direction=\u00a0\u00bbhorizontal\u00a0\u00bb parallax_speed_1=\u00a0\u00bb300&Prime; parallax_speed_2=\u00a0\u00bb300&Prime; parallax_speed_3=\u00a0\u00bb300&Prime; parallax_speed_4=\u00a0\u00bb300&Prime; parallax_speed_5=\u00a0\u00bb300&Prime; parallax_speed_6=\u00a0\u00bb300&Prime; parallax_speed_7=\u00a0\u00bb300&Prime; parallax_speed_8=\u00a0\u00bb300&Prime; parallax_speed_9=\u00a0\u00bb300&Prime; parallax_speed_10=\u00a0\u00bb300&Prime;][vc_column width=\u00a0\u00bb1\/1&Prime;][vc_row_inner][vc_column_inner width=\u00a0\u00bb3\/4&Prime;][vc_custom_heading text=\u00a0\u00bbUn dron fotovoltaico para las inspecciones de centrales\u00a0\u00bb font_container=\u00a0\u00bbtag:h2|text_align:left\u00a0\u00bb google_fonts=\u00a0\u00bbfont_family:Open%20Sans%3A300%2C300italic%2Cregular%2Citalic%2C600%2C600italic%2C700%2C700italic%2C800%2C800italic|font_style:400%20regular%3A400%3Anormal\u00a0\u00bb][vc_column_text]<img decoding=\"async\" loading=\"lazy\" class=\"alignright size-full wp-image-5871\" style=\"padding-left: 40px;padding-bottom: 20px\" src=\"https:\/\/www.cythelia.fr\/es\/wp-content\/uploads\/sites\/3\/2016\/05\/Drone_photovoltaique.png\" alt=\"Dron fotovoltaico\" width=\"282\" height=\"205\" \/><strong>Cythelia es equipada con un dron (multic\u00f3ptero) de \u00faltima generaci\u00f3n de dise\u00f1o propio.<\/strong><\/p>\n<p>La utilizaci\u00f3n del dron fotovoltaico para las <a href=\"https:\/\/www.cythelia.fr\/energies-renouvelables\/audit-photovoltaique\/\">auditor\u00edas de plantas<\/a> permite liberarse del uso de una barquilla, de coste elevado, as\u00ed como representa un ahorro de tiempo importante para la inspecci\u00f3n exhaustiva de los m\u00f3dulos y sistemas de integraci\u00f3n (plantas en tejado) o de anclaje (plantas en suelo). De este modo el mantenimiento se puede centrar en los m\u00f3dulos defectuosos.<\/p>\n<p>La inspecci\u00f3n por dron fotovoltaico es adecuada en los casos siguientes:<\/p>\n<blockquote><p><em><strong>Diligencia debida t\u00e9cnica<\/strong>, especialmente en los casos de una reventa de la central fotovoltaica.<\/em><\/p>\n<p><em><strong>Mantenimiento preventivo regular<\/strong>, con el fin de poder detectar problemas en los m\u00f3dulos fotovoltaicos y hacer efectivas lo antes posible las garant\u00edas de los productos.<\/em><\/p>\n<p><em><strong>Mantenimiento correctivo<\/strong>, en caso de sub-producci\u00f3n importante.<\/em><\/p><\/blockquote>\n<p>[\/vc_column_text][vc_empty_space height=\u00a0\u00bb50px\u00a0\u00bb][vc_custom_heading text=\u00a0\u00bbAspectos t\u00e9cnicos del dron fotovoltaico\u00a0\u00bb font_container=\u00a0\u00bbtag:h2|text_align:left\u00a0\u00bb google_fonts=\u00a0\u00bbfont_family:Open%20Sans%3A300%2C300italic%2Cregular%2Citalic%2C600%2C600italic%2C700%2C700italic%2C800%2C800italic|font_style:400%20regular%3A400%3Anormal\u00a0\u00bb][vc_column_text]<img decoding=\"async\" loading=\"lazy\" class=\"alignright size-full wp-image-5871\" style=\"padding-left: 40px;padding-bottom: 20px\" src=\"https:\/\/www.cythelia.fr\/es\/wp-content\/uploads\/sites\/3\/2016\/05\/Drone_photovoltaique_modules_defaillants.png\" alt=\"Drone photovoltaique - modules d\u00e9faillants\" width=\"375\" height=\"405\" \/>El dron fotovoltaico va equipado con una <strong>c\u00e1mara t\u00e9rmica<\/strong> que permite la detecci\u00f3n de <strong>problemas a nivel de los m\u00f3dulos<\/strong>: \u00ab\u00a0hot spots\u00a0\u00bb (puntos calientes que pueden inducir una p\u00e9rdida de producci\u00f3n y un riesgo de incendio, debido a microfisuras, diodos defectuosos, suciedad, etc.), fallos a nivel de la caja de conexiones (que inducen calentamientos), degradaci\u00f3n inducida por potencial (PID), etc.<\/p>\n<p>El dron fotovoltaico tambi\u00e9n va equipado con una <strong>c\u00e1mara de alta definici\u00f3n<\/strong>. El v\u00eddeo, junto con la <strong>termograf\u00eda infrarroja<\/strong> y las <strong>medidas el\u00e9ctricas<\/strong>, permite remontarse a la causa de los fallos.<\/p>\n<p>El procesamiento de los datos enviados por el dron fotovoltaico permite <strong>cartografiar los m\u00f3dulos defectuosos<\/strong> de manera precisa en la central fotovoltaica, gracias al geoposicionamiento preciso de cada imagen.<\/p>\n<p>Para las centrales de gran tama\u00f1o, <strong>el vuelo del dron fotovoltaico se automatiza<\/strong>, para que recorra el conjunto de los m\u00f3dulos de manera precisa y exhaustiva.[\/vc_column_text][\/vc_column_inner][vc_column_inner width=\u00a0\u00bb1\/4&Prime;][vc_widget_sidebar sidebar_id=\u00a0\u00bbSideBar Production\u00a0\u00bb][\/vc_column_inner][\/vc_row_inner][\/vc_column][\/vc_row]\n<\/section>","protected":false},"excerpt":{"rendered":"<p>[vc_row section_top_margin=\u00a0\u00bbnormaltopmargin\u00a0\u00bb section_bottom_margin=\u00a0\u00bbnormalbottommargin\u00a0\u00bb section_schema=\u00a0\u00bbnormal\u00a0\u00bb section_background=\u00a0\u00bbcolor\u00a0\u00bb background_color=\u00a0\u00bb#ffffff\u00a0\u00bb background_repeat=\u00a0\u00bbrepeat\u00a0\u00bb moving_direction=\u00a0\u00bbhorizontal\u00a0\u00bb parallax_speed_1=\u00a0\u00bb300&Prime; parallax_speed_2=\u00a0\u00bb300&Prime; parallax_speed_3=\u00a0\u00bb300&Prime; parallax_speed_4=\u00a0\u00bb300&Prime; parallax_speed_5=\u00a0\u00bb300&Prime; parallax_speed_6=\u00a0\u00bb300&Prime; parallax_speed_7=\u00a0\u00bb300&Prime; parallax_speed_8=\u00a0\u00bb300&Prime; parallax_speed_9=\u00a0\u00bb300&Prime; parallax_speed_10=\u00a0\u00bb300&Prime;][vc_column width=\u00a0\u00bb1\/1&Prime;][vc_row_inner][vc_column_inner width=\u00a0\u00bb3\/4&Prime;][vc_custom_heading text=\u00a0\u00bbUn dron fotovoltaico para las inspecciones de centrales\u00a0\u00bb font_container=\u00a0\u00bbtag:h2|text_align:left\u00a0\u00bb google_fonts=\u00a0\u00bbfont_family:Open%20Sans%3A300%2C300italic%2Cregular%2Citalic%2C600%2C600italic%2C700%2C700italic%2C800%2C800italic|font_style:400%20regular%3A400%3Anormal\u00a0\u00bb][vc_column_text]Cythelia es equipada con un dron (multic\u00f3ptero) de \u00faltima generaci\u00f3n de dise\u00f1o propio. La utilizaci\u00f3n del dron fotovoltaico para las auditor\u00edas &hellip; <a class=\"readmore\" href=\"https:\/\/www.cythelia.fr\/es\/energias-renovables\/peritaje\/dron-fotovoltaico\/\">Lire la suite <span class=\"meta-nav\">&rarr;<\/span><\/a><\/p>\n","protected":false},"author":2,"featured_media":0,"parent":5475,"menu_order":0,"comment_status":"closed","ping_status":"closed","template":"template\/template-landing-page-vc.php","meta":[],"yoast_head":"<!-- This site is optimized with the Yoast SEO plugin v20.0 - https:\/\/yoast.com\/wordpress\/plugins\/seo\/ -->\n<title>Dron fotovoltaico - Cythelia Version ES<\/title>\n<meta name=\"robots\" content=\"index, follow, max-snippet:-1, max-image-preview:large, max-video-preview:-1\" \/>\n<link rel=\"canonical\" href=\"https:\/\/www.cythelia.fr\/es\/energias-renovables\/peritaje\/dron-fotovoltaico\/\" \/>\n<meta property=\"og:locale\" content=\"fr_FR\" \/>\n<meta property=\"og:type\" content=\"article\" \/>\n<meta property=\"og:title\" content=\"Dron fotovoltaico - Cythelia Version ES\" \/>\n<meta property=\"og:description\" content=\"[vc_row section_top_margin=\u00a0\u00bbnormaltopmargin\u00a0\u00bb section_bottom_margin=\u00a0\u00bbnormalbottommargin\u00a0\u00bb section_schema=\u00a0\u00bbnormal\u00a0\u00bb section_background=\u00a0\u00bbcolor\u00a0\u00bb background_color=\u00a0\u00bb#ffffff\u00a0\u00bb background_repeat=\u00a0\u00bbrepeat\u00a0\u00bb moving_direction=\u00a0\u00bbhorizontal\u00a0\u00bb parallax_speed_1=\u00a0\u00bb300&Prime; parallax_speed_2=\u00a0\u00bb300&Prime; parallax_speed_3=\u00a0\u00bb300&Prime; parallax_speed_4=\u00a0\u00bb300&Prime; parallax_speed_5=\u00a0\u00bb300&Prime; parallax_speed_6=\u00a0\u00bb300&Prime; parallax_speed_7=\u00a0\u00bb300&Prime; parallax_speed_8=\u00a0\u00bb300&Prime; parallax_speed_9=\u00a0\u00bb300&Prime; parallax_speed_10=\u00a0\u00bb300&Prime;][vc_column width=\u00a0\u00bb1\/1&Prime;][vc_row_inner][vc_column_inner width=\u00a0\u00bb3\/4&Prime;][vc_custom_heading text=\u00a0\u00bbUn dron fotovoltaico para las inspecciones de centrales\u00a0\u00bb font_container=\u00a0\u00bbtag:h2|text_align:left\u00a0\u00bb google_fonts=\u00a0\u00bbfont_family:Open%20Sans%3A300%2C300italic%2Cregular%2Citalic%2C600%2C600italic%2C700%2C700italic%2C800%2C800italic|font_style:400%20regular%3A400%3Anormal\u00a0\u00bb][vc_column_text]Cythelia es equipada con un dron (multic\u00f3ptero) de \u00faltima generaci\u00f3n de dise\u00f1o propio. La utilizaci\u00f3n del dron fotovoltaico para las auditor\u00edas &hellip; Lire la suite &rarr;\" \/>\n<meta property=\"og:url\" content=\"https:\/\/www.cythelia.fr\/es\/energias-renovables\/peritaje\/dron-fotovoltaico\/\" \/>\n<meta property=\"og:site_name\" content=\"Cythelia Version ES\" \/>\n<meta property=\"article:modified_time\" content=\"2016-12-20T15:41:39+00:00\" \/>\n<meta property=\"og:image\" content=\"https:\/\/www.cythelia.fr\/es\/wp-content\/uploads\/sites\/3\/2016\/05\/Drone_photovoltaique.png\" \/>\n<meta name=\"twitter:label1\" content=\"Dur\u00e9e de lecture estim\u00e9e\" \/>\n\t<meta name=\"twitter:data1\" content=\"2 minutes\" \/>\n<script type=\"application\/ld+json\" class=\"yoast-schema-graph\">{\"@context\":\"https:\/\/schema.org\",\"@graph\":[{\"@type\":\"WebPage\",\"@id\":\"https:\/\/www.cythelia.fr\/es\/energias-renovables\/peritaje\/dron-fotovoltaico\/\",\"url\":\"https:\/\/www.cythelia.fr\/es\/energias-renovables\/peritaje\/dron-fotovoltaico\/\",\"name\":\"Dron fotovoltaico - Cythelia Version ES\",\"isPartOf\":{\"@id\":\"https:\/\/www.cythelia.fr\/es\/#website\"},\"datePublished\":\"2016-05-30T12:53:43+00:00\",\"dateModified\":\"2016-12-20T15:41:39+00:00\",\"breadcrumb\":{\"@id\":\"https:\/\/www.cythelia.fr\/es\/energias-renovables\/peritaje\/dron-fotovoltaico\/#breadcrumb\"},\"inLanguage\":\"fr-FR\",\"potentialAction\":[{\"@type\":\"ReadAction\",\"target\":[\"https:\/\/www.cythelia.fr\/es\/energias-renovables\/peritaje\/dron-fotovoltaico\/\"]}]},{\"@type\":\"BreadcrumbList\",\"@id\":\"https:\/\/www.cythelia.fr\/es\/energias-renovables\/peritaje\/dron-fotovoltaico\/#breadcrumb\",\"itemListElement\":[{\"@type\":\"ListItem\",\"position\":1,\"name\":\"Accueil\",\"item\":\"https:\/\/www.cythelia.fr\/es\/\"},{\"@type\":\"ListItem\",\"position\":2,\"name\":\"Energ\u00edas renovables\",\"item\":\"https:\/\/www.cythelia.fr\/es\/energias-renovables\/\"},{\"@type\":\"ListItem\",\"position\":3,\"name\":\"Peritaje\",\"item\":\"https:\/\/www.cythelia.fr\/es\/energias-renovables\/peritaje\/\"},{\"@type\":\"ListItem\",\"position\":4,\"name\":\"Dron fotovoltaico\"}]},{\"@type\":\"WebSite\",\"@id\":\"https:\/\/www.cythelia.fr\/es\/#website\",\"url\":\"https:\/\/www.cythelia.fr\/es\/\",\"name\":\"Cythelia Version ES\",\"description\":\"\",\"potentialAction\":[{\"@type\":\"SearchAction\",\"target\":{\"@type\":\"EntryPoint\",\"urlTemplate\":\"https:\/\/www.cythelia.fr\/es\/?s={search_term_string}\"},\"query-input\":\"required name=search_term_string\"}],\"inLanguage\":\"fr-FR\"}]}<\/script>\n<!-- \/ Yoast SEO plugin. -->","yoast_head_json":{"title":"Dron fotovoltaico - Cythelia Version ES","robots":{"index":"index","follow":"follow","max-snippet":"max-snippet:-1","max-image-preview":"max-image-preview:large","max-video-preview":"max-video-preview:-1"},"canonical":"https:\/\/www.cythelia.fr\/es\/energias-renovables\/peritaje\/dron-fotovoltaico\/","og_locale":"fr_FR","og_type":"article","og_title":"Dron fotovoltaico - Cythelia Version ES","og_description":"[vc_row section_top_margin=\u00a0\u00bbnormaltopmargin\u00a0\u00bb section_bottom_margin=\u00a0\u00bbnormalbottommargin\u00a0\u00bb section_schema=\u00a0\u00bbnormal\u00a0\u00bb section_background=\u00a0\u00bbcolor\u00a0\u00bb background_color=\u00a0\u00bb#ffffff\u00a0\u00bb background_repeat=\u00a0\u00bbrepeat\u00a0\u00bb moving_direction=\u00a0\u00bbhorizontal\u00a0\u00bb parallax_speed_1=\u00a0\u00bb300&Prime; parallax_speed_2=\u00a0\u00bb300&Prime; parallax_speed_3=\u00a0\u00bb300&Prime; parallax_speed_4=\u00a0\u00bb300&Prime; parallax_speed_5=\u00a0\u00bb300&Prime; parallax_speed_6=\u00a0\u00bb300&Prime; parallax_speed_7=\u00a0\u00bb300&Prime; parallax_speed_8=\u00a0\u00bb300&Prime; parallax_speed_9=\u00a0\u00bb300&Prime; parallax_speed_10=\u00a0\u00bb300&Prime;][vc_column width=\u00a0\u00bb1\/1&Prime;][vc_row_inner][vc_column_inner width=\u00a0\u00bb3\/4&Prime;][vc_custom_heading text=\u00a0\u00bbUn dron fotovoltaico para las inspecciones de centrales\u00a0\u00bb font_container=\u00a0\u00bbtag:h2|text_align:left\u00a0\u00bb google_fonts=\u00a0\u00bbfont_family:Open%20Sans%3A300%2C300italic%2Cregular%2Citalic%2C600%2C600italic%2C700%2C700italic%2C800%2C800italic|font_style:400%20regular%3A400%3Anormal\u00a0\u00bb][vc_column_text]Cythelia es equipada con un dron (multic\u00f3ptero) de \u00faltima generaci\u00f3n de dise\u00f1o propio. La utilizaci\u00f3n del dron fotovoltaico para las auditor\u00edas &hellip; Lire la suite &rarr;","og_url":"https:\/\/www.cythelia.fr\/es\/energias-renovables\/peritaje\/dron-fotovoltaico\/","og_site_name":"Cythelia Version ES","article_modified_time":"2016-12-20T15:41:39+00:00","og_image":[{"url":"https:\/\/www.cythelia.fr\/es\/wp-content\/uploads\/sites\/3\/2016\/05\/Drone_photovoltaique.png"}],"twitter_misc":{"Dur\u00e9e de lecture estim\u00e9e":"2 minutes"},"schema":{"@context":"https:\/\/schema.org","@graph":[{"@type":"WebPage","@id":"https:\/\/www.cythelia.fr\/es\/energias-renovables\/peritaje\/dron-fotovoltaico\/","url":"https:\/\/www.cythelia.fr\/es\/energias-renovables\/peritaje\/dron-fotovoltaico\/","name":"Dron fotovoltaico - Cythelia Version ES","isPartOf":{"@id":"https:\/\/www.cythelia.fr\/es\/#website"},"datePublished":"2016-05-30T12:53:43+00:00","dateModified":"2016-12-20T15:41:39+00:00","breadcrumb":{"@id":"https:\/\/www.cythelia.fr\/es\/energias-renovables\/peritaje\/dron-fotovoltaico\/#breadcrumb"},"inLanguage":"fr-FR","potentialAction":[{"@type":"ReadAction","target":["https:\/\/www.cythelia.fr\/es\/energias-renovables\/peritaje\/dron-fotovoltaico\/"]}]},{"@type":"BreadcrumbList","@id":"https:\/\/www.cythelia.fr\/es\/energias-renovables\/peritaje\/dron-fotovoltaico\/#breadcrumb","itemListElement":[{"@type":"ListItem","position":1,"name":"Accueil","item":"https:\/\/www.cythelia.fr\/es\/"},{"@type":"ListItem","position":2,"name":"Energ\u00edas renovables","item":"https:\/\/www.cythelia.fr\/es\/energias-renovables\/"},{"@type":"ListItem","position":3,"name":"Peritaje","item":"https:\/\/www.cythelia.fr\/es\/energias-renovables\/peritaje\/"},{"@type":"ListItem","position":4,"name":"Dron fotovoltaico"}]},{"@type":"WebSite","@id":"https:\/\/www.cythelia.fr\/es\/#website","url":"https:\/\/www.cythelia.fr\/es\/","name":"Cythelia Version ES","description":"","potentialAction":[{"@type":"SearchAction","target":{"@type":"EntryPoint","urlTemplate":"https:\/\/www.cythelia.fr\/es\/?s={search_term_string}"},"query-input":"required name=search_term_string"}],"inLanguage":"fr-FR"}]}},"_links":{"self":[{"href":"https:\/\/www.cythelia.fr\/es\/wp-json\/wp\/v2\/pages\/7548"}],"collection":[{"href":"https:\/\/www.cythelia.fr\/es\/wp-json\/wp\/v2\/pages"}],"about":[{"href":"https:\/\/www.cythelia.fr\/es\/wp-json\/wp\/v2\/types\/page"}],"author":[{"embeddable":true,"href":"https:\/\/www.cythelia.fr\/es\/wp-json\/wp\/v2\/users\/2"}],"replies":[{"embeddable":true,"href":"https:\/\/www.cythelia.fr\/es\/wp-json\/wp\/v2\/comments?post=7548"}],"version-history":[{"count":4,"href":"https:\/\/www.cythelia.fr\/es\/wp-json\/wp\/v2\/pages\/7548\/revisions"}],"predecessor-version":[{"id":7929,"href":"https:\/\/www.cythelia.fr\/es\/wp-json\/wp\/v2\/pages\/7548\/revisions\/7929"}],"up":[{"embeddable":true,"href":"https:\/\/www.cythelia.fr\/es\/wp-json\/wp\/v2\/pages\/5475"}],"wp:attachment":[{"href":"https:\/\/www.cythelia.fr\/es\/wp-json\/wp\/v2\/media?parent=7548"}],"curies":[{"name":"wp","href":"https:\/\/api.w.org\/{rel}","templated":true}]}}