{"id":7547,"date":"2016-05-30T09:42:20","date_gmt":"2016-05-30T09:42:20","guid":{"rendered":"https:\/\/www.cythelia.fr\/?page_id=7489"},"modified":"2016-12-20T17:25:01","modified_gmt":"2016-12-20T16:25:01","slug":"energia-fotovoltaica","status":"publish","type":"page","link":"https:\/\/www.cythelia.fr\/es\/energias-renovables\/peritaje\/energia-fotovoltaica\/","title":{"rendered":"Energ\u00eda Fotovoltaica"},"content":{"rendered":"<section class=\"wpb-content-wrapper\">[vc_row section_top_margin=\u00a0\u00bbnormaltopmargin\u00a0\u00bb section_bottom_margin=\u00a0\u00bbnormalbottommargin\u00a0\u00bb section_schema=\u00a0\u00bbnormal\u00a0\u00bb section_background=\u00a0\u00bbcolor\u00a0\u00bb background_color=\u00a0\u00bb#ffffff\u00a0\u00bb background_repeat=\u00a0\u00bbrepeat\u00a0\u00bb moving_direction=\u00a0\u00bbhorizontal\u00a0\u00bb parallax_speed_1=\u00a0\u00bb300&Prime; parallax_speed_2=\u00a0\u00bb300&Prime; parallax_speed_3=\u00a0\u00bb300&Prime; parallax_speed_4=\u00a0\u00bb300&Prime; parallax_speed_5=\u00a0\u00bb300&Prime; parallax_speed_6=\u00a0\u00bb300&Prime; parallax_speed_7=\u00a0\u00bb300&Prime; parallax_speed_8=\u00a0\u00bb300&Prime; parallax_speed_9=\u00a0\u00bb300&Prime; parallax_speed_10=\u00a0\u00bb300&Prime;][vc_column width=\u00a0\u00bb1\/1&Prime;][vc_row_inner][vc_column_inner width=\u00a0\u00bb3\/4&Prime;][vc_custom_heading text=\u00a0\u00bbExperiencia de Cythelia Energy en energ\u00eda fotovoltaica\u00a0\u00bb font_container=\u00a0\u00bbtag:h2|text_align:left\u00a0\u00bb google_fonts=\u00a0\u00bbfont_family:Open%20Sans%3A300%2C300italic%2Cregular%2Citalic%2C600%2C600italic%2C700%2C700italic%2C800%2C800italic|font_style:400%20regular%3A400%3Anormal\u00a0\u00bb][vc_column_text]Cythelia Energy se especializa desde 1994 en la producci\u00f3n de electricidad solar fotovoltaica, antes de la explosi\u00f3n del mercado de instalaciones fotovoltaicas conectadas a la red que se ha producido desde los a\u00f1os 2000.<\/p>\n<p>Nuestra amplia experiencia nos permite intervenir en todo el ciclo de vida del desarrollo de las centrales fotovoltaicas.<br \/>\n[\/vc_column_text][vc_empty_space height=\u00a0\u00bb50px\u00a0\u00bb][vc_custom_heading text=\u00a0\u00bbFortalezas y debilidades de la energ\u00eda fotovoltaica\u00a0\u00bb font_container=\u00a0\u00bbtag:h2|text_align:left\u00a0\u00bb google_fonts=\u00a0\u00bbfont_family:Open%20Sans%3A300%2C300italic%2Cregular%2Citalic%2C600%2C600italic%2C700%2C700italic%2C800%2C800italic|font_style:400%20regular%3A400%3Anormal\u00a0\u00bb][vc_column_text]Creemos en la energ\u00eda solar fotovoltaica por sus numerosas ventajas, se\u00f1aladas por Alain Ricaud (fundador de Cythelia Energy) desde hace mucho tiempo:<\/p>\n<blockquote><p><em>En primer lugar y de conformidad con los deseos de los ingenieros de los a\u00f1os 60, <strong>la fuente de la energ\u00eda fotovoltaica tiene un origen&#8230; nuclear<\/strong>, pero se encuentra a m\u00e1s de 150 millones de kil\u00f3metros de distancia y, por si fuera poco, cuenta con reprocesamiento de residuos integrado y una vida \u00fatil que se cifra en miles de millones de a\u00f1os&#8230;<\/em><\/p>\n<p><em><strong>Todo el mundo tiene en su puerta la fuente fotovoltaica<\/strong>, los m\u00e1s privilegiados pueden presumir de poseer tres veces m\u00e1s que los m\u00e1s desfavorecidos, siendo parad\u00f3jicamente los primeros los m\u00e1s pobres.<\/em><\/p>\n<p><em>Las <strong>tecnolog\u00edas fotovoltaicas actuales utilizan el silicio<\/strong> como material base. Segundo elemento de la corteza terrestre en abundancia, se deriva de la arena y su implementaci\u00f3n es relativamente inofensiva.<\/em><\/p>\n<p><em>Las instalaciones fotovoltaicas son <strong>silenciosas, no contaminantes y requieren poco mantenimiento<\/strong>.<\/em><\/p>\n<p><em>Debido a su <strong>construcci\u00f3n modular<\/strong>, los sistemas fotovoltaicos ofrecen la flexibilidad de fuentes de energ\u00eda descentralizadas donde la producci\u00f3n se puede hacer en el emplazamiento de utilizaci\u00f3n, de unas decenas de vatios a unas centenas de MW.<\/em><\/p>\n<p><em><strong>El precio de un kWh fotovoltaico<\/strong>, si ayer era prohibitivo, <strong>hoy en d\u00eda es muy competitivo<\/strong> en numerosas regiones del mundo.<\/em><\/p>\n<p><em>Adem\u00e1s, los sistemas fotovoltaicos siguen poco la ley de la econom\u00eda de escala en sus costes de instalaci\u00f3n. <strong>La industria fotovoltaica es, por tanto, creadora de empleos<\/strong>, con posterioridad a la instalaci\u00f3n y el servicio, proporcionalmente a la potencia instalada.<\/em><\/p><\/blockquote>\n<p>Evidentemente, el sector fotovoltaico presenta inconvenientes, pero que pueden superarse, a corto o medio plazo:<\/p>\n<blockquote><p><em><strong>La fuente est\u00e1 diluida (&lt; 1000 W\/m\u00b2)<\/strong>, pero el espacio disponible para las instalaciones fotovoltaicas es muy importante: tejados, aparcamientos, zonas des\u00e9rticas, etc.<br \/>\n<\/em><\/p>\n<p><em><strong>La fuente es peri\u00f3dica y relativamente aleatoria<\/strong>, pero los servicios de previsiones meteorol\u00f3gicas adaptados al \u00e1mbito fotovoltaico hoy en d\u00eda son muy eficaces en todos los horizontes temporales (de 30 min. a varios d\u00edas).<\/em><\/p>\n<p><em><strong>La electricidad no se almacena f\u00e1cilmente<\/strong>, pero las tecnolog\u00edas de almacenaje y los sistemas que permiten una mejor adecuaci\u00f3n entre el consumo y la producci\u00f3n fotovoltaica progresan con mucha rapidez.<\/em><\/p><\/blockquote>\n<p>[\/vc_column_text][\/vc_column_inner][vc_column_inner width=\u00a0\u00bb1\/4&Prime;][vc_widget_sidebar sidebar_id=\u00a0\u00bbSideBar Production\u00a0\u00bb][\/vc_column_inner][\/vc_row_inner][\/vc_column][\/vc_row]\n<\/section>","protected":false},"excerpt":{"rendered":"<p>[vc_row section_top_margin=\u00a0\u00bbnormaltopmargin\u00a0\u00bb section_bottom_margin=\u00a0\u00bbnormalbottommargin\u00a0\u00bb section_schema=\u00a0\u00bbnormal\u00a0\u00bb section_background=\u00a0\u00bbcolor\u00a0\u00bb background_color=\u00a0\u00bb#ffffff\u00a0\u00bb background_repeat=\u00a0\u00bbrepeat\u00a0\u00bb moving_direction=\u00a0\u00bbhorizontal\u00a0\u00bb parallax_speed_1=\u00a0\u00bb300&Prime; parallax_speed_2=\u00a0\u00bb300&Prime; parallax_speed_3=\u00a0\u00bb300&Prime; parallax_speed_4=\u00a0\u00bb300&Prime; parallax_speed_5=\u00a0\u00bb300&Prime; parallax_speed_6=\u00a0\u00bb300&Prime; parallax_speed_7=\u00a0\u00bb300&Prime; parallax_speed_8=\u00a0\u00bb300&Prime; parallax_speed_9=\u00a0\u00bb300&Prime; parallax_speed_10=\u00a0\u00bb300&Prime;][vc_column width=\u00a0\u00bb1\/1&Prime;][vc_row_inner][vc_column_inner width=\u00a0\u00bb3\/4&Prime;][vc_custom_heading text=\u00a0\u00bbExperiencia de Cythelia Energy en energ\u00eda fotovoltaica\u00a0\u00bb font_container=\u00a0\u00bbtag:h2|text_align:left\u00a0\u00bb google_fonts=\u00a0\u00bbfont_family:Open%20Sans%3A300%2C300italic%2Cregular%2Citalic%2C600%2C600italic%2C700%2C700italic%2C800%2C800italic|font_style:400%20regular%3A400%3Anormal\u00a0\u00bb][vc_column_text]Cythelia Energy se especializa desde 1994 en la producci\u00f3n de electricidad solar fotovoltaica, antes de la explosi\u00f3n del mercado de instalaciones fotovoltaicas &hellip; <a class=\"readmore\" href=\"https:\/\/www.cythelia.fr\/es\/energias-renovables\/peritaje\/energia-fotovoltaica\/\">Lire la suite <span class=\"meta-nav\">&rarr;<\/span><\/a><\/p>\n","protected":false},"author":2,"featured_media":0,"parent":5475,"menu_order":0,"comment_status":"closed","ping_status":"closed","template":"template\/template-landing-page-vc.php","meta":[],"yoast_head":"<!-- This site is optimized with the Yoast SEO plugin v20.0 - https:\/\/yoast.com\/wordpress\/plugins\/seo\/ -->\n<title>Energ\u00eda Fotovoltaica - Cythelia Version ES<\/title>\n<meta name=\"robots\" content=\"index, follow, max-snippet:-1, max-image-preview:large, max-video-preview:-1\" \/>\n<link rel=\"canonical\" href=\"https:\/\/www.cythelia.fr\/es\/energias-renovables\/peritaje\/energia-fotovoltaica\/\" \/>\n<meta property=\"og:locale\" content=\"fr_FR\" \/>\n<meta property=\"og:type\" content=\"article\" \/>\n<meta property=\"og:title\" content=\"Energ\u00eda Fotovoltaica - Cythelia Version ES\" \/>\n<meta property=\"og:description\" content=\"[vc_row section_top_margin=\u00a0\u00bbnormaltopmargin\u00a0\u00bb section_bottom_margin=\u00a0\u00bbnormalbottommargin\u00a0\u00bb section_schema=\u00a0\u00bbnormal\u00a0\u00bb section_background=\u00a0\u00bbcolor\u00a0\u00bb background_color=\u00a0\u00bb#ffffff\u00a0\u00bb background_repeat=\u00a0\u00bbrepeat\u00a0\u00bb moving_direction=\u00a0\u00bbhorizontal\u00a0\u00bb parallax_speed_1=\u00a0\u00bb300&Prime; parallax_speed_2=\u00a0\u00bb300&Prime; parallax_speed_3=\u00a0\u00bb300&Prime; parallax_speed_4=\u00a0\u00bb300&Prime; parallax_speed_5=\u00a0\u00bb300&Prime; parallax_speed_6=\u00a0\u00bb300&Prime; parallax_speed_7=\u00a0\u00bb300&Prime; parallax_speed_8=\u00a0\u00bb300&Prime; parallax_speed_9=\u00a0\u00bb300&Prime; parallax_speed_10=\u00a0\u00bb300&Prime;][vc_column width=\u00a0\u00bb1\/1&Prime;][vc_row_inner][vc_column_inner width=\u00a0\u00bb3\/4&Prime;][vc_custom_heading text=\u00a0\u00bbExperiencia de Cythelia Energy en energ\u00eda fotovoltaica\u00a0\u00bb font_container=\u00a0\u00bbtag:h2|text_align:left\u00a0\u00bb google_fonts=\u00a0\u00bbfont_family:Open%20Sans%3A300%2C300italic%2Cregular%2Citalic%2C600%2C600italic%2C700%2C700italic%2C800%2C800italic|font_style:400%20regular%3A400%3Anormal\u00a0\u00bb][vc_column_text]Cythelia Energy se especializa desde 1994 en la producci\u00f3n de electricidad solar fotovoltaica, antes de la explosi\u00f3n del mercado de instalaciones fotovoltaicas &hellip; Lire la suite &rarr;\" \/>\n<meta property=\"og:url\" content=\"https:\/\/www.cythelia.fr\/es\/energias-renovables\/peritaje\/energia-fotovoltaica\/\" \/>\n<meta property=\"og:site_name\" content=\"Cythelia Version ES\" \/>\n<meta property=\"article:modified_time\" content=\"2016-12-20T16:25:01+00:00\" \/>\n<meta name=\"twitter:label1\" content=\"Dur\u00e9e de lecture estim\u00e9e\" \/>\n\t<meta name=\"twitter:data1\" content=\"3 minutes\" \/>\n<script type=\"application\/ld+json\" class=\"yoast-schema-graph\">{\"@context\":\"https:\/\/schema.org\",\"@graph\":[{\"@type\":\"WebPage\",\"@id\":\"https:\/\/www.cythelia.fr\/es\/energias-renovables\/peritaje\/energia-fotovoltaica\/\",\"url\":\"https:\/\/www.cythelia.fr\/es\/energias-renovables\/peritaje\/energia-fotovoltaica\/\",\"name\":\"Energ\u00eda Fotovoltaica - Cythelia Version ES\",\"isPartOf\":{\"@id\":\"https:\/\/www.cythelia.fr\/es\/#website\"},\"datePublished\":\"2016-05-30T09:42:20+00:00\",\"dateModified\":\"2016-12-20T16:25:01+00:00\",\"breadcrumb\":{\"@id\":\"https:\/\/www.cythelia.fr\/es\/energias-renovables\/peritaje\/energia-fotovoltaica\/#breadcrumb\"},\"inLanguage\":\"fr-FR\",\"potentialAction\":[{\"@type\":\"ReadAction\",\"target\":[\"https:\/\/www.cythelia.fr\/es\/energias-renovables\/peritaje\/energia-fotovoltaica\/\"]}]},{\"@type\":\"BreadcrumbList\",\"@id\":\"https:\/\/www.cythelia.fr\/es\/energias-renovables\/peritaje\/energia-fotovoltaica\/#breadcrumb\",\"itemListElement\":[{\"@type\":\"ListItem\",\"position\":1,\"name\":\"Accueil\",\"item\":\"https:\/\/www.cythelia.fr\/es\/\"},{\"@type\":\"ListItem\",\"position\":2,\"name\":\"Energ\u00edas renovables\",\"item\":\"https:\/\/www.cythelia.fr\/es\/energias-renovables\/\"},{\"@type\":\"ListItem\",\"position\":3,\"name\":\"Peritaje\",\"item\":\"https:\/\/www.cythelia.fr\/es\/energias-renovables\/peritaje\/\"},{\"@type\":\"ListItem\",\"position\":4,\"name\":\"Energ\u00eda Fotovoltaica\"}]},{\"@type\":\"WebSite\",\"@id\":\"https:\/\/www.cythelia.fr\/es\/#website\",\"url\":\"https:\/\/www.cythelia.fr\/es\/\",\"name\":\"Cythelia Version ES\",\"description\":\"\",\"potentialAction\":[{\"@type\":\"SearchAction\",\"target\":{\"@type\":\"EntryPoint\",\"urlTemplate\":\"https:\/\/www.cythelia.fr\/es\/?s={search_term_string}\"},\"query-input\":\"required name=search_term_string\"}],\"inLanguage\":\"fr-FR\"}]}<\/script>\n<!-- \/ Yoast SEO plugin. -->","yoast_head_json":{"title":"Energ\u00eda Fotovoltaica - Cythelia Version ES","robots":{"index":"index","follow":"follow","max-snippet":"max-snippet:-1","max-image-preview":"max-image-preview:large","max-video-preview":"max-video-preview:-1"},"canonical":"https:\/\/www.cythelia.fr\/es\/energias-renovables\/peritaje\/energia-fotovoltaica\/","og_locale":"fr_FR","og_type":"article","og_title":"Energ\u00eda Fotovoltaica - Cythelia Version ES","og_description":"[vc_row section_top_margin=\u00a0\u00bbnormaltopmargin\u00a0\u00bb section_bottom_margin=\u00a0\u00bbnormalbottommargin\u00a0\u00bb section_schema=\u00a0\u00bbnormal\u00a0\u00bb section_background=\u00a0\u00bbcolor\u00a0\u00bb background_color=\u00a0\u00bb#ffffff\u00a0\u00bb background_repeat=\u00a0\u00bbrepeat\u00a0\u00bb moving_direction=\u00a0\u00bbhorizontal\u00a0\u00bb parallax_speed_1=\u00a0\u00bb300&Prime; parallax_speed_2=\u00a0\u00bb300&Prime; parallax_speed_3=\u00a0\u00bb300&Prime; parallax_speed_4=\u00a0\u00bb300&Prime; parallax_speed_5=\u00a0\u00bb300&Prime; parallax_speed_6=\u00a0\u00bb300&Prime; parallax_speed_7=\u00a0\u00bb300&Prime; parallax_speed_8=\u00a0\u00bb300&Prime; parallax_speed_9=\u00a0\u00bb300&Prime; parallax_speed_10=\u00a0\u00bb300&Prime;][vc_column width=\u00a0\u00bb1\/1&Prime;][vc_row_inner][vc_column_inner width=\u00a0\u00bb3\/4&Prime;][vc_custom_heading text=\u00a0\u00bbExperiencia de Cythelia Energy en energ\u00eda fotovoltaica\u00a0\u00bb font_container=\u00a0\u00bbtag:h2|text_align:left\u00a0\u00bb google_fonts=\u00a0\u00bbfont_family:Open%20Sans%3A300%2C300italic%2Cregular%2Citalic%2C600%2C600italic%2C700%2C700italic%2C800%2C800italic|font_style:400%20regular%3A400%3Anormal\u00a0\u00bb][vc_column_text]Cythelia Energy se especializa desde 1994 en la producci\u00f3n de electricidad solar fotovoltaica, antes de la explosi\u00f3n del mercado de instalaciones fotovoltaicas &hellip; Lire la suite &rarr;","og_url":"https:\/\/www.cythelia.fr\/es\/energias-renovables\/peritaje\/energia-fotovoltaica\/","og_site_name":"Cythelia Version ES","article_modified_time":"2016-12-20T16:25:01+00:00","twitter_misc":{"Dur\u00e9e de lecture estim\u00e9e":"3 minutes"},"schema":{"@context":"https:\/\/schema.org","@graph":[{"@type":"WebPage","@id":"https:\/\/www.cythelia.fr\/es\/energias-renovables\/peritaje\/energia-fotovoltaica\/","url":"https:\/\/www.cythelia.fr\/es\/energias-renovables\/peritaje\/energia-fotovoltaica\/","name":"Energ\u00eda Fotovoltaica - Cythelia Version ES","isPartOf":{"@id":"https:\/\/www.cythelia.fr\/es\/#website"},"datePublished":"2016-05-30T09:42:20+00:00","dateModified":"2016-12-20T16:25:01+00:00","breadcrumb":{"@id":"https:\/\/www.cythelia.fr\/es\/energias-renovables\/peritaje\/energia-fotovoltaica\/#breadcrumb"},"inLanguage":"fr-FR","potentialAction":[{"@type":"ReadAction","target":["https:\/\/www.cythelia.fr\/es\/energias-renovables\/peritaje\/energia-fotovoltaica\/"]}]},{"@type":"BreadcrumbList","@id":"https:\/\/www.cythelia.fr\/es\/energias-renovables\/peritaje\/energia-fotovoltaica\/#breadcrumb","itemListElement":[{"@type":"ListItem","position":1,"name":"Accueil","item":"https:\/\/www.cythelia.fr\/es\/"},{"@type":"ListItem","position":2,"name":"Energ\u00edas renovables","item":"https:\/\/www.cythelia.fr\/es\/energias-renovables\/"},{"@type":"ListItem","position":3,"name":"Peritaje","item":"https:\/\/www.cythelia.fr\/es\/energias-renovables\/peritaje\/"},{"@type":"ListItem","position":4,"name":"Energ\u00eda Fotovoltaica"}]},{"@type":"WebSite","@id":"https:\/\/www.cythelia.fr\/es\/#website","url":"https:\/\/www.cythelia.fr\/es\/","name":"Cythelia Version ES","description":"","potentialAction":[{"@type":"SearchAction","target":{"@type":"EntryPoint","urlTemplate":"https:\/\/www.cythelia.fr\/es\/?s={search_term_string}"},"query-input":"required name=search_term_string"}],"inLanguage":"fr-FR"}]}},"_links":{"self":[{"href":"https:\/\/www.cythelia.fr\/es\/wp-json\/wp\/v2\/pages\/7547"}],"collection":[{"href":"https:\/\/www.cythelia.fr\/es\/wp-json\/wp\/v2\/pages"}],"about":[{"href":"https:\/\/www.cythelia.fr\/es\/wp-json\/wp\/v2\/types\/page"}],"author":[{"embeddable":true,"href":"https:\/\/www.cythelia.fr\/es\/wp-json\/wp\/v2\/users\/2"}],"replies":[{"embeddable":true,"href":"https:\/\/www.cythelia.fr\/es\/wp-json\/wp\/v2\/comments?post=7547"}],"version-history":[{"count":4,"href":"https:\/\/www.cythelia.fr\/es\/wp-json\/wp\/v2\/pages\/7547\/revisions"}],"predecessor-version":[{"id":7936,"href":"https:\/\/www.cythelia.fr\/es\/wp-json\/wp\/v2\/pages\/7547\/revisions\/7936"}],"up":[{"embeddable":true,"href":"https:\/\/www.cythelia.fr\/es\/wp-json\/wp\/v2\/pages\/5475"}],"wp:attachment":[{"href":"https:\/\/www.cythelia.fr\/es\/wp-json\/wp\/v2\/media?parent=7547"}],"curies":[{"name":"wp","href":"https:\/\/api.w.org\/{rel}","templated":true}]}}