{"id":7376,"date":"2015-12-22T16:22:39","date_gmt":"2015-12-22T16:22:39","guid":{"rendered":"https:\/\/www.cythelia.fr\/?page_id=7376"},"modified":"2023-05-02T12:31:22","modified_gmt":"2023-05-02T11:31:22","slug":"balance-carbono","status":"publish","type":"page","link":"https:\/\/www.cythelia.fr\/es\/control-energetico\/consejo\/balance-carbono\/","title":{"rendered":"Balance de carbono"},"content":{"rendered":"<section class=\"wpb-content-wrapper\">[vc_row section_background=\u00a0\u00bbcolor\u00a0\u00bb background_color=\u00a0\u00bb#ffffff\u00a0\u00bb][vc_column][vc_row_inner][vc_column_inner width=\u00a0\u00bb3\/4&Prime;][vc_custom_heading text=\u00a0\u00bbProveedor Bilan Carbone\u00ae certificado desde 2002&Prime; font_container=\u00a0\u00bbtag:h3|text_align:left\u00a0\u00bb google_fonts=\u00a0\u00bbfont_family:Open%20Sans%3A300%2C300italic%2Cregular%2Citalic%2C600%2C600italic%2C700%2C700italic%2C800%2C800italic|font_style:400%20regular%3A400%3Anormal\u00a0\u00bb][vc_column_text]<\/p>\n<p>Nos hemos comprometido desde los primeros desarrollos experimentales con el m\u00e9todo Bilan Carbone\u00ae (balance de carbono) desarrollado por la Agencia francesa para el Medio Ambiente y el Control de la Energ\u00eda (ADEME), pasando a ser proveedor certificado desde 2002. Desde entonces hemos realizado balances de carbono de grandes empresas y participado en el desarrollo del m\u00e9todo Bilan Carbone\u00ae para las comunidades.<\/p>\n<p>[\/vc_column_text][vc_empty_space][vc_custom_heading text=\u00a0\u00bbEl balance de carbono, una herramienta polivalente\u00a0\u00bb font_container=\u00a0\u00bbtag:h3|text_align:left\u00a0\u00bb google_fonts=\u00a0\u00bbfont_family:Open%20Sans%3A300%2C300italic%2Cregular%2Citalic%2C600%2C600italic%2C700%2C700italic%2C800%2C800italic|font_style:400%20regular%3A400%3Anormal\u00a0\u00bb][vc_column_text]M\u00e1s que una simple herramienta de diagn\u00f3stico, consideramos al balance de carbono como una herramienta de:<\/p>\n<blockquote><p><strong><em><strong>mejora del sistema de gesti\u00f3n de la informaci\u00f3n<\/strong>: <\/em><\/strong><em>si no se ha hecho ya, esta herramienta ayuda a establecer procedimientos que permiten recopilar, compilar y analizar de la mejor manera posible los datos necesarios para la realizaci\u00f3n del balance de carbono y su seguimiento (ej.: implementaci\u00f3n de sub-contadores y bases de datos para el seguimiento de los consumos energ\u00e9ticos, flujos de visitantes, encuestas relacionadas con los desplazamientos del domicilio al trabajo, bases de datos de materiales entrantes y env\u00edos, etc.)<\/em><\/p>\n<p><strong><em><strong>ayuda a la toma de decisiones estrat\u00e9gicas<\/strong>: <\/em><\/strong><em>los resultados de un balance de carbono deben servir para identificar riesgos potenciales, medioambientales o financieros, y para orientar a la empresa o la comunidad a tomar decisiones que les comprometen a largo plazo<\/em><\/p>\n<p><strong><em><strong>gesti\u00f3n del cambio<\/strong>: <\/em><\/strong><em>una comunicaci\u00f3n interna sobre el proceso y los resultados del balance de carbono ayudar\u00e1 al cliente a iniciar el cambio que debe derivarse de esta etapa de diagn\u00f3stico<\/em><\/p><\/blockquote>\n<p>La experiencia de Cythelia en <a href=\"https:\/\/www.cythelia.fr\/es\/energias-renovables\/\">energ\u00edas renovables<\/a> y <a href=\"https:\/\/www.cythelia.fr\/es\/control-energetico\/\">control energ\u00e9tico<\/a> nos permite ofrecer soluciones concretas de reducci\u00f3n del balance de carbono y presupuestar las m\u00e1s adaptadas a las necesidades de nuestros clientes.<\/p>\n<p>Expertos en energ\u00eda fotovoltaica, Cythelia se ha convertido en una oficina de proyectos referente para la realizaci\u00f3n de <a href=\"https:\/\/www.cythelia.fr\/es\/energias-renovables\/peritaje\/balance-carbono-acv\/\">balance de carbono y an\u00e1lisis de ciclo de vida (ACV) de m\u00f3dulos e instalaciones fotovoltaicos<\/a>.[\/vc_column_text][vc_empty_space][vc_custom_heading text=\u00a0\u00bbEjemplos de referencias de balance de carbono\u00a0\u00bb font_container=\u00a0\u00bbtag:h3|text_align:left\u00a0\u00bb google_fonts=\u00a0\u00bbfont_family:Open%20Sans%3A300%2C300italic%2Cregular%2Citalic%2C600%2C600italic%2C700%2C700italic%2C800%2C800italic|font_style:400%20regular%3A400%3Anormal\u00a0\u00bb][vc_empty_space][vc_basic_grid post_type=\u00a0\u00bbpost\u00a0\u00bb max_items=\u00a0\u00bb-1&Prime; grid_id=\u00a0\u00bbvc_gid:1683027066527-b5b52de4-40fb-1&Prime; taxonomies=\u00a0\u00bb16&Prime;][vc_button title=\u00a0\u00bbVer todas las referencias\u00a0\u00bb color=\u00a0\u00bbbtn-primary\u00a0\u00bb href=\u00a0\u00bb\/es\/cythelia-3\/referencias\/\u00a0\u00bb][\/vc_column_inner][vc_column_inner width=\u00a0\u00bb1\/4&Prime;][vc_widget_sidebar sidebar_id=\u00a0\u00bbSideBar Consommation\u00a0\u00bb][\/vc_column_inner][\/vc_row_inner][\/vc_column][\/vc_row]\n<\/section>","protected":false},"excerpt":{"rendered":"<p>[vc_row section_background=\u00a0\u00bbcolor\u00a0\u00bb background_color=\u00a0\u00bb#ffffff\u00a0\u00bb][vc_column][vc_row_inner][vc_column_inner width=\u00a0\u00bb3\/4&Prime;][vc_custom_heading text=\u00a0\u00bbProveedor Bilan Carbone\u00ae certificado desde 2002&Prime; font_container=\u00a0\u00bbtag:h3|text_align:left\u00a0\u00bb google_fonts=\u00a0\u00bbfont_family:Open%20Sans%3A300%2C300italic%2Cregular%2Citalic%2C600%2C600italic%2C700%2C700italic%2C800%2C800italic|font_style:400%20regular%3A400%3Anormal\u00a0\u00bb][vc_column_text] Nos hemos comprometido desde los primeros desarrollos experimentales con el m\u00e9todo Bilan Carbone\u00ae (balance de carbono) desarrollado por la Agencia francesa para el Medio Ambiente y el Control de la Energ\u00eda (ADEME), pasando a ser proveedor certificado desde &hellip; <a class=\"readmore\" href=\"https:\/\/www.cythelia.fr\/es\/control-energetico\/consejo\/balance-carbono\/\">Lire la suite <span class=\"meta-nav\">&rarr;<\/span><\/a><\/p>\n","protected":false},"author":2,"featured_media":0,"parent":7259,"menu_order":0,"comment_status":"closed","ping_status":"closed","template":"template\/template-landing-page-vc.php","meta":[],"yoast_head":"<!-- This site is optimized with the Yoast SEO plugin v20.0 - https:\/\/yoast.com\/wordpress\/plugins\/seo\/ -->\n<title>Balance de carbono - Cythelia Version ES<\/title>\n<meta name=\"robots\" content=\"index, follow, max-snippet:-1, max-image-preview:large, max-video-preview:-1\" \/>\n<link rel=\"canonical\" href=\"https:\/\/www.cythelia.fr\/es\/control-energetico\/consejo\/balance-carbono\/\" \/>\n<meta property=\"og:locale\" content=\"fr_FR\" \/>\n<meta property=\"og:type\" content=\"article\" \/>\n<meta property=\"og:title\" content=\"Balance de carbono - Cythelia Version ES\" \/>\n<meta property=\"og:description\" content=\"[vc_row section_background=\u00a0\u00bbcolor\u00a0\u00bb background_color=\u00a0\u00bb#ffffff\u00a0\u00bb][vc_column][vc_row_inner][vc_column_inner width=\u00a0\u00bb3\/4&Prime;][vc_custom_heading text=\u00a0\u00bbProveedor Bilan Carbone\u00ae certificado desde 2002&Prime; font_container=\u00a0\u00bbtag:h3|text_align:left\u00a0\u00bb google_fonts=\u00a0\u00bbfont_family:Open%20Sans%3A300%2C300italic%2Cregular%2Citalic%2C600%2C600italic%2C700%2C700italic%2C800%2C800italic|font_style:400%20regular%3A400%3Anormal\u00a0\u00bb][vc_column_text] Nos hemos comprometido desde los primeros desarrollos experimentales con el m\u00e9todo Bilan Carbone\u00ae (balance de carbono) desarrollado por la Agencia francesa para el Medio Ambiente y el Control de la Energ\u00eda (ADEME), pasando a ser proveedor certificado desde &hellip; Lire la suite &rarr;\" \/>\n<meta property=\"og:url\" content=\"https:\/\/www.cythelia.fr\/es\/control-energetico\/consejo\/balance-carbono\/\" \/>\n<meta property=\"og:site_name\" content=\"Cythelia Version ES\" \/>\n<meta property=\"article:modified_time\" content=\"2023-05-02T11:31:22+00:00\" \/>\n<meta name=\"twitter:label1\" content=\"Dur\u00e9e de lecture estim\u00e9e\" \/>\n\t<meta name=\"twitter:data1\" content=\"2 minutes\" \/>\n<script type=\"application\/ld+json\" class=\"yoast-schema-graph\">{\"@context\":\"https:\/\/schema.org\",\"@graph\":[{\"@type\":\"WebPage\",\"@id\":\"https:\/\/www.cythelia.fr\/es\/control-energetico\/consejo\/balance-carbono\/\",\"url\":\"https:\/\/www.cythelia.fr\/es\/control-energetico\/consejo\/balance-carbono\/\",\"name\":\"Balance de carbono - Cythelia Version ES\",\"isPartOf\":{\"@id\":\"https:\/\/www.cythelia.fr\/es\/#website\"},\"datePublished\":\"2015-12-22T16:22:39+00:00\",\"dateModified\":\"2023-05-02T11:31:22+00:00\",\"breadcrumb\":{\"@id\":\"https:\/\/www.cythelia.fr\/es\/control-energetico\/consejo\/balance-carbono\/#breadcrumb\"},\"inLanguage\":\"fr-FR\",\"potentialAction\":[{\"@type\":\"ReadAction\",\"target\":[\"https:\/\/www.cythelia.fr\/es\/control-energetico\/consejo\/balance-carbono\/\"]}]},{\"@type\":\"BreadcrumbList\",\"@id\":\"https:\/\/www.cythelia.fr\/es\/control-energetico\/consejo\/balance-carbono\/#breadcrumb\",\"itemListElement\":[{\"@type\":\"ListItem\",\"position\":1,\"name\":\"Accueil\",\"item\":\"https:\/\/www.cythelia.fr\/es\/\"},{\"@type\":\"ListItem\",\"position\":2,\"name\":\"Control energ\u00e9tico\",\"item\":\"https:\/\/www.cythelia.fr\/es\/control-energetico\/\"},{\"@type\":\"ListItem\",\"position\":3,\"name\":\"Consejo\",\"item\":\"https:\/\/www.cythelia.fr\/es\/control-energetico\/consejo\/\"},{\"@type\":\"ListItem\",\"position\":4,\"name\":\"Balance de carbono\"}]},{\"@type\":\"WebSite\",\"@id\":\"https:\/\/www.cythelia.fr\/es\/#website\",\"url\":\"https:\/\/www.cythelia.fr\/es\/\",\"name\":\"Cythelia Version ES\",\"description\":\"\",\"potentialAction\":[{\"@type\":\"SearchAction\",\"target\":{\"@type\":\"EntryPoint\",\"urlTemplate\":\"https:\/\/www.cythelia.fr\/es\/?s={search_term_string}\"},\"query-input\":\"required name=search_term_string\"}],\"inLanguage\":\"fr-FR\"}]}<\/script>\n<!-- \/ Yoast SEO plugin. -->","yoast_head_json":{"title":"Balance de carbono - Cythelia Version ES","robots":{"index":"index","follow":"follow","max-snippet":"max-snippet:-1","max-image-preview":"max-image-preview:large","max-video-preview":"max-video-preview:-1"},"canonical":"https:\/\/www.cythelia.fr\/es\/control-energetico\/consejo\/balance-carbono\/","og_locale":"fr_FR","og_type":"article","og_title":"Balance de carbono - Cythelia Version ES","og_description":"[vc_row section_background=\u00a0\u00bbcolor\u00a0\u00bb background_color=\u00a0\u00bb#ffffff\u00a0\u00bb][vc_column][vc_row_inner][vc_column_inner width=\u00a0\u00bb3\/4&Prime;][vc_custom_heading text=\u00a0\u00bbProveedor Bilan Carbone\u00ae certificado desde 2002&Prime; font_container=\u00a0\u00bbtag:h3|text_align:left\u00a0\u00bb google_fonts=\u00a0\u00bbfont_family:Open%20Sans%3A300%2C300italic%2Cregular%2Citalic%2C600%2C600italic%2C700%2C700italic%2C800%2C800italic|font_style:400%20regular%3A400%3Anormal\u00a0\u00bb][vc_column_text] Nos hemos comprometido desde los primeros desarrollos experimentales con el m\u00e9todo Bilan Carbone\u00ae (balance de carbono) desarrollado por la Agencia francesa para el Medio Ambiente y el Control de la Energ\u00eda (ADEME), pasando a ser proveedor certificado desde &hellip; Lire la suite &rarr;","og_url":"https:\/\/www.cythelia.fr\/es\/control-energetico\/consejo\/balance-carbono\/","og_site_name":"Cythelia Version ES","article_modified_time":"2023-05-02T11:31:22+00:00","twitter_misc":{"Dur\u00e9e de lecture estim\u00e9e":"2 minutes"},"schema":{"@context":"https:\/\/schema.org","@graph":[{"@type":"WebPage","@id":"https:\/\/www.cythelia.fr\/es\/control-energetico\/consejo\/balance-carbono\/","url":"https:\/\/www.cythelia.fr\/es\/control-energetico\/consejo\/balance-carbono\/","name":"Balance de carbono - Cythelia Version ES","isPartOf":{"@id":"https:\/\/www.cythelia.fr\/es\/#website"},"datePublished":"2015-12-22T16:22:39+00:00","dateModified":"2023-05-02T11:31:22+00:00","breadcrumb":{"@id":"https:\/\/www.cythelia.fr\/es\/control-energetico\/consejo\/balance-carbono\/#breadcrumb"},"inLanguage":"fr-FR","potentialAction":[{"@type":"ReadAction","target":["https:\/\/www.cythelia.fr\/es\/control-energetico\/consejo\/balance-carbono\/"]}]},{"@type":"BreadcrumbList","@id":"https:\/\/www.cythelia.fr\/es\/control-energetico\/consejo\/balance-carbono\/#breadcrumb","itemListElement":[{"@type":"ListItem","position":1,"name":"Accueil","item":"https:\/\/www.cythelia.fr\/es\/"},{"@type":"ListItem","position":2,"name":"Control energ\u00e9tico","item":"https:\/\/www.cythelia.fr\/es\/control-energetico\/"},{"@type":"ListItem","position":3,"name":"Consejo","item":"https:\/\/www.cythelia.fr\/es\/control-energetico\/consejo\/"},{"@type":"ListItem","position":4,"name":"Balance de carbono"}]},{"@type":"WebSite","@id":"https:\/\/www.cythelia.fr\/es\/#website","url":"https:\/\/www.cythelia.fr\/es\/","name":"Cythelia Version ES","description":"","potentialAction":[{"@type":"SearchAction","target":{"@type":"EntryPoint","urlTemplate":"https:\/\/www.cythelia.fr\/es\/?s={search_term_string}"},"query-input":"required name=search_term_string"}],"inLanguage":"fr-FR"}]}},"_links":{"self":[{"href":"https:\/\/www.cythelia.fr\/es\/wp-json\/wp\/v2\/pages\/7376"}],"collection":[{"href":"https:\/\/www.cythelia.fr\/es\/wp-json\/wp\/v2\/pages"}],"about":[{"href":"https:\/\/www.cythelia.fr\/es\/wp-json\/wp\/v2\/types\/page"}],"author":[{"embeddable":true,"href":"https:\/\/www.cythelia.fr\/es\/wp-json\/wp\/v2\/users\/2"}],"replies":[{"embeddable":true,"href":"https:\/\/www.cythelia.fr\/es\/wp-json\/wp\/v2\/comments?post=7376"}],"version-history":[{"count":9,"href":"https:\/\/www.cythelia.fr\/es\/wp-json\/wp\/v2\/pages\/7376\/revisions"}],"predecessor-version":[{"id":8002,"href":"https:\/\/www.cythelia.fr\/es\/wp-json\/wp\/v2\/pages\/7376\/revisions\/8002"}],"up":[{"embeddable":true,"href":"https:\/\/www.cythelia.fr\/es\/wp-json\/wp\/v2\/pages\/7259"}],"wp:attachment":[{"href":"https:\/\/www.cythelia.fr\/es\/wp-json\/wp\/v2\/media?parent=7376"}],"curies":[{"name":"wp","href":"https:\/\/api.w.org\/{rel}","templated":true}]}}