{"id":7065,"date":"2015-11-13T15:30:09","date_gmt":"2015-11-13T14:30:09","guid":{"rendered":"https:\/\/www.cythelia.fr\/?page_id=7065"},"modified":"2023-05-02T12:33:43","modified_gmt":"2023-05-02T11:33:43","slug":"edificios-energia-positiva","status":"publish","type":"page","link":"https:\/\/www.cythelia.fr\/es\/control-energetico\/edificios-energia-positiva\/","title":{"rendered":"Oficina de proyectos t\u00e9cnicos &#8211; Edificio de energ\u00eda positiva"},"content":{"rendered":"<section class=\"wpb-content-wrapper\">[vc_row section_background=\u00a0\u00bbcolor\u00a0\u00bb background_color=\u00a0\u00bb#ffffff\u00a0\u00bb][vc_column][vc_row_inner][vc_column_inner width=\u00a0\u00bb3\/4&Prime;][vc_column_text]<span style=\"font-weight: 400;\">Oficia de proyectos t\u00e9cnicos en energ\u00eda t\u00e9rmica y fluidos, realizamos todos los <strong>estudios para la construcci\u00f3n de edificios. Nuestro objetivo es el confort y el funcionamiento sostenible<\/strong> de las soluciones recomendadas, en un enfoque de coste global. <\/span><\/p>\n<p><span style=\"font-weight: 400;\">Nuestra ambici\u00f3n es trabajar desde ahora para que el edificio produzca m\u00e1s energ\u00eda de la que consume <strong>(edificio de energ\u00eda positiva). <\/strong>Esto es lo que se ha propuesto en el marco de ciertas etiquetas ambiciosas, con el fin de preparar futuras reglamentaci\u00f3nes T\u00e9rmicas.<br \/>\n<\/span><\/p>\n<p><span style=\"font-weight: 400;\">Nuestros \u00e1mbitos de actividad:<\/span><\/p>\n<blockquote><p><em><strong>Ingenier\u00eda t\u00e9rmica<\/strong><\/em><br \/>\n<em>Estudios t\u00e9rmicos reglamentarios y etiquetas<\/em><br \/>\n<em>Optimizaci\u00f3n del cerramiento de los edificios<\/em><br \/>\n<em>Confort en verano (<a title=\"Simulaci\u00f3n t\u00e9rmica din\u00e1mica\" href=\"https:\/\/www.cythelia.fr\/maitrise-energie\/conseil\/simulation-thermique-dynamique\/\">simulaci\u00f3n t\u00e9rmica din\u00e1mica<\/a>)<\/em><\/p>\n<p><em><strong>Ingenier\u00eda clim\u00e1tica<\/strong><\/em><br \/>\n<em> CVC (Calefacci\u00f3n, Ventilaci\u00f3n, Climatizaci\u00f3n)<br \/>\nRed de calefacci\u00f3n<br \/>\n<\/em><\/p>\n<p><em><strong>Fontaner\u00eda<\/strong><\/em><br \/>\n<em> Abastecimiento de agua y evacuaci\u00f3n<\/em><br \/>\n<em> Captaci\u00f3n y gesti\u00f3n del agua de lluvia<\/em><\/p>\n<p><em><strong>Ingenier\u00eda el\u00e9ctrica, alta y baja tensi\u00f3n<\/strong><\/em><br \/>\n<em> Edificio inteligente: gesti\u00f3n t\u00e9cnica del edificio<\/em><br \/>\n<em> Supervisi\u00f3n y gesti\u00f3n del autoconsumo<\/em><\/p>\n<p><em><strong>Energ\u00edas renovables<\/strong><\/em><br \/>\n<em> Solar t\u00e9rmica y fotovoltaica (conectada a la red o autoconsumo)<\/em><br \/>\n<em>Geotermia y aerotermia<\/em><\/p>\n<p><em><strong>Ingenier\u00eda ac\u00fastica<\/strong><\/em><br \/>\n<em>Confort ac\u00fastico<\/em><\/p>\n<p><em><strong>Ingenier\u00eda financiera<\/strong><\/em><br \/>\n<em>An\u00e1lisis del coste global<br \/>\nEstudio de financiaci\u00f3n (incluidas las subvenciones, certificados de ahorro de energ\u00eda, etc.)<br \/>\n<\/em><em><br \/>\n<\/em><\/p><\/blockquote>\n<p>[\/vc_column_text][vc_empty_space][vc_custom_heading text=\u00a0\u00bbEjemplos de referencias de la oficina de proyectos t\u00e9cnicos de edificios\u00a0\u00bb font_container=\u00a0\u00bbtag:h3|text_align:left\u00a0\u00bb google_fonts=\u00a0\u00bbfont_family:Open%20Sans%3A300%2C300italic%2Cregular%2Citalic%2C600%2C600italic%2C700%2C700italic%2C800%2C800italic|font_style:400%20regular%3A400%3Anormal\u00a0\u00bb][vc_empty_space][vc_basic_grid post_type=\u00a0\u00bbpost\u00a0\u00bb max_items=\u00a0\u00bb-1&Prime; grid_id=\u00a0\u00bbvc_gid:1683027195416-278f2ff0-c2eb-9&Prime; taxonomies=\u00a0\u00bb14&Prime;][vc_button title=\u00a0\u00bbVer todas las referencias\u00a0\u00bb color=\u00a0\u00bbbtn-primary\u00a0\u00bb href=\u00a0\u00bb\/es\/cythelia-3\/referencias\/\u00a0\u00bb][\/vc_column_inner][vc_column_inner el_class=\u00a0\u00bbsidebarsticker\u00a0\u00bb width=\u00a0\u00bb1\/4&Prime;][vc_widget_sidebar sidebar_id=\u00a0\u00bbSideBar Consommation\u00a0\u00bb][\/vc_column_inner][\/vc_row_inner][\/vc_column][\/vc_row]\n<\/section>","protected":false},"excerpt":{"rendered":"<p>[vc_row section_background=\u00a0\u00bbcolor\u00a0\u00bb background_color=\u00a0\u00bb#ffffff\u00a0\u00bb][vc_column][vc_row_inner][vc_column_inner width=\u00a0\u00bb3\/4&Prime;][vc_column_text]Oficia de proyectos t\u00e9cnicos en energ\u00eda t\u00e9rmica y fluidos, realizamos todos los estudios para la construcci\u00f3n de edificios. Nuestro objetivo es el confort y el funcionamiento sostenible de las soluciones recomendadas, en un enfoque de coste global. Nuestra ambici\u00f3n es trabajar desde ahora para que el edificio &hellip; <a class=\"readmore\" href=\"https:\/\/www.cythelia.fr\/es\/control-energetico\/edificios-energia-positiva\/\">Lire la suite <span class=\"meta-nav\">&rarr;<\/span><\/a><\/p>\n","protected":false},"author":2,"featured_media":0,"parent":5459,"menu_order":3,"comment_status":"closed","ping_status":"closed","template":"template\/template-landing-page-vc.php","meta":[],"yoast_head":"<!-- This site is optimized with the Yoast SEO plugin v20.0 - https:\/\/yoast.com\/wordpress\/plugins\/seo\/ -->\n<title>Oficina de proyectos t\u00e9cnicos - Edificio de energ\u00eda positiva - Cythelia Version ES<\/title>\n<meta name=\"robots\" content=\"index, follow, max-snippet:-1, max-image-preview:large, max-video-preview:-1\" \/>\n<link rel=\"canonical\" href=\"https:\/\/www.cythelia.fr\/es\/control-energetico\/edificios-energia-positiva\/\" \/>\n<meta property=\"og:locale\" content=\"fr_FR\" \/>\n<meta property=\"og:type\" content=\"article\" \/>\n<meta property=\"og:title\" content=\"Oficina de proyectos t\u00e9cnicos - Edificio de energ\u00eda positiva - Cythelia Version ES\" \/>\n<meta property=\"og:description\" content=\"[vc_row section_background=\u00a0\u00bbcolor\u00a0\u00bb background_color=\u00a0\u00bb#ffffff\u00a0\u00bb][vc_column][vc_row_inner][vc_column_inner width=\u00a0\u00bb3\/4&Prime;][vc_column_text]Oficia de proyectos t\u00e9cnicos en energ\u00eda t\u00e9rmica y fluidos, realizamos todos los estudios para la construcci\u00f3n de edificios. Nuestro objetivo es el confort y el funcionamiento sostenible de las soluciones recomendadas, en un enfoque de coste global. Nuestra ambici\u00f3n es trabajar desde ahora para que el edificio &hellip; Lire la suite &rarr;\" \/>\n<meta property=\"og:url\" content=\"https:\/\/www.cythelia.fr\/es\/control-energetico\/edificios-energia-positiva\/\" \/>\n<meta property=\"og:site_name\" content=\"Cythelia Version ES\" \/>\n<meta property=\"article:modified_time\" content=\"2023-05-02T11:33:43+00:00\" \/>\n<meta name=\"twitter:label1\" content=\"Dur\u00e9e de lecture estim\u00e9e\" \/>\n\t<meta name=\"twitter:data1\" content=\"2 minutes\" \/>\n<script type=\"application\/ld+json\" class=\"yoast-schema-graph\">{\"@context\":\"https:\/\/schema.org\",\"@graph\":[{\"@type\":\"WebPage\",\"@id\":\"https:\/\/www.cythelia.fr\/es\/control-energetico\/edificios-energia-positiva\/\",\"url\":\"https:\/\/www.cythelia.fr\/es\/control-energetico\/edificios-energia-positiva\/\",\"name\":\"Oficina de proyectos t\u00e9cnicos - Edificio de energ\u00eda positiva - Cythelia Version ES\",\"isPartOf\":{\"@id\":\"https:\/\/www.cythelia.fr\/es\/#website\"},\"datePublished\":\"2015-11-13T14:30:09+00:00\",\"dateModified\":\"2023-05-02T11:33:43+00:00\",\"breadcrumb\":{\"@id\":\"https:\/\/www.cythelia.fr\/es\/control-energetico\/edificios-energia-positiva\/#breadcrumb\"},\"inLanguage\":\"fr-FR\",\"potentialAction\":[{\"@type\":\"ReadAction\",\"target\":[\"https:\/\/www.cythelia.fr\/es\/control-energetico\/edificios-energia-positiva\/\"]}]},{\"@type\":\"BreadcrumbList\",\"@id\":\"https:\/\/www.cythelia.fr\/es\/control-energetico\/edificios-energia-positiva\/#breadcrumb\",\"itemListElement\":[{\"@type\":\"ListItem\",\"position\":1,\"name\":\"Accueil\",\"item\":\"https:\/\/www.cythelia.fr\/es\/\"},{\"@type\":\"ListItem\",\"position\":2,\"name\":\"Control energ\u00e9tico\",\"item\":\"https:\/\/www.cythelia.fr\/es\/control-energetico\/\"},{\"@type\":\"ListItem\",\"position\":3,\"name\":\"Oficina de proyectos t\u00e9cnicos &#8211; Edificio de energ\u00eda positiva\"}]},{\"@type\":\"WebSite\",\"@id\":\"https:\/\/www.cythelia.fr\/es\/#website\",\"url\":\"https:\/\/www.cythelia.fr\/es\/\",\"name\":\"Cythelia Version ES\",\"description\":\"\",\"potentialAction\":[{\"@type\":\"SearchAction\",\"target\":{\"@type\":\"EntryPoint\",\"urlTemplate\":\"https:\/\/www.cythelia.fr\/es\/?s={search_term_string}\"},\"query-input\":\"required name=search_term_string\"}],\"inLanguage\":\"fr-FR\"}]}<\/script>\n<!-- \/ Yoast SEO plugin. -->","yoast_head_json":{"title":"Oficina de proyectos t\u00e9cnicos - Edificio de energ\u00eda positiva - Cythelia Version ES","robots":{"index":"index","follow":"follow","max-snippet":"max-snippet:-1","max-image-preview":"max-image-preview:large","max-video-preview":"max-video-preview:-1"},"canonical":"https:\/\/www.cythelia.fr\/es\/control-energetico\/edificios-energia-positiva\/","og_locale":"fr_FR","og_type":"article","og_title":"Oficina de proyectos t\u00e9cnicos - Edificio de energ\u00eda positiva - Cythelia Version ES","og_description":"[vc_row section_background=\u00a0\u00bbcolor\u00a0\u00bb background_color=\u00a0\u00bb#ffffff\u00a0\u00bb][vc_column][vc_row_inner][vc_column_inner width=\u00a0\u00bb3\/4&Prime;][vc_column_text]Oficia de proyectos t\u00e9cnicos en energ\u00eda t\u00e9rmica y fluidos, realizamos todos los estudios para la construcci\u00f3n de edificios. Nuestro objetivo es el confort y el funcionamiento sostenible de las soluciones recomendadas, en un enfoque de coste global. Nuestra ambici\u00f3n es trabajar desde ahora para que el edificio &hellip; Lire la suite &rarr;","og_url":"https:\/\/www.cythelia.fr\/es\/control-energetico\/edificios-energia-positiva\/","og_site_name":"Cythelia Version ES","article_modified_time":"2023-05-02T11:33:43+00:00","twitter_misc":{"Dur\u00e9e de lecture estim\u00e9e":"2 minutes"},"schema":{"@context":"https:\/\/schema.org","@graph":[{"@type":"WebPage","@id":"https:\/\/www.cythelia.fr\/es\/control-energetico\/edificios-energia-positiva\/","url":"https:\/\/www.cythelia.fr\/es\/control-energetico\/edificios-energia-positiva\/","name":"Oficina de proyectos t\u00e9cnicos - Edificio de energ\u00eda positiva - Cythelia Version ES","isPartOf":{"@id":"https:\/\/www.cythelia.fr\/es\/#website"},"datePublished":"2015-11-13T14:30:09+00:00","dateModified":"2023-05-02T11:33:43+00:00","breadcrumb":{"@id":"https:\/\/www.cythelia.fr\/es\/control-energetico\/edificios-energia-positiva\/#breadcrumb"},"inLanguage":"fr-FR","potentialAction":[{"@type":"ReadAction","target":["https:\/\/www.cythelia.fr\/es\/control-energetico\/edificios-energia-positiva\/"]}]},{"@type":"BreadcrumbList","@id":"https:\/\/www.cythelia.fr\/es\/control-energetico\/edificios-energia-positiva\/#breadcrumb","itemListElement":[{"@type":"ListItem","position":1,"name":"Accueil","item":"https:\/\/www.cythelia.fr\/es\/"},{"@type":"ListItem","position":2,"name":"Control energ\u00e9tico","item":"https:\/\/www.cythelia.fr\/es\/control-energetico\/"},{"@type":"ListItem","position":3,"name":"Oficina de proyectos t\u00e9cnicos &#8211; Edificio de energ\u00eda positiva"}]},{"@type":"WebSite","@id":"https:\/\/www.cythelia.fr\/es\/#website","url":"https:\/\/www.cythelia.fr\/es\/","name":"Cythelia Version ES","description":"","potentialAction":[{"@type":"SearchAction","target":{"@type":"EntryPoint","urlTemplate":"https:\/\/www.cythelia.fr\/es\/?s={search_term_string}"},"query-input":"required name=search_term_string"}],"inLanguage":"fr-FR"}]}},"_links":{"self":[{"href":"https:\/\/www.cythelia.fr\/es\/wp-json\/wp\/v2\/pages\/7065"}],"collection":[{"href":"https:\/\/www.cythelia.fr\/es\/wp-json\/wp\/v2\/pages"}],"about":[{"href":"https:\/\/www.cythelia.fr\/es\/wp-json\/wp\/v2\/types\/page"}],"author":[{"embeddable":true,"href":"https:\/\/www.cythelia.fr\/es\/wp-json\/wp\/v2\/users\/2"}],"replies":[{"embeddable":true,"href":"https:\/\/www.cythelia.fr\/es\/wp-json\/wp\/v2\/comments?post=7065"}],"version-history":[{"count":8,"href":"https:\/\/www.cythelia.fr\/es\/wp-json\/wp\/v2\/pages\/7065\/revisions"}],"predecessor-version":[{"id":8004,"href":"https:\/\/www.cythelia.fr\/es\/wp-json\/wp\/v2\/pages\/7065\/revisions\/8004"}],"up":[{"embeddable":true,"href":"https:\/\/www.cythelia.fr\/es\/wp-json\/wp\/v2\/pages\/5459"}],"wp:attachment":[{"href":"https:\/\/www.cythelia.fr\/es\/wp-json\/wp\/v2\/media?parent=7065"}],"curies":[{"name":"wp","href":"https:\/\/api.w.org\/{rel}","templated":true}]}}