{"id":7056,"date":"2015-11-13T14:48:03","date_gmt":"2015-11-13T14:48:03","guid":{"rendered":"https:\/\/www.cythelia.fr\/?page_id=7056"},"modified":"2023-05-02T12:30:43","modified_gmt":"2023-05-02T11:30:43","slug":"simulacion-termica-dinamica","status":"publish","type":"page","link":"https:\/\/www.cythelia.fr\/es\/control-energetico\/consejo\/simulacion-termica-dinamica\/","title":{"rendered":"Simulaci\u00f3n t\u00e9rmica din\u00e1mica"},"content":{"rendered":"<section class=\"wpb-content-wrapper\">[vc_row section_background=\u00a0\u00bbcolor\u00a0\u00bb background_color=\u00a0\u00bb#ffffff\u00a0\u00bb][vc_column][vc_row_inner][vc_column_inner width=\u00a0\u00bb3\/4&Prime;][vc_custom_heading text=\u00a0\u00bbSimulaci\u00f3n t\u00e9rmica din\u00e1mica (STD)\u00a0\u00bb font_container=\u00a0\u00bbtag:h3|text_align:left\u00a0\u00bb google_fonts=\u00a0\u00bbfont_family:Open%20Sans%3A300%2C300italic%2Cregular%2Citalic%2C600%2C600italic%2C700%2C700italic%2C800%2C800italic|font_style:400%20regular%3A400%3Anormal\u00a0\u00bb][vc_column_text]La simulaci\u00f3n t\u00e9rmica din\u00e1mica (STD) se basa en una modelizaci\u00f3n 3D de un edificio, en la que se simula su comportamiento t\u00e9rmico hora tras hora, y permite tener en cuenta:<\/p>\n<blockquote><p><em><strong>La inercia del edificio<\/strong>, que es un par\u00e1metro particularmente importante en el caso de usos intermitentes y para el confort en verano<\/em><\/p>\n<p><em><strong>El comportamiento de los ocupantes<\/strong>: la presencia de los ocupantes se simula hora tras hora, lo cual es muy importante para habitaciones tipo salas de reuni\u00f3n o aulas<\/em><\/p>\n<p><em><strong>Las aportaciones solares<\/strong>, que pueden ser muy importantes para los edificios con grandes superficies acristaladas (efecto globalmente positivo en invierno y negativo en verano)<\/em><\/p><\/blockquote>\n<p>En particular, la simulaci\u00f3n t\u00e9rmica din\u00e1mica (STD) permite modelizar <strong>el confort en verano<\/strong>, cuya consideraci\u00f3n es tanto m\u00e1s importante cuanto que los edificios est\u00e1n bien aislados y que los episodios de can\u00edcula son cada vez m\u00e1s comunes (cambio clim\u00e1tico).[\/vc_column_text][vc_empty_space][vc_single_image image=\u00a0\u00bb7270&Prime; img_size=\u00a0\u00bb450&#215;248&Prime; alignment=\u00a0\u00bbcenter\u00a0\u00bb css_animation=\u00a0\u00bbappear\u00a0\u00bb][vc_empty_space height=\u00a0\u00bb50px\u00a0\u00bb][vc_custom_heading text=\u00a0\u00bbUso de la simulaci\u00f3n t\u00e9rmica din\u00e1mica (STD) en los proyectos\u00a0\u00bb font_container=\u00a0\u00bbtag:h3|text_align:left\u00a0\u00bb google_fonts=\u00a0\u00bbfont_family:Open%20Sans%3A300%2C300italic%2Cregular%2Citalic%2C600%2C600italic%2C700%2C700italic%2C800%2C800italic|font_style:400%20regular%3A400%3Anormal\u00a0\u00bb][vc_column_text]<\/p>\n<p>Cythelia realiza sistem\u00e1ticamente simulaciones t\u00e9rmicas din\u00e1micas (STD) en el marco de las <a title=\"Auditor\u00eda energ\u00e9tica\" href=\"https:\/\/www.cythelia.fr\/es\/control-energetico\/consejo\/auditoria-energetica\/\">auditor\u00edas energ\u00e9ticas<\/a> de edificios y en la fase de dise\u00f1o de <a title=\"Direcci\u00f3n de obra - Renovaci\u00f3n\" href=\"https:\/\/www.cythelia.fr\/es\/control-energetico\/maitrise-oeuvre-renovation\/\">direcci\u00f3n de obra de renovaci\u00f3n<\/a> o de <a title=\"Oficia de proyectos t\u00e9cnicos \u2013 Edificio de energ\u00eda positiva\" href=\"https:\/\/www.cythelia.fr\/es\/control-energetico\/edificios-energia-positiva\/\">construcci\u00f3n de edificios eficientes<\/a>.<\/p>\n<p>[\/vc_column_text][vc_empty_space height=\u00a0\u00bb50px\u00a0\u00bb][vc_custom_heading text=\u00a0\u00bbEjemplos de referencias de auditor\u00edas energ\u00e9ticas con STD\u00a0\u00bb font_container=\u00a0\u00bbtag:h3|text_align:left\u00a0\u00bb google_fonts=\u00a0\u00bbfont_family:Open%20Sans%3A300%2C300italic%2Cregular%2Citalic%2C600%2C600italic%2C700%2C700italic%2C800%2C800italic|font_style:400%20regular%3A400%3Anormal\u00a0\u00bb][vc_empty_space height=\u00a0\u00bb50px\u00a0\u00bb][vc_basic_grid post_type=\u00a0\u00bbpost\u00a0\u00bb max_items=\u00a0\u00bb-1&Prime; grid_id=\u00a0\u00bbvc_gid:1683026958571-fc9cbe3a-ef6d-5&Prime; taxonomies=\u00a0\u00bb9&Prime;][vc_button title=\u00a0\u00bbVer todas las referencias\u00a0\u00bb color=\u00a0\u00bbbtn-primary\u00a0\u00bb href=\u00a0\u00bb\/es\/cythelia-3\/referencias\/\u00a0\u00bb][\/vc_column_inner][vc_column_inner width=\u00a0\u00bb1\/4&Prime;][vc_widget_sidebar sidebar_id=\u00a0\u00bbSideBar Consommation\u00a0\u00bb][\/vc_column_inner][\/vc_row_inner][\/vc_column][\/vc_row]\n<\/section>","protected":false},"excerpt":{"rendered":"<p>[vc_row section_background=\u00a0\u00bbcolor\u00a0\u00bb background_color=\u00a0\u00bb#ffffff\u00a0\u00bb][vc_column][vc_row_inner][vc_column_inner width=\u00a0\u00bb3\/4&Prime;][vc_custom_heading text=\u00a0\u00bbSimulaci\u00f3n t\u00e9rmica din\u00e1mica (STD)\u00a0\u00bb font_container=\u00a0\u00bbtag:h3|text_align:left\u00a0\u00bb google_fonts=\u00a0\u00bbfont_family:Open%20Sans%3A300%2C300italic%2Cregular%2Citalic%2C600%2C600italic%2C700%2C700italic%2C800%2C800italic|font_style:400%20regular%3A400%3Anormal\u00a0\u00bb][vc_column_text]La simulaci\u00f3n t\u00e9rmica din\u00e1mica (STD) se basa en una modelizaci\u00f3n 3D de un edificio, en la que se simula su comportamiento t\u00e9rmico hora tras hora, y permite tener en cuenta: La inercia del edificio, que es un par\u00e1metro particularmente importante en &hellip; <a class=\"readmore\" href=\"https:\/\/www.cythelia.fr\/es\/control-energetico\/consejo\/simulacion-termica-dinamica\/\">Lire la suite <span class=\"meta-nav\">&rarr;<\/span><\/a><\/p>\n","protected":false},"author":2,"featured_media":0,"parent":7259,"menu_order":2,"comment_status":"closed","ping_status":"closed","template":"template\/template-landing-page-vc.php","meta":[],"yoast_head":"<!-- This site is optimized with the Yoast SEO plugin v20.0 - https:\/\/yoast.com\/wordpress\/plugins\/seo\/ -->\n<title>Simulaci\u00f3n t\u00e9rmica din\u00e1mica - Cythelia Version ES<\/title>\n<meta name=\"description\" content=\"La Simulaci\u00f3n t\u00e9rmica din\u00e1mica es una modelizaci\u00f3n preciza, al f\u00edn de proponer soluciones t\u00e9cnicas pertinentes y adaptadas.\" \/>\n<meta name=\"robots\" content=\"index, follow, max-snippet:-1, max-image-preview:large, max-video-preview:-1\" \/>\n<link rel=\"canonical\" href=\"https:\/\/www.cythelia.fr\/es\/control-energetico\/consejo\/simulacion-termica-dinamica\/\" \/>\n<meta property=\"og:locale\" content=\"fr_FR\" \/>\n<meta property=\"og:type\" content=\"article\" \/>\n<meta property=\"og:title\" content=\"Simulaci\u00f3n t\u00e9rmica din\u00e1mica - Cythelia Version ES\" \/>\n<meta property=\"og:description\" content=\"La Simulaci\u00f3n t\u00e9rmica din\u00e1mica es una modelizaci\u00f3n preciza, al f\u00edn de proponer soluciones t\u00e9cnicas pertinentes y adaptadas.\" \/>\n<meta property=\"og:url\" content=\"https:\/\/www.cythelia.fr\/es\/control-energetico\/consejo\/simulacion-termica-dinamica\/\" \/>\n<meta property=\"og:site_name\" content=\"Cythelia Version ES\" \/>\n<meta property=\"article:modified_time\" content=\"2023-05-02T11:30:43+00:00\" \/>\n<meta name=\"twitter:label1\" content=\"Dur\u00e9e de lecture estim\u00e9e\" \/>\n\t<meta name=\"twitter:data1\" content=\"2 minutes\" \/>\n<script type=\"application\/ld+json\" class=\"yoast-schema-graph\">{\"@context\":\"https:\/\/schema.org\",\"@graph\":[{\"@type\":\"WebPage\",\"@id\":\"https:\/\/www.cythelia.fr\/es\/control-energetico\/consejo\/simulacion-termica-dinamica\/\",\"url\":\"https:\/\/www.cythelia.fr\/es\/control-energetico\/consejo\/simulacion-termica-dinamica\/\",\"name\":\"Simulaci\u00f3n t\u00e9rmica din\u00e1mica - Cythelia Version ES\",\"isPartOf\":{\"@id\":\"https:\/\/www.cythelia.fr\/es\/#website\"},\"datePublished\":\"2015-11-13T14:48:03+00:00\",\"dateModified\":\"2023-05-02T11:30:43+00:00\",\"description\":\"La Simulaci\u00f3n t\u00e9rmica din\u00e1mica es una modelizaci\u00f3n preciza, al f\u00edn de proponer soluciones t\u00e9cnicas pertinentes y adaptadas.\",\"breadcrumb\":{\"@id\":\"https:\/\/www.cythelia.fr\/es\/control-energetico\/consejo\/simulacion-termica-dinamica\/#breadcrumb\"},\"inLanguage\":\"fr-FR\",\"potentialAction\":[{\"@type\":\"ReadAction\",\"target\":[\"https:\/\/www.cythelia.fr\/es\/control-energetico\/consejo\/simulacion-termica-dinamica\/\"]}]},{\"@type\":\"BreadcrumbList\",\"@id\":\"https:\/\/www.cythelia.fr\/es\/control-energetico\/consejo\/simulacion-termica-dinamica\/#breadcrumb\",\"itemListElement\":[{\"@type\":\"ListItem\",\"position\":1,\"name\":\"Accueil\",\"item\":\"https:\/\/www.cythelia.fr\/es\/\"},{\"@type\":\"ListItem\",\"position\":2,\"name\":\"Control energ\u00e9tico\",\"item\":\"https:\/\/www.cythelia.fr\/es\/control-energetico\/\"},{\"@type\":\"ListItem\",\"position\":3,\"name\":\"Consejo\",\"item\":\"https:\/\/www.cythelia.fr\/es\/control-energetico\/consejo\/\"},{\"@type\":\"ListItem\",\"position\":4,\"name\":\"Simulaci\u00f3n t\u00e9rmica din\u00e1mica\"}]},{\"@type\":\"WebSite\",\"@id\":\"https:\/\/www.cythelia.fr\/es\/#website\",\"url\":\"https:\/\/www.cythelia.fr\/es\/\",\"name\":\"Cythelia Version ES\",\"description\":\"\",\"potentialAction\":[{\"@type\":\"SearchAction\",\"target\":{\"@type\":\"EntryPoint\",\"urlTemplate\":\"https:\/\/www.cythelia.fr\/es\/?s={search_term_string}\"},\"query-input\":\"required name=search_term_string\"}],\"inLanguage\":\"fr-FR\"}]}<\/script>\n<!-- \/ Yoast SEO plugin. -->","yoast_head_json":{"title":"Simulaci\u00f3n t\u00e9rmica din\u00e1mica - Cythelia Version ES","description":"La Simulaci\u00f3n t\u00e9rmica din\u00e1mica es una modelizaci\u00f3n preciza, al f\u00edn de proponer soluciones t\u00e9cnicas pertinentes y adaptadas.","robots":{"index":"index","follow":"follow","max-snippet":"max-snippet:-1","max-image-preview":"max-image-preview:large","max-video-preview":"max-video-preview:-1"},"canonical":"https:\/\/www.cythelia.fr\/es\/control-energetico\/consejo\/simulacion-termica-dinamica\/","og_locale":"fr_FR","og_type":"article","og_title":"Simulaci\u00f3n t\u00e9rmica din\u00e1mica - Cythelia Version ES","og_description":"La Simulaci\u00f3n t\u00e9rmica din\u00e1mica es una modelizaci\u00f3n preciza, al f\u00edn de proponer soluciones t\u00e9cnicas pertinentes y adaptadas.","og_url":"https:\/\/www.cythelia.fr\/es\/control-energetico\/consejo\/simulacion-termica-dinamica\/","og_site_name":"Cythelia Version ES","article_modified_time":"2023-05-02T11:30:43+00:00","twitter_misc":{"Dur\u00e9e de lecture estim\u00e9e":"2 minutes"},"schema":{"@context":"https:\/\/schema.org","@graph":[{"@type":"WebPage","@id":"https:\/\/www.cythelia.fr\/es\/control-energetico\/consejo\/simulacion-termica-dinamica\/","url":"https:\/\/www.cythelia.fr\/es\/control-energetico\/consejo\/simulacion-termica-dinamica\/","name":"Simulaci\u00f3n t\u00e9rmica din\u00e1mica - Cythelia Version ES","isPartOf":{"@id":"https:\/\/www.cythelia.fr\/es\/#website"},"datePublished":"2015-11-13T14:48:03+00:00","dateModified":"2023-05-02T11:30:43+00:00","description":"La Simulaci\u00f3n t\u00e9rmica din\u00e1mica es una modelizaci\u00f3n preciza, al f\u00edn de proponer soluciones t\u00e9cnicas pertinentes y adaptadas.","breadcrumb":{"@id":"https:\/\/www.cythelia.fr\/es\/control-energetico\/consejo\/simulacion-termica-dinamica\/#breadcrumb"},"inLanguage":"fr-FR","potentialAction":[{"@type":"ReadAction","target":["https:\/\/www.cythelia.fr\/es\/control-energetico\/consejo\/simulacion-termica-dinamica\/"]}]},{"@type":"BreadcrumbList","@id":"https:\/\/www.cythelia.fr\/es\/control-energetico\/consejo\/simulacion-termica-dinamica\/#breadcrumb","itemListElement":[{"@type":"ListItem","position":1,"name":"Accueil","item":"https:\/\/www.cythelia.fr\/es\/"},{"@type":"ListItem","position":2,"name":"Control energ\u00e9tico","item":"https:\/\/www.cythelia.fr\/es\/control-energetico\/"},{"@type":"ListItem","position":3,"name":"Consejo","item":"https:\/\/www.cythelia.fr\/es\/control-energetico\/consejo\/"},{"@type":"ListItem","position":4,"name":"Simulaci\u00f3n t\u00e9rmica din\u00e1mica"}]},{"@type":"WebSite","@id":"https:\/\/www.cythelia.fr\/es\/#website","url":"https:\/\/www.cythelia.fr\/es\/","name":"Cythelia Version ES","description":"","potentialAction":[{"@type":"SearchAction","target":{"@type":"EntryPoint","urlTemplate":"https:\/\/www.cythelia.fr\/es\/?s={search_term_string}"},"query-input":"required name=search_term_string"}],"inLanguage":"fr-FR"}]}},"_links":{"self":[{"href":"https:\/\/www.cythelia.fr\/es\/wp-json\/wp\/v2\/pages\/7056"}],"collection":[{"href":"https:\/\/www.cythelia.fr\/es\/wp-json\/wp\/v2\/pages"}],"about":[{"href":"https:\/\/www.cythelia.fr\/es\/wp-json\/wp\/v2\/types\/page"}],"author":[{"embeddable":true,"href":"https:\/\/www.cythelia.fr\/es\/wp-json\/wp\/v2\/users\/2"}],"replies":[{"embeddable":true,"href":"https:\/\/www.cythelia.fr\/es\/wp-json\/wp\/v2\/comments?post=7056"}],"version-history":[{"count":10,"href":"https:\/\/www.cythelia.fr\/es\/wp-json\/wp\/v2\/pages\/7056\/revisions"}],"predecessor-version":[{"id":8001,"href":"https:\/\/www.cythelia.fr\/es\/wp-json\/wp\/v2\/pages\/7056\/revisions\/8001"}],"up":[{"embeddable":true,"href":"https:\/\/www.cythelia.fr\/es\/wp-json\/wp\/v2\/pages\/7259"}],"wp:attachment":[{"href":"https:\/\/www.cythelia.fr\/es\/wp-json\/wp\/v2\/media?parent=7056"}],"curies":[{"name":"wp","href":"https:\/\/api.w.org\/{rel}","templated":true}]}}