{"id":6576,"date":"2015-09-30T12:47:06","date_gmt":"2015-09-30T12:47:06","guid":{"rendered":"https:\/\/www.cythelia.fr\/?page_id=6576"},"modified":"2016-12-20T16:25:01","modified_gmt":"2016-12-20T15:25:01","slug":"documentos","status":"publish","type":"page","link":"https:\/\/www.cythelia.fr\/es\/cythelia-3\/documentos\/","title":{"rendered":"Nuestros documentos"},"content":{"rendered":"<section class=\"wpb-content-wrapper\">[vc_row section_top_margin=\u00a0\u00bbnormaltopmargin\u00a0\u00bb section_bottom_margin=\u00a0\u00bbnormalbottommargin\u00a0\u00bb section_schema=\u00a0\u00bbnormal\u00a0\u00bb section_background=\u00a0\u00bbcolor\u00a0\u00bb background_color=\u00a0\u00bb#ffffff\u00a0\u00bb background_repeat=\u00a0\u00bbrepeat\u00a0\u00bb moving_direction=\u00a0\u00bbhorizontal\u00a0\u00bb parallax_speed_1=\u00a0\u00bb300&Prime; parallax_speed_2=\u00a0\u00bb300&Prime; parallax_speed_3=\u00a0\u00bb300&Prime; parallax_speed_4=\u00a0\u00bb300&Prime; parallax_speed_5=\u00a0\u00bb300&Prime; parallax_speed_6=\u00a0\u00bb300&Prime; parallax_speed_7=\u00a0\u00bb300&Prime; parallax_speed_8=\u00a0\u00bb300&Prime; parallax_speed_9=\u00a0\u00bb300&Prime; parallax_speed_10=\u00a0\u00bb300&Prime;][vc_column width=\u00a0\u00bb1\/1&Prime;][vc_row_inner][vc_column_inner width=\u00a0\u00bb3\/4&Prime;][vc_column_text]<strong>Benef\u00edciese de los cursos y documentos de s\u00edntesis que Cythelia pone a su disposici\u00f3n.<\/strong><br \/>\nEstos documentos han sido elaborados por Cythelia seg\u00fan los t\u00e9rminos de la <a href=\"http:\/\/creativecommons.org\/licenses\/by-nc-nd\/2.0\/fr\/\" target=\"_blank\">licencia Creative Commons Reconocimiento-No Comercial-Sin Obra Derivada 2.0 Francia<\/a>.[\/vc_column_text][vc_empty_space height=\u00a0\u00bb32px\u00a0\u00bb][vc_custom_heading text=\u00a0\u00bbFOTOVOLTAICA\u00a0\u00bb font_container=\u00a0\u00bbtag:h3|text_align:left\u00a0\u00bb google_fonts=\u00a0\u00bbfont_family:Open%20Sans%3A300%2C300italic%2Cregular%2Citalic%2C600%2C600italic%2C700%2C700italic%2C800%2C800italic|font_style:400%20regular%3A400%3Anormal\u00a0\u00bb][vc_column_text]&gt; <a href=\"https:\/\/www.cythelia.fr\/images\/file\/Gisement-solaire_Alain%20Ricaud_Jan-2011.pdf\" target=\"_blank\"><strong>Yacimiento solar<\/strong><\/a><br \/>\nDocumento de s\u00edntesis sobre el yacimiento solar<strong><em><br \/>\n<\/em><\/strong><br \/>\n&gt; <a href=\"https:\/\/www.cythelia.fr\/images\/file\/L-electricite-photovoltaique.pdf\" target=\"_blank\"><strong>Electricidad fotovoltaica<\/strong><\/a><br \/>\nDocumento de s\u00edntesis sobre la electricidad fotovoltaica<\/p>\n<p>&gt; <a href=\"https:\/\/www.cythelia.fr\/images\/file\/Convertisseurs_photovoltaiques-Alain-Ricaud_Sept%202011-Master%20ENSMP.pdf\" target=\"_blank\"><strong>Convertidores fotovoltaicos: Yacimiento solar, c\u00e9lulas, m\u00f3dulos y campos de m\u00f3dulos<br \/>\n<\/strong><\/a>Documento de s\u00edntesis sobre los convertidores fotovoltaicos<\/p>\n<p>&gt; <a href=\"https:\/\/www.cythelia.fr\/images\/file\/Syst%C3%A8mes%20PV_Polytech_Alain%20Ricaud_Oct-11.pdf\" target=\"_blank\"><strong>Sistemas fotovoltaicos<br \/>\n<\/strong><\/a>Documento de s\u00edntesis sobre los sistemas fotovoltaicos [\/vc_column_text][vc_empty_space height=\u00a0\u00bb50px\u00a0\u00bb][vc_custom_heading text=\u00a0\u00bbENERG\u00cdAS RENOVABLES (ENR)\u00a0\u00bb font_container=\u00a0\u00bbtag:h3|text_align:left\u00a0\u00bb google_fonts=\u00a0\u00bbfont_family:Open%20Sans%3A300%2C300italic%2Cregular%2Citalic%2C600%2C600italic%2C700%2C700italic%2C800%2C800italic|font_style:400%20regular%3A400%3Anormal\u00a0\u00bb][vc_column_text]&gt; <a href=\"https:\/\/www.cythelia.fr\/images\/file\/Enjeux%20et%20situation%20des%20ENRen%20Europe_Alain%20RICAUD_11-09-11.pdf\" target=\"_blank\"><strong>Desaf\u00edos de las ENR<\/strong><\/a><br \/>\nDocumento de s\u00edntesis sobre los retos y la situaci\u00f3n de las energ\u00edas renovables en Europa<\/p>\n<p>&gt; <a href=\"https:\/\/www.cythelia.fr\/images\/file\/R%C3%A9ponse%20AR%20%C3%A0%20JMJ%20Mars%202011.pdf\" target=\"_blank\"><strong>Nuclear y ENR \u2013 Respuesta de Alain Ricaud a Jean-Marc Jancovici<\/strong><\/a><br \/>\nAn\u00e1lisis de la producci\u00f3n de energ\u00eda nuclear y comparativa de la importancia de las ENR y de la energ\u00eda nuclear en el futuro[\/vc_column_text][vc_empty_space height=\u00a0\u00bb50px\u00a0\u00bb][vc_custom_heading text=\u00a0\u00bbEFICIENCIA ENERG\u00c9TICA EN EDIFICIOS\u00a0\u00bb font_container=\u00a0\u00bbtag:h3|text_align:left\u00a0\u00bb google_fonts=\u00a0\u00bbfont_family:Open%20Sans%3A300%2C300italic%2Cregular%2Citalic%2C600%2C600italic%2C700%2C700italic%2C800%2C800italic|font_style:400%20regular%3A400%3Anormal\u00a0\u00bb][vc_column_text]&gt; <a title=\"RT2012 - an\u00e1lisis\" href=\"https:\/\/www.cythelia.fr\/images\/WEKA_rt2012_4e-couverture.pdf\" name=\"rt2012\"><strong>Resumen del informe \u00ab\u00a0Reglamentaci\u00f3n t\u00e9rmica 2012\u00a0\u00bb \u2013 escrito por Cythelia y publicado por ediciones WEKA<\/strong><\/a><br \/>\nCythelia ha escrito un informe dirigido a las comunidades para descifrar la reglamentaci\u00f3n t\u00e9rmica de 2012. Se public\u00f3 a mediados de junio de 2012.<\/p>\n<p>&gt; <a title=\"Sistema PAC-PV\/Art\u00edculo CVC\" href=\"https:\/\/www.cythelia.fr\/images\/revue%20CVC.pdf\" name=\"Syst\u00e8me pompe \u00e0 chaleur - photovolta\u00efque \/ Article CVC\"><strong>Sistema AEDOMIA<\/strong><\/a><br \/>\nArt\u00edculo escrito para la revista CVC sobre el sistema AEDOMIA, resultante del programa de investigaci\u00f3n PACairPV, integrado como prototipo en el proyecto de peque\u00f1a casa de energ\u00eda cero.<\/p>\n<p>&gt; <a title=\"La casa de energ\u00eda cero - 3EI\" href=\"https:\/\/www.cythelia.fr\/images\/revue%203EI%20-%20Maison%20ZEN.pdf\" name=\"La Maison ZEN - 3EI\"><strong>Art\u00edculo sobre la casa de energ\u00eda cero<\/strong><\/a><br \/>\nArt\u00edculo sobre la casa de energ\u00eda cero publicado en la revista 3EI.[\/vc_column_text][\/vc_column_inner][vc_column_inner width=\u00a0\u00bb1\/4&Prime; el_class=\u00a0\u00bbsidebarsticker\u00a0\u00bb position=\u00a0\u00bbnone\u00a0\u00bb][vc_widget_sidebar sidebar_id=\u00a0\u00bbSideBar Cythelia\u00a0\u00bb][\/vc_column_inner][\/vc_row_inner][\/vc_column][\/vc_row]\n<\/section>","protected":false},"excerpt":{"rendered":"<p>[vc_row section_top_margin=\u00a0\u00bbnormaltopmargin\u00a0\u00bb section_bottom_margin=\u00a0\u00bbnormalbottommargin\u00a0\u00bb section_schema=\u00a0\u00bbnormal\u00a0\u00bb section_background=\u00a0\u00bbcolor\u00a0\u00bb background_color=\u00a0\u00bb#ffffff\u00a0\u00bb background_repeat=\u00a0\u00bbrepeat\u00a0\u00bb moving_direction=\u00a0\u00bbhorizontal\u00a0\u00bb parallax_speed_1=\u00a0\u00bb300&Prime; parallax_speed_2=\u00a0\u00bb300&Prime; parallax_speed_3=\u00a0\u00bb300&Prime; parallax_speed_4=\u00a0\u00bb300&Prime; parallax_speed_5=\u00a0\u00bb300&Prime; parallax_speed_6=\u00a0\u00bb300&Prime; parallax_speed_7=\u00a0\u00bb300&Prime; parallax_speed_8=\u00a0\u00bb300&Prime; parallax_speed_9=\u00a0\u00bb300&Prime; parallax_speed_10=\u00a0\u00bb300&Prime;][vc_column width=\u00a0\u00bb1\/1&Prime;][vc_row_inner][vc_column_inner width=\u00a0\u00bb3\/4&Prime;][vc_column_text]Benef\u00edciese de los cursos y documentos de s\u00edntesis que Cythelia pone a su disposici\u00f3n. Estos documentos han sido elaborados por Cythelia seg\u00fan los t\u00e9rminos de la licencia Creative Commons Reconocimiento-No Comercial-Sin &hellip; <a class=\"readmore\" href=\"https:\/\/www.cythelia.fr\/es\/cythelia-3\/documentos\/\">Lire la suite <span class=\"meta-nav\">&rarr;<\/span><\/a><\/p>\n","protected":false},"author":1,"featured_media":0,"parent":5514,"menu_order":0,"comment_status":"closed","ping_status":"closed","template":"template\/template-landing-page-vc.php","meta":[],"yoast_head":"<!-- This site is optimized with the Yoast SEO plugin v20.0 - https:\/\/yoast.com\/wordpress\/plugins\/seo\/ -->\n<title>Nuestros documentos<\/title>\n<meta name=\"robots\" content=\"index, follow, max-snippet:-1, max-image-preview:large, max-video-preview:-1\" \/>\n<link rel=\"canonical\" href=\"https:\/\/www.cythelia.fr\/es\/cythelia-3\/documentos\/\" \/>\n<meta property=\"og:locale\" content=\"fr_FR\" \/>\n<meta property=\"og:type\" content=\"article\" \/>\n<meta property=\"og:title\" content=\"Nuestros documentos\" \/>\n<meta property=\"og:description\" content=\"[vc_row section_top_margin=\u00a0\u00bbnormaltopmargin\u00a0\u00bb section_bottom_margin=\u00a0\u00bbnormalbottommargin\u00a0\u00bb section_schema=\u00a0\u00bbnormal\u00a0\u00bb section_background=\u00a0\u00bbcolor\u00a0\u00bb background_color=\u00a0\u00bb#ffffff\u00a0\u00bb background_repeat=\u00a0\u00bbrepeat\u00a0\u00bb moving_direction=\u00a0\u00bbhorizontal\u00a0\u00bb parallax_speed_1=\u00a0\u00bb300&Prime; parallax_speed_2=\u00a0\u00bb300&Prime; parallax_speed_3=\u00a0\u00bb300&Prime; parallax_speed_4=\u00a0\u00bb300&Prime; parallax_speed_5=\u00a0\u00bb300&Prime; parallax_speed_6=\u00a0\u00bb300&Prime; parallax_speed_7=\u00a0\u00bb300&Prime; parallax_speed_8=\u00a0\u00bb300&Prime; parallax_speed_9=\u00a0\u00bb300&Prime; parallax_speed_10=\u00a0\u00bb300&Prime;][vc_column width=\u00a0\u00bb1\/1&Prime;][vc_row_inner][vc_column_inner width=\u00a0\u00bb3\/4&Prime;][vc_column_text]Benef\u00edciese de los cursos y documentos de s\u00edntesis que Cythelia pone a su disposici\u00f3n. Estos documentos han sido elaborados por Cythelia seg\u00fan los t\u00e9rminos de la licencia Creative Commons Reconocimiento-No Comercial-Sin &hellip; Lire la suite &rarr;\" \/>\n<meta property=\"og:url\" content=\"https:\/\/www.cythelia.fr\/es\/cythelia-3\/documentos\/\" \/>\n<meta property=\"og:site_name\" content=\"Cythelia Version ES\" \/>\n<meta property=\"article:modified_time\" content=\"2016-12-20T15:25:01+00:00\" \/>\n<meta name=\"twitter:label1\" content=\"Dur\u00e9e de lecture estim\u00e9e\" \/>\n\t<meta name=\"twitter:data1\" content=\"2 minutes\" \/>\n<script type=\"application\/ld+json\" class=\"yoast-schema-graph\">{\"@context\":\"https:\/\/schema.org\",\"@graph\":[{\"@type\":\"WebPage\",\"@id\":\"https:\/\/www.cythelia.fr\/es\/cythelia-3\/documentos\/\",\"url\":\"https:\/\/www.cythelia.fr\/es\/cythelia-3\/documentos\/\",\"name\":\"Nuestros documentos\",\"isPartOf\":{\"@id\":\"https:\/\/www.cythelia.fr\/es\/#website\"},\"datePublished\":\"2015-09-30T12:47:06+00:00\",\"dateModified\":\"2016-12-20T15:25:01+00:00\",\"breadcrumb\":{\"@id\":\"https:\/\/www.cythelia.fr\/es\/cythelia-3\/documentos\/#breadcrumb\"},\"inLanguage\":\"fr-FR\",\"potentialAction\":[{\"@type\":\"ReadAction\",\"target\":[\"https:\/\/www.cythelia.fr\/es\/cythelia-3\/documentos\/\"]}]},{\"@type\":\"BreadcrumbList\",\"@id\":\"https:\/\/www.cythelia.fr\/es\/cythelia-3\/documentos\/#breadcrumb\",\"itemListElement\":[{\"@type\":\"ListItem\",\"position\":1,\"name\":\"Accueil\",\"item\":\"https:\/\/www.cythelia.fr\/es\/\"},{\"@type\":\"ListItem\",\"position\":2,\"name\":\"Cythelia\",\"item\":\"https:\/\/www.cythelia.fr\/es\/cythelia-3\/\"},{\"@type\":\"ListItem\",\"position\":3,\"name\":\"Nuestros documentos\"}]},{\"@type\":\"WebSite\",\"@id\":\"https:\/\/www.cythelia.fr\/es\/#website\",\"url\":\"https:\/\/www.cythelia.fr\/es\/\",\"name\":\"Cythelia Version ES\",\"description\":\"\",\"potentialAction\":[{\"@type\":\"SearchAction\",\"target\":{\"@type\":\"EntryPoint\",\"urlTemplate\":\"https:\/\/www.cythelia.fr\/es\/?s={search_term_string}\"},\"query-input\":\"required name=search_term_string\"}],\"inLanguage\":\"fr-FR\"}]}<\/script>\n<!-- \/ Yoast SEO plugin. -->","yoast_head_json":{"title":"Nuestros documentos","robots":{"index":"index","follow":"follow","max-snippet":"max-snippet:-1","max-image-preview":"max-image-preview:large","max-video-preview":"max-video-preview:-1"},"canonical":"https:\/\/www.cythelia.fr\/es\/cythelia-3\/documentos\/","og_locale":"fr_FR","og_type":"article","og_title":"Nuestros documentos","og_description":"[vc_row section_top_margin=\u00a0\u00bbnormaltopmargin\u00a0\u00bb section_bottom_margin=\u00a0\u00bbnormalbottommargin\u00a0\u00bb section_schema=\u00a0\u00bbnormal\u00a0\u00bb section_background=\u00a0\u00bbcolor\u00a0\u00bb background_color=\u00a0\u00bb#ffffff\u00a0\u00bb background_repeat=\u00a0\u00bbrepeat\u00a0\u00bb moving_direction=\u00a0\u00bbhorizontal\u00a0\u00bb parallax_speed_1=\u00a0\u00bb300&Prime; parallax_speed_2=\u00a0\u00bb300&Prime; parallax_speed_3=\u00a0\u00bb300&Prime; parallax_speed_4=\u00a0\u00bb300&Prime; parallax_speed_5=\u00a0\u00bb300&Prime; parallax_speed_6=\u00a0\u00bb300&Prime; parallax_speed_7=\u00a0\u00bb300&Prime; parallax_speed_8=\u00a0\u00bb300&Prime; parallax_speed_9=\u00a0\u00bb300&Prime; parallax_speed_10=\u00a0\u00bb300&Prime;][vc_column width=\u00a0\u00bb1\/1&Prime;][vc_row_inner][vc_column_inner width=\u00a0\u00bb3\/4&Prime;][vc_column_text]Benef\u00edciese de los cursos y documentos de s\u00edntesis que Cythelia pone a su disposici\u00f3n. Estos documentos han sido elaborados por Cythelia seg\u00fan los t\u00e9rminos de la licencia Creative Commons Reconocimiento-No Comercial-Sin &hellip; Lire la suite &rarr;","og_url":"https:\/\/www.cythelia.fr\/es\/cythelia-3\/documentos\/","og_site_name":"Cythelia Version ES","article_modified_time":"2016-12-20T15:25:01+00:00","twitter_misc":{"Dur\u00e9e de lecture estim\u00e9e":"2 minutes"},"schema":{"@context":"https:\/\/schema.org","@graph":[{"@type":"WebPage","@id":"https:\/\/www.cythelia.fr\/es\/cythelia-3\/documentos\/","url":"https:\/\/www.cythelia.fr\/es\/cythelia-3\/documentos\/","name":"Nuestros documentos","isPartOf":{"@id":"https:\/\/www.cythelia.fr\/es\/#website"},"datePublished":"2015-09-30T12:47:06+00:00","dateModified":"2016-12-20T15:25:01+00:00","breadcrumb":{"@id":"https:\/\/www.cythelia.fr\/es\/cythelia-3\/documentos\/#breadcrumb"},"inLanguage":"fr-FR","potentialAction":[{"@type":"ReadAction","target":["https:\/\/www.cythelia.fr\/es\/cythelia-3\/documentos\/"]}]},{"@type":"BreadcrumbList","@id":"https:\/\/www.cythelia.fr\/es\/cythelia-3\/documentos\/#breadcrumb","itemListElement":[{"@type":"ListItem","position":1,"name":"Accueil","item":"https:\/\/www.cythelia.fr\/es\/"},{"@type":"ListItem","position":2,"name":"Cythelia","item":"https:\/\/www.cythelia.fr\/es\/cythelia-3\/"},{"@type":"ListItem","position":3,"name":"Nuestros documentos"}]},{"@type":"WebSite","@id":"https:\/\/www.cythelia.fr\/es\/#website","url":"https:\/\/www.cythelia.fr\/es\/","name":"Cythelia Version ES","description":"","potentialAction":[{"@type":"SearchAction","target":{"@type":"EntryPoint","urlTemplate":"https:\/\/www.cythelia.fr\/es\/?s={search_term_string}"},"query-input":"required name=search_term_string"}],"inLanguage":"fr-FR"}]}},"_links":{"self":[{"href":"https:\/\/www.cythelia.fr\/es\/wp-json\/wp\/v2\/pages\/6576"}],"collection":[{"href":"https:\/\/www.cythelia.fr\/es\/wp-json\/wp\/v2\/pages"}],"about":[{"href":"https:\/\/www.cythelia.fr\/es\/wp-json\/wp\/v2\/types\/page"}],"author":[{"embeddable":true,"href":"https:\/\/www.cythelia.fr\/es\/wp-json\/wp\/v2\/users\/1"}],"replies":[{"embeddable":true,"href":"https:\/\/www.cythelia.fr\/es\/wp-json\/wp\/v2\/comments?post=6576"}],"version-history":[{"count":3,"href":"https:\/\/www.cythelia.fr\/es\/wp-json\/wp\/v2\/pages\/6576\/revisions"}],"predecessor-version":[{"id":7629,"href":"https:\/\/www.cythelia.fr\/es\/wp-json\/wp\/v2\/pages\/6576\/revisions\/7629"}],"up":[{"embeddable":true,"href":"https:\/\/www.cythelia.fr\/es\/wp-json\/wp\/v2\/pages\/5514"}],"wp:attachment":[{"href":"https:\/\/www.cythelia.fr\/es\/wp-json\/wp\/v2\/media?parent=6576"}],"curies":[{"name":"wp","href":"https:\/\/api.w.org\/{rel}","templated":true}]}}