{"id":6428,"date":"2015-09-29T09:00:20","date_gmt":"2015-09-29T09:00:20","guid":{"rendered":"https:\/\/www.cythelia.fr\/?page_id=6428"},"modified":"2016-12-20T16:12:46","modified_gmt":"2016-12-20T15:12:46","slug":"aviso-legal","status":"publish","type":"page","link":"https:\/\/www.cythelia.fr\/es\/aviso-legal\/","title":{"rendered":"Aviso legal"},"content":{"rendered":"<section class=\"wpb-content-wrapper\">[vc_row][vc_column width=\u00a0\u00bb1\/1&Prime;][vc_custom_heading text=\u00a0\u00bbAviso legal\u00a0\u00bb font_container=\u00a0\u00bbtag:h3|text_align:left\u00a0\u00bb google_fonts=\u00a0\u00bbfont_family:Open%20Sans%3A300%2C300italic%2Cregular%2Citalic%2C600%2C600italic%2C700%2C700italic%2C800%2C800italic|font_style:400%20regular%3A400%3Anormal\u00a0\u00bb][vc_column_text]<strong>1. Informaci\u00f3n jur\u00eddica<\/strong><br \/>\nCYTHELIA SARL<br \/>\nLa Maison ZEN<br \/>\nLe Chef-Lieu<br \/>\n73000 MONTAGNOLE<br \/>\nFRANCIA<br \/>\nTel.: +33 (0)4 79 25 31 75<br \/>\nFax: +33 (0)4 79 25 33 09<\/p>\n<p><strong>2. Derechos de autor y derechos de reproducci\u00f3n<\/strong><br \/>\nTodo el contenido de este sitio est\u00e1 sujeto a la legislaci\u00f3n francesa e internacional sobre derechos de autor y propiedad intelectual. Se reservan todos los derechos de reproducci\u00f3n. Queda prohibida la reproducci\u00f3n total o parcial del sitio, cualquiera que sea la forma y el destino, salvo autorizaci\u00f3n expresa del director de la publicaci\u00f3n.<\/p>\n<p><strong>3. Fotos e ilustraciones del sitio<\/strong><br \/>\nTodas las fotograf\u00edas e ilustraciones de este sitio no son contractuales. Se utilizan con el fin de presentar los productos.<\/p>\n<p><strong>4. Enlaces externos<\/strong><br \/>\nEste sitio ofrece enlaces a otros sitios que tambi\u00e9n pueden recopilar datos personales y de otro tipo. La consulta de estos sitios, as\u00ed como la recopilaci\u00f3n y utilizaci\u00f3n de datos personales en estos sitios, est\u00e1n sujetas a las condiciones de uso y a las pol\u00edticas de protecci\u00f3n de informaci\u00f3n personal en dichos sitios.<\/p>\n<p><strong>5. Modificaci\u00f3n de esta notificaci\u00f3n<\/strong><br \/>\nNOOVEO se reserva el derecho de modificar o, de manera m\u00e1s general, actualizar esta notificaci\u00f3n en cualquier momento y sin previo aviso. Por eso le invitamos a que consulte esta notificaci\u00f3n con regularidad.<\/p>\n<p><strong>6. Para contactar con nosotros<\/strong><br \/>\nPuede ponerse en contacto con nosotros en la secci\u00f3n de contacto del sitio para cualquier comentario o pregunta relacionada con esta notificaci\u00f3n.<\/p>\n<p><strong>7. Google Analytics<\/strong><br \/>\nEste sitio utiliza Google Analytics, un servicio de an\u00e1lisis de sitios web prestado por Google Inc. (\u00ab\u00a0Google\u00a0\u00bb). Google Analytics utiliza cookies, que son archivos de texto ubicados en su ordenador, para ayudar al sitio web a analizar el uso que hacen los usuarios del sitio. La informaci\u00f3n que generan las cookies acerca de su uso del sitio web (incluyendo su direcci\u00f3n IP) ser\u00e1 transmitida y archivada directamente por Google en servidores ubicados en Estados Unidos. Google usar\u00e1 esta informaci\u00f3n con el prop\u00f3sito de evaluar su uso del sitio web, recopilar informes sobre la actividad del sitio web para su editor y prestar otros servicios relacionados con la actividad del sitio y el uso de Internet.<\/p>\n<p>Google podr\u00e1 transmitir dicha informaci\u00f3n a terceros cuando as\u00ed se lo requiera la legislaci\u00f3n, o cuando dichos terceros procesen la informaci\u00f3n por cuenta de Google, incluido especialmente el editor de este sitio. Google no asociar\u00e1 su direcci\u00f3n IP con ning\u00fan otro dato del que disponga Google. Puede desactivar el uso de cookies mediante la selecci\u00f3n de la configuraci\u00f3n apropiada de su navegador. Sin embargo, debe saber que si lo hace es posible que no pueda usar la plena funcionalidad de este sitio. Al utilizar este sitio, consiente expresamente el tratamiento de sus datos nominativos por Google en la forma y para los fines arriba indicados.<\/p>\n<p><strong>8. Cookies<\/strong><br \/>\nLas cookies son archivos de texto que se almacenan y utilizan para recopilar tanto informaci\u00f3n personal como no personal acerca de la navegaci\u00f3n del usuario en el Sitio. Cythelia puede utilizar las cookies u otras tecnolog\u00edas que permitan recopilar o almacenar datos personales para mejorar los servicios que se ofrecen al usuario, como por ejemplo:<br \/>\nPermitir a un servicio reconocer el dispositivo del usuario, para que no tenga que dar la misma informaci\u00f3n varias veces durante una tarea;<br \/>\nDetectar que el usuario ya ha facilitado, si procede, su nombre de usuario y contrase\u00f1a para que no tenga que hacerlo en cada p\u00e1gina web que quiera consultar;<br \/>\nCuantificar cu\u00e1ntas personas est\u00e1n usando los servicios, para que sean m\u00e1s f\u00e1ciles de utilizar y asegurar que haya bastante capacidad para garantizar su rapidez;<br \/>\nAnalizar datos para ayudar a Cythelia a comprender c\u00f3mo interact\u00faan las personas con los servicios, de modo que se puedan mejorar.<\/p>\n<p>Cythelia utiliza dos tipos de cookies: permanentes y temporales. Las cookies temporales desaparecen tan pronto como el usuario se desconecta del Sitio. Las cookies permanentes permanecen despu\u00e9s de la desconexi\u00f3n del Sitio, con el fin de que puedan ser utilizadas en visitas posteriores.<\/p>\n<p>El usuario ser\u00e1 notificado la primera vez que reciba una cookie y, en ese momento, podr\u00e1 decidir si aceptarla o rechazarla. Al continuar utilizando el Sitio y en consideraci\u00f3n a lo anterior, el usuario autoriza expresamente a Cythelia a usar dichas cookies.<\/p>\n<p>El usuario tambi\u00e9n puede configurar su navegador para rechazar todas las cookies; sin embargo, si lo hace, algunas \u00e1reas y funciones del Sitio podr\u00edan no funcionar correctamente y\/o el usuario podr\u00eda no tener acceso a algunas de sus partes o servicios.[\/vc_column_text][\/vc_column][\/vc_row]\n<\/section>","protected":false},"excerpt":{"rendered":"<p>[vc_row][vc_column width=\u00a0\u00bb1\/1&Prime;][vc_custom_heading text=\u00a0\u00bbAviso legal\u00a0\u00bb font_container=\u00a0\u00bbtag:h3|text_align:left\u00a0\u00bb google_fonts=\u00a0\u00bbfont_family:Open%20Sans%3A300%2C300italic%2Cregular%2Citalic%2C600%2C600italic%2C700%2C700italic%2C800%2C800italic|font_style:400%20regular%3A400%3Anormal\u00a0\u00bb][vc_column_text]1. Informaci\u00f3n jur\u00eddica CYTHELIA SARL La Maison ZEN Le Chef-Lieu 73000 MONTAGNOLE FRANCIA Tel.: +33 (0)4 79 25 31 75 Fax: +33 (0)4 79 25 33 09 2. Derechos de autor y derechos de reproducci\u00f3n Todo el contenido de este sitio est\u00e1 sujeto a la &hellip; <a class=\"readmore\" href=\"https:\/\/www.cythelia.fr\/es\/aviso-legal\/\">Lire la suite <span class=\"meta-nav\">&rarr;<\/span><\/a><\/p>\n","protected":false},"author":1,"featured_media":0,"parent":0,"menu_order":0,"comment_status":"closed","ping_status":"closed","template":"template\/template-landing-page-vc.php","meta":[],"yoast_head":"<!-- This site is optimized with the Yoast SEO plugin v20.0 - https:\/\/yoast.com\/wordpress\/plugins\/seo\/ -->\n<title>Aviso legal - Cythelia Version ES<\/title>\n<meta name=\"robots\" content=\"index, follow, max-snippet:-1, max-image-preview:large, max-video-preview:-1\" \/>\n<link rel=\"canonical\" href=\"https:\/\/www.cythelia.fr\/es\/aviso-legal\/\" \/>\n<meta property=\"og:locale\" content=\"fr_FR\" \/>\n<meta property=\"og:type\" content=\"article\" \/>\n<meta property=\"og:title\" content=\"Aviso legal - Cythelia Version ES\" \/>\n<meta property=\"og:description\" content=\"[vc_row][vc_column width=\u00a0\u00bb1\/1&Prime;][vc_custom_heading text=\u00a0\u00bbAviso legal\u00a0\u00bb font_container=\u00a0\u00bbtag:h3|text_align:left\u00a0\u00bb google_fonts=\u00a0\u00bbfont_family:Open%20Sans%3A300%2C300italic%2Cregular%2Citalic%2C600%2C600italic%2C700%2C700italic%2C800%2C800italic|font_style:400%20regular%3A400%3Anormal\u00a0\u00bb][vc_column_text]1. Informaci\u00f3n jur\u00eddica CYTHELIA SARL La Maison ZEN Le Chef-Lieu 73000 MONTAGNOLE FRANCIA Tel.: +33 (0)4 79 25 31 75 Fax: +33 (0)4 79 25 33 09 2. Derechos de autor y derechos de reproducci\u00f3n Todo el contenido de este sitio est\u00e1 sujeto a la &hellip; Lire la suite &rarr;\" \/>\n<meta property=\"og:url\" content=\"https:\/\/www.cythelia.fr\/es\/aviso-legal\/\" \/>\n<meta property=\"og:site_name\" content=\"Cythelia Version ES\" \/>\n<meta property=\"article:modified_time\" content=\"2016-12-20T15:12:46+00:00\" \/>\n<meta name=\"twitter:label1\" content=\"Dur\u00e9e de lecture estim\u00e9e\" \/>\n\t<meta name=\"twitter:data1\" content=\"4 minutes\" \/>\n<script type=\"application\/ld+json\" class=\"yoast-schema-graph\">{\"@context\":\"https:\/\/schema.org\",\"@graph\":[{\"@type\":\"WebPage\",\"@id\":\"https:\/\/www.cythelia.fr\/es\/aviso-legal\/\",\"url\":\"https:\/\/www.cythelia.fr\/es\/aviso-legal\/\",\"name\":\"Aviso legal - Cythelia Version ES\",\"isPartOf\":{\"@id\":\"https:\/\/www.cythelia.fr\/es\/#website\"},\"datePublished\":\"2015-09-29T09:00:20+00:00\",\"dateModified\":\"2016-12-20T15:12:46+00:00\",\"breadcrumb\":{\"@id\":\"https:\/\/www.cythelia.fr\/es\/aviso-legal\/#breadcrumb\"},\"inLanguage\":\"fr-FR\",\"potentialAction\":[{\"@type\":\"ReadAction\",\"target\":[\"https:\/\/www.cythelia.fr\/es\/aviso-legal\/\"]}]},{\"@type\":\"BreadcrumbList\",\"@id\":\"https:\/\/www.cythelia.fr\/es\/aviso-legal\/#breadcrumb\",\"itemListElement\":[{\"@type\":\"ListItem\",\"position\":1,\"name\":\"Accueil\",\"item\":\"https:\/\/www.cythelia.fr\/es\/\"},{\"@type\":\"ListItem\",\"position\":2,\"name\":\"Aviso legal\"}]},{\"@type\":\"WebSite\",\"@id\":\"https:\/\/www.cythelia.fr\/es\/#website\",\"url\":\"https:\/\/www.cythelia.fr\/es\/\",\"name\":\"Cythelia Version ES\",\"description\":\"\",\"potentialAction\":[{\"@type\":\"SearchAction\",\"target\":{\"@type\":\"EntryPoint\",\"urlTemplate\":\"https:\/\/www.cythelia.fr\/es\/?s={search_term_string}\"},\"query-input\":\"required name=search_term_string\"}],\"inLanguage\":\"fr-FR\"}]}<\/script>\n<!-- \/ Yoast SEO plugin. -->","yoast_head_json":{"title":"Aviso legal - Cythelia Version ES","robots":{"index":"index","follow":"follow","max-snippet":"max-snippet:-1","max-image-preview":"max-image-preview:large","max-video-preview":"max-video-preview:-1"},"canonical":"https:\/\/www.cythelia.fr\/es\/aviso-legal\/","og_locale":"fr_FR","og_type":"article","og_title":"Aviso legal - Cythelia Version ES","og_description":"[vc_row][vc_column width=\u00a0\u00bb1\/1&Prime;][vc_custom_heading text=\u00a0\u00bbAviso legal\u00a0\u00bb font_container=\u00a0\u00bbtag:h3|text_align:left\u00a0\u00bb google_fonts=\u00a0\u00bbfont_family:Open%20Sans%3A300%2C300italic%2Cregular%2Citalic%2C600%2C600italic%2C700%2C700italic%2C800%2C800italic|font_style:400%20regular%3A400%3Anormal\u00a0\u00bb][vc_column_text]1. Informaci\u00f3n jur\u00eddica CYTHELIA SARL La Maison ZEN Le Chef-Lieu 73000 MONTAGNOLE FRANCIA Tel.: +33 (0)4 79 25 31 75 Fax: +33 (0)4 79 25 33 09 2. Derechos de autor y derechos de reproducci\u00f3n Todo el contenido de este sitio est\u00e1 sujeto a la &hellip; Lire la suite &rarr;","og_url":"https:\/\/www.cythelia.fr\/es\/aviso-legal\/","og_site_name":"Cythelia Version ES","article_modified_time":"2016-12-20T15:12:46+00:00","twitter_misc":{"Dur\u00e9e de lecture estim\u00e9e":"4 minutes"},"schema":{"@context":"https:\/\/schema.org","@graph":[{"@type":"WebPage","@id":"https:\/\/www.cythelia.fr\/es\/aviso-legal\/","url":"https:\/\/www.cythelia.fr\/es\/aviso-legal\/","name":"Aviso legal - Cythelia Version ES","isPartOf":{"@id":"https:\/\/www.cythelia.fr\/es\/#website"},"datePublished":"2015-09-29T09:00:20+00:00","dateModified":"2016-12-20T15:12:46+00:00","breadcrumb":{"@id":"https:\/\/www.cythelia.fr\/es\/aviso-legal\/#breadcrumb"},"inLanguage":"fr-FR","potentialAction":[{"@type":"ReadAction","target":["https:\/\/www.cythelia.fr\/es\/aviso-legal\/"]}]},{"@type":"BreadcrumbList","@id":"https:\/\/www.cythelia.fr\/es\/aviso-legal\/#breadcrumb","itemListElement":[{"@type":"ListItem","position":1,"name":"Accueil","item":"https:\/\/www.cythelia.fr\/es\/"},{"@type":"ListItem","position":2,"name":"Aviso legal"}]},{"@type":"WebSite","@id":"https:\/\/www.cythelia.fr\/es\/#website","url":"https:\/\/www.cythelia.fr\/es\/","name":"Cythelia Version ES","description":"","potentialAction":[{"@type":"SearchAction","target":{"@type":"EntryPoint","urlTemplate":"https:\/\/www.cythelia.fr\/es\/?s={search_term_string}"},"query-input":"required name=search_term_string"}],"inLanguage":"fr-FR"}]}},"_links":{"self":[{"href":"https:\/\/www.cythelia.fr\/es\/wp-json\/wp\/v2\/pages\/6428"}],"collection":[{"href":"https:\/\/www.cythelia.fr\/es\/wp-json\/wp\/v2\/pages"}],"about":[{"href":"https:\/\/www.cythelia.fr\/es\/wp-json\/wp\/v2\/types\/page"}],"author":[{"embeddable":true,"href":"https:\/\/www.cythelia.fr\/es\/wp-json\/wp\/v2\/users\/1"}],"replies":[{"embeddable":true,"href":"https:\/\/www.cythelia.fr\/es\/wp-json\/wp\/v2\/comments?post=6428"}],"version-history":[{"count":2,"href":"https:\/\/www.cythelia.fr\/es\/wp-json\/wp\/v2\/pages\/6428\/revisions"}],"predecessor-version":[{"id":7777,"href":"https:\/\/www.cythelia.fr\/es\/wp-json\/wp\/v2\/pages\/6428\/revisions\/7777"}],"wp:attachment":[{"href":"https:\/\/www.cythelia.fr\/es\/wp-json\/wp\/v2\/media?parent=6428"}],"curies":[{"name":"wp","href":"https:\/\/api.w.org\/{rel}","templated":true}]}}