{"id":6343,"date":"2015-09-28T12:52:54","date_gmt":"2015-09-28T12:52:54","guid":{"rendered":"https:\/\/www.cythelia.fr\/?page_id=6343"},"modified":"2016-12-20T16:24:31","modified_gmt":"2016-12-20T15:24:31","slug":"socios","status":"publish","type":"page","link":"https:\/\/www.cythelia.fr\/es\/cythelia-3\/socios\/","title":{"rendered":"Nuestros socios"},"content":{"rendered":"<section class=\"wpb-content-wrapper\">[vc_row section_top_margin=\u00a0\u00bbnormaltopmargin\u00a0\u00bb section_bottom_margin=\u00a0\u00bbnormalbottommargin\u00a0\u00bb section_schema=\u00a0\u00bbnormal\u00a0\u00bb section_background=\u00a0\u00bbcolor\u00a0\u00bb background_color=\u00a0\u00bb#ffffff\u00a0\u00bb background_repeat=\u00a0\u00bbrepeat\u00a0\u00bb moving_direction=\u00a0\u00bbhorizontal\u00a0\u00bb parallax_speed_1=\u00a0\u00bb300&Prime; parallax_speed_2=\u00a0\u00bb300&Prime; parallax_speed_3=\u00a0\u00bb300&Prime; parallax_speed_4=\u00a0\u00bb300&Prime; parallax_speed_5=\u00a0\u00bb300&Prime; parallax_speed_6=\u00a0\u00bb300&Prime; parallax_speed_7=\u00a0\u00bb300&Prime; parallax_speed_8=\u00a0\u00bb300&Prime; parallax_speed_9=\u00a0\u00bb300&Prime; parallax_speed_10=\u00a0\u00bb300&Prime;][vc_column width=\u00a0\u00bb1\/1&Prime;][vc_row_inner animspeed=\u00a0\u00bbslow\u00a0\u00bb seqspeed=\u00a0\u00bb150&Prime;][vc_column_inner width=\u00a0\u00bb3\/4&Prime;][vc_column_text]<\/p>\n<h3>Un ecosistema de empresas complementarias<\/h3>\n<p>Con el fin de satisfacer mejor las necesidades diversas de sus clientes, Cythelia ha desarrollado un verdadero ecosistema de empresas asociadas, reconocida cada una de ellas como experta en su campo de actividad:<\/p>\n<blockquote><p><em><strong>Arquitectos, urbanistas<br \/>\n<\/strong><\/em><\/p>\n<p><em><strong>Juristas<\/strong><\/em><\/p>\n<p><em><strong>Oficinas de proyectos especializadas<\/strong>: c\u00e1lculo de estructuras, ingenier\u00eda civil, red de calefacci\u00f3n, medioambiente, etc.<br \/>\n<\/em><\/p>\n<p><em><strong>Organismos de financiaci\u00f3n de proyectos<\/strong><\/em><\/p><\/blockquote>\n<p>[\/vc_column_text][vc_empty_space height=\u00a0\u00bb50px\u00a0\u00bb][vc_custom_heading text=\u00a0\u00bbSocios para el desarrollo de innovaciones\u00a0\u00bb font_container=\u00a0\u00bbtag:h3|text_align:left\u00a0\u00bb google_fonts=\u00a0\u00bbfont_family:Open%20Sans%3A300%2C300italic%2Cregular%2Citalic%2C600%2C600italic%2C700%2C700italic%2C800%2C800italic|font_style:400%20regular%3A400%3Anormal\u00a0\u00bb][vc_gallery type=\u00a0\u00bbimage_grid\u00a0\u00bb interval=\u00a0\u00bb3&Prime; images=\u00a0\u00bb5928,5929,5296,6349,6008,5923,6009,5924,6320,6318,6319,5930&Prime; onclick=\u00a0\u00bbcustom_link\u00a0\u00bb custom_links_target=\u00a0\u00bb_blank\u00a0\u00bb img_size=\u00a0\u00bb100&#215;100&Prime; custom_links=\u00a0\u00bbhttp:\/\/www.armines.net\/,http:\/\/www.ciat.fr\/,http:\/\/www.ademe.fr\/,http:\/\/portail.cea.fr\/,http:\/\/www.cnrs.fr\/,http:\/\/www.cstb.fr\/,http:\/\/www.entpe.fr\/,http:\/\/www.ines-solaire.org\/,http:\/\/www.nobatek.com\/,http:\/\/www.universite-lyon.fr\/,https:\/\/www.univ-smb.fr\/,https:\/\/www.mines-paristech.fr\/\u00a0\u00bb el_class=\u00a0\u00bbgridlogos\u00a0\u00bb][vc_column_text]El polo de investigaci\u00f3n de Cythelia se ocupa de la transici\u00f3n energ\u00e9tica a trav\u00e9s del desarrollo de soluciones de software y hardware adaptadas a estos diferentes desaf\u00edos.<br \/>\n<a href=\"\/pole-de-recherche\/\">M\u00e1s informaci\u00f3n sobre nuestro polo de investigaci\u00f3n<\/a>[\/vc_column_text][vc_empty_space height=\u00a0\u00bb32px\u00a0\u00bb][vc_custom_heading text=\u00a0\u00bbUna integraci\u00f3n activa en las redes empresariales\u00a0\u00bb font_container=\u00a0\u00bbtag:h3|text_align:left\u00a0\u00bb google_fonts=\u00a0\u00bbfont_family:Open%20Sans%3A300%2C300italic%2Cregular%2Citalic%2C600%2C600italic%2C700%2C700italic%2C800%2C800italic|font_style:400%20regular%3A400%3Anormal\u00a0\u00bb][vc_column_text]Cythelia trabaja de forma proactiva con polos de competitividad, grupos de empresas y sindicatos profesionales.<\/p>\n<p><a href=\"http:\/\/www.tenerrdis.fr\" target=\"_blank\"><img decoding=\"async\" loading=\"lazy\" class=\"alignleft size-full wp-image-6350\" src=\"https:\/\/www.cythelia.fr\/es\/wp-content\/uploads\/sites\/3\/2015\/09\/tenerrdis.png\" alt=\"tenerrdis\" width=\"100\" height=\"100\" \/><\/a><a href=\"http:\/\/ecoenergies-cluster.fr\" target=\"_blank\"><img decoding=\"async\" loading=\"lazy\" class=\"alignleft size-full wp-image-6346\" style=\"margin: 0 50px\" src=\"https:\/\/www.cythelia.fr\/es\/wp-content\/uploads\/sites\/3\/2015\/09\/eco-energies.png\" alt=\"eco-energies\" width=\"100\" height=\"100\" \/><\/a><a href=\"http:\/\/www.cler.org\" target=\"_blank\"><img decoding=\"async\" loading=\"lazy\" class=\"alignleft size-full wp-image-6347\" src=\"https:\/\/www.cythelia.fr\/es\/wp-content\/uploads\/sites\/3\/2015\/09\/cler.png\" alt=\"cler\" width=\"100\" height=\"100\" \/><\/a><a href=\"http:\/\/www.enerplan.asso.fr\/\" target=\"_blank\"><img decoding=\"async\" loading=\"lazy\" class=\"alignnone size-full wp-image-6348\" style=\"margin: 0 50px\" src=\"https:\/\/www.cythelia.fr\/es\/wp-content\/uploads\/sites\/3\/2015\/09\/enerplan.png\" alt=\"enerplan\" width=\"100\" height=\"100\" \/><\/a>[\/vc_column_text][vc_empty_space height=\u00a0\u00bb50px\u00a0\u00bb][vc_custom_heading text=\u00a0\u00bbEl GIE VIZEN, centrado en el mercado internacional\u00a0\u00bb font_container=\u00a0\u00bbtag:h3|text_align:left\u00a0\u00bb google_fonts=\u00a0\u00bbfont_family:Open%20Sans%3A300%2C300italic%2Cregular%2Citalic%2C600%2C600italic%2C700%2C700italic%2C800%2C800italic|font_style:400%20regular%3A400%3Anormal\u00a0\u00bb][vc_column_text]<img decoding=\"async\" loading=\"lazy\" style=\"margin: 20px\" src=\"https:\/\/www.cythelia.fr\/es\/wp-content\/uploads\/sites\/3\/2015\/09\/vizen.png\" alt=\"vizen\" width=\"100\" height=\"100\" align=\"left\" \/>Cythelia es cofundadora del <strong>Grupo de inter\u00e9s econ\u00f3mico (GIE) VIZEN<\/strong>, cuyo objetivo es desarrollar proyectos de construcci\u00f3n innovadores en el \u00e1mbito internacional en el campo arquitect\u00f3nico y energ\u00e9tico.<\/p>\n<p>En particular, VIZEN dirige el proyecto que consiste en la realizaci\u00f3n de un innovador centro de demostraci\u00f3n \u00ab\u00a0INNOSFAX\u00a0\u00bb en las instalaciones del parque tecnol\u00f3gico de Sfax (T\u00daNEZ).<\/p>\n<p><img decoding=\"async\" loading=\"lazy\" class=\"alignnone size-full wp-image-6359\" src=\"https:\/\/www.cythelia.fr\/es\/wp-content\/uploads\/sites\/3\/2015\/09\/Image-VIZEN-SFAX.jpeg\" alt=\"Image-VIZEN-SFAX\" width=\"1000\" height=\"145\" srcset=\"https:\/\/www.cythelia.fr\/es\/wp-content\/uploads\/sites\/3\/2015\/09\/Image-VIZEN-SFAX.jpeg 1000w, https:\/\/www.cythelia.fr\/es\/wp-content\/uploads\/sites\/3\/2015\/09\/Image-VIZEN-SFAX-300x44.jpeg 300w\" sizes=\"(max-width: 1000px) 100vw, 1000px\" \/>[\/vc_column_text][\/vc_column_inner][vc_column_inner width=\u00a0\u00bb1\/4&Prime; position=\u00a0\u00bbnone\u00a0\u00bb el_class=\u00a0\u00bbsidebarsticker\u00a0\u00bb][vc_widget_sidebar sidebar_id=\u00a0\u00bbSideBar Cythelia\u00a0\u00bb][\/vc_column_inner][\/vc_row_inner][\/vc_column][\/vc_row]\n<\/section>","protected":false},"excerpt":{"rendered":"<p>[vc_row section_top_margin=\u00a0\u00bbnormaltopmargin\u00a0\u00bb section_bottom_margin=\u00a0\u00bbnormalbottommargin\u00a0\u00bb section_schema=\u00a0\u00bbnormal\u00a0\u00bb section_background=\u00a0\u00bbcolor\u00a0\u00bb background_color=\u00a0\u00bb#ffffff\u00a0\u00bb background_repeat=\u00a0\u00bbrepeat\u00a0\u00bb moving_direction=\u00a0\u00bbhorizontal\u00a0\u00bb parallax_speed_1=\u00a0\u00bb300&Prime; parallax_speed_2=\u00a0\u00bb300&Prime; parallax_speed_3=\u00a0\u00bb300&Prime; parallax_speed_4=\u00a0\u00bb300&Prime; parallax_speed_5=\u00a0\u00bb300&Prime; parallax_speed_6=\u00a0\u00bb300&Prime; parallax_speed_7=\u00a0\u00bb300&Prime; parallax_speed_8=\u00a0\u00bb300&Prime; parallax_speed_9=\u00a0\u00bb300&Prime; parallax_speed_10=\u00a0\u00bb300&Prime;][vc_column width=\u00a0\u00bb1\/1&Prime;][vc_row_inner animspeed=\u00a0\u00bbslow\u00a0\u00bb seqspeed=\u00a0\u00bb150&Prime;][vc_column_inner width=\u00a0\u00bb3\/4&Prime;][vc_column_text] Un ecosistema de empresas complementarias Con el fin de satisfacer mejor las necesidades diversas de sus clientes, Cythelia ha desarrollado un verdadero ecosistema de empresas asociadas, reconocida cada &hellip; <a class=\"readmore\" href=\"https:\/\/www.cythelia.fr\/es\/cythelia-3\/socios\/\">Lire la suite <span class=\"meta-nav\">&rarr;<\/span><\/a><\/p>\n","protected":false},"author":1,"featured_media":0,"parent":5514,"menu_order":0,"comment_status":"closed","ping_status":"closed","template":"template\/template-landing-page-vc.php","meta":[],"yoast_head":"<!-- This site is optimized with the Yoast SEO plugin v20.0 - https:\/\/yoast.com\/wordpress\/plugins\/seo\/ -->\n<title>Nuestros socios<\/title>\n<meta name=\"description\" content=\"Con el fin de satisfacer mejor las necesidades diversas de sus clientes, Cythelia ha desarrollado un verdadero ecosistema de empresas asociadas, reconocida cada una de ellas como experta en su campo de actividad\" \/>\n<meta name=\"robots\" content=\"index, follow, max-snippet:-1, max-image-preview:large, max-video-preview:-1\" \/>\n<link rel=\"canonical\" href=\"https:\/\/www.cythelia.fr\/es\/cythelia-3\/socios\/\" \/>\n<meta property=\"og:locale\" content=\"fr_FR\" \/>\n<meta property=\"og:type\" content=\"article\" \/>\n<meta property=\"og:title\" content=\"Nuestros socios\" \/>\n<meta property=\"og:description\" content=\"Con el fin de satisfacer mejor las necesidades diversas de sus clientes, Cythelia ha desarrollado un verdadero ecosistema de empresas asociadas, reconocida cada una de ellas como experta en su campo de actividad\" \/>\n<meta property=\"og:url\" content=\"https:\/\/www.cythelia.fr\/es\/cythelia-3\/socios\/\" \/>\n<meta property=\"og:site_name\" content=\"Cythelia Version ES\" \/>\n<meta property=\"article:modified_time\" content=\"2016-12-20T15:24:31+00:00\" \/>\n<meta property=\"og:image\" content=\"https:\/\/www.cythelia.fr\/es\/wp-content\/uploads\/sites\/3\/2015\/09\/tenerrdis.png\" \/>\n<meta name=\"twitter:label1\" content=\"Dur\u00e9e de lecture estim\u00e9e\" \/>\n\t<meta name=\"twitter:data1\" content=\"3 minutes\" \/>\n<script type=\"application\/ld+json\" class=\"yoast-schema-graph\">{\"@context\":\"https:\/\/schema.org\",\"@graph\":[{\"@type\":\"WebPage\",\"@id\":\"https:\/\/www.cythelia.fr\/es\/cythelia-3\/socios\/\",\"url\":\"https:\/\/www.cythelia.fr\/es\/cythelia-3\/socios\/\",\"name\":\"Nuestros socios\",\"isPartOf\":{\"@id\":\"https:\/\/www.cythelia.fr\/es\/#website\"},\"datePublished\":\"2015-09-28T12:52:54+00:00\",\"dateModified\":\"2016-12-20T15:24:31+00:00\",\"description\":\"Con el fin de satisfacer mejor las necesidades diversas de sus clientes, Cythelia ha desarrollado un verdadero ecosistema de empresas asociadas, reconocida cada una de ellas como experta en su campo de actividad\",\"breadcrumb\":{\"@id\":\"https:\/\/www.cythelia.fr\/es\/cythelia-3\/socios\/#breadcrumb\"},\"inLanguage\":\"fr-FR\",\"potentialAction\":[{\"@type\":\"ReadAction\",\"target\":[\"https:\/\/www.cythelia.fr\/es\/cythelia-3\/socios\/\"]}]},{\"@type\":\"BreadcrumbList\",\"@id\":\"https:\/\/www.cythelia.fr\/es\/cythelia-3\/socios\/#breadcrumb\",\"itemListElement\":[{\"@type\":\"ListItem\",\"position\":1,\"name\":\"Accueil\",\"item\":\"https:\/\/www.cythelia.fr\/es\/\"},{\"@type\":\"ListItem\",\"position\":2,\"name\":\"Cythelia\",\"item\":\"https:\/\/www.cythelia.fr\/es\/cythelia-3\/\"},{\"@type\":\"ListItem\",\"position\":3,\"name\":\"Nuestros socios\"}]},{\"@type\":\"WebSite\",\"@id\":\"https:\/\/www.cythelia.fr\/es\/#website\",\"url\":\"https:\/\/www.cythelia.fr\/es\/\",\"name\":\"Cythelia Version ES\",\"description\":\"\",\"potentialAction\":[{\"@type\":\"SearchAction\",\"target\":{\"@type\":\"EntryPoint\",\"urlTemplate\":\"https:\/\/www.cythelia.fr\/es\/?s={search_term_string}\"},\"query-input\":\"required name=search_term_string\"}],\"inLanguage\":\"fr-FR\"}]}<\/script>\n<!-- \/ Yoast SEO plugin. -->","yoast_head_json":{"title":"Nuestros socios","description":"Con el fin de satisfacer mejor las necesidades diversas de sus clientes, Cythelia ha desarrollado un verdadero ecosistema de empresas asociadas, reconocida cada una de ellas como experta en su campo de actividad","robots":{"index":"index","follow":"follow","max-snippet":"max-snippet:-1","max-image-preview":"max-image-preview:large","max-video-preview":"max-video-preview:-1"},"canonical":"https:\/\/www.cythelia.fr\/es\/cythelia-3\/socios\/","og_locale":"fr_FR","og_type":"article","og_title":"Nuestros socios","og_description":"Con el fin de satisfacer mejor las necesidades diversas de sus clientes, Cythelia ha desarrollado un verdadero ecosistema de empresas asociadas, reconocida cada una de ellas como experta en su campo de actividad","og_url":"https:\/\/www.cythelia.fr\/es\/cythelia-3\/socios\/","og_site_name":"Cythelia Version ES","article_modified_time":"2016-12-20T15:24:31+00:00","og_image":[{"url":"https:\/\/www.cythelia.fr\/es\/wp-content\/uploads\/sites\/3\/2015\/09\/tenerrdis.png"}],"twitter_misc":{"Dur\u00e9e de lecture estim\u00e9e":"3 minutes"},"schema":{"@context":"https:\/\/schema.org","@graph":[{"@type":"WebPage","@id":"https:\/\/www.cythelia.fr\/es\/cythelia-3\/socios\/","url":"https:\/\/www.cythelia.fr\/es\/cythelia-3\/socios\/","name":"Nuestros socios","isPartOf":{"@id":"https:\/\/www.cythelia.fr\/es\/#website"},"datePublished":"2015-09-28T12:52:54+00:00","dateModified":"2016-12-20T15:24:31+00:00","description":"Con el fin de satisfacer mejor las necesidades diversas de sus clientes, Cythelia ha desarrollado un verdadero ecosistema de empresas asociadas, reconocida cada una de ellas como experta en su campo de actividad","breadcrumb":{"@id":"https:\/\/www.cythelia.fr\/es\/cythelia-3\/socios\/#breadcrumb"},"inLanguage":"fr-FR","potentialAction":[{"@type":"ReadAction","target":["https:\/\/www.cythelia.fr\/es\/cythelia-3\/socios\/"]}]},{"@type":"BreadcrumbList","@id":"https:\/\/www.cythelia.fr\/es\/cythelia-3\/socios\/#breadcrumb","itemListElement":[{"@type":"ListItem","position":1,"name":"Accueil","item":"https:\/\/www.cythelia.fr\/es\/"},{"@type":"ListItem","position":2,"name":"Cythelia","item":"https:\/\/www.cythelia.fr\/es\/cythelia-3\/"},{"@type":"ListItem","position":3,"name":"Nuestros socios"}]},{"@type":"WebSite","@id":"https:\/\/www.cythelia.fr\/es\/#website","url":"https:\/\/www.cythelia.fr\/es\/","name":"Cythelia Version ES","description":"","potentialAction":[{"@type":"SearchAction","target":{"@type":"EntryPoint","urlTemplate":"https:\/\/www.cythelia.fr\/es\/?s={search_term_string}"},"query-input":"required name=search_term_string"}],"inLanguage":"fr-FR"}]}},"_links":{"self":[{"href":"https:\/\/www.cythelia.fr\/es\/wp-json\/wp\/v2\/pages\/6343"}],"collection":[{"href":"https:\/\/www.cythelia.fr\/es\/wp-json\/wp\/v2\/pages"}],"about":[{"href":"https:\/\/www.cythelia.fr\/es\/wp-json\/wp\/v2\/types\/page"}],"author":[{"embeddable":true,"href":"https:\/\/www.cythelia.fr\/es\/wp-json\/wp\/v2\/users\/1"}],"replies":[{"embeddable":true,"href":"https:\/\/www.cythelia.fr\/es\/wp-json\/wp\/v2\/comments?post=6343"}],"version-history":[{"count":3,"href":"https:\/\/www.cythelia.fr\/es\/wp-json\/wp\/v2\/pages\/6343\/revisions"}],"predecessor-version":[{"id":7632,"href":"https:\/\/www.cythelia.fr\/es\/wp-json\/wp\/v2\/pages\/6343\/revisions\/7632"}],"up":[{"embeddable":true,"href":"https:\/\/www.cythelia.fr\/es\/wp-json\/wp\/v2\/pages\/5514"}],"wp:attachment":[{"href":"https:\/\/www.cythelia.fr\/es\/wp-json\/wp\/v2\/media?parent=6343"}],"curies":[{"name":"wp","href":"https:\/\/api.w.org\/{rel}","templated":true}]}}