{"id":6330,"date":"2015-09-10T08:56:01","date_gmt":"2015-09-10T08:56:01","guid":{"rendered":"https:\/\/www.cythelia.fr\/?page_id=6330"},"modified":"2016-12-22T17:03:54","modified_gmt":"2016-12-22T16:03:54","slug":"certificaciones","status":"publish","type":"page","link":"https:\/\/www.cythelia.fr\/es\/cythelia-3\/certificaciones\/","title":{"rendered":"Nuestras certificaciones"},"content":{"rendered":"<section class=\"wpb-content-wrapper\">[vc_row section_top_margin=\u00a0\u00bbnormaltopmargin\u00a0\u00bb section_bottom_margin=\u00a0\u00bbnormalbottommargin\u00a0\u00bb section_schema=\u00a0\u00bbnormal\u00a0\u00bb section_background=\u00a0\u00bbcolor\u00a0\u00bb background_color=\u00a0\u00bb#ffffff\u00a0\u00bb background_repeat=\u00a0\u00bbrepeat\u00a0\u00bb moving_direction=\u00a0\u00bbhorizontal\u00a0\u00bb parallax_speed_1=\u00a0\u00bb300&Prime; parallax_speed_2=\u00a0\u00bb300&Prime; parallax_speed_3=\u00a0\u00bb300&Prime; parallax_speed_4=\u00a0\u00bb300&Prime; parallax_speed_5=\u00a0\u00bb300&Prime; parallax_speed_6=\u00a0\u00bb300&Prime; parallax_speed_7=\u00a0\u00bb300&Prime; parallax_speed_8=\u00a0\u00bb300&Prime; parallax_speed_9=\u00a0\u00bb300&Prime; parallax_speed_10=\u00a0\u00bb300&Prime;][vc_column width=\u00a0\u00bb1\/1&Prime;][vc_row_inner][vc_column_inner width=\u00a0\u00bb3\/4&Prime;][vc_column_text]<a href=\"http:\/\/www.opqibi.fr\" target=\"_blank\"><img decoding=\"async\" loading=\"lazy\" class=\"\" style=\"margin: 20px\" src=\"https:\/\/www.cythelia.fr\/es\/wp-content\/uploads\/sites\/3\/2015\/02\/logo-RGE-OPQIBI.png\" alt=\"RGE-OPQIBI\" width=\"94\" height=\"94\" align=\"left\" border=\"0\" \/><\/a><br \/>\n<strong>OPQIBI &#8211; RGE<\/strong><br \/>\nCythelia est\u00e1 certificada por el OPQIBI (organismo franc\u00e9s de calificaci\u00f3n de la ingenier\u00eda), a trav\u00e9s de un procedimiento de control de los medios humanos y materiales y de las referencias, en las cualificaciones siguientes:<\/p>\n<p><strong>1905<\/strong>: Auditor\u00eda energ\u00e9tica de edificioss<br \/>\n<strong>2011<\/strong>: Estudio de instalaciones de producci\u00f3n que utilizan energ\u00eda solar fotovoltaica<br \/>\n<strong>2015<\/strong>: Ingenier\u00eda de instalaciones solares que utilizan energ\u00eda solar fotovoltaica<\/p>\n<p>Estas 3 certificaciones van acompa\u00f1adas de la menci\u00f3n RGE (\u00ab\u00a0reconocido garante del medioambiente\u00a0\u00bb).<\/p>\n<p>Adem\u00e1s, la experiencia y conocimientos del Director de Cythelia est\u00e1n reconocidos por el OPQIBI. Por ello ha sido nombrado instructor en las 3 cualificaciones arriba mencionadas y, a este respecto, estudia los expedientes de las oficinas de estudios solicitantes.<\/p>\n<hr class=\"custom-hr\" style=\"width: 100%\" align=\"center\" \/>\n<p><a href=\"http:\/\/www.promotelec.com\/\" target=\"_blank\"><img decoding=\"async\" loading=\"lazy\" class=\"alignleft size-full wp-image-6246\" style=\"margin: 20px 20px 100px 20px\" src=\"https:\/\/www.cythelia.fr\/es\/wp-content\/uploads\/sites\/3\/2015\/02\/logo-label-promotelec.png\" alt=\"logo-label-promotelec\" width=\"100\" height=\"100\" \/><\/a><br \/>\n<strong>Etiqueta PROMOTELEC<\/strong><br \/>\nCythelia se beneficia de la Etiqueta Promotelec por sus conocimientos especializados en renovaci\u00f3n energ\u00e9tica.<\/p>\n<hr class=\"custom-hr\" style=\"width: 100%\" align=\"center\" \/>\n<p><img decoding=\"async\" loading=\"lazy\" class=\"alignleft size-full wp-image-6244\" style=\"margin: 20px\" src=\"https:\/\/www.cythelia.fr\/es\/wp-content\/uploads\/sites\/3\/2015\/02\/logo-bilan-carbone.png\" alt=\"logo-bilan-carbone\" width=\"100\" height=\"100\" \/><br \/>\n<strong>Balance de carbono<\/strong><br \/>\nCythelia se ha comprometido desde los primeros desarrollos experimentales con el m\u00e9todo Bilan Carbone\u00ae (balance de carbono) desarrollado por la Agencia para el Medio Ambiente y el Control de la Energ\u00eda (ADEME), pasando a ser proveedor certificado desde 2002. Desde entonces hemos realizados numerosos balances de carbono de grandes empresas y participado en el desarrollo del m\u00e9todo Bilan Carbone\u00ae para las comunidades.<\/p>\n<hr class=\"custom-hr\" style=\"width: 100%\" align=\"center\" \/>\n<p><a href=\"http:\/\/www.enseignementsup-recherche.gouv.fr\/cid23182\/cir-et-c.i.i.-liste-des-organismes-experts-bureaux-de-style-et-stylistes-agrees.html#liste-organismes-agres\" target=\"_blank\"><img decoding=\"async\" loading=\"lazy\" class=\"alignleft size-full wp-image-6245\" src=\"https:\/\/www.cythelia.fr\/es\/wp-content\/uploads\/sites\/3\/2015\/02\/logo-cir.png\" alt=\"logo-cir\" width=\"100\" height=\"100\" \/><\/a><br \/>\n<strong>Acreditaci\u00f3n CIR<\/strong><br \/>\nCythelia est\u00e1 acreditada por el <a title=\"Lista de organismos con acreditaci\u00f3n CIR\" href=\"http:\/\/www.enseignementsup-recherche.gouv.fr\/cid23182\/cir-et-c.i.i.-liste-des-organismes-experts-bureaux-de-style-et-stylistes-agrees.html#liste-organismes-agres\" target=\"_blank\">Ministerio de Educaci\u00f3n Nacional<\/a>, de Ense\u00f1anza Superior e Investigaci\u00f3n de Francia. Por tanto, los trabajos de I+D que nos conf\u00ede pueden optar al Cr\u00e9dito Fiscal para la Investigaci\u00f3n (CIR).<\/p>\n<hr class=\"custom-hr\" style=\"width: 100%\" align=\"center\" \/>\n<p><a href=\"http:\/\/travail-emploi.gouv.fr\/\" target=\"_blank\"><img decoding=\"async\" loading=\"lazy\" class=\"alignleft size-full wp-image-6248\" src=\"https:\/\/www.cythelia.fr\/es\/wp-content\/uploads\/sites\/3\/2015\/02\/logo-ministere-travail.png\" alt=\"logo-ministere-travail\" width=\"100\" height=\"100\" \/><\/a><br \/>\n<strong>Organismo de formaci\u00f3n<\/strong><br \/>\nCythelia es un organismo de formaci\u00f3n declarado. A este respecto, la formaci\u00f3n impartida por Cythelia puede correr \u00edntegramente a cargo del OPCA* de los asalariados formados.<\/p>\n<p>(*) Organismo paritario recaudador autorizado.[\/vc_column_text][\/vc_column_inner][vc_column_inner width=\u00a0\u00bb1\/4&Prime; el_class=\u00a0\u00bbsidebarsticker\u00a0\u00bb position=\u00a0\u00bbnone\u00a0\u00bb][vc_widget_sidebar sidebar_id=\u00a0\u00bbSideBar Cythelia\u00a0\u00bb][\/vc_column_inner][\/vc_row_inner][\/vc_column][\/vc_row]\n<\/section>","protected":false},"excerpt":{"rendered":"<p>[vc_row section_top_margin=\u00a0\u00bbnormaltopmargin\u00a0\u00bb section_bottom_margin=\u00a0\u00bbnormalbottommargin\u00a0\u00bb section_schema=\u00a0\u00bbnormal\u00a0\u00bb section_background=\u00a0\u00bbcolor\u00a0\u00bb background_color=\u00a0\u00bb#ffffff\u00a0\u00bb background_repeat=\u00a0\u00bbrepeat\u00a0\u00bb moving_direction=\u00a0\u00bbhorizontal\u00a0\u00bb parallax_speed_1=\u00a0\u00bb300&Prime; parallax_speed_2=\u00a0\u00bb300&Prime; parallax_speed_3=\u00a0\u00bb300&Prime; parallax_speed_4=\u00a0\u00bb300&Prime; parallax_speed_5=\u00a0\u00bb300&Prime; parallax_speed_6=\u00a0\u00bb300&Prime; parallax_speed_7=\u00a0\u00bb300&Prime; parallax_speed_8=\u00a0\u00bb300&Prime; parallax_speed_9=\u00a0\u00bb300&Prime; parallax_speed_10=\u00a0\u00bb300&Prime;][vc_column width=\u00a0\u00bb1\/1&Prime;][vc_row_inner][vc_column_inner width=\u00a0\u00bb3\/4&Prime;][vc_column_text] OPQIBI &#8211; RGE Cythelia est\u00e1 certificada por el OPQIBI (organismo franc\u00e9s de calificaci\u00f3n de la ingenier\u00eda), a trav\u00e9s de un procedimiento de control de los medios humanos y materiales y &hellip; <a class=\"readmore\" href=\"https:\/\/www.cythelia.fr\/es\/cythelia-3\/certificaciones\/\">Lire la suite <span class=\"meta-nav\">&rarr;<\/span><\/a><\/p>\n","protected":false},"author":1,"featured_media":0,"parent":5514,"menu_order":0,"comment_status":"closed","ping_status":"closed","template":"template\/template-landing-page-vc.php","meta":[],"yoast_head":"<!-- This site is optimized with the Yoast SEO plugin v20.0 - https:\/\/yoast.com\/wordpress\/plugins\/seo\/ -->\n<title>Nuestras certificaciones - Cythelia Version ES<\/title>\n<meta name=\"robots\" content=\"index, follow, max-snippet:-1, max-image-preview:large, max-video-preview:-1\" \/>\n<link rel=\"canonical\" href=\"https:\/\/www.cythelia.fr\/es\/cythelia-3\/certificaciones\/\" \/>\n<meta property=\"og:locale\" content=\"fr_FR\" \/>\n<meta property=\"og:type\" content=\"article\" \/>\n<meta property=\"og:title\" content=\"Nuestras certificaciones - Cythelia Version ES\" \/>\n<meta property=\"og:description\" content=\"[vc_row section_top_margin=\u00a0\u00bbnormaltopmargin\u00a0\u00bb section_bottom_margin=\u00a0\u00bbnormalbottommargin\u00a0\u00bb section_schema=\u00a0\u00bbnormal\u00a0\u00bb section_background=\u00a0\u00bbcolor\u00a0\u00bb background_color=\u00a0\u00bb#ffffff\u00a0\u00bb background_repeat=\u00a0\u00bbrepeat\u00a0\u00bb moving_direction=\u00a0\u00bbhorizontal\u00a0\u00bb parallax_speed_1=\u00a0\u00bb300&Prime; parallax_speed_2=\u00a0\u00bb300&Prime; parallax_speed_3=\u00a0\u00bb300&Prime; parallax_speed_4=\u00a0\u00bb300&Prime; parallax_speed_5=\u00a0\u00bb300&Prime; parallax_speed_6=\u00a0\u00bb300&Prime; parallax_speed_7=\u00a0\u00bb300&Prime; parallax_speed_8=\u00a0\u00bb300&Prime; parallax_speed_9=\u00a0\u00bb300&Prime; parallax_speed_10=\u00a0\u00bb300&Prime;][vc_column width=\u00a0\u00bb1\/1&Prime;][vc_row_inner][vc_column_inner width=\u00a0\u00bb3\/4&Prime;][vc_column_text] OPQIBI &#8211; RGE Cythelia est\u00e1 certificada por el OPQIBI (organismo franc\u00e9s de calificaci\u00f3n de la ingenier\u00eda), a trav\u00e9s de un procedimiento de control de los medios humanos y materiales y &hellip; Lire la suite &rarr;\" \/>\n<meta property=\"og:url\" content=\"https:\/\/www.cythelia.fr\/es\/cythelia-3\/certificaciones\/\" \/>\n<meta property=\"og:site_name\" content=\"Cythelia Version ES\" \/>\n<meta property=\"article:modified_time\" content=\"2016-12-22T16:03:54+00:00\" \/>\n<meta property=\"og:image\" content=\"https:\/\/www.cythelia.fr\/es\/wp-content\/uploads\/sites\/3\/2015\/02\/logo-RGE-OPQIBI.png\" \/>\n<meta name=\"twitter:label1\" content=\"Dur\u00e9e de lecture estim\u00e9e\" \/>\n\t<meta name=\"twitter:data1\" content=\"2 minutes\" \/>\n<script type=\"application\/ld+json\" class=\"yoast-schema-graph\">{\"@context\":\"https:\/\/schema.org\",\"@graph\":[{\"@type\":\"WebPage\",\"@id\":\"https:\/\/www.cythelia.fr\/es\/cythelia-3\/certificaciones\/\",\"url\":\"https:\/\/www.cythelia.fr\/es\/cythelia-3\/certificaciones\/\",\"name\":\"Nuestras certificaciones - Cythelia Version ES\",\"isPartOf\":{\"@id\":\"https:\/\/www.cythelia.fr\/es\/#website\"},\"datePublished\":\"2015-09-10T08:56:01+00:00\",\"dateModified\":\"2016-12-22T16:03:54+00:00\",\"breadcrumb\":{\"@id\":\"https:\/\/www.cythelia.fr\/es\/cythelia-3\/certificaciones\/#breadcrumb\"},\"inLanguage\":\"fr-FR\",\"potentialAction\":[{\"@type\":\"ReadAction\",\"target\":[\"https:\/\/www.cythelia.fr\/es\/cythelia-3\/certificaciones\/\"]}]},{\"@type\":\"BreadcrumbList\",\"@id\":\"https:\/\/www.cythelia.fr\/es\/cythelia-3\/certificaciones\/#breadcrumb\",\"itemListElement\":[{\"@type\":\"ListItem\",\"position\":1,\"name\":\"Accueil\",\"item\":\"https:\/\/www.cythelia.fr\/es\/\"},{\"@type\":\"ListItem\",\"position\":2,\"name\":\"Cythelia\",\"item\":\"https:\/\/www.cythelia.fr\/es\/cythelia-3\/\"},{\"@type\":\"ListItem\",\"position\":3,\"name\":\"Nuestras certificaciones\"}]},{\"@type\":\"WebSite\",\"@id\":\"https:\/\/www.cythelia.fr\/es\/#website\",\"url\":\"https:\/\/www.cythelia.fr\/es\/\",\"name\":\"Cythelia Version ES\",\"description\":\"\",\"potentialAction\":[{\"@type\":\"SearchAction\",\"target\":{\"@type\":\"EntryPoint\",\"urlTemplate\":\"https:\/\/www.cythelia.fr\/es\/?s={search_term_string}\"},\"query-input\":\"required name=search_term_string\"}],\"inLanguage\":\"fr-FR\"}]}<\/script>\n<!-- \/ Yoast SEO plugin. -->","yoast_head_json":{"title":"Nuestras certificaciones - Cythelia Version ES","robots":{"index":"index","follow":"follow","max-snippet":"max-snippet:-1","max-image-preview":"max-image-preview:large","max-video-preview":"max-video-preview:-1"},"canonical":"https:\/\/www.cythelia.fr\/es\/cythelia-3\/certificaciones\/","og_locale":"fr_FR","og_type":"article","og_title":"Nuestras certificaciones - Cythelia Version ES","og_description":"[vc_row section_top_margin=\u00a0\u00bbnormaltopmargin\u00a0\u00bb section_bottom_margin=\u00a0\u00bbnormalbottommargin\u00a0\u00bb section_schema=\u00a0\u00bbnormal\u00a0\u00bb section_background=\u00a0\u00bbcolor\u00a0\u00bb background_color=\u00a0\u00bb#ffffff\u00a0\u00bb background_repeat=\u00a0\u00bbrepeat\u00a0\u00bb moving_direction=\u00a0\u00bbhorizontal\u00a0\u00bb parallax_speed_1=\u00a0\u00bb300&Prime; parallax_speed_2=\u00a0\u00bb300&Prime; parallax_speed_3=\u00a0\u00bb300&Prime; parallax_speed_4=\u00a0\u00bb300&Prime; parallax_speed_5=\u00a0\u00bb300&Prime; parallax_speed_6=\u00a0\u00bb300&Prime; parallax_speed_7=\u00a0\u00bb300&Prime; parallax_speed_8=\u00a0\u00bb300&Prime; parallax_speed_9=\u00a0\u00bb300&Prime; parallax_speed_10=\u00a0\u00bb300&Prime;][vc_column width=\u00a0\u00bb1\/1&Prime;][vc_row_inner][vc_column_inner width=\u00a0\u00bb3\/4&Prime;][vc_column_text] OPQIBI &#8211; RGE Cythelia est\u00e1 certificada por el OPQIBI (organismo franc\u00e9s de calificaci\u00f3n de la ingenier\u00eda), a trav\u00e9s de un procedimiento de control de los medios humanos y materiales y &hellip; Lire la suite &rarr;","og_url":"https:\/\/www.cythelia.fr\/es\/cythelia-3\/certificaciones\/","og_site_name":"Cythelia Version ES","article_modified_time":"2016-12-22T16:03:54+00:00","og_image":[{"url":"https:\/\/www.cythelia.fr\/es\/wp-content\/uploads\/sites\/3\/2015\/02\/logo-RGE-OPQIBI.png"}],"twitter_misc":{"Dur\u00e9e de lecture estim\u00e9e":"2 minutes"},"schema":{"@context":"https:\/\/schema.org","@graph":[{"@type":"WebPage","@id":"https:\/\/www.cythelia.fr\/es\/cythelia-3\/certificaciones\/","url":"https:\/\/www.cythelia.fr\/es\/cythelia-3\/certificaciones\/","name":"Nuestras certificaciones - Cythelia Version ES","isPartOf":{"@id":"https:\/\/www.cythelia.fr\/es\/#website"},"datePublished":"2015-09-10T08:56:01+00:00","dateModified":"2016-12-22T16:03:54+00:00","breadcrumb":{"@id":"https:\/\/www.cythelia.fr\/es\/cythelia-3\/certificaciones\/#breadcrumb"},"inLanguage":"fr-FR","potentialAction":[{"@type":"ReadAction","target":["https:\/\/www.cythelia.fr\/es\/cythelia-3\/certificaciones\/"]}]},{"@type":"BreadcrumbList","@id":"https:\/\/www.cythelia.fr\/es\/cythelia-3\/certificaciones\/#breadcrumb","itemListElement":[{"@type":"ListItem","position":1,"name":"Accueil","item":"https:\/\/www.cythelia.fr\/es\/"},{"@type":"ListItem","position":2,"name":"Cythelia","item":"https:\/\/www.cythelia.fr\/es\/cythelia-3\/"},{"@type":"ListItem","position":3,"name":"Nuestras certificaciones"}]},{"@type":"WebSite","@id":"https:\/\/www.cythelia.fr\/es\/#website","url":"https:\/\/www.cythelia.fr\/es\/","name":"Cythelia Version ES","description":"","potentialAction":[{"@type":"SearchAction","target":{"@type":"EntryPoint","urlTemplate":"https:\/\/www.cythelia.fr\/es\/?s={search_term_string}"},"query-input":"required name=search_term_string"}],"inLanguage":"fr-FR"}]}},"_links":{"self":[{"href":"https:\/\/www.cythelia.fr\/es\/wp-json\/wp\/v2\/pages\/6330"}],"collection":[{"href":"https:\/\/www.cythelia.fr\/es\/wp-json\/wp\/v2\/pages"}],"about":[{"href":"https:\/\/www.cythelia.fr\/es\/wp-json\/wp\/v2\/types\/page"}],"author":[{"embeddable":true,"href":"https:\/\/www.cythelia.fr\/es\/wp-json\/wp\/v2\/users\/1"}],"replies":[{"embeddable":true,"href":"https:\/\/www.cythelia.fr\/es\/wp-json\/wp\/v2\/comments?post=6330"}],"version-history":[{"count":3,"href":"https:\/\/www.cythelia.fr\/es\/wp-json\/wp\/v2\/pages\/6330\/revisions"}],"predecessor-version":[{"id":7624,"href":"https:\/\/www.cythelia.fr\/es\/wp-json\/wp\/v2\/pages\/6330\/revisions\/7624"}],"up":[{"embeddable":true,"href":"https:\/\/www.cythelia.fr\/es\/wp-json\/wp\/v2\/pages\/5514"}],"wp:attachment":[{"href":"https:\/\/www.cythelia.fr\/es\/wp-json\/wp\/v2\/media?parent=6330"}],"curies":[{"name":"wp","href":"https:\/\/api.w.org\/{rel}","templated":true}]}}