{"id":6231,"date":"2015-09-08T07:27:34","date_gmt":"2015-09-08T07:27:34","guid":{"rendered":"https:\/\/www.cythelia.fr\/?page_id=6231"},"modified":"2016-12-21T12:21:04","modified_gmt":"2016-12-21T11:21:04","slug":"polo-investigacion","status":"publish","type":"page","link":"https:\/\/www.cythelia.fr\/es\/polo-investigacion\/","title":{"rendered":"Polo de investigaci\u00f3n"},"content":{"rendered":"<section class=\"wpb-content-wrapper\">[vc_row section_top_margin=\u00a0\u00bbnormaltopmargin\u00a0\u00bb section_bottom_margin=\u00a0\u00bbnobottommargin\u00a0\u00bb section_schema=\u00a0\u00bbnormal\u00a0\u00bb section_background=\u00a0\u00bbcolor\u00a0\u00bb background_color=\u00a0\u00bb#fcfcfc\u00a0\u00bb background_repeat=\u00a0\u00bbrepeat\u00a0\u00bb moving_direction=\u00a0\u00bbhorizontal\u00a0\u00bb parallax_speed_1=\u00a0\u00bb300&Prime; parallax_speed_2=\u00a0\u00bb300&Prime; parallax_speed_3=\u00a0\u00bb300&Prime; parallax_speed_4=\u00a0\u00bb300&Prime; parallax_speed_5=\u00a0\u00bb300&Prime; parallax_speed_6=\u00a0\u00bb300&Prime; parallax_speed_7=\u00a0\u00bb300&Prime; parallax_speed_8=\u00a0\u00bb300&Prime; parallax_speed_9=\u00a0\u00bb300&Prime; parallax_speed_10=\u00a0\u00bb300&Prime;][vc_column width=\u00a0\u00bb1\/1&Prime;][vc_column_text]<\/p>\n<p>La transici\u00f3n energ\u00e9tica en curso trastorna los modelos arraigados.<\/p>\n<p>[\/vc_column_text][vc_empty_space height=\u00a0\u00bb1px\u00a0\u00bb][\/vc_column][\/vc_row][vc_row section_top_margin=\u00a0\u00bbnormaltopmargin\u00a0\u00bb section_bottom_margin=\u00a0\u00bbnobottommargin\u00a0\u00bb section_schema=\u00a0\u00bbnormal\u00a0\u00bb section_background=\u00a0\u00bbcolor\u00a0\u00bb background_color=\u00a0\u00bb#fcfcfc\u00a0\u00bb background_repeat=\u00a0\u00bbrepeat\u00a0\u00bb moving_direction=\u00a0\u00bbhorizontal\u00a0\u00bb parallax_speed_1=\u00a0\u00bb300&Prime; parallax_speed_2=\u00a0\u00bb300&Prime; parallax_speed_3=\u00a0\u00bb300&Prime; parallax_speed_4=\u00a0\u00bb300&Prime; parallax_speed_5=\u00a0\u00bb300&Prime; parallax_speed_6=\u00a0\u00bb300&Prime; parallax_speed_7=\u00a0\u00bb300&Prime; parallax_speed_8=\u00a0\u00bb300&Prime; parallax_speed_9=\u00a0\u00bb300&Prime; parallax_speed_10=\u00a0\u00bb300&Prime;][vc_column width=\u00a0\u00bb1\/1&Prime;][vc_row_inner][vc_column_inner width=\u00a0\u00bb1\/3&Prime;][jeg_service_block_wrapper][jeg_service_block_item icon=\u00a0\u00bbfa-recycle\u00a0\u00bb title=\u00a0\u00bbENERG\u00cdAS RENOVABLES\u00a0\u00bb desc=\u00a0\u00bbEl coste de producci\u00f3n de electricidad a partir de la energ\u00eda renovable se ha reducido dr\u00e1sticamente. En particular, la energ\u00eda solar fotovoltaica llega a ser competitiva en la mayor parte del mundo.\u00a0\u00bb][\/jeg_service_block_wrapper][\/vc_column_inner][vc_column_inner width=\u00a0\u00bb1\/3&Prime;][jeg_service_block_wrapper][jeg_service_block_item icon=\u00a0\u00bbfa-leaf\u00a0\u00bb title=\u00a0\u00bbCONTROL ENERG\u00c9TICO\u00a0\u00bb desc=\u00a0\u00bbEl desaf\u00edo es consumir menos energ\u00eda, en particular en los edificios (calefacci\u00f3n, climatizaci\u00f3n, electricidad).\u00a0\u00bb][\/jeg_service_block_wrapper][\/vc_column_inner][vc_column_inner width=\u00a0\u00bb1\/3&Prime;][jeg_service_block_wrapper][jeg_service_block_item icon=\u00a0\u00bbfa-cogs\u00a0\u00bb title=\u00a0\u00bbSMART GRIDS\u00a0\u00bb][\/jeg_service_block_wrapper][\/vc_column_inner][\/vc_row_inner][vc_column_text]<strong>El polo de investigaci\u00f3n de Cythelia se ocupa de la transici\u00f3n energ\u00e9tica a trav\u00e9s del desarrollo de soluciones de software y hardware adaptadas a estos diferentes desaf\u00edos.<\/strong><\/p>\n<p>Los trabajos que llevamos a cabo se realizan por nuestra propia cuenta o por cuenta de terceros. Cythelia est\u00e1 acreditada por el Ministerio de Educaci\u00f3n Nacional, de Ense\u00f1anza Superior e Investigaci\u00f3n de Francia.[\/vc_column_text][vc_empty_space height=\u00a0\u00bb70px\u00a0\u00bb][\/vc_column][\/vc_row][vc_column_inner width=\u00a0\u00bb1\/2&Prime;]<br \/>\n[\/vc_column_inner][vc_row section_top_margin=\u00a0\u00bbnormaltopmargin\u00a0\u00bb section_bottom_margin=\u00a0\u00bbnormalbottommargin\u00a0\u00bb section_schema=\u00a0\u00bbnormal\u00a0\u00bb section_background=\u00a0\u00bbcolor\u00a0\u00bb background_color=\u00a0\u00bb#ffffff\u00a0\u00bb background_repeat=\u00a0\u00bbrepeat\u00a0\u00bb moving_direction=\u00a0\u00bbhorizontal\u00a0\u00bb parallax_speed_1=\u00a0\u00bb300&Prime; parallax_speed_2=\u00a0\u00bb300&Prime; parallax_speed_3=\u00a0\u00bb300&Prime; parallax_speed_4=\u00a0\u00bb300&Prime; parallax_speed_5=\u00a0\u00bb300&Prime; parallax_speed_6=\u00a0\u00bb300&Prime; parallax_speed_7=\u00a0\u00bb300&Prime; parallax_speed_8=\u00a0\u00bb300&Prime; parallax_speed_9=\u00a0\u00bb300&Prime; parallax_speed_10=\u00a0\u00bb300&Prime;][vc_column width=\u00a0\u00bb1\/1&Prime;][vc_custom_heading text=\u00a0\u00bbSoftware\u00a0\u00bb font_container=\u00a0\u00bbtag:h2|text_align:left\u00a0\u00bb google_fonts=\u00a0\u00bbfont_family:Open%20Sans%3A300%2C300italic%2Cregular%2Citalic%2C600%2C600italic%2C700%2C700italic%2C800%2C800italic|font_style:400%20regular%3A400%3Anormal\u00a0\u00bb][vc_tour][vc_tab title=\u00a0\u00bbArchelios SUITE\u00a0\u00bb tab_id=\u00a0\u00bb1441810031-1-26&Prime;][vc_column_text]<strong>Un paquete de software dedicado al desarrollo de proyectos fotovoltaicos<\/strong><\/p>\n<p><a href=\"http:\/\/www.trace-software.com\/es\/soluciones\/software-de-planificacion-fotovoltaica\/\" target=\"_blank\"><img decoding=\"async\" loading=\"lazy\" class=\"alignnone\" src=\"http:\/\/www.trace-software.com\/wp-content\/uploads\/2015\/01\/logo-archeliospro2.png\" alt=\"Archelios PRO\" width=\"312\" height=\"44\" border=\"0\" \/><\/a>El software de dimensionamiento y de c\u00e1lculo del potencial de producci\u00f3n m\u00e1s preciso del mundo*.<\/p>\n<p><a href=\"http:\/\/www.trace-software.com\/es\/soluciones\/calculo-y-dimensionamiento-instalaciones-fotovoltaicas\/\" target=\"_blank\"><img decoding=\"async\" loading=\"lazy\" class=\"alignnone\" src=\"http:\/\/www.trace-software.com\/fr\/wp-content\/uploads\/sites\/2\/2015\/01\/logo-archelioscalc.png\" alt=\"Archelios CALC\" width=\"325\" height=\"44\" border=\"0\" \/><\/a>Dimensionamientos el\u00e9ctricos de una instalaci\u00f3n fotovoltaica seg\u00fan las normas internacionales (cables, proteccioness, etc.).<\/p>\n<p><a href=\"https:\/\/www.cythelia.fr\/es\/energias-renovables\/peritaje\/catastro-solar\/\"><img decoding=\"async\" loading=\"lazy\" class=\"alignnone\" src=\"https:\/\/www.cythelia.fr\/es\/wp-content\/uploads\/sites\/3\/2015\/09\/logo-archeliosmap.png\" alt=\"Archelios MAP\" width=\"312\" height=\"44\" border=\"0\" \/><\/a>Herramienta de cartograf\u00eda solar.<\/p>\n<p><a href=\"https:\/\/www.cythelia.fr\/es\/energias-renovables\/peritaje\/estudio-deslumbramiento\/\"><img decoding=\"async\" src=\"https:\/\/www.cythelia.fr\/es\/wp-content\/uploads\/sites\/3\/2015\/09\/logo-archeliosray.png\" alt=\"Archelios RAY\" border=\"0\" \/><\/a>Herramienta de evaluaci\u00f3n del deslumbramiento generado por una central fotovoltaica.<\/p>\n<p style=\"font-size: 0.9em;font-style: italic\">* Entre el software profesional, seg\u00fan un estudio de Photon International y un <a href=\"http:\/\/www.journal-ijeee.com\/content\/pdf\/2251-6832-5-1.pdf\" target=\"_blank\">estudio de la revista IJEEE<\/a>.<\/p>\n<p>[\/vc_column_text][\/vc_tab][vc_tab title=\u00a0\u00bbABATIA\u00a0\u00bb tab_id=\u00a0\u00bb1441810031-2-83&Prime;][vc_column_text]<\/p>\n<p><a href=\"http:\/\/www.abatia.fr\"><img decoding=\"async\" loading=\"lazy\" class=\"alignnone size-full wp-image-6283\" src=\"https:\/\/www.cythelia.fr\/es\/wp-content\/uploads\/sites\/3\/2015\/09\/LogoAbatia.png\" alt=\"Abatia\" width=\"180\" height=\"137\" \/><\/a>Software de c\u00e1lculo t\u00e9rmico sencillo y fiable.<\/p>\n<p>[\/vc_column_text][\/vc_tab][\/vc_tour][vc_empty_space height=\u00a0\u00bb32px\u00a0\u00bb][vc_custom_heading text=\u00a0\u00bbSoluciones de hardware\u00a0\u00bb font_container=\u00a0\u00bbtag:h2|text_align:left\u00a0\u00bb google_fonts=\u00a0\u00bbfont_family:Open%20Sans%3A300%2C300italic%2Cregular%2Citalic%2C600%2C600italic%2C700%2C700italic%2C800%2C800italic|font_style:400%20regular%3A400%3Anormal\u00a0\u00bb][vc_tour][vc_tab title=\u00a0\u00bbAEDOMIA (patentado)\u00a0\u00bb tab_id=\u00a0\u00bb1441810031-1-26&Prime;][vc_column_text]<\/p>\n<p><span style=\"font-weight: 400\"><a href=\"\/pdf\/plaquette_Aedomia_4pages.pdf\" target=\"_blank\"><img decoding=\"async\" loading=\"lazy\" class=\"alignnone size-full wp-image-6289\" src=\"https:\/\/www.cythelia.fr\/es\/wp-content\/uploads\/sites\/3\/2015\/09\/logo_aedomia.png\" alt=\"Aedomia\" width=\"149\" height=\"100\" \/><\/a>Un sistema innovador que re\u00fane producci\u00f3n fotovoltaica, bomba de calor y tanque de almacenaje, dise\u00f1ado para la red el\u00e9ctrica inteligente.<\/span><\/p>\n<p>[\/vc_column_text][\/vc_tab][vc_tab title=\u00a0\u00bbCAPTHEL (patentado)\u00a0\u00bb tab_id=\u00a0\u00bb1441810031-2-83&Prime;][vc_column_text]<\/p>\n<p><img decoding=\"async\" loading=\"lazy\" class=\"alignright size-full wp-image-6848\" src=\"https:\/\/www.cythelia.fr\/es\/wp-content\/uploads\/sites\/3\/2015\/09\/Capthel.gif\" alt=\"Capthel\" width=\"200\" height=\"133\" \/>Un m\u00f3dulo solar h\u00edbrido fotovoltaico y t\u00e9rmico.<\/p>\n<p>[\/vc_column_text][\/vc_tab][vc_tab title=\u00a0\u00bbDRON\u00a0\u00bb tab_id=\u00a0\u00bb1441810899196-2-1&Prime;][vc_column_text]<\/p>\n<p><img decoding=\"async\" loading=\"lazy\" class=\"alignright size-large wp-image-5899\" src=\"https:\/\/www.cythelia.fr\/es\/wp-content\/uploads\/sites\/3\/2015\/02\/drone-1024x752.jpg\" alt=\"drone\" width=\"300\" height=\"100%\" srcset=\"https:\/\/www.cythelia.fr\/es\/wp-content\/uploads\/sites\/3\/2015\/02\/drone-1024x752.jpg 1024w, https:\/\/www.cythelia.fr\/es\/wp-content\/uploads\/sites\/3\/2015\/02\/drone-300x220.jpg 300w, https:\/\/www.cythelia.fr\/es\/wp-content\/uploads\/sites\/3\/2015\/02\/drone.jpg 1233w\" sizes=\"(max-width: 1024px) 100vw, 1024px\" \/>Dron equipado con una c\u00e1mara de infrarrojos y de alta definici\u00f3n dise\u00f1ado internamente de manera espec\u00edfica para las auditor\u00edas fotovoltaicas y las auditor\u00edas energ\u00e9ticas de edificios.<\/p>\n<p>[\/vc_column_text][\/vc_tab][vc_tab title=\u00a0\u00bbCASAS DE ENERG\u00cdA CERO (MAISON Z.E.N.)\u00a0\u00bb tab_id=\u00a0\u00bb1441811104583-3-8&Prime;][vc_column_text]Cythelia ha dise\u00f1ado y construido la \u00ab\u00a0casa de energ\u00eda cero\u00a0\u00bb, primera casa de bajo consumo de energ\u00eda positiva de Francia, inaugurada en 2007 por Nathalie Kosciusko-Morizet, Secretaria de Estado de Ecolog\u00eda, y la \u00ab\u00a0peque\u00f1a casa de energ\u00eda cero\u00a0\u00bb en 2010, que integra el sistema AEDOMIA. La supervisi\u00f3n continua de las casas a trav\u00e9s de multitud de sensores nos brinda informaci\u00f3n valiosa sobre el comportamiento real de una casa de energ\u00eda positiva.<\/p>\n<p><a href=\"https:\/\/www.cythelia.fr\/es\/wp-content\/uploads\/sites\/3\/2015\/09\/Les-Maisons-ZEN-20.jpg\"><img decoding=\"async\" loading=\"lazy\" class=\"aligncenter size-full wp-image-6808\" src=\"https:\/\/www.cythelia.fr\/es\/wp-content\/uploads\/sites\/3\/2015\/09\/Les-Maisons-ZEN-20.jpg\" alt=\"Les Maisons ZEN 20\" width=\"600\" height=\"400\" srcset=\"https:\/\/www.cythelia.fr\/es\/wp-content\/uploads\/sites\/3\/2015\/09\/Les-Maisons-ZEN-20.jpg 600w, https:\/\/www.cythelia.fr\/es\/wp-content\/uploads\/sites\/3\/2015\/09\/Les-Maisons-ZEN-20-300x200.jpg 300w\" sizes=\"(max-width: 600px) 100vw, 600px\" \/><\/a>[\/vc_column_text][\/vc_tab][\/vc_tour][\/vc_column][\/vc_row][vc_row section_top_margin=\u00a0\u00bbnormaltopmargin\u00a0\u00bb section_bottom_margin=\u00a0\u00bbnormalbottommargin\u00a0\u00bb section_schema=\u00a0\u00bbnormal\u00a0\u00bb section_background=\u00a0\u00bbcolor\u00a0\u00bb background_color=\u00a0\u00bb#fcfcfc\u00a0\u00bb background_repeat=\u00a0\u00bbrepeat\u00a0\u00bb moving_direction=\u00a0\u00bbhorizontal\u00a0\u00bb parallax_speed_1=\u00a0\u00bb300&Prime; parallax_speed_2=\u00a0\u00bb300&Prime; parallax_speed_3=\u00a0\u00bb300&Prime; parallax_speed_4=\u00a0\u00bb300&Prime; parallax_speed_5=\u00a0\u00bb300&Prime; parallax_speed_6=\u00a0\u00bb300&Prime; parallax_speed_7=\u00a0\u00bb300&Prime; parallax_speed_8=\u00a0\u00bb300&Prime; parallax_speed_9=\u00a0\u00bb300&Prime; parallax_speed_10=\u00a0\u00bb300&Prime;][vc_column width=\u00a0\u00bb1\/1&Prime;][vc_custom_heading text=\u00a0\u00bbProyectos de investigaci\u00f3n\u00a0\u00bb font_container=\u00a0\u00bbtag:h2|text_align:left\u00a0\u00bb google_fonts=\u00a0\u00bbfont_family:Open%20Sans%3A300%2C300italic%2Cregular%2Citalic%2C600%2C600italic%2C700%2C700italic%2C800%2C800italic|font_style:400%20regular%3A400%3Anormal\u00a0\u00bb][vc_column_text]<\/p>\n<p><strong>Cythelia trabaja en numerosos proyectos de investigaci\u00f3n, en asociaci\u00f3n con empresas e instituciones p\u00fablicas de investigaci\u00f3n y\/o formaci\u00f3n.<\/strong><\/p>\n<p>[\/vc_column_text][vc_empty_space height=\u00a0\u00bb32px\u00a0\u00bb][vc_row_inner][vc_column_inner width=\u00a0\u00bb1\/2&Prime;][vc_column_text]<strong>Rendimiento BIPV \u2013 Fotovoltaica integrada en el edificio<\/strong><br \/>\nFrancia ha centrado el desarrollo de la energ\u00eda fotovoltaica particularmente en su integraci\u00f3n en el edificio. El proyecto estudia el impacto de esta soluci\u00f3n t\u00e9cnica, en especial los aspectos t\u00e9rmicos, sobre la previsi\u00f3n de la producci\u00f3n fotovoltaica. Los resultados de este programa de investigaci\u00f3n se han integrado en el software Archelios PRO.<\/p>\n<p><strong>PACairPV (programa HABISOL)<\/strong><br \/>\nEl proyecto estudia las posibles sinergias entre la energ\u00eda fotovoltaica y las bombas de calor.<br \/>\nEste proyecto ha sido el origen del desarrollo de la soluci\u00f3n AEDOMIA, integrada en la \u00ab\u00a0peque\u00f1a casa de energ\u00eda cero\u00a0\u00bb.[\/vc_column_text][\/vc_column_inner][vc_column_inner width=\u00a0\u00bb1\/2&Prime;][vc_column_text]<strong>PACIBA (programa PREBAT)<\/strong><br \/>\nEste proyecto tiene como objetivo desarrollar herramientas adaptadas al dise\u00f1o integrado, es decir, que asocien a arquitectos e ingenieros en las fases iniciales de dise\u00f1o, y que tambi\u00e9n pueden utilizarse en formaci\u00f3n.<br \/>\nEste proyecto ha sido el origen del desarrollo del software ABATIA.<\/p>\n<p><strong>DYNASIMUL (programa PREBAT)<\/strong><br \/>\nEl objetivo de este proyecto es dise\u00f1ar una plataforma virtual de investigaci\u00f3n en el dominio de \u00ab\u00a0Aportaci\u00f3n de las energ\u00edas renovables y control de cambios en la vivienda\u00a0\u00bb.[\/vc_column_text][\/vc_column_inner][\/vc_row_inner][vc_empty_space height=\u00a0\u00bb32px\u00a0\u00bb][vc_custom_heading text=\u00a0\u00bbNuestros socios en los proyectos de investigaci\u00f3n\u00a0\u00bb font_container=\u00a0\u00bbtag:h2|text_align:left\u00a0\u00bb google_fonts=\u00a0\u00bbfont_family:Open%20Sans%3A300%2C300italic%2Cregular%2Citalic%2C600%2C600italic%2C700%2C700italic%2C800%2C800italic|font_style:400%20regular%3A400%3Anormal\u00a0\u00bb][vc_gallery type=\u00a0\u00bbimage_grid\u00a0\u00bb interval=\u00a0\u00bb3&Prime; images=\u00a0\u00bb5296,5929,5924,5930,6009,6349,6008,5928,5923,6318,6319,6320&Prime; onclick=\u00a0\u00bbcustom_link\u00a0\u00bb custom_links_target=\u00a0\u00bb_blank\u00a0\u00bb img_size=\u00a0\u00bb100&#215;100&Prime; custom_links=\u00a0\u00bbhttp:\/\/www.ademe.fr\/,http:\/\/www.ciat.fr\/,http:\/\/www.ines-solaire.org\/,https:\/\/www.mines-paristech.fr\/,http:\/\/www.entpe.fr\/,http:\/\/portail.cea.fr\/,http:\/\/www.cnrs.fr\/,http:\/\/www.armines.net\/,http:\/\/www.cstb.fr\/,http:\/\/www.universite-lyon.fr\/,https:\/\/www.univ-smb.fr\/,http:\/\/www.nobatek.com\/\u00a0\u00bb el_class=\u00a0\u00bbgridlogos\u00a0\u00bb][\/vc_column][\/vc_row]\n<\/section>","protected":false},"excerpt":{"rendered":"<p>[vc_row section_top_margin=\u00a0\u00bbnormaltopmargin\u00a0\u00bb section_bottom_margin=\u00a0\u00bbnobottommargin\u00a0\u00bb section_schema=\u00a0\u00bbnormal\u00a0\u00bb section_background=\u00a0\u00bbcolor\u00a0\u00bb background_color=\u00a0\u00bb#fcfcfc\u00a0\u00bb background_repeat=\u00a0\u00bbrepeat\u00a0\u00bb moving_direction=\u00a0\u00bbhorizontal\u00a0\u00bb parallax_speed_1=\u00a0\u00bb300&Prime; parallax_speed_2=\u00a0\u00bb300&Prime; parallax_speed_3=\u00a0\u00bb300&Prime; parallax_speed_4=\u00a0\u00bb300&Prime; parallax_speed_5=\u00a0\u00bb300&Prime; parallax_speed_6=\u00a0\u00bb300&Prime; parallax_speed_7=\u00a0\u00bb300&Prime; parallax_speed_8=\u00a0\u00bb300&Prime; parallax_speed_9=\u00a0\u00bb300&Prime; parallax_speed_10=\u00a0\u00bb300&Prime;][vc_column width=\u00a0\u00bb1\/1&Prime;][vc_column_text] La transici\u00f3n energ\u00e9tica en curso trastorna los modelos arraigados. [\/vc_column_text][vc_empty_space height=\u00a0\u00bb1px\u00a0\u00bb][\/vc_column][\/vc_row][vc_row section_top_margin=\u00a0\u00bbnormaltopmargin\u00a0\u00bb section_bottom_margin=\u00a0\u00bbnobottommargin\u00a0\u00bb section_schema=\u00a0\u00bbnormal\u00a0\u00bb section_background=\u00a0\u00bbcolor\u00a0\u00bb background_color=\u00a0\u00bb#fcfcfc\u00a0\u00bb background_repeat=\u00a0\u00bbrepeat\u00a0\u00bb moving_direction=\u00a0\u00bbhorizontal\u00a0\u00bb parallax_speed_1=\u00a0\u00bb300&Prime; parallax_speed_2=\u00a0\u00bb300&Prime; parallax_speed_3=\u00a0\u00bb300&Prime; parallax_speed_4=\u00a0\u00bb300&Prime; parallax_speed_5=\u00a0\u00bb300&Prime; parallax_speed_6=\u00a0\u00bb300&Prime; parallax_speed_7=\u00a0\u00bb300&Prime; parallax_speed_8=\u00a0\u00bb300&Prime; parallax_speed_9=\u00a0\u00bb300&Prime; parallax_speed_10=\u00a0\u00bb300&Prime;][vc_column width=\u00a0\u00bb1\/1&Prime;][vc_row_inner][vc_column_inner width=\u00a0\u00bb1\/3&Prime;][jeg_service_block_wrapper][jeg_service_block_item icon=\u00a0\u00bbfa-recycle\u00a0\u00bb &hellip; <a class=\"readmore\" href=\"https:\/\/www.cythelia.fr\/es\/polo-investigacion\/\">Lire la suite <span class=\"meta-nav\">&rarr;<\/span><\/a><\/p>\n","protected":false},"author":1,"featured_media":0,"parent":0,"menu_order":0,"comment_status":"closed","ping_status":"closed","template":"template\/template-landing-page-vc.php","meta":[],"yoast_head":"<!-- This site is optimized with the Yoast SEO plugin v20.0 - https:\/\/yoast.com\/wordpress\/plugins\/seo\/ -->\n<title>Polo de investigaci\u00f3n<\/title>\n<meta name=\"description\" content=\"El polo de investigaci\u00f3n de Cythelia se ocupa de la transici\u00f3n energ\u00e9tica a trav\u00e9s del desarrollo de soluciones de software y hardware.\" \/>\n<meta name=\"robots\" content=\"index, follow, max-snippet:-1, max-image-preview:large, max-video-preview:-1\" \/>\n<link rel=\"canonical\" href=\"https:\/\/www.cythelia.fr\/es\/polo-investigacion\/\" \/>\n<meta property=\"og:locale\" content=\"fr_FR\" \/>\n<meta property=\"og:type\" content=\"article\" \/>\n<meta property=\"og:title\" content=\"Polo de investigaci\u00f3n\" \/>\n<meta property=\"og:description\" content=\"El polo de investigaci\u00f3n de Cythelia se ocupa de la transici\u00f3n energ\u00e9tica a trav\u00e9s del desarrollo de soluciones de software y hardware.\" \/>\n<meta property=\"og:url\" content=\"https:\/\/www.cythelia.fr\/es\/polo-investigacion\/\" \/>\n<meta property=\"og:site_name\" content=\"Cythelia Version ES\" \/>\n<meta property=\"article:modified_time\" content=\"2016-12-21T11:21:04+00:00\" \/>\n<meta property=\"og:image\" content=\"http:\/\/www.trace-software.com\/wp-content\/uploads\/2015\/01\/logo-archeliospro2.png\" \/>\n<meta name=\"twitter:label1\" content=\"Dur\u00e9e de lecture estim\u00e9e\" \/>\n\t<meta name=\"twitter:data1\" content=\"7 minutes\" \/>\n<script type=\"application\/ld+json\" class=\"yoast-schema-graph\">{\"@context\":\"https:\/\/schema.org\",\"@graph\":[{\"@type\":\"WebPage\",\"@id\":\"https:\/\/www.cythelia.fr\/es\/polo-investigacion\/\",\"url\":\"https:\/\/www.cythelia.fr\/es\/polo-investigacion\/\",\"name\":\"Polo de investigaci\u00f3n\",\"isPartOf\":{\"@id\":\"https:\/\/www.cythelia.fr\/es\/#website\"},\"datePublished\":\"2015-09-08T07:27:34+00:00\",\"dateModified\":\"2016-12-21T11:21:04+00:00\",\"description\":\"El polo de investigaci\u00f3n de Cythelia se ocupa de la transici\u00f3n energ\u00e9tica a trav\u00e9s del desarrollo de soluciones de software y hardware.\",\"breadcrumb\":{\"@id\":\"https:\/\/www.cythelia.fr\/es\/polo-investigacion\/#breadcrumb\"},\"inLanguage\":\"fr-FR\",\"potentialAction\":[{\"@type\":\"ReadAction\",\"target\":[\"https:\/\/www.cythelia.fr\/es\/polo-investigacion\/\"]}]},{\"@type\":\"BreadcrumbList\",\"@id\":\"https:\/\/www.cythelia.fr\/es\/polo-investigacion\/#breadcrumb\",\"itemListElement\":[{\"@type\":\"ListItem\",\"position\":1,\"name\":\"Accueil\",\"item\":\"https:\/\/www.cythelia.fr\/es\/\"},{\"@type\":\"ListItem\",\"position\":2,\"name\":\"Polo de investigaci\u00f3n\"}]},{\"@type\":\"WebSite\",\"@id\":\"https:\/\/www.cythelia.fr\/es\/#website\",\"url\":\"https:\/\/www.cythelia.fr\/es\/\",\"name\":\"Cythelia Version ES\",\"description\":\"\",\"potentialAction\":[{\"@type\":\"SearchAction\",\"target\":{\"@type\":\"EntryPoint\",\"urlTemplate\":\"https:\/\/www.cythelia.fr\/es\/?s={search_term_string}\"},\"query-input\":\"required name=search_term_string\"}],\"inLanguage\":\"fr-FR\"}]}<\/script>\n<!-- \/ Yoast SEO plugin. -->","yoast_head_json":{"title":"Polo de investigaci\u00f3n","description":"El polo de investigaci\u00f3n de Cythelia se ocupa de la transici\u00f3n energ\u00e9tica a trav\u00e9s del desarrollo de soluciones de software y hardware.","robots":{"index":"index","follow":"follow","max-snippet":"max-snippet:-1","max-image-preview":"max-image-preview:large","max-video-preview":"max-video-preview:-1"},"canonical":"https:\/\/www.cythelia.fr\/es\/polo-investigacion\/","og_locale":"fr_FR","og_type":"article","og_title":"Polo de investigaci\u00f3n","og_description":"El polo de investigaci\u00f3n de Cythelia se ocupa de la transici\u00f3n energ\u00e9tica a trav\u00e9s del desarrollo de soluciones de software y hardware.","og_url":"https:\/\/www.cythelia.fr\/es\/polo-investigacion\/","og_site_name":"Cythelia Version ES","article_modified_time":"2016-12-21T11:21:04+00:00","og_image":[{"url":"http:\/\/www.trace-software.com\/wp-content\/uploads\/2015\/01\/logo-archeliospro2.png"}],"twitter_misc":{"Dur\u00e9e de lecture estim\u00e9e":"7 minutes"},"schema":{"@context":"https:\/\/schema.org","@graph":[{"@type":"WebPage","@id":"https:\/\/www.cythelia.fr\/es\/polo-investigacion\/","url":"https:\/\/www.cythelia.fr\/es\/polo-investigacion\/","name":"Polo de investigaci\u00f3n","isPartOf":{"@id":"https:\/\/www.cythelia.fr\/es\/#website"},"datePublished":"2015-09-08T07:27:34+00:00","dateModified":"2016-12-21T11:21:04+00:00","description":"El polo de investigaci\u00f3n de Cythelia se ocupa de la transici\u00f3n energ\u00e9tica a trav\u00e9s del desarrollo de soluciones de software y hardware.","breadcrumb":{"@id":"https:\/\/www.cythelia.fr\/es\/polo-investigacion\/#breadcrumb"},"inLanguage":"fr-FR","potentialAction":[{"@type":"ReadAction","target":["https:\/\/www.cythelia.fr\/es\/polo-investigacion\/"]}]},{"@type":"BreadcrumbList","@id":"https:\/\/www.cythelia.fr\/es\/polo-investigacion\/#breadcrumb","itemListElement":[{"@type":"ListItem","position":1,"name":"Accueil","item":"https:\/\/www.cythelia.fr\/es\/"},{"@type":"ListItem","position":2,"name":"Polo de investigaci\u00f3n"}]},{"@type":"WebSite","@id":"https:\/\/www.cythelia.fr\/es\/#website","url":"https:\/\/www.cythelia.fr\/es\/","name":"Cythelia Version ES","description":"","potentialAction":[{"@type":"SearchAction","target":{"@type":"EntryPoint","urlTemplate":"https:\/\/www.cythelia.fr\/es\/?s={search_term_string}"},"query-input":"required name=search_term_string"}],"inLanguage":"fr-FR"}]}},"_links":{"self":[{"href":"https:\/\/www.cythelia.fr\/es\/wp-json\/wp\/v2\/pages\/6231"}],"collection":[{"href":"https:\/\/www.cythelia.fr\/es\/wp-json\/wp\/v2\/pages"}],"about":[{"href":"https:\/\/www.cythelia.fr\/es\/wp-json\/wp\/v2\/types\/page"}],"author":[{"embeddable":true,"href":"https:\/\/www.cythelia.fr\/es\/wp-json\/wp\/v2\/users\/1"}],"replies":[{"embeddable":true,"href":"https:\/\/www.cythelia.fr\/es\/wp-json\/wp\/v2\/comments?post=6231"}],"version-history":[{"count":8,"href":"https:\/\/www.cythelia.fr\/es\/wp-json\/wp\/v2\/pages\/6231\/revisions"}],"predecessor-version":[{"id":7956,"href":"https:\/\/www.cythelia.fr\/es\/wp-json\/wp\/v2\/pages\/6231\/revisions\/7956"}],"wp:attachment":[{"href":"https:\/\/www.cythelia.fr\/es\/wp-json\/wp\/v2\/media?parent=6231"}],"curies":[{"name":"wp","href":"https:\/\/api.w.org\/{rel}","templated":true}]}}