{"id":5518,"date":"2015-02-18T14:23:06","date_gmt":"2015-02-18T14:23:06","guid":{"rendered":"https:\/\/www.cythelia.fr\/?page_id=5518"},"modified":"2016-12-20T16:22:23","modified_gmt":"2016-12-20T15:22:23","slug":"clientes","status":"publish","type":"page","link":"https:\/\/www.cythelia.fr\/es\/cythelia-3\/clientes\/","title":{"rendered":"Nuestros clientes"},"content":{"rendered":"<section class=\"wpb-content-wrapper\">[vc_row section_top_margin=\u00a0\u00bbnormaltopmargin\u00a0\u00bb section_bottom_margin=\u00a0\u00bbnormalbottommargin\u00a0\u00bb section_schema=\u00a0\u00bbnormal\u00a0\u00bb section_background=\u00a0\u00bbcolor\u00a0\u00bb background_color=\u00a0\u00bb#ffffff\u00a0\u00bb background_repeat=\u00a0\u00bbrepeat\u00a0\u00bb moving_direction=\u00a0\u00bbhorizontal\u00a0\u00bb parallax_speed_1=\u00a0\u00bb300&Prime; parallax_speed_2=\u00a0\u00bb300&Prime; parallax_speed_3=\u00a0\u00bb300&Prime; parallax_speed_4=\u00a0\u00bb300&Prime; parallax_speed_5=\u00a0\u00bb300&Prime; parallax_speed_6=\u00a0\u00bb300&Prime; parallax_speed_7=\u00a0\u00bb300&Prime; parallax_speed_8=\u00a0\u00bb300&Prime; parallax_speed_9=\u00a0\u00bb300&Prime; parallax_speed_10=\u00a0\u00bb300&Prime;][vc_column width=\u00a0\u00bb1\/1&Prime;][vc_row_inner][vc_column_inner width=\u00a0\u00bb3\/4&Prime;][vc_custom_heading text=\u00a0\u00bbEmpresas\u00a0\u00bb font_container=\u00a0\u00bbtag:h2|text_align:left\u00a0\u00bb google_fonts=\u00a0\u00bbfont_family:Open%20Sans%3A300%2C300italic%2Cregular%2Citalic%2C600%2C600italic%2C700%2C700italic%2C800%2C800italic|font_style:400%20regular%3A400%3Anormal\u00a0\u00bb][vc_column_text]<\/p>\n<ul class=\"colList\">\n<li>Air Liquide<\/li>\n<li>Akuo Energy<\/li>\n<li>Auchan<\/li>\n<li>Biom\u00e9rieux<\/li>\n<li>Casino<\/li>\n<li>Cegelec<\/li>\n<li>Credit agricole<\/li>\n<li>Dalkia<\/li>\n<li>Direct Energie<\/li>\n<li>EDF EN<\/li>\n<li>E.ON France SAS<\/li>\n<li>EGIS<\/li>\n<li>EIFFAGE<\/li>\n<li>ENFINITY<\/li>\n<li>Enphase Energy<\/li>\n<li>EOLE-RES<\/li>\n<li>First Solar<\/li>\n<li>GDF Suez<\/li>\n<li>GHELLA S.P.A<\/li>\n<li>Groupe Danone<\/li>\n<li>IBC Solar<\/li>\n<li>INEO-Suez<\/li>\n<li>INGEROP<\/li>\n<li>JMB Energie<\/li>\n<li>Lafarge<\/li>\n<li>MICEL Films<\/li>\n<li>Photosol<\/li>\n<li>Point P<\/li>\n<li>Q Cells<\/li>\n<li>RATP<\/li>\n<li>Renault<\/li>\n<li>Saint Gobain<\/li>\n<li>Salomon<\/li>\n<li>SCATEC SOLAR<\/li>\n<li>Schneider Electric<\/li>\n<li>Sechilienne-Sidec<\/li>\n<li>SIEMENS<\/li>\n<li>SORGENIA<\/li>\n<li>SunPower<\/li>\n<li>TOTAL<\/li>\n<\/ul>\n<div style=\"clear: both\"><\/div>\n<p>[\/vc_column_text][vc_empty_space height=\u00a0\u00bb50px\u00a0\u00bb][vc_custom_heading text=\u00a0\u00bbDepartamentos y regiones\u00a0\u00bb font_container=\u00a0\u00bbtag:h2|text_align:left\u00a0\u00bb google_fonts=\u00a0\u00bbfont_family:Open%20Sans%3A300%2C300italic%2Cregular%2Citalic%2C600%2C600italic%2C700%2C700italic%2C800%2C800italic|font_style:400%20regular%3A400%3Anormal\u00a0\u00bb][vc_column_text]<\/p>\n<ul class=\"colList\">\n<li>R\u00e9gion Bretagne<\/li>\n<li>R\u00e9gion Centre<\/li>\n<li>Dr\u00f4me (CG26)<\/li>\n<li>H\u00e9rault (CG34)<\/li>\n<li>Lot et Garonne (CG47)<\/li>\n<li>Maine-et-Loire (CG49)<\/li>\n<li>Savoie (CG73)<\/li>\n<li>Deux-S\u00e8vres (CG79)<\/li>\n<li>Vaucluse (CG84)<\/li>\n<li>Val d&rsquo;Oise (CG95)<\/li>\n<\/ul>\n<div style=\"clear: both\"><\/div>\n<p>[\/vc_column_text][vc_empty_space height=\u00a0\u00bb50px\u00a0\u00bb][vc_custom_heading text=\u00a0\u00bbCiudades y mancomunidades\u00a0\u00bb font_container=\u00a0\u00bbtag:h2|text_align:left\u00a0\u00bb google_fonts=\u00a0\u00bbfont_family:Open%20Sans%3A300%2C300italic%2Cregular%2Citalic%2C600%2C600italic%2C700%2C700italic%2C800%2C800italic|font_style:400%20regular%3A400%3Anormal\u00a0\u00bb][vc_column_text]<\/p>\n<ul class=\"colList\">\n<li>Annecy<\/li>\n<li>Bordeaux<\/li>\n<li>Chamb\u00e9ry<\/li>\n<li>Chamb\u00e9ry M\u00e9tropole<\/li>\n<li>Coglais Com. Marches de Bretagne<\/li>\n<li>Comunidad de aglomeraci\u00f3n de Roanne<\/li>\n<li>Le Cheylas<\/li>\n<li>Lyon<\/li>\n<li>Montagnole<\/li>\n<li>Montm\u00e9lian<\/li>\n<li>Nueil-Les-Aubiers<\/li>\n<li>Plaine Commune<\/li>\n<li>Poitiers<\/li>\n<li>St Quentin en Yvelines<\/li>\n<li>Tarascon<\/li>\n<li>Villarembert<\/li>\n<\/ul>\n<div style=\"clear: both\"><\/div>\n<p>[\/vc_column_text][vc_empty_space height=\u00a0\u00bb50px\u00a0\u00bb][vc_custom_heading text=\u00a0\u00bbOtros clientes p\u00fablicos\u00a0\u00bb font_container=\u00a0\u00bbtag:h2|text_align:left\u00a0\u00bb google_fonts=\u00a0\u00bbfont_family:Open%20Sans%3A300%2C300italic%2Cregular%2Citalic%2C600%2C600italic%2C700%2C700italic%2C800%2C800italic|font_style:400%20regular%3A400%3Anormal\u00a0\u00bb][vc_column_text]<\/p>\n<ul class=\"colList\">\n<li>Agencia Francesa de Desarrollo<\/li>\n<li>Certisolis<\/li>\n<li>Eau de Paris<\/li>\n<li>Energies Rhone Vall\u00e9e (SEM ENR 26)<\/li>\n<li>H\u00e9rault Am\u00e9nagement (SEM de l&rsquo;H\u00e9rault)<\/li>\n<li>IGESA<\/li>\n<li>INES-CEA<\/li>\n<li>Office National des For\u00eats (ONF)<\/li>\n<li>OPAC Chamb\u00e9ry<\/li>\n<li>PNR des Bauges<\/li>\n<li>SEM Anjou Energies Renouvelables<\/li>\n<li>SEMIDEP &#8211; Sciotat<\/li>\n<li>SIPPEREC<\/li>\n<li>Sindicato de la Energ\u00eda de Allier \u2013 SDE03<\/li>\n<li>Syndicat Intercommunal du Lac d\u2019Annecy<\/li>\n<li>Uni\u00f3n Europea (UE)<\/li>\n<li>Rh\u00f4ne-Alpes Energie Environnement (RAEE)<\/li>\n<li>CNRS<\/li>\n<\/ul>\n<div style=\"clear: both\"><\/div>\n<p>[\/vc_column_text][\/vc_column_inner][vc_column_inner width=\u00a0\u00bb1\/4&Prime; el_class=\u00a0\u00bbsidebarsticker\u00a0\u00bb position=\u00a0\u00bbnone\u00a0\u00bb][vc_widget_sidebar sidebar_id=\u00a0\u00bbSideBar Cythelia\u00a0\u00bb][\/vc_column_inner][\/vc_row_inner][\/vc_column][\/vc_row]\n<\/section>","protected":false},"excerpt":{"rendered":"<p>[vc_row section_top_margin=\u00a0\u00bbnormaltopmargin\u00a0\u00bb section_bottom_margin=\u00a0\u00bbnormalbottommargin\u00a0\u00bb section_schema=\u00a0\u00bbnormal\u00a0\u00bb section_background=\u00a0\u00bbcolor\u00a0\u00bb background_color=\u00a0\u00bb#ffffff\u00a0\u00bb background_repeat=\u00a0\u00bbrepeat\u00a0\u00bb moving_direction=\u00a0\u00bbhorizontal\u00a0\u00bb parallax_speed_1=\u00a0\u00bb300&Prime; parallax_speed_2=\u00a0\u00bb300&Prime; parallax_speed_3=\u00a0\u00bb300&Prime; parallax_speed_4=\u00a0\u00bb300&Prime; parallax_speed_5=\u00a0\u00bb300&Prime; parallax_speed_6=\u00a0\u00bb300&Prime; parallax_speed_7=\u00a0\u00bb300&Prime; parallax_speed_8=\u00a0\u00bb300&Prime; parallax_speed_9=\u00a0\u00bb300&Prime; parallax_speed_10=\u00a0\u00bb300&Prime;][vc_column width=\u00a0\u00bb1\/1&Prime;][vc_row_inner][vc_column_inner width=\u00a0\u00bb3\/4&Prime;][vc_custom_heading text=\u00a0\u00bbEmpresas\u00a0\u00bb font_container=\u00a0\u00bbtag:h2|text_align:left\u00a0\u00bb google_fonts=\u00a0\u00bbfont_family:Open%20Sans%3A300%2C300italic%2Cregular%2Citalic%2C600%2C600italic%2C700%2C700italic%2C800%2C800italic|font_style:400%20regular%3A400%3Anormal\u00a0\u00bb][vc_column_text] Air Liquide Akuo Energy Auchan Biom\u00e9rieux Casino Cegelec Credit agricole Dalkia Direct Energie EDF EN E.ON France SAS EGIS EIFFAGE ENFINITY Enphase Energy EOLE-RES First Solar GDF &hellip; <a class=\"readmore\" href=\"https:\/\/www.cythelia.fr\/es\/cythelia-3\/clientes\/\">Lire la suite <span class=\"meta-nav\">&rarr;<\/span><\/a><\/p>\n","protected":false},"author":1,"featured_media":0,"parent":5514,"menu_order":0,"comment_status":"open","ping_status":"open","template":"template\/template-landing-page-vc.php","meta":[],"yoast_head":"<!-- This site is optimized with the Yoast SEO plugin v20.0 - https:\/\/yoast.com\/wordpress\/plugins\/seo\/ -->\n<title>Nuestros Clientes<\/title>\n<meta name=\"robots\" content=\"index, follow, max-snippet:-1, max-image-preview:large, max-video-preview:-1\" \/>\n<link rel=\"canonical\" href=\"https:\/\/www.cythelia.fr\/es\/cythelia-3\/clientes\/\" \/>\n<meta property=\"og:locale\" content=\"fr_FR\" \/>\n<meta property=\"og:type\" content=\"article\" \/>\n<meta property=\"og:title\" content=\"Nuestros Clientes\" \/>\n<meta property=\"og:description\" content=\"[vc_row section_top_margin=\u00a0\u00bbnormaltopmargin\u00a0\u00bb section_bottom_margin=\u00a0\u00bbnormalbottommargin\u00a0\u00bb section_schema=\u00a0\u00bbnormal\u00a0\u00bb section_background=\u00a0\u00bbcolor\u00a0\u00bb background_color=\u00a0\u00bb#ffffff\u00a0\u00bb background_repeat=\u00a0\u00bbrepeat\u00a0\u00bb moving_direction=\u00a0\u00bbhorizontal\u00a0\u00bb parallax_speed_1=\u00a0\u00bb300&Prime; parallax_speed_2=\u00a0\u00bb300&Prime; parallax_speed_3=\u00a0\u00bb300&Prime; parallax_speed_4=\u00a0\u00bb300&Prime; parallax_speed_5=\u00a0\u00bb300&Prime; parallax_speed_6=\u00a0\u00bb300&Prime; parallax_speed_7=\u00a0\u00bb300&Prime; parallax_speed_8=\u00a0\u00bb300&Prime; parallax_speed_9=\u00a0\u00bb300&Prime; parallax_speed_10=\u00a0\u00bb300&Prime;][vc_column width=\u00a0\u00bb1\/1&Prime;][vc_row_inner][vc_column_inner width=\u00a0\u00bb3\/4&Prime;][vc_custom_heading text=\u00a0\u00bbEmpresas\u00a0\u00bb font_container=\u00a0\u00bbtag:h2|text_align:left\u00a0\u00bb google_fonts=\u00a0\u00bbfont_family:Open%20Sans%3A300%2C300italic%2Cregular%2Citalic%2C600%2C600italic%2C700%2C700italic%2C800%2C800italic|font_style:400%20regular%3A400%3Anormal\u00a0\u00bb][vc_column_text] Air Liquide Akuo Energy Auchan Biom\u00e9rieux Casino Cegelec Credit agricole Dalkia Direct Energie EDF EN E.ON France SAS EGIS EIFFAGE ENFINITY Enphase Energy EOLE-RES First Solar GDF &hellip; Lire la suite &rarr;\" \/>\n<meta property=\"og:url\" content=\"https:\/\/www.cythelia.fr\/es\/cythelia-3\/clientes\/\" \/>\n<meta property=\"og:site_name\" content=\"Cythelia Version ES\" \/>\n<meta property=\"article:modified_time\" content=\"2016-12-20T15:22:23+00:00\" \/>\n<meta name=\"twitter:label1\" content=\"Dur\u00e9e de lecture estim\u00e9e\" \/>\n\t<meta name=\"twitter:data1\" content=\"2 minutes\" \/>\n<script type=\"application\/ld+json\" class=\"yoast-schema-graph\">{\"@context\":\"https:\/\/schema.org\",\"@graph\":[{\"@type\":\"WebPage\",\"@id\":\"https:\/\/www.cythelia.fr\/es\/cythelia-3\/clientes\/\",\"url\":\"https:\/\/www.cythelia.fr\/es\/cythelia-3\/clientes\/\",\"name\":\"Nuestros Clientes\",\"isPartOf\":{\"@id\":\"https:\/\/www.cythelia.fr\/es\/#website\"},\"datePublished\":\"2015-02-18T14:23:06+00:00\",\"dateModified\":\"2016-12-20T15:22:23+00:00\",\"breadcrumb\":{\"@id\":\"https:\/\/www.cythelia.fr\/es\/cythelia-3\/clientes\/#breadcrumb\"},\"inLanguage\":\"fr-FR\",\"potentialAction\":[{\"@type\":\"ReadAction\",\"target\":[\"https:\/\/www.cythelia.fr\/es\/cythelia-3\/clientes\/\"]}]},{\"@type\":\"BreadcrumbList\",\"@id\":\"https:\/\/www.cythelia.fr\/es\/cythelia-3\/clientes\/#breadcrumb\",\"itemListElement\":[{\"@type\":\"ListItem\",\"position\":1,\"name\":\"Accueil\",\"item\":\"https:\/\/www.cythelia.fr\/es\/\"},{\"@type\":\"ListItem\",\"position\":2,\"name\":\"Cythelia\",\"item\":\"https:\/\/www.cythelia.fr\/es\/cythelia-3\/\"},{\"@type\":\"ListItem\",\"position\":3,\"name\":\"Nuestros clientes\"}]},{\"@type\":\"WebSite\",\"@id\":\"https:\/\/www.cythelia.fr\/es\/#website\",\"url\":\"https:\/\/www.cythelia.fr\/es\/\",\"name\":\"Cythelia Version ES\",\"description\":\"\",\"potentialAction\":[{\"@type\":\"SearchAction\",\"target\":{\"@type\":\"EntryPoint\",\"urlTemplate\":\"https:\/\/www.cythelia.fr\/es\/?s={search_term_string}\"},\"query-input\":\"required name=search_term_string\"}],\"inLanguage\":\"fr-FR\"}]}<\/script>\n<!-- \/ Yoast SEO plugin. -->","yoast_head_json":{"title":"Nuestros Clientes","robots":{"index":"index","follow":"follow","max-snippet":"max-snippet:-1","max-image-preview":"max-image-preview:large","max-video-preview":"max-video-preview:-1"},"canonical":"https:\/\/www.cythelia.fr\/es\/cythelia-3\/clientes\/","og_locale":"fr_FR","og_type":"article","og_title":"Nuestros Clientes","og_description":"[vc_row section_top_margin=\u00a0\u00bbnormaltopmargin\u00a0\u00bb section_bottom_margin=\u00a0\u00bbnormalbottommargin\u00a0\u00bb section_schema=\u00a0\u00bbnormal\u00a0\u00bb section_background=\u00a0\u00bbcolor\u00a0\u00bb background_color=\u00a0\u00bb#ffffff\u00a0\u00bb background_repeat=\u00a0\u00bbrepeat\u00a0\u00bb moving_direction=\u00a0\u00bbhorizontal\u00a0\u00bb parallax_speed_1=\u00a0\u00bb300&Prime; parallax_speed_2=\u00a0\u00bb300&Prime; parallax_speed_3=\u00a0\u00bb300&Prime; parallax_speed_4=\u00a0\u00bb300&Prime; parallax_speed_5=\u00a0\u00bb300&Prime; parallax_speed_6=\u00a0\u00bb300&Prime; parallax_speed_7=\u00a0\u00bb300&Prime; parallax_speed_8=\u00a0\u00bb300&Prime; parallax_speed_9=\u00a0\u00bb300&Prime; parallax_speed_10=\u00a0\u00bb300&Prime;][vc_column width=\u00a0\u00bb1\/1&Prime;][vc_row_inner][vc_column_inner width=\u00a0\u00bb3\/4&Prime;][vc_custom_heading text=\u00a0\u00bbEmpresas\u00a0\u00bb font_container=\u00a0\u00bbtag:h2|text_align:left\u00a0\u00bb google_fonts=\u00a0\u00bbfont_family:Open%20Sans%3A300%2C300italic%2Cregular%2Citalic%2C600%2C600italic%2C700%2C700italic%2C800%2C800italic|font_style:400%20regular%3A400%3Anormal\u00a0\u00bb][vc_column_text] Air Liquide Akuo Energy Auchan Biom\u00e9rieux Casino Cegelec Credit agricole Dalkia Direct Energie EDF EN E.ON France SAS EGIS EIFFAGE ENFINITY Enphase Energy EOLE-RES First Solar GDF &hellip; Lire la suite &rarr;","og_url":"https:\/\/www.cythelia.fr\/es\/cythelia-3\/clientes\/","og_site_name":"Cythelia Version ES","article_modified_time":"2016-12-20T15:22:23+00:00","twitter_misc":{"Dur\u00e9e de lecture estim\u00e9e":"2 minutes"},"schema":{"@context":"https:\/\/schema.org","@graph":[{"@type":"WebPage","@id":"https:\/\/www.cythelia.fr\/es\/cythelia-3\/clientes\/","url":"https:\/\/www.cythelia.fr\/es\/cythelia-3\/clientes\/","name":"Nuestros Clientes","isPartOf":{"@id":"https:\/\/www.cythelia.fr\/es\/#website"},"datePublished":"2015-02-18T14:23:06+00:00","dateModified":"2016-12-20T15:22:23+00:00","breadcrumb":{"@id":"https:\/\/www.cythelia.fr\/es\/cythelia-3\/clientes\/#breadcrumb"},"inLanguage":"fr-FR","potentialAction":[{"@type":"ReadAction","target":["https:\/\/www.cythelia.fr\/es\/cythelia-3\/clientes\/"]}]},{"@type":"BreadcrumbList","@id":"https:\/\/www.cythelia.fr\/es\/cythelia-3\/clientes\/#breadcrumb","itemListElement":[{"@type":"ListItem","position":1,"name":"Accueil","item":"https:\/\/www.cythelia.fr\/es\/"},{"@type":"ListItem","position":2,"name":"Cythelia","item":"https:\/\/www.cythelia.fr\/es\/cythelia-3\/"},{"@type":"ListItem","position":3,"name":"Nuestros clientes"}]},{"@type":"WebSite","@id":"https:\/\/www.cythelia.fr\/es\/#website","url":"https:\/\/www.cythelia.fr\/es\/","name":"Cythelia Version ES","description":"","potentialAction":[{"@type":"SearchAction","target":{"@type":"EntryPoint","urlTemplate":"https:\/\/www.cythelia.fr\/es\/?s={search_term_string}"},"query-input":"required name=search_term_string"}],"inLanguage":"fr-FR"}]}},"_links":{"self":[{"href":"https:\/\/www.cythelia.fr\/es\/wp-json\/wp\/v2\/pages\/5518"}],"collection":[{"href":"https:\/\/www.cythelia.fr\/es\/wp-json\/wp\/v2\/pages"}],"about":[{"href":"https:\/\/www.cythelia.fr\/es\/wp-json\/wp\/v2\/types\/page"}],"author":[{"embeddable":true,"href":"https:\/\/www.cythelia.fr\/es\/wp-json\/wp\/v2\/users\/1"}],"replies":[{"embeddable":true,"href":"https:\/\/www.cythelia.fr\/es\/wp-json\/wp\/v2\/comments?post=5518"}],"version-history":[{"count":2,"href":"https:\/\/www.cythelia.fr\/es\/wp-json\/wp\/v2\/pages\/5518\/revisions"}],"predecessor-version":[{"id":7626,"href":"https:\/\/www.cythelia.fr\/es\/wp-json\/wp\/v2\/pages\/5518\/revisions\/7626"}],"up":[{"embeddable":true,"href":"https:\/\/www.cythelia.fr\/es\/wp-json\/wp\/v2\/pages\/5514"}],"wp:attachment":[{"href":"https:\/\/www.cythelia.fr\/es\/wp-json\/wp\/v2\/media?parent=5518"}],"curies":[{"name":"wp","href":"https:\/\/api.w.org\/{rel}","templated":true}]}}