{"id":5516,"date":"2015-02-18T14:22:49","date_gmt":"2015-02-18T14:22:49","guid":{"rendered":"https:\/\/www.cythelia.fr\/?page_id=5516"},"modified":"2023-01-26T09:47:25","modified_gmt":"2023-01-26T08:47:25","slug":"referencias","status":"publish","type":"page","link":"https:\/\/www.cythelia.fr\/es\/cythelia-3\/referencias\/","title":{"rendered":"Nuestras referencias"},"content":{"rendered":"<section class=\"wpb-content-wrapper\">[vc_row section_background=\u00a0\u00bbcolor\u00a0\u00bb background_color=\u00a0\u00bb#ffffff\u00a0\u00bb][vc_column][vc_row_inner seqspeed=\u00a0\u00bb150&Prime;][vc_column_inner width=\u00a0\u00bb3\/4&Prime;][vc_column_text]Haciendo gala de una gran capacidad de escucha y disponibilidad, el equipo de <strong>Cythelia<\/strong> pone todo de su parte para satisfacer las expectativas de sus clientes.<br \/>\nAqu\u00ed puede ver algunos comentarios realizados por los clientes despu\u00e9s de nuestras recientes misiones:[\/vc_column_text][vc_empty_space height=\u00a0\u00bb50px\u00a0\u00bb][jeg_testimonial author=\u00a0\u00bbCharles Bramont\u00a0\u00bb author_position=\u00a0\u00bbGerente &#8211; Kilowolt\u00a0\u00bb text=\u00a0\u00bbLa calidad y la seriedad definen la empresa Cythelia\u00a0\u00bb][jeg_testimonial author=\u00a0\u00bbNicolas Humeau\u00a0\u00bb author_position=\u00a0\u00bbResponsable de servicios t\u00e9cnicos &#8211; Ayuntamiento de Nueil les Aubiers\u00a0\u00bb text=\u00a0\u00bbProveedor que muestra una gran calidad de escucha y un gran profesionalismo\u00a0\u00bb][jeg_testimonial author=\u00a0\u00bbCatherine Bigot\u00a0\u00bb author_position=\u00a0\u00bbDirectora de bienes inmuebles y log\u00edstica &#8211; Regi\u00f3n de Breta\u00f1a\u00a0\u00bb text=\u00a0\u00bbEl trabajo se ha realizado con rigor y seriedad en los plazos del mercado. El informe fue expl\u00edcito y estuvo muy bien presentado. Los resultados expresados nos han permitido explotar los datos de forma apropiada.\u00a0\u00bb][jeg_testimonial author=\u00a0\u00bbFr\u00e9d\u00e9rique DEQUIEDT\u00a0\u00bb author_position=\u00a0\u00bbDelegada general de ecolog\u00eda urbana &#8211; Comunidad de aglomeraci\u00f3n Plaine Commune\u00a0\u00bb text=\u00a0\u00bbCythelia cuenta con experiencia acreditada en el sector de aplicaci\u00f3n. Nuestras relaciones han sido cordiales. Cythelia ha demostrado una gran adaptabilidad en cuanto a la misi\u00f3n y el calendario.\u00a0\u00bb][jeg_testimonial author=\u00a0\u00bbChristian Labie\u00a0\u00bb author_position=\u00a0\u00bbDirector &#8211; Agencia de la Energ\u00eda y el Medioambiente de la regi\u00f3n de R\u00f3dano-Alpes (RAEE)\u00a0\u00bb text=\u00a0\u00bbTrabajo perfectamente realizado, gran disponibilidad de Cythelia\u00a0\u00bb][jeg_testimonial author=\u00a0\u00bbCharles FABRE\u00a0\u00bb author_position=\u00a0\u00bbAlcalde \u2013 Ciudad de Tarasc\u00f3n\u00a0\u00bb text=\u00a0\u00bbExcelente prestaci\u00f3n. La oficina de proyectos ha podido analizar perfectamente el pedido de la comunidad y entender todos los retos locales. Ha hecho gala de una disponibilidad y una reactividad inusuales. La calidad del informe, la claridad del an\u00e1lisis t\u00e9cnico-financiero y la coherencia de las propuestas han demostrado un gran profesionalismo.\u00a0\u00bb][jeg_testimonial author=\u00a0\u00bbPascal Vianey\u00a0\u00bb author_position=\u00a0\u00bbResponsable de Mantenimiento General &#8211; Salomon\u00a0\u00bb text=\u00a0\u00bbPrestaci\u00f3n de calidad, conforme a lo solicitado, que nos ha permitido tomar las decisiones correctas\u00a0\u00bb][vc_empty_space][jeg_callout buttonstyle=\u00a0\u00bbprimary\u00a0\u00bb text=\u00a0\u00bbDepositan su confianza en nosotros\u00a0\u00bb buttontext=\u00a0\u00bbNuestros clientes\u00a0\u00bb buttonurl=\u00a0\u00bb\/cythelia\/nos-clients\/\u00a0\u00bb][vc_empty_space][vc_custom_heading text=\u00a0\u00bbReferencias principales (lista no exhaustiva)\u00a0\u00bb font_container=\u00a0\u00bbtag:h3|text_align:left\u00a0\u00bb google_fonts=\u00a0\u00bbfont_family:Open%20Sans%3A300%2C300italic%2Cregular%2Citalic%2C600%2C600italic%2C700%2C700italic%2C800%2C800italic|font_style:400%20regular%3A400%3Anormal\u00a0\u00bb][vc_empty_space][vc_basic_grid post_type=\u00a0\u00bbpost\u00a0\u00bb max_items=\u00a0\u00bb-1&Prime; grid_id=\u00a0\u00bbvc_gid:1674722769656-b0e06fd9-07a5-10&Prime; taxonomies=\u00a0\u00bb13, 15, 14, 16, 7, 8, 9, 12, 10, 11, 6&Prime;][\/vc_column_inner][vc_column_inner el_class=\u00a0\u00bbsidebarsticker\u00a0\u00bb width=\u00a0\u00bb1\/4&Prime;][vc_widget_sidebar sidebar_id=\u00a0\u00bbSideBar Cythelia\u00a0\u00bb][\/vc_column_inner][\/vc_row_inner][\/vc_column][\/vc_row]\n<\/section>","protected":false},"excerpt":{"rendered":"<p>[vc_row section_background=\u00a0\u00bbcolor\u00a0\u00bb background_color=\u00a0\u00bb#ffffff\u00a0\u00bb][vc_column][vc_row_inner seqspeed=\u00a0\u00bb150&Prime;][vc_column_inner width=\u00a0\u00bb3\/4&Prime;][vc_column_text]Haciendo gala de una gran capacidad de escucha y disponibilidad, el equipo de Cythelia pone todo de su parte para satisfacer las expectativas de sus clientes. Aqu\u00ed puede ver algunos comentarios realizados por los clientes despu\u00e9s de nuestras recientes misiones:[\/vc_column_text][vc_empty_space height=\u00a0\u00bb50px\u00a0\u00bb][jeg_testimonial author=\u00a0\u00bbCharles Bramont\u00a0\u00bb author_position=\u00a0\u00bbGerente &#8211; Kilowolt\u00a0\u00bb &hellip; <a class=\"readmore\" href=\"https:\/\/www.cythelia.fr\/es\/cythelia-3\/referencias\/\">Lire la suite <span class=\"meta-nav\">&rarr;<\/span><\/a><\/p>\n","protected":false},"author":1,"featured_media":0,"parent":5514,"menu_order":0,"comment_status":"open","ping_status":"open","template":"template\/template-landing-page-vc.php","meta":[],"yoast_head":"<!-- This site is optimized with the Yoast SEO plugin v20.0 - https:\/\/yoast.com\/wordpress\/plugins\/seo\/ -->\n<title>Nuestras referencias<\/title>\n<meta name=\"robots\" content=\"index, follow, max-snippet:-1, max-image-preview:large, max-video-preview:-1\" \/>\n<link rel=\"canonical\" href=\"https:\/\/www.cythelia.fr\/es\/cythelia-3\/referencias\/\" \/>\n<meta property=\"og:locale\" content=\"fr_FR\" \/>\n<meta property=\"og:type\" content=\"article\" \/>\n<meta property=\"og:title\" content=\"Nuestras referencias\" \/>\n<meta property=\"og:description\" content=\"[vc_row section_background=\u00a0\u00bbcolor\u00a0\u00bb background_color=\u00a0\u00bb#ffffff\u00a0\u00bb][vc_column][vc_row_inner seqspeed=\u00a0\u00bb150&Prime;][vc_column_inner width=\u00a0\u00bb3\/4&Prime;][vc_column_text]Haciendo gala de una gran capacidad de escucha y disponibilidad, el equipo de Cythelia pone todo de su parte para satisfacer las expectativas de sus clientes. Aqu\u00ed puede ver algunos comentarios realizados por los clientes despu\u00e9s de nuestras recientes misiones:[\/vc_column_text][vc_empty_space height=\u00a0\u00bb50px\u00a0\u00bb][jeg_testimonial author=\u00a0\u00bbCharles Bramont\u00a0\u00bb author_position=\u00a0\u00bbGerente &#8211; Kilowolt\u00a0\u00bb &hellip; Lire la suite &rarr;\" \/>\n<meta property=\"og:url\" content=\"https:\/\/www.cythelia.fr\/es\/cythelia-3\/referencias\/\" \/>\n<meta property=\"og:site_name\" content=\"Cythelia Version ES\" \/>\n<meta property=\"article:modified_time\" content=\"2023-01-26T08:47:25+00:00\" \/>\n<meta name=\"twitter:label1\" content=\"Dur\u00e9e de lecture estim\u00e9e\" \/>\n\t<meta name=\"twitter:data1\" content=\"2 minutes\" \/>\n<script type=\"application\/ld+json\" class=\"yoast-schema-graph\">{\"@context\":\"https:\/\/schema.org\",\"@graph\":[{\"@type\":\"WebPage\",\"@id\":\"https:\/\/www.cythelia.fr\/es\/cythelia-3\/referencias\/\",\"url\":\"https:\/\/www.cythelia.fr\/es\/cythelia-3\/referencias\/\",\"name\":\"Nuestras referencias\",\"isPartOf\":{\"@id\":\"https:\/\/www.cythelia.fr\/es\/#website\"},\"datePublished\":\"2015-02-18T14:22:49+00:00\",\"dateModified\":\"2023-01-26T08:47:25+00:00\",\"breadcrumb\":{\"@id\":\"https:\/\/www.cythelia.fr\/es\/cythelia-3\/referencias\/#breadcrumb\"},\"inLanguage\":\"fr-FR\",\"potentialAction\":[{\"@type\":\"ReadAction\",\"target\":[\"https:\/\/www.cythelia.fr\/es\/cythelia-3\/referencias\/\"]}]},{\"@type\":\"BreadcrumbList\",\"@id\":\"https:\/\/www.cythelia.fr\/es\/cythelia-3\/referencias\/#breadcrumb\",\"itemListElement\":[{\"@type\":\"ListItem\",\"position\":1,\"name\":\"Accueil\",\"item\":\"https:\/\/www.cythelia.fr\/es\/\"},{\"@type\":\"ListItem\",\"position\":2,\"name\":\"Cythelia\",\"item\":\"https:\/\/www.cythelia.fr\/es\/cythelia-3\/\"},{\"@type\":\"ListItem\",\"position\":3,\"name\":\"Nuestras referencias\"}]},{\"@type\":\"WebSite\",\"@id\":\"https:\/\/www.cythelia.fr\/es\/#website\",\"url\":\"https:\/\/www.cythelia.fr\/es\/\",\"name\":\"Cythelia Version ES\",\"description\":\"\",\"potentialAction\":[{\"@type\":\"SearchAction\",\"target\":{\"@type\":\"EntryPoint\",\"urlTemplate\":\"https:\/\/www.cythelia.fr\/es\/?s={search_term_string}\"},\"query-input\":\"required name=search_term_string\"}],\"inLanguage\":\"fr-FR\"}]}<\/script>\n<!-- \/ Yoast SEO plugin. -->","yoast_head_json":{"title":"Nuestras referencias","robots":{"index":"index","follow":"follow","max-snippet":"max-snippet:-1","max-image-preview":"max-image-preview:large","max-video-preview":"max-video-preview:-1"},"canonical":"https:\/\/www.cythelia.fr\/es\/cythelia-3\/referencias\/","og_locale":"fr_FR","og_type":"article","og_title":"Nuestras referencias","og_description":"[vc_row section_background=\u00a0\u00bbcolor\u00a0\u00bb background_color=\u00a0\u00bb#ffffff\u00a0\u00bb][vc_column][vc_row_inner seqspeed=\u00a0\u00bb150&Prime;][vc_column_inner width=\u00a0\u00bb3\/4&Prime;][vc_column_text]Haciendo gala de una gran capacidad de escucha y disponibilidad, el equipo de Cythelia pone todo de su parte para satisfacer las expectativas de sus clientes. Aqu\u00ed puede ver algunos comentarios realizados por los clientes despu\u00e9s de nuestras recientes misiones:[\/vc_column_text][vc_empty_space height=\u00a0\u00bb50px\u00a0\u00bb][jeg_testimonial author=\u00a0\u00bbCharles Bramont\u00a0\u00bb author_position=\u00a0\u00bbGerente &#8211; Kilowolt\u00a0\u00bb &hellip; Lire la suite &rarr;","og_url":"https:\/\/www.cythelia.fr\/es\/cythelia-3\/referencias\/","og_site_name":"Cythelia Version ES","article_modified_time":"2023-01-26T08:47:25+00:00","twitter_misc":{"Dur\u00e9e de lecture estim\u00e9e":"2 minutes"},"schema":{"@context":"https:\/\/schema.org","@graph":[{"@type":"WebPage","@id":"https:\/\/www.cythelia.fr\/es\/cythelia-3\/referencias\/","url":"https:\/\/www.cythelia.fr\/es\/cythelia-3\/referencias\/","name":"Nuestras referencias","isPartOf":{"@id":"https:\/\/www.cythelia.fr\/es\/#website"},"datePublished":"2015-02-18T14:22:49+00:00","dateModified":"2023-01-26T08:47:25+00:00","breadcrumb":{"@id":"https:\/\/www.cythelia.fr\/es\/cythelia-3\/referencias\/#breadcrumb"},"inLanguage":"fr-FR","potentialAction":[{"@type":"ReadAction","target":["https:\/\/www.cythelia.fr\/es\/cythelia-3\/referencias\/"]}]},{"@type":"BreadcrumbList","@id":"https:\/\/www.cythelia.fr\/es\/cythelia-3\/referencias\/#breadcrumb","itemListElement":[{"@type":"ListItem","position":1,"name":"Accueil","item":"https:\/\/www.cythelia.fr\/es\/"},{"@type":"ListItem","position":2,"name":"Cythelia","item":"https:\/\/www.cythelia.fr\/es\/cythelia-3\/"},{"@type":"ListItem","position":3,"name":"Nuestras referencias"}]},{"@type":"WebSite","@id":"https:\/\/www.cythelia.fr\/es\/#website","url":"https:\/\/www.cythelia.fr\/es\/","name":"Cythelia Version ES","description":"","potentialAction":[{"@type":"SearchAction","target":{"@type":"EntryPoint","urlTemplate":"https:\/\/www.cythelia.fr\/es\/?s={search_term_string}"},"query-input":"required name=search_term_string"}],"inLanguage":"fr-FR"}]}},"_links":{"self":[{"href":"https:\/\/www.cythelia.fr\/es\/wp-json\/wp\/v2\/pages\/5516"}],"collection":[{"href":"https:\/\/www.cythelia.fr\/es\/wp-json\/wp\/v2\/pages"}],"about":[{"href":"https:\/\/www.cythelia.fr\/es\/wp-json\/wp\/v2\/types\/page"}],"author":[{"embeddable":true,"href":"https:\/\/www.cythelia.fr\/es\/wp-json\/wp\/v2\/users\/1"}],"replies":[{"embeddable":true,"href":"https:\/\/www.cythelia.fr\/es\/wp-json\/wp\/v2\/comments?post=5516"}],"version-history":[{"count":6,"href":"https:\/\/www.cythelia.fr\/es\/wp-json\/wp\/v2\/pages\/5516\/revisions"}],"predecessor-version":[{"id":7988,"href":"https:\/\/www.cythelia.fr\/es\/wp-json\/wp\/v2\/pages\/5516\/revisions\/7988"}],"up":[{"embeddable":true,"href":"https:\/\/www.cythelia.fr\/es\/wp-json\/wp\/v2\/pages\/5514"}],"wp:attachment":[{"href":"https:\/\/www.cythelia.fr\/es\/wp-json\/wp\/v2\/media?parent=5516"}],"curies":[{"name":"wp","href":"https:\/\/api.w.org\/{rel}","templated":true}]}}