{"id":5506,"date":"2015-02-18T14:00:07","date_gmt":"2015-02-18T14:00:07","guid":{"rendered":"https:\/\/www.cythelia.fr\/?page_id=5506"},"modified":"2016-12-21T11:59:33","modified_gmt":"2016-12-21T10:59:33","slug":"termografia-infrarroja-dron","status":"publish","type":"page","link":"https:\/\/www.cythelia.fr\/es\/control-energetico\/consejo\/termografia-infrarroja-dron\/","title":{"rendered":"Termograf\u00eda infrarroja por dron"},"content":{"rendered":"<section class=\"wpb-content-wrapper\">[vc_row section_top_margin=\u00a0\u00bbnormaltopmargin\u00a0\u00bb section_bottom_margin=\u00a0\u00bbnormalbottommargin\u00a0\u00bb section_schema=\u00a0\u00bbnormal\u00a0\u00bb section_background=\u00a0\u00bbcolor\u00a0\u00bb background_color=\u00a0\u00bb#ffffff\u00a0\u00bb background_repeat=\u00a0\u00bbrepeat\u00a0\u00bb moving_direction=\u00a0\u00bbhorizontal\u00a0\u00bb parallax_speed_1=\u00a0\u00bb300&Prime; parallax_speed_2=\u00a0\u00bb300&Prime; parallax_speed_3=\u00a0\u00bb300&Prime; parallax_speed_4=\u00a0\u00bb300&Prime; parallax_speed_5=\u00a0\u00bb300&Prime; parallax_speed_6=\u00a0\u00bb300&Prime; parallax_speed_7=\u00a0\u00bb300&Prime; parallax_speed_8=\u00a0\u00bb300&Prime; parallax_speed_9=\u00a0\u00bb300&Prime; parallax_speed_10=\u00a0\u00bb300&Prime;][vc_column width=\u00a0\u00bb1\/1&Prime;][vc_row_inner][vc_column_inner width=\u00a0\u00bb3\/4&Prime;][vc_column_text]Cythelia ha desarrollado un dron multic\u00f3ptero equipado con una c\u00e1mara de termograf\u00eda infrarroja y una c\u00e1mara de alta definici\u00f3n.<\/p>\n<p>Una termograf\u00eda IR de todo el edificio a trav\u00e9s del dron permite <strong>completar una termograf\u00eda realizada desde el suelo<\/strong>: detecci\u00f3n de anomal\u00edas a nivel del edificio, especialmente en tejados y en las partes altas del edificio, y permite poner de manifiesto las p\u00e9rdidas, particularmente a trav\u00e9s de los \u00ab\u00a0puentes t\u00e9rmicos\u00a0\u00bb.[\/vc_column_text][vc_single_image image=\u00a0\u00bb5975&Prime; css_animation=\u00a0\u00bbappear\u00a0\u00bb alignment=\u00a0\u00bbcenter\u00a0\u00bb style=\u00a0\u00bbvc_box_rounded\u00a0\u00bb border_color=\u00a0\u00bbgrey\u00a0\u00bb img_link_target=\u00a0\u00bb_self\u00a0\u00bb img_size=\u00a0\u00bb400&#215;240&Prime;][vc_column_text]La termograf\u00eda por dron es el punto intermedio entre una termograf\u00eda manual desde el suelo y una termograf\u00eda a\u00e9rea por avi\u00f3n sobre barrios enteros. <strong>Permite trabajar a la escala de una manzana o del patrimonio edificado de una gran empresa o comunidad.<\/strong><\/p>\n<p>Cythelia colabora con la Asociaci\u00f3n Francesa de Termograf\u00eda Infrarroja <a href=\"http:\/\/www.aftib.org\/\" target=\"_blank\">(AFTIB)<\/a> desde hace varios a\u00f1os, organizando especialmente cursos de formaci\u00f3n sobre termograf\u00eda infrarroja.[\/vc_column_text][vc_single_image image=\u00a0\u00bb5899&Prime; border_color=\u00a0\u00bbgrey\u00a0\u00bb img_link_target=\u00a0\u00bb_self\u00a0\u00bb css_animation=\u00a0\u00bbappear\u00a0\u00bb img_size=\u00a0\u00bb400&#215;294&Prime; style=\u00a0\u00bbvc_box_rounded\u00a0\u00bb css=\u00a0\u00bb.vc_custom_1447842488931{padding-top: 20px !important;padding-bottom: 20px !important;}\u00a0\u00bb alignment=\u00a0\u00bbcenter\u00a0\u00bb][\/vc_column_inner][vc_column_inner width=\u00a0\u00bb1\/4&Prime; el_class=\u00a0\u00bbsidebarsticker\u00a0\u00bb position=\u00a0\u00bbnone\u00a0\u00bb][vc_widget_sidebar sidebar_id=\u00a0\u00bbSideBar Consommation\u00a0\u00bb][\/vc_column_inner][\/vc_row_inner][\/vc_column][\/vc_row]\n<\/section>","protected":false},"excerpt":{"rendered":"<p>[vc_row section_top_margin=\u00a0\u00bbnormaltopmargin\u00a0\u00bb section_bottom_margin=\u00a0\u00bbnormalbottommargin\u00a0\u00bb section_schema=\u00a0\u00bbnormal\u00a0\u00bb section_background=\u00a0\u00bbcolor\u00a0\u00bb background_color=\u00a0\u00bb#ffffff\u00a0\u00bb background_repeat=\u00a0\u00bbrepeat\u00a0\u00bb moving_direction=\u00a0\u00bbhorizontal\u00a0\u00bb parallax_speed_1=\u00a0\u00bb300&Prime; parallax_speed_2=\u00a0\u00bb300&Prime; parallax_speed_3=\u00a0\u00bb300&Prime; parallax_speed_4=\u00a0\u00bb300&Prime; parallax_speed_5=\u00a0\u00bb300&Prime; parallax_speed_6=\u00a0\u00bb300&Prime; parallax_speed_7=\u00a0\u00bb300&Prime; parallax_speed_8=\u00a0\u00bb300&Prime; parallax_speed_9=\u00a0\u00bb300&Prime; parallax_speed_10=\u00a0\u00bb300&Prime;][vc_column width=\u00a0\u00bb1\/1&Prime;][vc_row_inner][vc_column_inner width=\u00a0\u00bb3\/4&Prime;][vc_column_text]Cythelia ha desarrollado un dron multic\u00f3ptero equipado con una c\u00e1mara de termograf\u00eda infrarroja y una c\u00e1mara de alta definici\u00f3n. Una termograf\u00eda IR de todo el edificio a trav\u00e9s del dron permite &hellip; <a class=\"readmore\" href=\"https:\/\/www.cythelia.fr\/es\/control-energetico\/consejo\/termografia-infrarroja-dron\/\">Lire la suite <span class=\"meta-nav\">&rarr;<\/span><\/a><\/p>\n","protected":false},"author":1,"featured_media":0,"parent":7259,"menu_order":3,"comment_status":"open","ping_status":"closed","template":"template\/template-landing-page-vc.php","meta":[],"yoast_head":"<!-- This site is optimized with the Yoast SEO plugin v20.0 - https:\/\/yoast.com\/wordpress\/plugins\/seo\/ -->\n<title>Termograf\u00eda infrarroja por dron<\/title>\n<meta name=\"description\" content=\"Cythelia ha desarrollado un dron multic\u00f3ptero equipado con una c\u00e1mara de termograf\u00eda infrarroja y una c\u00e1mara de alta definici\u00f3n.\" \/>\n<meta name=\"robots\" content=\"index, follow, max-snippet:-1, max-image-preview:large, max-video-preview:-1\" \/>\n<link rel=\"canonical\" href=\"https:\/\/www.cythelia.fr\/es\/control-energetico\/consejo\/termografia-infrarroja-dron\/\" \/>\n<meta property=\"og:locale\" content=\"fr_FR\" \/>\n<meta property=\"og:type\" content=\"article\" \/>\n<meta property=\"og:title\" content=\"Termograf\u00eda infrarroja por dron\" \/>\n<meta property=\"og:description\" content=\"Cythelia ha desarrollado un dron multic\u00f3ptero equipado con una c\u00e1mara de termograf\u00eda infrarroja y una c\u00e1mara de alta definici\u00f3n.\" \/>\n<meta property=\"og:url\" content=\"https:\/\/www.cythelia.fr\/es\/control-energetico\/consejo\/termografia-infrarroja-dron\/\" \/>\n<meta property=\"og:site_name\" content=\"Cythelia Version ES\" \/>\n<meta property=\"article:modified_time\" content=\"2016-12-21T10:59:33+00:00\" \/>\n<meta name=\"twitter:label1\" content=\"Dur\u00e9e de lecture estim\u00e9e\" \/>\n\t<meta name=\"twitter:data1\" content=\"2 minutes\" \/>\n<script type=\"application\/ld+json\" class=\"yoast-schema-graph\">{\"@context\":\"https:\/\/schema.org\",\"@graph\":[{\"@type\":\"WebPage\",\"@id\":\"https:\/\/www.cythelia.fr\/es\/control-energetico\/consejo\/termografia-infrarroja-dron\/\",\"url\":\"https:\/\/www.cythelia.fr\/es\/control-energetico\/consejo\/termografia-infrarroja-dron\/\",\"name\":\"Termograf\u00eda infrarroja por dron\",\"isPartOf\":{\"@id\":\"https:\/\/www.cythelia.fr\/es\/#website\"},\"datePublished\":\"2015-02-18T14:00:07+00:00\",\"dateModified\":\"2016-12-21T10:59:33+00:00\",\"description\":\"Cythelia ha desarrollado un dron multic\u00f3ptero equipado con una c\u00e1mara de termograf\u00eda infrarroja y una c\u00e1mara de alta definici\u00f3n.\",\"breadcrumb\":{\"@id\":\"https:\/\/www.cythelia.fr\/es\/control-energetico\/consejo\/termografia-infrarroja-dron\/#breadcrumb\"},\"inLanguage\":\"fr-FR\",\"potentialAction\":[{\"@type\":\"ReadAction\",\"target\":[\"https:\/\/www.cythelia.fr\/es\/control-energetico\/consejo\/termografia-infrarroja-dron\/\"]}]},{\"@type\":\"BreadcrumbList\",\"@id\":\"https:\/\/www.cythelia.fr\/es\/control-energetico\/consejo\/termografia-infrarroja-dron\/#breadcrumb\",\"itemListElement\":[{\"@type\":\"ListItem\",\"position\":1,\"name\":\"Accueil\",\"item\":\"https:\/\/www.cythelia.fr\/es\/\"},{\"@type\":\"ListItem\",\"position\":2,\"name\":\"Control energ\u00e9tico\",\"item\":\"https:\/\/www.cythelia.fr\/es\/control-energetico\/\"},{\"@type\":\"ListItem\",\"position\":3,\"name\":\"Consejo\",\"item\":\"https:\/\/www.cythelia.fr\/es\/control-energetico\/consejo\/\"},{\"@type\":\"ListItem\",\"position\":4,\"name\":\"Termograf\u00eda infrarroja por dron\"}]},{\"@type\":\"WebSite\",\"@id\":\"https:\/\/www.cythelia.fr\/es\/#website\",\"url\":\"https:\/\/www.cythelia.fr\/es\/\",\"name\":\"Cythelia Version ES\",\"description\":\"\",\"potentialAction\":[{\"@type\":\"SearchAction\",\"target\":{\"@type\":\"EntryPoint\",\"urlTemplate\":\"https:\/\/www.cythelia.fr\/es\/?s={search_term_string}\"},\"query-input\":\"required name=search_term_string\"}],\"inLanguage\":\"fr-FR\"}]}<\/script>\n<!-- \/ Yoast SEO plugin. -->","yoast_head_json":{"title":"Termograf\u00eda infrarroja por dron","description":"Cythelia ha desarrollado un dron multic\u00f3ptero equipado con una c\u00e1mara de termograf\u00eda infrarroja y una c\u00e1mara de alta definici\u00f3n.","robots":{"index":"index","follow":"follow","max-snippet":"max-snippet:-1","max-image-preview":"max-image-preview:large","max-video-preview":"max-video-preview:-1"},"canonical":"https:\/\/www.cythelia.fr\/es\/control-energetico\/consejo\/termografia-infrarroja-dron\/","og_locale":"fr_FR","og_type":"article","og_title":"Termograf\u00eda infrarroja por dron","og_description":"Cythelia ha desarrollado un dron multic\u00f3ptero equipado con una c\u00e1mara de termograf\u00eda infrarroja y una c\u00e1mara de alta definici\u00f3n.","og_url":"https:\/\/www.cythelia.fr\/es\/control-energetico\/consejo\/termografia-infrarroja-dron\/","og_site_name":"Cythelia Version ES","article_modified_time":"2016-12-21T10:59:33+00:00","twitter_misc":{"Dur\u00e9e de lecture estim\u00e9e":"2 minutes"},"schema":{"@context":"https:\/\/schema.org","@graph":[{"@type":"WebPage","@id":"https:\/\/www.cythelia.fr\/es\/control-energetico\/consejo\/termografia-infrarroja-dron\/","url":"https:\/\/www.cythelia.fr\/es\/control-energetico\/consejo\/termografia-infrarroja-dron\/","name":"Termograf\u00eda infrarroja por dron","isPartOf":{"@id":"https:\/\/www.cythelia.fr\/es\/#website"},"datePublished":"2015-02-18T14:00:07+00:00","dateModified":"2016-12-21T10:59:33+00:00","description":"Cythelia ha desarrollado un dron multic\u00f3ptero equipado con una c\u00e1mara de termograf\u00eda infrarroja y una c\u00e1mara de alta definici\u00f3n.","breadcrumb":{"@id":"https:\/\/www.cythelia.fr\/es\/control-energetico\/consejo\/termografia-infrarroja-dron\/#breadcrumb"},"inLanguage":"fr-FR","potentialAction":[{"@type":"ReadAction","target":["https:\/\/www.cythelia.fr\/es\/control-energetico\/consejo\/termografia-infrarroja-dron\/"]}]},{"@type":"BreadcrumbList","@id":"https:\/\/www.cythelia.fr\/es\/control-energetico\/consejo\/termografia-infrarroja-dron\/#breadcrumb","itemListElement":[{"@type":"ListItem","position":1,"name":"Accueil","item":"https:\/\/www.cythelia.fr\/es\/"},{"@type":"ListItem","position":2,"name":"Control energ\u00e9tico","item":"https:\/\/www.cythelia.fr\/es\/control-energetico\/"},{"@type":"ListItem","position":3,"name":"Consejo","item":"https:\/\/www.cythelia.fr\/es\/control-energetico\/consejo\/"},{"@type":"ListItem","position":4,"name":"Termograf\u00eda infrarroja por dron"}]},{"@type":"WebSite","@id":"https:\/\/www.cythelia.fr\/es\/#website","url":"https:\/\/www.cythelia.fr\/es\/","name":"Cythelia Version ES","description":"","potentialAction":[{"@type":"SearchAction","target":{"@type":"EntryPoint","urlTemplate":"https:\/\/www.cythelia.fr\/es\/?s={search_term_string}"},"query-input":"required name=search_term_string"}],"inLanguage":"fr-FR"}]}},"_links":{"self":[{"href":"https:\/\/www.cythelia.fr\/es\/wp-json\/wp\/v2\/pages\/5506"}],"collection":[{"href":"https:\/\/www.cythelia.fr\/es\/wp-json\/wp\/v2\/pages"}],"about":[{"href":"https:\/\/www.cythelia.fr\/es\/wp-json\/wp\/v2\/types\/page"}],"author":[{"embeddable":true,"href":"https:\/\/www.cythelia.fr\/es\/wp-json\/wp\/v2\/users\/1"}],"replies":[{"embeddable":true,"href":"https:\/\/www.cythelia.fr\/es\/wp-json\/wp\/v2\/comments?post=5506"}],"version-history":[{"count":2,"href":"https:\/\/www.cythelia.fr\/es\/wp-json\/wp\/v2\/pages\/5506\/revisions"}],"predecessor-version":[{"id":7887,"href":"https:\/\/www.cythelia.fr\/es\/wp-json\/wp\/v2\/pages\/5506\/revisions\/7887"}],"up":[{"embeddable":true,"href":"https:\/\/www.cythelia.fr\/es\/wp-json\/wp\/v2\/pages\/7259"}],"wp:attachment":[{"href":"https:\/\/www.cythelia.fr\/es\/wp-json\/wp\/v2\/media?parent=5506"}],"curies":[{"name":"wp","href":"https:\/\/api.w.org\/{rel}","templated":true}]}}