{"id":5504,"date":"2015-02-18T13:59:52","date_gmt":"2015-02-18T13:59:52","guid":{"rendered":"https:\/\/www.cythelia.fr\/?page_id=5504"},"modified":"2015-02-18T13:59:52","modified_gmt":"2015-02-18T13:59:52","slug":"etudes-rt","status":"publish","type":"page","link":"https:\/\/www.cythelia.fr\/es\/control-energetico\/prestations-specifiques\/etudes-rt\/","title":{"rendered":"Etudes RT"},"content":{"rendered":"<section class=\"wpb-content-wrapper\">[vc_row section_top_margin=\u00a0\u00bbnormaltopmargin\u00a0\u00bb section_bottom_margin=\u00a0\u00bbnormalbottommargin\u00a0\u00bb section_schema=\u00a0\u00bbnormal\u00a0\u00bb section_background=\u00a0\u00bbcolor\u00a0\u00bb background_color=\u00a0\u00bb#ffffff\u00a0\u00bb background_repeat=\u00a0\u00bbrepeat\u00a0\u00bb moving_direction=\u00a0\u00bbhorizontal\u00a0\u00bb parallax_speed_1=\u00a0\u00bb300&Prime; parallax_speed_2=\u00a0\u00bb300&Prime; parallax_speed_3=\u00a0\u00bb300&Prime; parallax_speed_4=\u00a0\u00bb300&Prime; parallax_speed_5=\u00a0\u00bb300&Prime; parallax_speed_6=\u00a0\u00bb300&Prime; parallax_speed_7=\u00a0\u00bb300&Prime; parallax_speed_8=\u00a0\u00bb300&Prime; parallax_speed_9=\u00a0\u00bb300&Prime; parallax_speed_10=\u00a0\u00bb300&Prime;][vc_column width=\u00a0\u00bb1\/1&Prime;][vc_row_inner][vc_column_inner width=\u00a0\u00bb3\/4&Prime;][vc_custom_heading text=\u00a0\u00bbDes \u00e9tudes thermiques RT 2012 compl\u00e8tes \u00a0\u00bb font_container=\u00a0\u00bbtag:h2|text_align:left\u00a0\u00bb google_fonts=\u00a0\u00bbfont_family:Open%20Sans%3A300%2C300italic%2Cregular%2Citalic%2C600%2C600italic%2C700%2C700italic%2C800%2C800italic|font_style:400%20regular%3A400%3Anormal\u00a0\u00bb][vc_column_text]<strong>Cythelia<\/strong> r\u00e9alise des \u00e9tudes RT2012 compl\u00e8tes utilisant le moteur de calcul certifi\u00e9 Th-BCE .<\/p>\n<p>Nous g\u00e9n\u00e9rons les documents \u00e0 fournir \u00e0 votre mairie lors du d\u00e9p\u00f4t du permis de construire, ainsi que les rapports d\u00e9taill\u00e9s \u00e0 fournir \u00e0 votre diagnostiqueur lors de l\u2019\u00e9dition de l\u2019attestation de fin de travaux.<\/p>\n<p><img decoding=\"async\" loading=\"lazy\" class=\"alignright size-full wp-image-5983\" style=\"margin-left: 20px;padding-top: 30px;margin-right: 20px\" src=\"https:\/\/www.cythelia.fr\/es\/wp-content\/uploads\/sites\/3\/2015\/02\/logo-opqibi-Avec-Numero-certification-TRANSPARENT-REDUIT.png\" alt=\"\" width=\"130\" height=\"82\" \/>Afin d\u2019optimiser le temps des \u00e9tudes RT 2012, nous fournissons un fichier \u00e0 compl\u00e9ter, listant les \u00e9l\u00e9ments n\u00e9cessaires \u00e0 la r\u00e9alisation de l\u2019\u00e9tude. Si votre projet n\u2019est pas encore clairement d\u00e9fini, nous pouvons vous conseiller en phase amont pour effectuer les bons choix d\u00e8s la conception de votre projet.<\/p>\n<p>Notre certification OPQIBI 19.05 et Promotelec vous garanti notre savoir faire dans le domaine de la thermique du b\u00e2timent.[\/vc_column_text][vc_empty_space height=\u00a0\u00bb50px\u00a0\u00bb][vc_custom_heading text=\u00a0\u00bbLes \u00e9tapes cl\u00e9s lors de votre \u00e9tude thermique RT 2012 :\u00a0\u00bb font_container=\u00a0\u00bbtag:h2|text_align:left\u00a0\u00bb google_fonts=\u00a0\u00bbfont_family:Open%20Sans%3A300%2C300italic%2Cregular%2Citalic%2C600%2C600italic%2C700%2C700italic%2C800%2C800italic|font_style:400%20regular%3A400%3Anormal\u00a0\u00bb][vc_column_text]<strong>Etude RT 2012 &#8211; Etape 1 : Recueil des documents n\u00e9cessaires \u00e0 la r\u00e9alisation de l\u2019\u00e9tude thermique RT 2012<\/strong><br \/>\nPour vous faciliter la t\u00e2che dans le recueil des documents qui nous sont n\u00e9cessaires pour r\u00e9aliser votre \u00e9tude thermique RT 2012, CYTHELIA a r\u00e9alis\u00e9 un fichier que nous vous enverrons gratuitement. Vous pouvez en voir un apper\u00e7u via ce lien : \u00ab <a href=\"\/pdf\/Etude-thermique-RT-2012-Fichier-client.pdf\" target=\"_blank\">Etude thermique RT 2012 : Fichier Client<\/a> \u00bb.<br \/>\nAvec ce fichier, nous pourrons r\u00e9aliser votre \u00e9tude RT2012 dans les meilleures conditions possibles, vous assurant une forte r\u00e9activit\u00e9.<\/p>\n<p><strong>Etude RT 2012 &#8211; Etape 2 : R\u00e9alisation de l\u2019\u00e9tude<\/strong><br \/>\nUne fois les documents cit\u00e9s dans le fichier client en notre possession, nous mod\u00e9lisons le b\u00e2timent et r\u00e9alisons le calcul de l\u2019\u00e9tude RT 2012 avec le moteur de calcul Th-BCE. A la demande, nous pouvons vous conseiller sur vos choix en termes d\u2019isolation ou de syst\u00e8mes de chauffage.<\/p>\n<p><strong>Etude RT 2012 &#8211; Etape 3 : Validation du projet<\/strong><br \/>\nLes r\u00e9sultats de l\u2019\u00e9tude RT 2012 permettront de dire si oui ou non votre b\u00e2timent respecte la r\u00e9glementation. Si le r\u00e9sultat est positif, nous vous fournirons les rapports \u00e0 remettre \u00e0 la mairie pour le d\u00e9p\u00f4t du permis de construire. Un rapport d\u2019\u00e9tude RT 2012 plus complet vous sera fourni pour votre attestation de fin de travaux. Le diagnostiqueur utilisera ce document pour v\u00e9rifier que les syst\u00e8mes mis en \u0153uvre correspondent bien \u00e0 ce qui \u00e0 \u00e9t\u00e9 choisi lors de l\u2019\u00e9tude thermique RT 2012.<\/p>\n<p><strong>Etude RT 2012 &#8211; Etape 4 : Aide au respect de la r\u00e9glementation<\/strong><br \/>\nDans le cas ou votre projet n\u2019est pas r\u00e9glementaire, CYTHELIA vous prodiguera des conseils pour atteindre le niveau RT 2012 au moindre co\u00fbt (optimisation technico-\u00e9conomique). [\/vc_column_text][vc_empty_space height=\u00a0\u00bb50px\u00a0\u00bb][vc_custom_heading text=\u00a0\u00bbLa RT 2012 en bref\u00a0\u00bb font_container=\u00a0\u00bbtag:h2|text_align:left\u00a0\u00bb google_fonts=\u00a0\u00bbfont_family:Open%20Sans%3A300%2C300italic%2Cregular%2Citalic%2C600%2C600italic%2C700%2C700italic%2C800%2C800italic|font_style:400%20regular%3A400%3Anormal\u00a0\u00bb][vc_column_text]Les objectifs des RT (notamment la RT 2012) sont principalement :<\/p>\n<ul>\n<li>\u00c9valuer la conformit\u00e9 d\u2019un b\u00e2timent par rapport \u00e0 des exigences nationales ;<\/li>\n<li>Pouvoir comparer diff\u00e9rents b\u00e2timents \u00e0 partir de crit\u00e8res et hypoth\u00e8ses fixes ;<\/li>\n<li>Garantir une performance minimale \u00e0 l\u2019\u00e9chelle nationale.<\/li>\n<\/ul>\n<p>Le calcul r\u00e9glementaire n\u2019a donc pas pour objectif de concevoir ou dimensionner un b\u00e2timent, mais bien de contr\u00f4ler des performances minimales. Il ne faut donc pas prendre la r\u00e9glementation thermique en exemple ou en r\u00e9f\u00e9rence de b\u00e2timents performants pour aider \u00e0 la conception.<\/p>\n<p><strong>R\u00e9glementations Thermiques dans le neuf : de la RT1974 \u00e0 la RT2012<\/strong><\/p>\n<p>L\u2019histogramme ci-dessous montre l\u2019\u00e9volution des exigences des r\u00e9glementations thermiques dans le neuf ces derni\u00e8res ann\u00e9es<\/p>\n<p><img decoding=\"async\" loading=\"lazy\" class=\"aligncenter size-full wp-image-6438\" src=\"https:\/\/www.cythelia.fr\/es\/wp-content\/uploads\/sites\/3\/2015\/02\/historique-exigences-thermiques.jpg\" alt=\"historique-exigences-thermiques\" width=\"702\" height=\"470\" srcset=\"https:\/\/www.cythelia.fr\/es\/wp-content\/uploads\/sites\/3\/2015\/02\/historique-exigences-thermiques.jpg 702w, https:\/\/www.cythelia.fr\/es\/wp-content\/uploads\/sites\/3\/2015\/02\/historique-exigences-thermiques-300x201.jpg 300w\" sizes=\"(max-width: 702px) 100vw, 702px\" \/>[\/vc_column_text][vc_empty_space height=\u00a0\u00bb50px\u00a0\u00bb][\/vc_column_inner][vc_column_inner width=\u00a0\u00bb1\/4&Prime; el_class=\u00a0\u00bbsidebarsticker\u00a0\u00bb position=\u00a0\u00bbnone\u00a0\u00bb][vc_widget_sidebar sidebar_id=\u00a0\u00bbSideBar Consommation\u00a0\u00bb][\/vc_column_inner][\/vc_row_inner][\/vc_column][\/vc_row]\n<\/section>","protected":false},"excerpt":{"rendered":"<p>[vc_row section_top_margin=\u00a0\u00bbnormaltopmargin\u00a0\u00bb section_bottom_margin=\u00a0\u00bbnormalbottommargin\u00a0\u00bb section_schema=\u00a0\u00bbnormal\u00a0\u00bb section_background=\u00a0\u00bbcolor\u00a0\u00bb background_color=\u00a0\u00bb#ffffff\u00a0\u00bb background_repeat=\u00a0\u00bbrepeat\u00a0\u00bb moving_direction=\u00a0\u00bbhorizontal\u00a0\u00bb parallax_speed_1=\u00a0\u00bb300&Prime; parallax_speed_2=\u00a0\u00bb300&Prime; parallax_speed_3=\u00a0\u00bb300&Prime; parallax_speed_4=\u00a0\u00bb300&Prime; parallax_speed_5=\u00a0\u00bb300&Prime; parallax_speed_6=\u00a0\u00bb300&Prime; parallax_speed_7=\u00a0\u00bb300&Prime; parallax_speed_8=\u00a0\u00bb300&Prime; parallax_speed_9=\u00a0\u00bb300&Prime; parallax_speed_10=\u00a0\u00bb300&Prime;][vc_column width=\u00a0\u00bb1\/1&Prime;][vc_row_inner][vc_column_inner width=\u00a0\u00bb3\/4&Prime;][vc_custom_heading text=\u00a0\u00bbDes \u00e9tudes thermiques RT 2012 compl\u00e8tes \u00a0\u00bb font_container=\u00a0\u00bbtag:h2|text_align:left\u00a0\u00bb google_fonts=\u00a0\u00bbfont_family:Open%20Sans%3A300%2C300italic%2Cregular%2Citalic%2C600%2C600italic%2C700%2C700italic%2C800%2C800italic|font_style:400%20regular%3A400%3Anormal\u00a0\u00bb][vc_column_text]Cythelia r\u00e9alise des \u00e9tudes RT2012 compl\u00e8tes utilisant le moteur de calcul certifi\u00e9 Th-BCE . Nous g\u00e9n\u00e9rons les documents \u00e0 fournir \u00e0 votre &hellip; <a class=\"readmore\" href=\"https:\/\/www.cythelia.fr\/es\/control-energetico\/prestations-specifiques\/etudes-rt\/\">Lire la suite <span class=\"meta-nav\">&rarr;<\/span><\/a><\/p>\n","protected":false},"author":1,"featured_media":0,"parent":5499,"menu_order":0,"comment_status":"open","ping_status":"open","template":"template\/template-landing-page-vc.php","meta":[],"yoast_head":"<!-- This site is optimized with the Yoast SEO plugin v20.0 - https:\/\/yoast.com\/wordpress\/plugins\/seo\/ -->\n<title>Etudes RT<\/title>\n<meta name=\"description\" content=\"Cythelia r\u00e9alise des \u00e9tudes RT2012 compl\u00e8tes utilisant le moteur de calcul certifi\u00e9 Th-BCE .\" \/>\n<meta name=\"robots\" content=\"index, follow, max-snippet:-1, max-image-preview:large, max-video-preview:-1\" \/>\n<link rel=\"canonical\" href=\"https:\/\/www.cythelia.fr\/es\/control-energetico\/prestations-specifiques\/etudes-rt\/\" \/>\n<meta property=\"og:locale\" content=\"fr_FR\" \/>\n<meta property=\"og:type\" content=\"article\" \/>\n<meta property=\"og:title\" content=\"Etudes RT\" \/>\n<meta property=\"og:description\" content=\"Cythelia r\u00e9alise des \u00e9tudes RT2012 compl\u00e8tes utilisant le moteur de calcul certifi\u00e9 Th-BCE .\" \/>\n<meta property=\"og:url\" content=\"https:\/\/www.cythelia.fr\/es\/control-energetico\/prestations-specifiques\/etudes-rt\/\" \/>\n<meta property=\"og:site_name\" content=\"Cythelia Version ES\" \/>\n<meta property=\"og:image\" content=\"https:\/\/www.cythelia.fr\/es\/wp-content\/uploads\/sites\/3\/2015\/02\/logo-opqibi-Avec-Numero-certification-TRANSPARENT-REDUIT.png\" \/>\n<meta name=\"twitter:label1\" content=\"Dur\u00e9e de lecture estim\u00e9e\" \/>\n\t<meta name=\"twitter:data1\" content=\"4 minutes\" \/>\n<script type=\"application\/ld+json\" class=\"yoast-schema-graph\">{\"@context\":\"https:\/\/schema.org\",\"@graph\":[{\"@type\":\"WebPage\",\"@id\":\"https:\/\/www.cythelia.fr\/es\/control-energetico\/prestations-specifiques\/etudes-rt\/\",\"url\":\"https:\/\/www.cythelia.fr\/es\/control-energetico\/prestations-specifiques\/etudes-rt\/\",\"name\":\"Etudes RT\",\"isPartOf\":{\"@id\":\"https:\/\/www.cythelia.fr\/es\/#website\"},\"datePublished\":\"2015-02-18T13:59:52+00:00\",\"dateModified\":\"2015-02-18T13:59:52+00:00\",\"description\":\"Cythelia r\u00e9alise des \u00e9tudes RT2012 compl\u00e8tes utilisant le moteur de calcul certifi\u00e9 Th-BCE .\",\"breadcrumb\":{\"@id\":\"https:\/\/www.cythelia.fr\/es\/control-energetico\/prestations-specifiques\/etudes-rt\/#breadcrumb\"},\"inLanguage\":\"fr-FR\",\"potentialAction\":[{\"@type\":\"ReadAction\",\"target\":[\"https:\/\/www.cythelia.fr\/es\/control-energetico\/prestations-specifiques\/etudes-rt\/\"]}]},{\"@type\":\"BreadcrumbList\",\"@id\":\"https:\/\/www.cythelia.fr\/es\/control-energetico\/prestations-specifiques\/etudes-rt\/#breadcrumb\",\"itemListElement\":[{\"@type\":\"ListItem\",\"position\":1,\"name\":\"Accueil\",\"item\":\"https:\/\/www.cythelia.fr\/es\/\"},{\"@type\":\"ListItem\",\"position\":2,\"name\":\"Control energ\u00e9tico\",\"item\":\"https:\/\/www.cythelia.fr\/es\/control-energetico\/\"},{\"@type\":\"ListItem\",\"position\":3,\"name\":\"Prestaciones espec\u00edficas\",\"item\":\"https:\/\/www.cythelia.fr\/es\/control-energetico\/prestations-specifiques\/\"},{\"@type\":\"ListItem\",\"position\":4,\"name\":\"Etudes RT\"}]},{\"@type\":\"WebSite\",\"@id\":\"https:\/\/www.cythelia.fr\/es\/#website\",\"url\":\"https:\/\/www.cythelia.fr\/es\/\",\"name\":\"Cythelia Version ES\",\"description\":\"\",\"potentialAction\":[{\"@type\":\"SearchAction\",\"target\":{\"@type\":\"EntryPoint\",\"urlTemplate\":\"https:\/\/www.cythelia.fr\/es\/?s={search_term_string}\"},\"query-input\":\"required name=search_term_string\"}],\"inLanguage\":\"fr-FR\"}]}<\/script>\n<!-- \/ Yoast SEO plugin. -->","yoast_head_json":{"title":"Etudes RT","description":"Cythelia r\u00e9alise des \u00e9tudes RT2012 compl\u00e8tes utilisant le moteur de calcul certifi\u00e9 Th-BCE .","robots":{"index":"index","follow":"follow","max-snippet":"max-snippet:-1","max-image-preview":"max-image-preview:large","max-video-preview":"max-video-preview:-1"},"canonical":"https:\/\/www.cythelia.fr\/es\/control-energetico\/prestations-specifiques\/etudes-rt\/","og_locale":"fr_FR","og_type":"article","og_title":"Etudes RT","og_description":"Cythelia r\u00e9alise des \u00e9tudes RT2012 compl\u00e8tes utilisant le moteur de calcul certifi\u00e9 Th-BCE .","og_url":"https:\/\/www.cythelia.fr\/es\/control-energetico\/prestations-specifiques\/etudes-rt\/","og_site_name":"Cythelia Version ES","og_image":[{"url":"https:\/\/www.cythelia.fr\/es\/wp-content\/uploads\/sites\/3\/2015\/02\/logo-opqibi-Avec-Numero-certification-TRANSPARENT-REDUIT.png"}],"twitter_misc":{"Dur\u00e9e de lecture estim\u00e9e":"4 minutes"},"schema":{"@context":"https:\/\/schema.org","@graph":[{"@type":"WebPage","@id":"https:\/\/www.cythelia.fr\/es\/control-energetico\/prestations-specifiques\/etudes-rt\/","url":"https:\/\/www.cythelia.fr\/es\/control-energetico\/prestations-specifiques\/etudes-rt\/","name":"Etudes RT","isPartOf":{"@id":"https:\/\/www.cythelia.fr\/es\/#website"},"datePublished":"2015-02-18T13:59:52+00:00","dateModified":"2015-02-18T13:59:52+00:00","description":"Cythelia r\u00e9alise des \u00e9tudes RT2012 compl\u00e8tes utilisant le moteur de calcul certifi\u00e9 Th-BCE .","breadcrumb":{"@id":"https:\/\/www.cythelia.fr\/es\/control-energetico\/prestations-specifiques\/etudes-rt\/#breadcrumb"},"inLanguage":"fr-FR","potentialAction":[{"@type":"ReadAction","target":["https:\/\/www.cythelia.fr\/es\/control-energetico\/prestations-specifiques\/etudes-rt\/"]}]},{"@type":"BreadcrumbList","@id":"https:\/\/www.cythelia.fr\/es\/control-energetico\/prestations-specifiques\/etudes-rt\/#breadcrumb","itemListElement":[{"@type":"ListItem","position":1,"name":"Accueil","item":"https:\/\/www.cythelia.fr\/es\/"},{"@type":"ListItem","position":2,"name":"Control energ\u00e9tico","item":"https:\/\/www.cythelia.fr\/es\/control-energetico\/"},{"@type":"ListItem","position":3,"name":"Prestaciones espec\u00edficas","item":"https:\/\/www.cythelia.fr\/es\/control-energetico\/prestations-specifiques\/"},{"@type":"ListItem","position":4,"name":"Etudes RT"}]},{"@type":"WebSite","@id":"https:\/\/www.cythelia.fr\/es\/#website","url":"https:\/\/www.cythelia.fr\/es\/","name":"Cythelia Version ES","description":"","potentialAction":[{"@type":"SearchAction","target":{"@type":"EntryPoint","urlTemplate":"https:\/\/www.cythelia.fr\/es\/?s={search_term_string}"},"query-input":"required name=search_term_string"}],"inLanguage":"fr-FR"}]}},"_links":{"self":[{"href":"https:\/\/www.cythelia.fr\/es\/wp-json\/wp\/v2\/pages\/5504"}],"collection":[{"href":"https:\/\/www.cythelia.fr\/es\/wp-json\/wp\/v2\/pages"}],"about":[{"href":"https:\/\/www.cythelia.fr\/es\/wp-json\/wp\/v2\/types\/page"}],"author":[{"embeddable":true,"href":"https:\/\/www.cythelia.fr\/es\/wp-json\/wp\/v2\/users\/1"}],"replies":[{"embeddable":true,"href":"https:\/\/www.cythelia.fr\/es\/wp-json\/wp\/v2\/comments?post=5504"}],"version-history":[{"count":0,"href":"https:\/\/www.cythelia.fr\/es\/wp-json\/wp\/v2\/pages\/5504\/revisions"}],"up":[{"embeddable":true,"href":"https:\/\/www.cythelia.fr\/es\/wp-json\/wp\/v2\/pages\/5499"}],"wp:attachment":[{"href":"https:\/\/www.cythelia.fr\/es\/wp-json\/wp\/v2\/media?parent=5504"}],"curies":[{"name":"wp","href":"https:\/\/api.w.org\/{rel}","templated":true}]}}