{"id":5493,"date":"2015-02-18T13:57:14","date_gmt":"2015-02-18T13:57:14","guid":{"rendered":"https:\/\/www.cythelia.fr\/?page_id=5493"},"modified":"2023-05-02T12:32:55","modified_gmt":"2023-05-02T11:32:55","slug":"direccion-obra-renovacion","status":"publish","type":"page","link":"https:\/\/www.cythelia.fr\/es\/control-energetico\/direccion-obra-renovacion\/","title":{"rendered":"Direcci\u00f3n de obra completa en renovaci\u00f3n"},"content":{"rendered":"<section class=\"wpb-content-wrapper\">[vc_row section_background=\u00a0\u00bbcolor\u00a0\u00bb background_color=\u00a0\u00bb#ffffff\u00a0\u00bb][vc_column][vc_row_inner][vc_column_inner width=\u00a0\u00bb3\/4&Prime;][vc_column_text]Ofrecemos soluciones completas de renovaci\u00f3n de <strong>edificios terciarios y viviendas colectivas<\/strong>:<\/p>\n<blockquote><p><em><strong>Fase de diagn\u00f3stico <\/strong> (<a title=\"Auditor\u00eda energ\u00e9tica\" href=\"https:\/\/www.cythelia.fr\/es\/control-energetico\/conseil\/audit-energetique\/\">auditor\u00eda energ\u00e9tica<\/a>, t\u00e9cnica, arquitect\u00f3nica)<\/em><\/p>\n<p><em><strong>Fase de dise\u00f1o <\/strong>(elecci\u00f3n de soluciones)<\/em><\/p>\n<p><em><strong>Fase de realizaci\u00f3n <\/strong> (selecci\u00f3n de empresas, seguimiento de obra)<\/em><\/p><\/blockquote>\n<p><span style=\"font-weight: 400;\">Especialistas en los aspectos energ\u00e9ticos del edificio, trabajamos en una estrategia de <strong>coherencia global que permite alcanzar los objetivos de rendimiento y de confort sostenible<\/strong>.<\/span><\/p>\n<p><span style=\"font-weight: 400;\">Nuestro <a title=\"El equipo\" href=\"https:\/\/www.cythelia.fr\/es\/cythelia-3\/equipo\/\">equipo de ingenieros<\/a><\/span> pluridisciplinar constituye la base de nuestros conocimientos y habilidades.<b style=\"font-weight: bold;\"> <\/b><span style=\"font-weight: 400;\">Para misiones espec\u00edficas complementarias, nos apoyamos en <a title=\"Nuestros socios\" href=\"https:\/\/www.cythelia.fr\/es\/cythelia-3\/socios\/\">nuestra red de socios<\/a>.<\/span>[\/vc_column_text][vc_empty_space][vc_custom_heading text=\u00a0\u00bbEjemplos de referencias en direcci\u00f3n de obra de renovaci\u00f3n\u00a0\u00bb font_container=\u00a0\u00bbtag:h3|text_align:left\u00a0\u00bb google_fonts=\u00a0\u00bbfont_family:Open%20Sans%3A300%2C300italic%2Cregular%2Citalic%2C600%2C600italic%2C700%2C700italic%2C800%2C800italic|font_style:400%20regular%3A400%3Anormal\u00a0\u00bb][vc_empty_space][vc_basic_grid post_type=\u00a0\u00bbpost\u00a0\u00bb max_items=\u00a0\u00bb-1&Prime; grid_id=\u00a0\u00bbvc_gid:1683027145021-853b1389-e0c2-5&Prime; taxonomies=\u00a0\u00bb15&Prime;][vc_button title=\u00a0\u00bbVer todas las referencias\u00a0\u00bb color=\u00a0\u00bbbtn-primary\u00a0\u00bb href=\u00a0\u00bb\/es\/cythelia-3\/referencias\/\u00a0\u00bb][\/vc_column_inner][vc_column_inner el_class=\u00a0\u00bbsidebarsticker\u00a0\u00bb width=\u00a0\u00bb1\/4&Prime;][vc_widget_sidebar sidebar_id=\u00a0\u00bbSideBar Consommation\u00a0\u00bb][\/vc_column_inner][\/vc_row_inner][\/vc_column][\/vc_row][vc_row][vc_column][\/vc_column][\/vc_row]\n<\/section>","protected":false},"excerpt":{"rendered":"<p>[vc_row section_background=\u00a0\u00bbcolor\u00a0\u00bb background_color=\u00a0\u00bb#ffffff\u00a0\u00bb][vc_column][vc_row_inner][vc_column_inner width=\u00a0\u00bb3\/4&Prime;][vc_column_text]Ofrecemos soluciones completas de renovaci\u00f3n de edificios terciarios y viviendas colectivas: Fase de diagn\u00f3stico (auditor\u00eda energ\u00e9tica, t\u00e9cnica, arquitect\u00f3nica) Fase de dise\u00f1o (elecci\u00f3n de soluciones) Fase de realizaci\u00f3n (selecci\u00f3n de empresas, seguimiento de obra) Especialistas en los aspectos energ\u00e9ticos del edificio, trabajamos en una estrategia de coherencia global &hellip; <a class=\"readmore\" href=\"https:\/\/www.cythelia.fr\/es\/control-energetico\/direccion-obra-renovacion\/\">Lire la suite <span class=\"meta-nav\">&rarr;<\/span><\/a><\/p>\n","protected":false},"author":1,"featured_media":0,"parent":5459,"menu_order":2,"comment_status":"open","ping_status":"closed","template":"template\/template-landing-page-vc.php","meta":[],"yoast_head":"<!-- This site is optimized with the Yoast SEO plugin v20.0 - https:\/\/yoast.com\/wordpress\/plugins\/seo\/ -->\n<title>Direcci\u00f3n de obra - Renovaci\u00f3n<\/title>\n<meta name=\"robots\" content=\"index, follow, max-snippet:-1, max-image-preview:large, max-video-preview:-1\" \/>\n<link rel=\"canonical\" href=\"https:\/\/www.cythelia.fr\/es\/control-energetico\/direccion-obra-renovacion\/\" \/>\n<meta property=\"og:locale\" content=\"fr_FR\" \/>\n<meta property=\"og:type\" content=\"article\" \/>\n<meta property=\"og:title\" content=\"Direcci\u00f3n de obra - Renovaci\u00f3n\" \/>\n<meta property=\"og:description\" content=\"[vc_row section_background=\u00a0\u00bbcolor\u00a0\u00bb background_color=\u00a0\u00bb#ffffff\u00a0\u00bb][vc_column][vc_row_inner][vc_column_inner width=\u00a0\u00bb3\/4&Prime;][vc_column_text]Ofrecemos soluciones completas de renovaci\u00f3n de edificios terciarios y viviendas colectivas: Fase de diagn\u00f3stico (auditor\u00eda energ\u00e9tica, t\u00e9cnica, arquitect\u00f3nica) Fase de dise\u00f1o (elecci\u00f3n de soluciones) Fase de realizaci\u00f3n (selecci\u00f3n de empresas, seguimiento de obra) Especialistas en los aspectos energ\u00e9ticos del edificio, trabajamos en una estrategia de coherencia global &hellip; Lire la suite &rarr;\" \/>\n<meta property=\"og:url\" content=\"https:\/\/www.cythelia.fr\/es\/control-energetico\/direccion-obra-renovacion\/\" \/>\n<meta property=\"og:site_name\" content=\"Cythelia Version ES\" \/>\n<meta property=\"article:modified_time\" content=\"2023-05-02T11:32:55+00:00\" \/>\n<meta name=\"twitter:label1\" content=\"Dur\u00e9e de lecture estim\u00e9e\" \/>\n\t<meta name=\"twitter:data1\" content=\"1 minute\" \/>\n<script type=\"application\/ld+json\" class=\"yoast-schema-graph\">{\"@context\":\"https:\/\/schema.org\",\"@graph\":[{\"@type\":\"WebPage\",\"@id\":\"https:\/\/www.cythelia.fr\/es\/control-energetico\/direccion-obra-renovacion\/\",\"url\":\"https:\/\/www.cythelia.fr\/es\/control-energetico\/direccion-obra-renovacion\/\",\"name\":\"Direcci\u00f3n de obra - Renovaci\u00f3n\",\"isPartOf\":{\"@id\":\"https:\/\/www.cythelia.fr\/es\/#website\"},\"datePublished\":\"2015-02-18T13:57:14+00:00\",\"dateModified\":\"2023-05-02T11:32:55+00:00\",\"breadcrumb\":{\"@id\":\"https:\/\/www.cythelia.fr\/es\/control-energetico\/direccion-obra-renovacion\/#breadcrumb\"},\"inLanguage\":\"fr-FR\",\"potentialAction\":[{\"@type\":\"ReadAction\",\"target\":[\"https:\/\/www.cythelia.fr\/es\/control-energetico\/direccion-obra-renovacion\/\"]}]},{\"@type\":\"BreadcrumbList\",\"@id\":\"https:\/\/www.cythelia.fr\/es\/control-energetico\/direccion-obra-renovacion\/#breadcrumb\",\"itemListElement\":[{\"@type\":\"ListItem\",\"position\":1,\"name\":\"Accueil\",\"item\":\"https:\/\/www.cythelia.fr\/es\/\"},{\"@type\":\"ListItem\",\"position\":2,\"name\":\"Control energ\u00e9tico\",\"item\":\"https:\/\/www.cythelia.fr\/es\/control-energetico\/\"},{\"@type\":\"ListItem\",\"position\":3,\"name\":\"Direcci\u00f3n de obra completa en renovaci\u00f3n\"}]},{\"@type\":\"WebSite\",\"@id\":\"https:\/\/www.cythelia.fr\/es\/#website\",\"url\":\"https:\/\/www.cythelia.fr\/es\/\",\"name\":\"Cythelia Version ES\",\"description\":\"\",\"potentialAction\":[{\"@type\":\"SearchAction\",\"target\":{\"@type\":\"EntryPoint\",\"urlTemplate\":\"https:\/\/www.cythelia.fr\/es\/?s={search_term_string}\"},\"query-input\":\"required name=search_term_string\"}],\"inLanguage\":\"fr-FR\"}]}<\/script>\n<!-- \/ Yoast SEO plugin. -->","yoast_head_json":{"title":"Direcci\u00f3n de obra - Renovaci\u00f3n","robots":{"index":"index","follow":"follow","max-snippet":"max-snippet:-1","max-image-preview":"max-image-preview:large","max-video-preview":"max-video-preview:-1"},"canonical":"https:\/\/www.cythelia.fr\/es\/control-energetico\/direccion-obra-renovacion\/","og_locale":"fr_FR","og_type":"article","og_title":"Direcci\u00f3n de obra - Renovaci\u00f3n","og_description":"[vc_row section_background=\u00a0\u00bbcolor\u00a0\u00bb background_color=\u00a0\u00bb#ffffff\u00a0\u00bb][vc_column][vc_row_inner][vc_column_inner width=\u00a0\u00bb3\/4&Prime;][vc_column_text]Ofrecemos soluciones completas de renovaci\u00f3n de edificios terciarios y viviendas colectivas: Fase de diagn\u00f3stico (auditor\u00eda energ\u00e9tica, t\u00e9cnica, arquitect\u00f3nica) Fase de dise\u00f1o (elecci\u00f3n de soluciones) Fase de realizaci\u00f3n (selecci\u00f3n de empresas, seguimiento de obra) Especialistas en los aspectos energ\u00e9ticos del edificio, trabajamos en una estrategia de coherencia global &hellip; Lire la suite &rarr;","og_url":"https:\/\/www.cythelia.fr\/es\/control-energetico\/direccion-obra-renovacion\/","og_site_name":"Cythelia Version ES","article_modified_time":"2023-05-02T11:32:55+00:00","twitter_misc":{"Dur\u00e9e de lecture estim\u00e9e":"1 minute"},"schema":{"@context":"https:\/\/schema.org","@graph":[{"@type":"WebPage","@id":"https:\/\/www.cythelia.fr\/es\/control-energetico\/direccion-obra-renovacion\/","url":"https:\/\/www.cythelia.fr\/es\/control-energetico\/direccion-obra-renovacion\/","name":"Direcci\u00f3n de obra - Renovaci\u00f3n","isPartOf":{"@id":"https:\/\/www.cythelia.fr\/es\/#website"},"datePublished":"2015-02-18T13:57:14+00:00","dateModified":"2023-05-02T11:32:55+00:00","breadcrumb":{"@id":"https:\/\/www.cythelia.fr\/es\/control-energetico\/direccion-obra-renovacion\/#breadcrumb"},"inLanguage":"fr-FR","potentialAction":[{"@type":"ReadAction","target":["https:\/\/www.cythelia.fr\/es\/control-energetico\/direccion-obra-renovacion\/"]}]},{"@type":"BreadcrumbList","@id":"https:\/\/www.cythelia.fr\/es\/control-energetico\/direccion-obra-renovacion\/#breadcrumb","itemListElement":[{"@type":"ListItem","position":1,"name":"Accueil","item":"https:\/\/www.cythelia.fr\/es\/"},{"@type":"ListItem","position":2,"name":"Control energ\u00e9tico","item":"https:\/\/www.cythelia.fr\/es\/control-energetico\/"},{"@type":"ListItem","position":3,"name":"Direcci\u00f3n de obra completa en renovaci\u00f3n"}]},{"@type":"WebSite","@id":"https:\/\/www.cythelia.fr\/es\/#website","url":"https:\/\/www.cythelia.fr\/es\/","name":"Cythelia Version ES","description":"","potentialAction":[{"@type":"SearchAction","target":{"@type":"EntryPoint","urlTemplate":"https:\/\/www.cythelia.fr\/es\/?s={search_term_string}"},"query-input":"required name=search_term_string"}],"inLanguage":"fr-FR"}]}},"_links":{"self":[{"href":"https:\/\/www.cythelia.fr\/es\/wp-json\/wp\/v2\/pages\/5493"}],"collection":[{"href":"https:\/\/www.cythelia.fr\/es\/wp-json\/wp\/v2\/pages"}],"about":[{"href":"https:\/\/www.cythelia.fr\/es\/wp-json\/wp\/v2\/types\/page"}],"author":[{"embeddable":true,"href":"https:\/\/www.cythelia.fr\/es\/wp-json\/wp\/v2\/users\/1"}],"replies":[{"embeddable":true,"href":"https:\/\/www.cythelia.fr\/es\/wp-json\/wp\/v2\/comments?post=5493"}],"version-history":[{"count":7,"href":"https:\/\/www.cythelia.fr\/es\/wp-json\/wp\/v2\/pages\/5493\/revisions"}],"predecessor-version":[{"id":8003,"href":"https:\/\/www.cythelia.fr\/es\/wp-json\/wp\/v2\/pages\/5493\/revisions\/8003"}],"up":[{"embeddable":true,"href":"https:\/\/www.cythelia.fr\/es\/wp-json\/wp\/v2\/pages\/5459"}],"wp:attachment":[{"href":"https:\/\/www.cythelia.fr\/es\/wp-json\/wp\/v2\/media?parent=5493"}],"curies":[{"name":"wp","href":"https:\/\/api.w.org\/{rel}","templated":true}]}}