{"id":5485,"date":"2015-02-18T13:55:27","date_gmt":"2015-02-18T13:55:27","guid":{"rendered":"https:\/\/www.cythelia.fr\/?page_id=5485"},"modified":"2023-05-02T12:27:04","modified_gmt":"2023-05-02T11:27:04","slug":"consultoria-mercados-tecnologias","status":"publish","type":"page","link":"https:\/\/www.cythelia.fr\/es\/energias-renovables\/peritaje\/consultoria-mercados-tecnologias\/","title":{"rendered":"Consultor\u00eda de mercados y tecnolog\u00edas"},"content":{"rendered":"<section class=\"wpb-content-wrapper\">[vc_row section_background=\u00a0\u00bbcolor\u00a0\u00bb background_color=\u00a0\u00bb#ffffff\u00a0\u00bb][vc_column][vc_row_inner][vc_column_inner width=\u00a0\u00bb3\/4&Prime;][vc_column_text]Cythelia realiza misiones de consultor\u00eda de nivel internacional en sus \u00e1reas de especializaci\u00f3n:<\/p>\n<blockquote><p><em>Sistemas <strong>fotovoltaicos con almacenaje<\/strong><\/em><\/p>\n<p><em>Sistemas <strong>fotovoltaicos h\u00edbridos<\/strong> (grupos electr\u00f3genos)<\/em><\/p>\n<p><em><strong>Sinergia entre la producci\u00f3n agr\u00edcola y fotovoltaica<\/strong><\/em><\/p>\n<p><em><strong>Componentes fotovoltaicos<\/strong> (m\u00f3dulos, inversores, estructuras, etc.)<\/em><\/p>\n<p><em><strong>Sistemas de supervisi\u00f3n<\/strong><\/em><\/p>\n<p><em><strong>Mercado de energ\u00edas renovables<\/strong><\/em><\/p><\/blockquote>\n<p>[\/vc_column_text][vc_empty_space][vc_custom_heading text=\u00a0\u00bbEjemplos de referencias en consultor\u00eda\u00a0\u00bb font_container=\u00a0\u00bbtag:h3|text_align:left\u00a0\u00bb google_fonts=\u00a0\u00bbfont_family:Open%20Sans%3A300%2C300italic%2Cregular%2Citalic%2C600%2C600italic%2C700%2C700italic%2C800%2C800italic|font_style:400%20regular%3A400%3Anormal\u00a0\u00bb][vc_empty_space][vc_basic_grid post_type=\u00a0\u00bbpost\u00a0\u00bb max_items=\u00a0\u00bb-1&Prime; grid_id=\u00a0\u00bbvc_gid:1683026803510-ac4314de-df21-9&Prime; taxonomies=\u00a0\u00bb9&Prime;][vc_button title=\u00a0\u00bbVer todas las referencias\u00a0\u00bb color=\u00a0\u00bbbtn-primary\u00a0\u00bb href=\u00a0\u00bb\/es\/cythelia-3\/referencias\/\u00a0\u00bb][\/vc_column_inner][vc_column_inner el_class=\u00a0\u00bbsidebarsticker\u00a0\u00bb width=\u00a0\u00bb1\/4&Prime;][vc_widget_sidebar sidebar_id=\u00a0\u00bbSideBar Production\u00a0\u00bb][\/vc_column_inner][\/vc_row_inner][\/vc_column][\/vc_row]\n<\/section>","protected":false},"excerpt":{"rendered":"<p>[vc_row section_background=\u00a0\u00bbcolor\u00a0\u00bb background_color=\u00a0\u00bb#ffffff\u00a0\u00bb][vc_column][vc_row_inner][vc_column_inner width=\u00a0\u00bb3\/4&Prime;][vc_column_text]Cythelia realiza misiones de consultor\u00eda de nivel internacional en sus \u00e1reas de especializaci\u00f3n: Sistemas fotovoltaicos con almacenaje Sistemas fotovoltaicos h\u00edbridos (grupos electr\u00f3genos) Sinergia entre la producci\u00f3n agr\u00edcola y fotovoltaica Componentes fotovoltaicos (m\u00f3dulos, inversores, estructuras, etc.) Sistemas de supervisi\u00f3n Mercado de energ\u00edas renovables [\/vc_column_text][vc_empty_space][vc_custom_heading text=\u00a0\u00bbEjemplos de referencias en &hellip; <a class=\"readmore\" href=\"https:\/\/www.cythelia.fr\/es\/energias-renovables\/peritaje\/consultoria-mercados-tecnologias\/\">Lire la suite <span class=\"meta-nav\">&rarr;<\/span><\/a><\/p>\n","protected":false},"author":1,"featured_media":0,"parent":5475,"menu_order":0,"comment_status":"open","ping_status":"open","template":"template\/template-landing-page-vc.php","meta":[],"yoast_head":"<!-- This site is optimized with the Yoast SEO plugin v20.0 - https:\/\/yoast.com\/wordpress\/plugins\/seo\/ -->\n<title>Consultor\u00eda de mercados y tecnol\u00f3gica<\/title>\n<meta name=\"description\" content=\"Cythelia realiza misiones de consultor\u00eda de nivel internacional en sus \u00e1reas de especializaci\u00f3n\" \/>\n<meta name=\"robots\" content=\"index, follow, max-snippet:-1, max-image-preview:large, max-video-preview:-1\" \/>\n<link rel=\"canonical\" href=\"https:\/\/www.cythelia.fr\/es\/energias-renovables\/peritaje\/consultoria-mercados-tecnologias\/\" \/>\n<meta property=\"og:locale\" content=\"fr_FR\" \/>\n<meta property=\"og:type\" content=\"article\" \/>\n<meta property=\"og:title\" content=\"Consultor\u00eda de mercados y tecnol\u00f3gica\" \/>\n<meta property=\"og:description\" content=\"Cythelia realiza misiones de consultor\u00eda de nivel internacional en sus \u00e1reas de especializaci\u00f3n\" \/>\n<meta property=\"og:url\" content=\"https:\/\/www.cythelia.fr\/es\/energias-renovables\/peritaje\/consultoria-mercados-tecnologias\/\" \/>\n<meta property=\"og:site_name\" content=\"Cythelia Version ES\" \/>\n<meta property=\"article:modified_time\" content=\"2023-05-02T11:27:04+00:00\" \/>\n<meta name=\"twitter:label1\" content=\"Dur\u00e9e de lecture estim\u00e9e\" \/>\n\t<meta name=\"twitter:data1\" content=\"1 minute\" \/>\n<script type=\"application\/ld+json\" class=\"yoast-schema-graph\">{\"@context\":\"https:\/\/schema.org\",\"@graph\":[{\"@type\":\"WebPage\",\"@id\":\"https:\/\/www.cythelia.fr\/es\/energias-renovables\/peritaje\/consultoria-mercados-tecnologias\/\",\"url\":\"https:\/\/www.cythelia.fr\/es\/energias-renovables\/peritaje\/consultoria-mercados-tecnologias\/\",\"name\":\"Consultor\u00eda de mercados y tecnol\u00f3gica\",\"isPartOf\":{\"@id\":\"https:\/\/www.cythelia.fr\/es\/#website\"},\"datePublished\":\"2015-02-18T13:55:27+00:00\",\"dateModified\":\"2023-05-02T11:27:04+00:00\",\"description\":\"Cythelia realiza misiones de consultor\u00eda de nivel internacional en sus \u00e1reas de especializaci\u00f3n\",\"breadcrumb\":{\"@id\":\"https:\/\/www.cythelia.fr\/es\/energias-renovables\/peritaje\/consultoria-mercados-tecnologias\/#breadcrumb\"},\"inLanguage\":\"fr-FR\",\"potentialAction\":[{\"@type\":\"ReadAction\",\"target\":[\"https:\/\/www.cythelia.fr\/es\/energias-renovables\/peritaje\/consultoria-mercados-tecnologias\/\"]}]},{\"@type\":\"BreadcrumbList\",\"@id\":\"https:\/\/www.cythelia.fr\/es\/energias-renovables\/peritaje\/consultoria-mercados-tecnologias\/#breadcrumb\",\"itemListElement\":[{\"@type\":\"ListItem\",\"position\":1,\"name\":\"Accueil\",\"item\":\"https:\/\/www.cythelia.fr\/es\/\"},{\"@type\":\"ListItem\",\"position\":2,\"name\":\"Energ\u00edas renovables\",\"item\":\"https:\/\/www.cythelia.fr\/es\/energias-renovables\/\"},{\"@type\":\"ListItem\",\"position\":3,\"name\":\"Peritaje\",\"item\":\"https:\/\/www.cythelia.fr\/es\/energias-renovables\/peritaje\/\"},{\"@type\":\"ListItem\",\"position\":4,\"name\":\"Consultor\u00eda de mercados y tecnolog\u00edas\"}]},{\"@type\":\"WebSite\",\"@id\":\"https:\/\/www.cythelia.fr\/es\/#website\",\"url\":\"https:\/\/www.cythelia.fr\/es\/\",\"name\":\"Cythelia Version ES\",\"description\":\"\",\"potentialAction\":[{\"@type\":\"SearchAction\",\"target\":{\"@type\":\"EntryPoint\",\"urlTemplate\":\"https:\/\/www.cythelia.fr\/es\/?s={search_term_string}\"},\"query-input\":\"required name=search_term_string\"}],\"inLanguage\":\"fr-FR\"}]}<\/script>\n<!-- \/ Yoast SEO plugin. -->","yoast_head_json":{"title":"Consultor\u00eda de mercados y tecnol\u00f3gica","description":"Cythelia realiza misiones de consultor\u00eda de nivel internacional en sus \u00e1reas de especializaci\u00f3n","robots":{"index":"index","follow":"follow","max-snippet":"max-snippet:-1","max-image-preview":"max-image-preview:large","max-video-preview":"max-video-preview:-1"},"canonical":"https:\/\/www.cythelia.fr\/es\/energias-renovables\/peritaje\/consultoria-mercados-tecnologias\/","og_locale":"fr_FR","og_type":"article","og_title":"Consultor\u00eda de mercados y tecnol\u00f3gica","og_description":"Cythelia realiza misiones de consultor\u00eda de nivel internacional en sus \u00e1reas de especializaci\u00f3n","og_url":"https:\/\/www.cythelia.fr\/es\/energias-renovables\/peritaje\/consultoria-mercados-tecnologias\/","og_site_name":"Cythelia Version ES","article_modified_time":"2023-05-02T11:27:04+00:00","twitter_misc":{"Dur\u00e9e de lecture estim\u00e9e":"1 minute"},"schema":{"@context":"https:\/\/schema.org","@graph":[{"@type":"WebPage","@id":"https:\/\/www.cythelia.fr\/es\/energias-renovables\/peritaje\/consultoria-mercados-tecnologias\/","url":"https:\/\/www.cythelia.fr\/es\/energias-renovables\/peritaje\/consultoria-mercados-tecnologias\/","name":"Consultor\u00eda de mercados y tecnol\u00f3gica","isPartOf":{"@id":"https:\/\/www.cythelia.fr\/es\/#website"},"datePublished":"2015-02-18T13:55:27+00:00","dateModified":"2023-05-02T11:27:04+00:00","description":"Cythelia realiza misiones de consultor\u00eda de nivel internacional en sus \u00e1reas de especializaci\u00f3n","breadcrumb":{"@id":"https:\/\/www.cythelia.fr\/es\/energias-renovables\/peritaje\/consultoria-mercados-tecnologias\/#breadcrumb"},"inLanguage":"fr-FR","potentialAction":[{"@type":"ReadAction","target":["https:\/\/www.cythelia.fr\/es\/energias-renovables\/peritaje\/consultoria-mercados-tecnologias\/"]}]},{"@type":"BreadcrumbList","@id":"https:\/\/www.cythelia.fr\/es\/energias-renovables\/peritaje\/consultoria-mercados-tecnologias\/#breadcrumb","itemListElement":[{"@type":"ListItem","position":1,"name":"Accueil","item":"https:\/\/www.cythelia.fr\/es\/"},{"@type":"ListItem","position":2,"name":"Energ\u00edas renovables","item":"https:\/\/www.cythelia.fr\/es\/energias-renovables\/"},{"@type":"ListItem","position":3,"name":"Peritaje","item":"https:\/\/www.cythelia.fr\/es\/energias-renovables\/peritaje\/"},{"@type":"ListItem","position":4,"name":"Consultor\u00eda de mercados y tecnolog\u00edas"}]},{"@type":"WebSite","@id":"https:\/\/www.cythelia.fr\/es\/#website","url":"https:\/\/www.cythelia.fr\/es\/","name":"Cythelia Version ES","description":"","potentialAction":[{"@type":"SearchAction","target":{"@type":"EntryPoint","urlTemplate":"https:\/\/www.cythelia.fr\/es\/?s={search_term_string}"},"query-input":"required name=search_term_string"}],"inLanguage":"fr-FR"}]}},"_links":{"self":[{"href":"https:\/\/www.cythelia.fr\/es\/wp-json\/wp\/v2\/pages\/5485"}],"collection":[{"href":"https:\/\/www.cythelia.fr\/es\/wp-json\/wp\/v2\/pages"}],"about":[{"href":"https:\/\/www.cythelia.fr\/es\/wp-json\/wp\/v2\/types\/page"}],"author":[{"embeddable":true,"href":"https:\/\/www.cythelia.fr\/es\/wp-json\/wp\/v2\/users\/1"}],"replies":[{"embeddable":true,"href":"https:\/\/www.cythelia.fr\/es\/wp-json\/wp\/v2\/comments?post=5485"}],"version-history":[{"count":7,"href":"https:\/\/www.cythelia.fr\/es\/wp-json\/wp\/v2\/pages\/5485\/revisions"}],"predecessor-version":[{"id":7997,"href":"https:\/\/www.cythelia.fr\/es\/wp-json\/wp\/v2\/pages\/5485\/revisions\/7997"}],"up":[{"embeddable":true,"href":"https:\/\/www.cythelia.fr\/es\/wp-json\/wp\/v2\/pages\/5475"}],"wp:attachment":[{"href":"https:\/\/www.cythelia.fr\/es\/wp-json\/wp\/v2\/media?parent=5485"}],"curies":[{"name":"wp","href":"https:\/\/api.w.org\/{rel}","templated":true}]}}