{"id":5483,"date":"2015-02-18T13:54:53","date_gmt":"2015-02-18T13:54:53","guid":{"rendered":"https:\/\/www.cythelia.fr\/?page_id=5483"},"modified":"2016-12-22T18:01:34","modified_gmt":"2016-12-22T17:01:34","slug":"balance-carbono-acv","status":"publish","type":"page","link":"https:\/\/www.cythelia.fr\/es\/energias-renovables\/peritaje\/balance-carbono-acv\/","title":{"rendered":"Evaluaci\u00f3n del balance de carbono y ACV"},"content":{"rendered":"<section class=\"wpb-content-wrapper\">[vc_row section_top_margin=\u00a0\u00bbnormaltopmargin\u00a0\u00bb section_bottom_margin=\u00a0\u00bbnormalbottommargin\u00a0\u00bb section_schema=\u00a0\u00bbnormal\u00a0\u00bb section_background=\u00a0\u00bbcolor\u00a0\u00bb background_color=\u00a0\u00bb#ffffff\u00a0\u00bb background_repeat=\u00a0\u00bbrepeat\u00a0\u00bb moving_direction=\u00a0\u00bbhorizontal\u00a0\u00bb parallax_speed_1=\u00a0\u00bb300&Prime; parallax_speed_2=\u00a0\u00bb300&Prime; parallax_speed_3=\u00a0\u00bb300&Prime; parallax_speed_4=\u00a0\u00bb300&Prime; parallax_speed_5=\u00a0\u00bb300&Prime; parallax_speed_6=\u00a0\u00bb300&Prime; parallax_speed_7=\u00a0\u00bb300&Prime; parallax_speed_8=\u00a0\u00bb300&Prime; parallax_speed_9=\u00a0\u00bb300&Prime; parallax_speed_10=\u00a0\u00bb300&Prime;][vc_column width=\u00a0\u00bb1\/1&Prime;][vc_row_inner][vc_column_inner width=\u00a0\u00bb3\/4&Prime;][vc_column_text]<strong>Cythelia es pionera en este campo y desde 2009 realiza evaluaciones del balance de carbono y ACV (an\u00e1lisis de ciclo de vida) de m\u00f3dulos fotovoltaicos, as\u00ed como de plantas completas.<\/strong><\/p>\n<p>El Estado franc\u00e9s, a trav\u00e9s de los criterios medioambientales de las licitaciones nacionales, ha impuesto a los fabricantes la realizaci\u00f3n de Evaluaciones de Carbono Simplificadas (ECS). Cythelia ha pasado a ser referente en el dominio y socio del organismo franc\u00e9s de certificaci\u00f3n CERTISOLIS.[\/vc_column_text][vc_empty_space height=\u00a0\u00bb32px\u00a0\u00bb][vc_custom_heading text=\u00a0\u00bbEjemplos de referencias\u00a0\u00bb font_container=\u00a0\u00bbtag:h3|text_align:left\u00a0\u00bb google_fonts=\u00a0\u00bbfont_family:Open%20Sans%3A300%2C300italic%2Cregular%2Citalic%2C600%2C600italic%2C700%2C700italic%2C800%2C800italic|font_style:400%20regular%3A400%3Anormal\u00a0\u00bb][vc_gallery type=\u00a0\u00bbimage_grid\u00a0\u00bb interval=\u00a0\u00bb3&Prime; images=\u00a0\u00bb6591,5309,6594,6595,6603,6592,5924,5312,6598,6597,6602,6601,6593,6600&Prime; onclick=\u00a0\u00bbcustom_link\u00a0\u00bb custom_links_target=\u00a0\u00bb_self\u00a0\u00bb img_size=\u00a0\u00bb100&#215;100&Prime; custom_links=\u00a0\u00bbhttp:\/\/www.certisolis.com\/,http:\/\/www.eoleres.com\/,http:\/\/enfinity.fr\/,https:\/\/www.eon.fr\/fr.html,http:\/\/www.voltalia.com\/fr\/,http:\/\/www.cegelec.fr\/,http:\/\/www.ines-solaire.org\/,http:\/\/www.jmbenergie.fr\/,https:\/\/www.q-cells.com\/,http:\/\/www.photowatt.com\/,http:\/\/www.valorem-energie.com\/,,http:\/\/www.dupontdenemours.fr\/,http:\/\/www.sillia.com\/\u00a0\u00bb el_class=\u00a0\u00bbgridlogos\u00a0\u00bb][vc_button title=\u00a0\u00bbVer todas las referencias\u00a0\u00bb target=\u00a0\u00bb_self\u00a0\u00bb color=\u00a0\u00bbbtn-primary\u00a0\u00bb icon=\u00a0\u00bbnone\u00a0\u00bb size=\u00a0\u00bbwpb_regularsize\u00a0\u00bb href=\u00a0\u00bb\/es\/cythelia-3\/referencias\/\u00a0\u00bb][\/vc_column_inner][vc_column_inner width=\u00a0\u00bb1\/4&Prime; el_class=\u00a0\u00bbsidebarsticker\u00a0\u00bb position=\u00a0\u00bbnone\u00a0\u00bb][vc_widget_sidebar sidebar_id=\u00a0\u00bbSideBar Production\u00a0\u00bb][\/vc_column_inner][\/vc_row_inner][\/vc_column][\/vc_row]\n<\/section>","protected":false},"excerpt":{"rendered":"<p>[vc_row section_top_margin=\u00a0\u00bbnormaltopmargin\u00a0\u00bb section_bottom_margin=\u00a0\u00bbnormalbottommargin\u00a0\u00bb section_schema=\u00a0\u00bbnormal\u00a0\u00bb section_background=\u00a0\u00bbcolor\u00a0\u00bb background_color=\u00a0\u00bb#ffffff\u00a0\u00bb background_repeat=\u00a0\u00bbrepeat\u00a0\u00bb moving_direction=\u00a0\u00bbhorizontal\u00a0\u00bb parallax_speed_1=\u00a0\u00bb300&Prime; parallax_speed_2=\u00a0\u00bb300&Prime; parallax_speed_3=\u00a0\u00bb300&Prime; parallax_speed_4=\u00a0\u00bb300&Prime; parallax_speed_5=\u00a0\u00bb300&Prime; parallax_speed_6=\u00a0\u00bb300&Prime; parallax_speed_7=\u00a0\u00bb300&Prime; parallax_speed_8=\u00a0\u00bb300&Prime; parallax_speed_9=\u00a0\u00bb300&Prime; parallax_speed_10=\u00a0\u00bb300&Prime;][vc_column width=\u00a0\u00bb1\/1&Prime;][vc_row_inner][vc_column_inner width=\u00a0\u00bb3\/4&Prime;][vc_column_text]Cythelia es pionera en este campo y desde 2009 realiza evaluaciones del balance de carbono y ACV (an\u00e1lisis de ciclo de vida) de m\u00f3dulos fotovoltaicos, as\u00ed como de plantas completas. El &hellip; <a class=\"readmore\" href=\"https:\/\/www.cythelia.fr\/es\/energias-renovables\/peritaje\/balance-carbono-acv\/\">Lire la suite <span class=\"meta-nav\">&rarr;<\/span><\/a><\/p>\n","protected":false},"author":1,"featured_media":0,"parent":5475,"menu_order":0,"comment_status":"open","ping_status":"open","template":"template\/template-landing-page-vc.php","meta":[],"yoast_head":"<!-- This site is optimized with the Yoast SEO plugin v20.0 - https:\/\/yoast.com\/wordpress\/plugins\/seo\/ -->\n<title>Balance de carbono - ACV<\/title>\n<meta name=\"description\" content=\"Cythelia es pionera en este campo y desde 2009 realiza evaluaciones del balance de carbono y ACV (an\u00e1lisis de ciclo de vida) de m\u00f3dulos fotovoltaicos, as\u00ed como de plantas completas.\" \/>\n<meta name=\"robots\" content=\"index, follow, max-snippet:-1, max-image-preview:large, max-video-preview:-1\" \/>\n<link rel=\"canonical\" href=\"https:\/\/www.cythelia.fr\/es\/energias-renovables\/peritaje\/balance-carbono-acv\/\" \/>\n<meta property=\"og:locale\" content=\"fr_FR\" \/>\n<meta property=\"og:type\" content=\"article\" \/>\n<meta property=\"og:title\" content=\"Balance de carbono - ACV\" \/>\n<meta property=\"og:description\" content=\"Cythelia es pionera en este campo y desde 2009 realiza evaluaciones del balance de carbono y ACV (an\u00e1lisis de ciclo de vida) de m\u00f3dulos fotovoltaicos, as\u00ed como de plantas completas.\" \/>\n<meta property=\"og:url\" content=\"https:\/\/www.cythelia.fr\/es\/energias-renovables\/peritaje\/balance-carbono-acv\/\" \/>\n<meta property=\"og:site_name\" content=\"Cythelia Version ES\" \/>\n<meta property=\"article:modified_time\" content=\"2016-12-22T17:01:34+00:00\" \/>\n<meta name=\"twitter:label1\" content=\"Dur\u00e9e de lecture estim\u00e9e\" \/>\n\t<meta name=\"twitter:data1\" content=\"2 minutes\" \/>\n<script type=\"application\/ld+json\" class=\"yoast-schema-graph\">{\"@context\":\"https:\/\/schema.org\",\"@graph\":[{\"@type\":\"WebPage\",\"@id\":\"https:\/\/www.cythelia.fr\/es\/energias-renovables\/peritaje\/balance-carbono-acv\/\",\"url\":\"https:\/\/www.cythelia.fr\/es\/energias-renovables\/peritaje\/balance-carbono-acv\/\",\"name\":\"Balance de carbono - ACV\",\"isPartOf\":{\"@id\":\"https:\/\/www.cythelia.fr\/es\/#website\"},\"datePublished\":\"2015-02-18T13:54:53+00:00\",\"dateModified\":\"2016-12-22T17:01:34+00:00\",\"description\":\"Cythelia es pionera en este campo y desde 2009 realiza evaluaciones del balance de carbono y ACV (an\u00e1lisis de ciclo de vida) de m\u00f3dulos fotovoltaicos, as\u00ed como de plantas completas.\",\"breadcrumb\":{\"@id\":\"https:\/\/www.cythelia.fr\/es\/energias-renovables\/peritaje\/balance-carbono-acv\/#breadcrumb\"},\"inLanguage\":\"fr-FR\",\"potentialAction\":[{\"@type\":\"ReadAction\",\"target\":[\"https:\/\/www.cythelia.fr\/es\/energias-renovables\/peritaje\/balance-carbono-acv\/\"]}]},{\"@type\":\"BreadcrumbList\",\"@id\":\"https:\/\/www.cythelia.fr\/es\/energias-renovables\/peritaje\/balance-carbono-acv\/#breadcrumb\",\"itemListElement\":[{\"@type\":\"ListItem\",\"position\":1,\"name\":\"Accueil\",\"item\":\"https:\/\/www.cythelia.fr\/es\/\"},{\"@type\":\"ListItem\",\"position\":2,\"name\":\"Energ\u00edas renovables\",\"item\":\"https:\/\/www.cythelia.fr\/es\/energias-renovables\/\"},{\"@type\":\"ListItem\",\"position\":3,\"name\":\"Peritaje\",\"item\":\"https:\/\/www.cythelia.fr\/es\/energias-renovables\/peritaje\/\"},{\"@type\":\"ListItem\",\"position\":4,\"name\":\"Evaluaci\u00f3n del balance de carbono y ACV\"}]},{\"@type\":\"WebSite\",\"@id\":\"https:\/\/www.cythelia.fr\/es\/#website\",\"url\":\"https:\/\/www.cythelia.fr\/es\/\",\"name\":\"Cythelia Version ES\",\"description\":\"\",\"potentialAction\":[{\"@type\":\"SearchAction\",\"target\":{\"@type\":\"EntryPoint\",\"urlTemplate\":\"https:\/\/www.cythelia.fr\/es\/?s={search_term_string}\"},\"query-input\":\"required name=search_term_string\"}],\"inLanguage\":\"fr-FR\"}]}<\/script>\n<!-- \/ Yoast SEO plugin. -->","yoast_head_json":{"title":"Balance de carbono - ACV","description":"Cythelia es pionera en este campo y desde 2009 realiza evaluaciones del balance de carbono y ACV (an\u00e1lisis de ciclo de vida) de m\u00f3dulos fotovoltaicos, as\u00ed como de plantas completas.","robots":{"index":"index","follow":"follow","max-snippet":"max-snippet:-1","max-image-preview":"max-image-preview:large","max-video-preview":"max-video-preview:-1"},"canonical":"https:\/\/www.cythelia.fr\/es\/energias-renovables\/peritaje\/balance-carbono-acv\/","og_locale":"fr_FR","og_type":"article","og_title":"Balance de carbono - ACV","og_description":"Cythelia es pionera en este campo y desde 2009 realiza evaluaciones del balance de carbono y ACV (an\u00e1lisis de ciclo de vida) de m\u00f3dulos fotovoltaicos, as\u00ed como de plantas completas.","og_url":"https:\/\/www.cythelia.fr\/es\/energias-renovables\/peritaje\/balance-carbono-acv\/","og_site_name":"Cythelia Version ES","article_modified_time":"2016-12-22T17:01:34+00:00","twitter_misc":{"Dur\u00e9e de lecture estim\u00e9e":"2 minutes"},"schema":{"@context":"https:\/\/schema.org","@graph":[{"@type":"WebPage","@id":"https:\/\/www.cythelia.fr\/es\/energias-renovables\/peritaje\/balance-carbono-acv\/","url":"https:\/\/www.cythelia.fr\/es\/energias-renovables\/peritaje\/balance-carbono-acv\/","name":"Balance de carbono - ACV","isPartOf":{"@id":"https:\/\/www.cythelia.fr\/es\/#website"},"datePublished":"2015-02-18T13:54:53+00:00","dateModified":"2016-12-22T17:01:34+00:00","description":"Cythelia es pionera en este campo y desde 2009 realiza evaluaciones del balance de carbono y ACV (an\u00e1lisis de ciclo de vida) de m\u00f3dulos fotovoltaicos, as\u00ed como de plantas completas.","breadcrumb":{"@id":"https:\/\/www.cythelia.fr\/es\/energias-renovables\/peritaje\/balance-carbono-acv\/#breadcrumb"},"inLanguage":"fr-FR","potentialAction":[{"@type":"ReadAction","target":["https:\/\/www.cythelia.fr\/es\/energias-renovables\/peritaje\/balance-carbono-acv\/"]}]},{"@type":"BreadcrumbList","@id":"https:\/\/www.cythelia.fr\/es\/energias-renovables\/peritaje\/balance-carbono-acv\/#breadcrumb","itemListElement":[{"@type":"ListItem","position":1,"name":"Accueil","item":"https:\/\/www.cythelia.fr\/es\/"},{"@type":"ListItem","position":2,"name":"Energ\u00edas renovables","item":"https:\/\/www.cythelia.fr\/es\/energias-renovables\/"},{"@type":"ListItem","position":3,"name":"Peritaje","item":"https:\/\/www.cythelia.fr\/es\/energias-renovables\/peritaje\/"},{"@type":"ListItem","position":4,"name":"Evaluaci\u00f3n del balance de carbono y ACV"}]},{"@type":"WebSite","@id":"https:\/\/www.cythelia.fr\/es\/#website","url":"https:\/\/www.cythelia.fr\/es\/","name":"Cythelia Version ES","description":"","potentialAction":[{"@type":"SearchAction","target":{"@type":"EntryPoint","urlTemplate":"https:\/\/www.cythelia.fr\/es\/?s={search_term_string}"},"query-input":"required name=search_term_string"}],"inLanguage":"fr-FR"}]}},"_links":{"self":[{"href":"https:\/\/www.cythelia.fr\/es\/wp-json\/wp\/v2\/pages\/5483"}],"collection":[{"href":"https:\/\/www.cythelia.fr\/es\/wp-json\/wp\/v2\/pages"}],"about":[{"href":"https:\/\/www.cythelia.fr\/es\/wp-json\/wp\/v2\/types\/page"}],"author":[{"embeddable":true,"href":"https:\/\/www.cythelia.fr\/es\/wp-json\/wp\/v2\/users\/1"}],"replies":[{"embeddable":true,"href":"https:\/\/www.cythelia.fr\/es\/wp-json\/wp\/v2\/comments?post=5483"}],"version-history":[{"count":4,"href":"https:\/\/www.cythelia.fr\/es\/wp-json\/wp\/v2\/pages\/5483\/revisions"}],"predecessor-version":[{"id":7972,"href":"https:\/\/www.cythelia.fr\/es\/wp-json\/wp\/v2\/pages\/5483\/revisions\/7972"}],"up":[{"embeddable":true,"href":"https:\/\/www.cythelia.fr\/es\/wp-json\/wp\/v2\/pages\/5475"}],"wp:attachment":[{"href":"https:\/\/www.cythelia.fr\/es\/wp-json\/wp\/v2\/media?parent=5483"}],"curies":[{"name":"wp","href":"https:\/\/api.w.org\/{rel}","templated":true}]}}