{"id":5481,"date":"2015-02-18T13:54:18","date_gmt":"2015-02-18T13:54:18","guid":{"rendered":"https:\/\/www.cythelia.fr\/?page_id=5481"},"modified":"2016-12-22T18:01:06","modified_gmt":"2016-12-22T17:01:06","slug":"estudio-deslumbramiento","status":"publish","type":"page","link":"https:\/\/www.cythelia.fr\/es\/energias-renovables\/peritaje\/estudio-deslumbramiento\/","title":{"rendered":"Estudios de deslumbramiento"},"content":{"rendered":"<section class=\"wpb-content-wrapper\">[vc_row section_top_margin=\u00a0\u00bbnormaltopmargin\u00a0\u00bb section_bottom_margin=\u00a0\u00bbnormalbottommargin\u00a0\u00bb section_schema=\u00a0\u00bbnormal\u00a0\u00bb section_background=\u00a0\u00bbcolor\u00a0\u00bb background_color=\u00a0\u00bb#ffffff\u00a0\u00bb background_repeat=\u00a0\u00bbrepeat\u00a0\u00bb moving_direction=\u00a0\u00bbhorizontal\u00a0\u00bb parallax_speed_1=\u00a0\u00bb300&Prime; parallax_speed_2=\u00a0\u00bb300&Prime; parallax_speed_3=\u00a0\u00bb300&Prime; parallax_speed_4=\u00a0\u00bb300&Prime; parallax_speed_5=\u00a0\u00bb300&Prime; parallax_speed_6=\u00a0\u00bb300&Prime; parallax_speed_7=\u00a0\u00bb300&Prime; parallax_speed_8=\u00a0\u00bb300&Prime; parallax_speed_9=\u00a0\u00bb300&Prime; parallax_speed_10=\u00a0\u00bb300&Prime;][vc_column width=\u00a0\u00bb1\/1&Prime;][vc_row_inner][vc_column_inner width=\u00a0\u00bb3\/4&Prime;][vc_custom_heading text=\u00a0\u00bbEstudio de deslumbramiento (o reverberaci\u00f3n) fotovoltaico &#8211; Punto fuerte\u00a0\u00bb font_container=\u00a0\u00bbtag:h4|text_align:left\u00a0\u00bb google_fonts=\u00a0\u00bbfont_family:Open%20Sans%3A300%2C300italic%2Cregular%2Citalic%2C600%2C600italic%2C700%2C700italic%2C800%2C800italic|font_style:400%20regular%3A400%3Anormal\u00a0\u00bb][vc_column_text]Una descripci\u00f3n clara y expl\u00edcita de un estudio de deslumbramiento (o reverberaci\u00f3n) mediante el uso de un software desarrollado por Cythelia y basada en Google SketchUp, lo cual facilita el examen del expediente.<\/p>\n<p>En virtud de la calidad de los estudios, CYTHELIA aparece como una referencia en el dominio. Nuestros informes y m\u00e9todos de c\u00e1lculo est\u00e1n validados por las autoridades.<br \/>\n<img decoding=\"async\" loading=\"lazy\" class=\"size-full wp-image-5668\" style=\"float: left;padding: 20px 20px\" src=\"https:\/\/www.cythelia.fr\/es\/wp-content\/uploads\/sites\/3\/2015\/02\/eblouissement1.jpg\" alt=\"cadastre-solaire-gmap1\" width=\"300\" height=\"250\" \/><img decoding=\"async\" loading=\"lazy\" class=\"size-full wp-image-5669\" style=\"float: left;padding: 20px 20px\" src=\"https:\/\/www.cythelia.fr\/es\/wp-content\/uploads\/sites\/3\/2015\/02\/eblouissement2.jpg\" alt=\"cadastre-solaire-gmap2\" width=\"300\" height=\"251\" \/><\/p>\n<div style=\"clear: both\"><\/div>\n<p>[\/vc_column_text][vc_empty_space height=\u00a0\u00bb32px\u00a0\u00bb][vc_custom_heading text=\u00a0\u00bbEstudio de deslumbramiento (o reverberaci\u00f3n) fotovoltaico &#8211; Por qu\u00e9?\u00a0\u00bb font_container=\u00a0\u00bbtag:h4|text_align:left\u00a0\u00bb google_fonts=\u00a0\u00bbfont_family:Open%20Sans%3A300%2C300italic%2Cregular%2Citalic%2C600%2C600italic%2C700%2C700italic%2C800%2C800italic|font_style:400%20regular%3A400%3Anormal\u00a0\u00bb][vc_column_text]<\/p>\n<p>Las zonas abandonadas alrededor de los aeropuertos constituyen unos terrenos interesantes para instalar centrales fotovoltaicas y valorizar dichos terrenos. A nivel internacionalm se han elaborado nuevas reglamentaciones para estudiar los posibles problemas vinculados a la reverberaci\u00f3n en los m\u00f3dulos fotovoltaicos y al deslumbramiento potencial resultante que pueda dificultar a los pilotos.<\/p>\n<p>[\/vc_column_text][vc_empty_space height=\u00a0\u00bb32px\u00a0\u00bb][vc_custom_heading text=\u00a0\u00bbEstudio de deslumbramiento (o reverberaci\u00f3n) fotovoltaico &#8211; Desarrollo del estudio\u00a0\u00bb font_container=\u00a0\u00bbtag:h4|text_align:left\u00a0\u00bb google_fonts=\u00a0\u00bbfont_family:Open%20Sans%3A300%2C300italic%2Cregular%2Citalic%2C600%2C600italic%2C700%2C700italic%2C800%2C800italic|font_style:400%20regular%3A400%3Anormal\u00a0\u00bb][vc_column_text]C\u00e1lculo de la trayectoria de los rayos reflejados (geolocalizaci\u00f3n del modelo, modelizaci\u00f3n 3D de los rayos)<br \/>\nEvaluaci\u00f3n del riesgo de intercepci\u00f3n de los rayos con la zona estudiada<br \/>\nC\u00e1lculo de luminancias<br \/>\nVerificaci\u00f3n de la conformidad con la normativa<br \/>\n<img decoding=\"async\" loading=\"lazy\" class=\"size-full wp-image-5668\" style=\"float: left;padding: 20px 20px\" src=\"https:\/\/www.cythelia.fr\/es\/wp-content\/uploads\/sites\/3\/2015\/02\/eblouissement3.jpg\" alt=\"cadastre-solaire-gmap1\" width=\"300\" height=\"250\" \/><img decoding=\"async\" loading=\"lazy\" class=\"size-full wp-image-5669\" style=\"float: left;padding: 20px 20px\" src=\"https:\/\/www.cythelia.fr\/es\/wp-content\/uploads\/sites\/3\/2015\/02\/eblouissement4.jpg\" alt=\"cadastre-solaire-gmap2\" width=\"300\" height=\"251\" \/><\/p>\n<div style=\"clear: both\"><\/div>\n<p>[\/vc_column_text][vc_empty_space height=\u00a0\u00bb32px\u00a0\u00bb][vc_custom_heading text=\u00a0\u00bbEstudio de deslumbramiento (o reverberaci\u00f3n) fotovoltaico &#8211; Caso particular de los seguidores solares\u00a0\u00bb font_container=\u00a0\u00bbtag:h4|text_align:left\u00a0\u00bb google_fonts=\u00a0\u00bbfont_family:Open%20Sans%3A300%2C300italic%2Cregular%2Citalic%2C600%2C600italic%2C700%2C700italic%2C800%2C800italic|font_style:400%20regular%3A400%3Anormal\u00a0\u00bb][vc_column_text]<\/p>\n<p>Cythelia participa en la reflexi\u00f3n sobre la elaboraci\u00f3n de normas para <strong>la inclusi\u00f3n de los seguidores solares<\/strong>. Seg\u00fan el tipo de seguimiento utilizado (Este\/Oeste, 2 ejes), adaptamos nuestro estudio para que se ajuste a las especificaciones de su planta.<\/p>\n<p>[\/vc_column_text][vc_empty_space height=\u00a0\u00bb32px\u00a0\u00bb][vc_custom_heading text=\u00a0\u00bbEjemplos de referencias de estudios de deslumbramiento\u00a0\u00bb font_container=\u00a0\u00bbtag:h3|text_align:left\u00a0\u00bb google_fonts=\u00a0\u00bbfont_family:Open%20Sans%3A300%2C300italic%2Cregular%2Citalic%2C600%2C600italic%2C700%2C700italic%2C800%2C800italic|font_style:400%20regular%3A400%3Anormal\u00a0\u00bb][vc_gallery type=\u00a0\u00bbimage_grid\u00a0\u00bb interval=\u00a0\u00bb3&Prime; images=\u00a0\u00bb6801,7310,6607,6800,6609,6606,6844,6802,6605&Prime; onclick=\u00a0\u00bbcustom_link\u00a0\u00bb custom_links_target=\u00a0\u00bb_blank\u00a0\u00bb img_size=\u00a0\u00bb100&#215;100&Prime; el_class=\u00a0\u00bbgridlogos\u00a0\u00bb custom_links=\u00a0\u00bbhttp:\/\/www.capvertenergie.fr\/,http:\/\/www.urbasolar.com\/,,http:\/\/www.albioma.com\/,http:\/\/www.bretagne.bzh\/,,http:\/\/www.fritec.fr\/,http:\/\/cam-service.fr\/,\u00a0\u00bb][vc_button title=\u00a0\u00bbVer todas las referencias\u00a0\u00bb target=\u00a0\u00bb_self\u00a0\u00bb color=\u00a0\u00bbbtn-primary\u00a0\u00bb icon=\u00a0\u00bbnone\u00a0\u00bb size=\u00a0\u00bbwpb_regularsize\u00a0\u00bb href=\u00a0\u00bb\/es\/cythelia-3\/referencias\/\u00a0\u00bb][\/vc_column_inner][vc_column_inner width=\u00a0\u00bb1\/4&Prime; el_class=\u00a0\u00bbsidebarsticker\u00a0\u00bb position=\u00a0\u00bbnone\u00a0\u00bb][vc_widget_sidebar sidebar_id=\u00a0\u00bbSideBar Production\u00a0\u00bb][\/vc_column_inner][\/vc_row_inner][\/vc_column][\/vc_row]\n<\/section>","protected":false},"excerpt":{"rendered":"<p>[vc_row section_top_margin=\u00a0\u00bbnormaltopmargin\u00a0\u00bb section_bottom_margin=\u00a0\u00bbnormalbottommargin\u00a0\u00bb section_schema=\u00a0\u00bbnormal\u00a0\u00bb section_background=\u00a0\u00bbcolor\u00a0\u00bb background_color=\u00a0\u00bb#ffffff\u00a0\u00bb background_repeat=\u00a0\u00bbrepeat\u00a0\u00bb moving_direction=\u00a0\u00bbhorizontal\u00a0\u00bb parallax_speed_1=\u00a0\u00bb300&Prime; parallax_speed_2=\u00a0\u00bb300&Prime; parallax_speed_3=\u00a0\u00bb300&Prime; parallax_speed_4=\u00a0\u00bb300&Prime; parallax_speed_5=\u00a0\u00bb300&Prime; parallax_speed_6=\u00a0\u00bb300&Prime; parallax_speed_7=\u00a0\u00bb300&Prime; parallax_speed_8=\u00a0\u00bb300&Prime; parallax_speed_9=\u00a0\u00bb300&Prime; parallax_speed_10=\u00a0\u00bb300&Prime;][vc_column width=\u00a0\u00bb1\/1&Prime;][vc_row_inner][vc_column_inner width=\u00a0\u00bb3\/4&Prime;][vc_custom_heading text=\u00a0\u00bbEstudio de deslumbramiento (o reverberaci\u00f3n) fotovoltaico &#8211; Punto fuerte\u00a0\u00bb font_container=\u00a0\u00bbtag:h4|text_align:left\u00a0\u00bb google_fonts=\u00a0\u00bbfont_family:Open%20Sans%3A300%2C300italic%2Cregular%2Citalic%2C600%2C600italic%2C700%2C700italic%2C800%2C800italic|font_style:400%20regular%3A400%3Anormal\u00a0\u00bb][vc_column_text]Una descripci\u00f3n clara y expl\u00edcita de un estudio de deslumbramiento (o reverberaci\u00f3n) mediante el uso de un software desarrollado por &hellip; <a class=\"readmore\" href=\"https:\/\/www.cythelia.fr\/es\/energias-renovables\/peritaje\/estudio-deslumbramiento\/\">Lire la suite <span class=\"meta-nav\">&rarr;<\/span><\/a><\/p>\n","protected":false},"author":1,"featured_media":0,"parent":5475,"menu_order":0,"comment_status":"open","ping_status":"open","template":"template\/template-landing-page-vc.php","meta":[],"yoast_head":"<!-- This site is optimized with the Yoast SEO plugin v20.0 - https:\/\/yoast.com\/wordpress\/plugins\/seo\/ -->\n<title>Estudios de deslumbramiento<\/title>\n<meta name=\"description\" content=\"Una descripci\u00f3n clara y expl\u00edcita de un estudio de deslumbramiento (o reverberaci\u00f3n) mediante el uso de un software desarrollado por Cythelia y basada en Google SketchUp, lo cual facilita el examen del expediente.\" \/>\n<meta name=\"robots\" content=\"index, follow, max-snippet:-1, max-image-preview:large, max-video-preview:-1\" \/>\n<link rel=\"canonical\" href=\"https:\/\/www.cythelia.fr\/es\/energias-renovables\/peritaje\/estudio-deslumbramiento\/\" \/>\n<meta property=\"og:locale\" content=\"fr_FR\" \/>\n<meta property=\"og:type\" content=\"article\" \/>\n<meta property=\"og:title\" content=\"Estudios de deslumbramiento\" \/>\n<meta property=\"og:description\" content=\"Una descripci\u00f3n clara y expl\u00edcita de un estudio de deslumbramiento (o reverberaci\u00f3n) mediante el uso de un software desarrollado por Cythelia y basada en Google SketchUp, lo cual facilita el examen del expediente.\" \/>\n<meta property=\"og:url\" content=\"https:\/\/www.cythelia.fr\/es\/energias-renovables\/peritaje\/estudio-deslumbramiento\/\" \/>\n<meta property=\"og:site_name\" content=\"Cythelia Version ES\" \/>\n<meta property=\"article:modified_time\" content=\"2016-12-22T17:01:06+00:00\" \/>\n<meta property=\"og:image\" content=\"https:\/\/www.cythelia.fr\/es\/wp-content\/uploads\/sites\/3\/2015\/02\/eblouissement1.jpg\" \/>\n<meta name=\"twitter:label1\" content=\"Dur\u00e9e de lecture estim\u00e9e\" \/>\n\t<meta name=\"twitter:data1\" content=\"3 minutes\" \/>\n<script type=\"application\/ld+json\" class=\"yoast-schema-graph\">{\"@context\":\"https:\/\/schema.org\",\"@graph\":[{\"@type\":\"WebPage\",\"@id\":\"https:\/\/www.cythelia.fr\/es\/energias-renovables\/peritaje\/estudio-deslumbramiento\/\",\"url\":\"https:\/\/www.cythelia.fr\/es\/energias-renovables\/peritaje\/estudio-deslumbramiento\/\",\"name\":\"Estudios de deslumbramiento\",\"isPartOf\":{\"@id\":\"https:\/\/www.cythelia.fr\/es\/#website\"},\"datePublished\":\"2015-02-18T13:54:18+00:00\",\"dateModified\":\"2016-12-22T17:01:06+00:00\",\"description\":\"Una descripci\u00f3n clara y expl\u00edcita de un estudio de deslumbramiento (o reverberaci\u00f3n) mediante el uso de un software desarrollado por Cythelia y basada en Google SketchUp, lo cual facilita el examen del expediente.\",\"breadcrumb\":{\"@id\":\"https:\/\/www.cythelia.fr\/es\/energias-renovables\/peritaje\/estudio-deslumbramiento\/#breadcrumb\"},\"inLanguage\":\"fr-FR\",\"potentialAction\":[{\"@type\":\"ReadAction\",\"target\":[\"https:\/\/www.cythelia.fr\/es\/energias-renovables\/peritaje\/estudio-deslumbramiento\/\"]}]},{\"@type\":\"BreadcrumbList\",\"@id\":\"https:\/\/www.cythelia.fr\/es\/energias-renovables\/peritaje\/estudio-deslumbramiento\/#breadcrumb\",\"itemListElement\":[{\"@type\":\"ListItem\",\"position\":1,\"name\":\"Accueil\",\"item\":\"https:\/\/www.cythelia.fr\/es\/\"},{\"@type\":\"ListItem\",\"position\":2,\"name\":\"Energ\u00edas renovables\",\"item\":\"https:\/\/www.cythelia.fr\/es\/energias-renovables\/\"},{\"@type\":\"ListItem\",\"position\":3,\"name\":\"Peritaje\",\"item\":\"https:\/\/www.cythelia.fr\/es\/energias-renovables\/peritaje\/\"},{\"@type\":\"ListItem\",\"position\":4,\"name\":\"Estudios de deslumbramiento\"}]},{\"@type\":\"WebSite\",\"@id\":\"https:\/\/www.cythelia.fr\/es\/#website\",\"url\":\"https:\/\/www.cythelia.fr\/es\/\",\"name\":\"Cythelia Version ES\",\"description\":\"\",\"potentialAction\":[{\"@type\":\"SearchAction\",\"target\":{\"@type\":\"EntryPoint\",\"urlTemplate\":\"https:\/\/www.cythelia.fr\/es\/?s={search_term_string}\"},\"query-input\":\"required name=search_term_string\"}],\"inLanguage\":\"fr-FR\"}]}<\/script>\n<!-- \/ Yoast SEO plugin. -->","yoast_head_json":{"title":"Estudios de deslumbramiento","description":"Una descripci\u00f3n clara y expl\u00edcita de un estudio de deslumbramiento (o reverberaci\u00f3n) mediante el uso de un software desarrollado por Cythelia y basada en Google SketchUp, lo cual facilita el examen del expediente.","robots":{"index":"index","follow":"follow","max-snippet":"max-snippet:-1","max-image-preview":"max-image-preview:large","max-video-preview":"max-video-preview:-1"},"canonical":"https:\/\/www.cythelia.fr\/es\/energias-renovables\/peritaje\/estudio-deslumbramiento\/","og_locale":"fr_FR","og_type":"article","og_title":"Estudios de deslumbramiento","og_description":"Una descripci\u00f3n clara y expl\u00edcita de un estudio de deslumbramiento (o reverberaci\u00f3n) mediante el uso de un software desarrollado por Cythelia y basada en Google SketchUp, lo cual facilita el examen del expediente.","og_url":"https:\/\/www.cythelia.fr\/es\/energias-renovables\/peritaje\/estudio-deslumbramiento\/","og_site_name":"Cythelia Version ES","article_modified_time":"2016-12-22T17:01:06+00:00","og_image":[{"url":"https:\/\/www.cythelia.fr\/es\/wp-content\/uploads\/sites\/3\/2015\/02\/eblouissement1.jpg"}],"twitter_misc":{"Dur\u00e9e de lecture estim\u00e9e":"3 minutes"},"schema":{"@context":"https:\/\/schema.org","@graph":[{"@type":"WebPage","@id":"https:\/\/www.cythelia.fr\/es\/energias-renovables\/peritaje\/estudio-deslumbramiento\/","url":"https:\/\/www.cythelia.fr\/es\/energias-renovables\/peritaje\/estudio-deslumbramiento\/","name":"Estudios de deslumbramiento","isPartOf":{"@id":"https:\/\/www.cythelia.fr\/es\/#website"},"datePublished":"2015-02-18T13:54:18+00:00","dateModified":"2016-12-22T17:01:06+00:00","description":"Una descripci\u00f3n clara y expl\u00edcita de un estudio de deslumbramiento (o reverberaci\u00f3n) mediante el uso de un software desarrollado por Cythelia y basada en Google SketchUp, lo cual facilita el examen del expediente.","breadcrumb":{"@id":"https:\/\/www.cythelia.fr\/es\/energias-renovables\/peritaje\/estudio-deslumbramiento\/#breadcrumb"},"inLanguage":"fr-FR","potentialAction":[{"@type":"ReadAction","target":["https:\/\/www.cythelia.fr\/es\/energias-renovables\/peritaje\/estudio-deslumbramiento\/"]}]},{"@type":"BreadcrumbList","@id":"https:\/\/www.cythelia.fr\/es\/energias-renovables\/peritaje\/estudio-deslumbramiento\/#breadcrumb","itemListElement":[{"@type":"ListItem","position":1,"name":"Accueil","item":"https:\/\/www.cythelia.fr\/es\/"},{"@type":"ListItem","position":2,"name":"Energ\u00edas renovables","item":"https:\/\/www.cythelia.fr\/es\/energias-renovables\/"},{"@type":"ListItem","position":3,"name":"Peritaje","item":"https:\/\/www.cythelia.fr\/es\/energias-renovables\/peritaje\/"},{"@type":"ListItem","position":4,"name":"Estudios de deslumbramiento"}]},{"@type":"WebSite","@id":"https:\/\/www.cythelia.fr\/es\/#website","url":"https:\/\/www.cythelia.fr\/es\/","name":"Cythelia Version ES","description":"","potentialAction":[{"@type":"SearchAction","target":{"@type":"EntryPoint","urlTemplate":"https:\/\/www.cythelia.fr\/es\/?s={search_term_string}"},"query-input":"required name=search_term_string"}],"inLanguage":"fr-FR"}]}},"_links":{"self":[{"href":"https:\/\/www.cythelia.fr\/es\/wp-json\/wp\/v2\/pages\/5481"}],"collection":[{"href":"https:\/\/www.cythelia.fr\/es\/wp-json\/wp\/v2\/pages"}],"about":[{"href":"https:\/\/www.cythelia.fr\/es\/wp-json\/wp\/v2\/types\/page"}],"author":[{"embeddable":true,"href":"https:\/\/www.cythelia.fr\/es\/wp-json\/wp\/v2\/users\/1"}],"replies":[{"embeddable":true,"href":"https:\/\/www.cythelia.fr\/es\/wp-json\/wp\/v2\/comments?post=5481"}],"version-history":[{"count":7,"href":"https:\/\/www.cythelia.fr\/es\/wp-json\/wp\/v2\/pages\/5481\/revisions"}],"predecessor-version":[{"id":7969,"href":"https:\/\/www.cythelia.fr\/es\/wp-json\/wp\/v2\/pages\/5481\/revisions\/7969"}],"up":[{"embeddable":true,"href":"https:\/\/www.cythelia.fr\/es\/wp-json\/wp\/v2\/pages\/5475"}],"wp:attachment":[{"href":"https:\/\/www.cythelia.fr\/es\/wp-json\/wp\/v2\/media?parent=5481"}],"curies":[{"name":"wp","href":"https:\/\/api.w.org\/{rel}","templated":true}]}}