{"id":5479,"date":"2015-02-18T13:54:00","date_gmt":"2015-02-18T12:54:00","guid":{"rendered":"https:\/\/www.cythelia.fr\/?page_id=5479"},"modified":"2023-05-02T12:27:53","modified_gmt":"2023-05-02T11:27:53","slug":"estudio-potencial-produccion","status":"publish","type":"page","link":"https:\/\/www.cythelia.fr\/es\/energias-renovables\/peritaje\/estudio-potencial-produccion\/","title":{"rendered":"Estudio del potencial de producci\u00f3n"},"content":{"rendered":"<section class=\"wpb-content-wrapper\">[vc_row section_background=\u00a0\u00bbcolor\u00a0\u00bb background_color=\u00a0\u00bb#ffffff\u00a0\u00bb][vc_column][vc_row_inner][vc_column_inner width=\u00a0\u00bb3\/4&Prime;][vc_column_text]<strong>Un estudio del potencial de producci\u00f3n permite determinar el potencial de un proyecto fotovoltaico y tiene un impacto directo en su rentabilidad planeada. <\/strong><\/p>\n<p>El c\u00e1lculo del potencial de producci\u00f3n medio previsto (P50) ya no basta hoy en d\u00eda y realizamos c\u00e1lculos tipo P90 (o incluso P75 o P80 si se solicita) para que los organismos que financian los proyectos puedan calcular el riesgo en su justo valor.<\/p>\n<p>Nuestros conocimientos nos permiten ser muy detallados en el conjunto de elementos de la cadena de c\u00e1lculo:<\/p>\n<blockquote><p><em><strong>Yacimiento solar:<\/strong> el polo de investigaci\u00f3n de Cythelia trabaja desde hace muchos a\u00f1os en esta tem\u00e1tica y elegimos las fuentes de datos meteorol\u00f3gicos en funci\u00f3n de su pertinencia, para cada localizaci\u00f3n. La elecci\u00f3n de los datos meteorol\u00f3gicos resulta a\u00fan m\u00e1s importante para el c\u00e1lculo tipo P90.<\/em><\/p>\n<p><em><strong>C\u00e1lculo de producci\u00f3n:<\/strong> el polo de investigaci\u00f3n de Cythelia ha desarrollado Archelios PRO, considerado como el software de c\u00e1lculo del potencial de producci\u00f3n m\u00e1s preciso del mundo*. De este modo controlamos a la perfecci\u00f3n la modelizaci\u00f3n fotovoltaica, sus par\u00e1metros y sus leyes de variabilidad, cuyo conocimiento es indispensable para el c\u00e1lculo de un P90 realista.<\/em><br \/>\n<em> (*) Entre el software profesional, seg\u00fan un estudio de Photon International y un <a href=\"http:\/\/www.journal-ijeee.com\/content\/pdf\/2251-6832-5-1.pdf\" target=\"_blank\" rel=\"noopener\">estudio de la revista IJEEE.<\/a><\/em><\/p><\/blockquote>\n<p>Numerosos agentes (desarrolladores, banqueros, aseguradoras) reconocen los conocimientos especializados de Cythelia, para los cuales tambi\u00e9n realizamos contraperitaje del potencial de producci\u00f3n con el fin de validar los c\u00e1lculos realizados por un tercero.<\/p>\n<p>Los estudios del potencial de producci\u00f3n se realizan en la mayor parte de nuestras misiones de <a title=\"Viabilidad\" href=\"https:\/\/www.cythelia.fr\/energies-renouvelables\/faisabilite\/\">estudios de viabilidad<\/a>, de <a title=\"Direcci\u00f3n de obra \u2013 Oficina de proyectos fotovoltaicos\" href=\"https:\/\/www.cythelia.fr\/energies-renouvelables\/bureau-etude-photovoltaique\/\">direcci\u00f3n de obra<\/a> y de <a title=\"Auditor\u00edas - Diligencia debida\" href=\"\/energies-renouvelables\/audit-photovoltaique\/\">auditor\u00edas\/diligencia debida<\/a>. A continuaci\u00f3n se indican referencias espec\u00edficas.[\/vc_column_text][vc_empty_space][vc_custom_heading text=\u00a0\u00bbEjemplos de referencias de estudios del potencial de producci\u00f3n\u00a0\u00bb font_container=\u00a0\u00bbtag:h3|text_align:left\u00a0\u00bb google_fonts=\u00a0\u00bbfont_family:Open%20Sans%3A300%2C300italic%2Cregular%2Citalic%2C600%2C600italic%2C700%2C700italic%2C800%2C800italic|font_style:400%20regular%3A400%3Anormal\u00a0\u00bb][vc_empty_space][vc_basic_grid post_type=\u00a0\u00bbpost\u00a0\u00bb max_items=\u00a0\u00bb-1&Prime; grid_id=\u00a0\u00bbvc_gid:1683026850826-d3e7cbac-c643-5&Prime; taxonomies=\u00a0\u00bb10&Prime;][vc_button title=\u00a0\u00bbVer todas las referencias\u00a0\u00bb color=\u00a0\u00bbbtn-primary\u00a0\u00bb href=\u00a0\u00bb\/es\/cythelia-3\/referencias\/\u00a0\u00bb][\/vc_column_inner][vc_column_inner el_class=\u00a0\u00bbsidebarsticker\u00a0\u00bb width=\u00a0\u00bb1\/4&Prime;][vc_widget_sidebar sidebar_id=\u00a0\u00bbSideBar Production\u00a0\u00bb][\/vc_column_inner][\/vc_row_inner][\/vc_column][\/vc_row]\n<\/section>","protected":false},"excerpt":{"rendered":"<p>[vc_row section_background=\u00a0\u00bbcolor\u00a0\u00bb background_color=\u00a0\u00bb#ffffff\u00a0\u00bb][vc_column][vc_row_inner][vc_column_inner width=\u00a0\u00bb3\/4&Prime;][vc_column_text]Un estudio del potencial de producci\u00f3n permite determinar el potencial de un proyecto fotovoltaico y tiene un impacto directo en su rentabilidad planeada. El c\u00e1lculo del potencial de producci\u00f3n medio previsto (P50) ya no basta hoy en d\u00eda y realizamos c\u00e1lculos tipo P90 (o incluso P75 o &hellip; <a class=\"readmore\" href=\"https:\/\/www.cythelia.fr\/es\/energias-renovables\/peritaje\/estudio-potencial-produccion\/\">Lire la suite <span class=\"meta-nav\">&rarr;<\/span><\/a><\/p>\n","protected":false},"author":1,"featured_media":0,"parent":5475,"menu_order":0,"comment_status":"open","ping_status":"closed","template":"template\/template-landing-page-vc.php","meta":[],"yoast_head":"<!-- This site is optimized with the Yoast SEO plugin v20.0 - https:\/\/yoast.com\/wordpress\/plugins\/seo\/ -->\n<title>Estudio del potencial de producci\u00f3n<\/title>\n<meta name=\"description\" content=\"Un estudio del potencial de producci\u00f3n permite determinar el potencial de un proyecto fotovoltaico y tiene un impacto directo en su rentabilidad planeada.\" \/>\n<meta name=\"robots\" content=\"index, follow, max-snippet:-1, max-image-preview:large, max-video-preview:-1\" \/>\n<link rel=\"canonical\" href=\"https:\/\/www.cythelia.fr\/es\/energias-renovables\/peritaje\/estudio-potencial-produccion\/\" \/>\n<meta property=\"og:locale\" content=\"fr_FR\" \/>\n<meta property=\"og:type\" content=\"article\" \/>\n<meta property=\"og:title\" content=\"Estudio del potencial de producci\u00f3n\" \/>\n<meta property=\"og:description\" content=\"Un estudio del potencial de producci\u00f3n permite determinar el potencial de un proyecto fotovoltaico y tiene un impacto directo en su rentabilidad planeada.\" \/>\n<meta property=\"og:url\" content=\"https:\/\/www.cythelia.fr\/es\/energias-renovables\/peritaje\/estudio-potencial-produccion\/\" \/>\n<meta property=\"og:site_name\" content=\"Cythelia Version ES\" \/>\n<meta property=\"article:modified_time\" content=\"2023-05-02T11:27:53+00:00\" \/>\n<meta name=\"twitter:label1\" content=\"Dur\u00e9e de lecture estim\u00e9e\" \/>\n\t<meta name=\"twitter:data1\" content=\"2 minutes\" \/>\n<script type=\"application\/ld+json\" class=\"yoast-schema-graph\">{\"@context\":\"https:\/\/schema.org\",\"@graph\":[{\"@type\":\"WebPage\",\"@id\":\"https:\/\/www.cythelia.fr\/es\/energias-renovables\/peritaje\/estudio-potencial-produccion\/\",\"url\":\"https:\/\/www.cythelia.fr\/es\/energias-renovables\/peritaje\/estudio-potencial-produccion\/\",\"name\":\"Estudio del potencial de producci\u00f3n\",\"isPartOf\":{\"@id\":\"https:\/\/www.cythelia.fr\/es\/#website\"},\"datePublished\":\"2015-02-18T12:54:00+00:00\",\"dateModified\":\"2023-05-02T11:27:53+00:00\",\"description\":\"Un estudio del potencial de producci\u00f3n permite determinar el potencial de un proyecto fotovoltaico y tiene un impacto directo en su rentabilidad planeada.\",\"breadcrumb\":{\"@id\":\"https:\/\/www.cythelia.fr\/es\/energias-renovables\/peritaje\/estudio-potencial-produccion\/#breadcrumb\"},\"inLanguage\":\"fr-FR\",\"potentialAction\":[{\"@type\":\"ReadAction\",\"target\":[\"https:\/\/www.cythelia.fr\/es\/energias-renovables\/peritaje\/estudio-potencial-produccion\/\"]}]},{\"@type\":\"BreadcrumbList\",\"@id\":\"https:\/\/www.cythelia.fr\/es\/energias-renovables\/peritaje\/estudio-potencial-produccion\/#breadcrumb\",\"itemListElement\":[{\"@type\":\"ListItem\",\"position\":1,\"name\":\"Accueil\",\"item\":\"https:\/\/www.cythelia.fr\/es\/\"},{\"@type\":\"ListItem\",\"position\":2,\"name\":\"Energ\u00edas renovables\",\"item\":\"https:\/\/www.cythelia.fr\/es\/energias-renovables\/\"},{\"@type\":\"ListItem\",\"position\":3,\"name\":\"Peritaje\",\"item\":\"https:\/\/www.cythelia.fr\/es\/energias-renovables\/peritaje\/\"},{\"@type\":\"ListItem\",\"position\":4,\"name\":\"Estudio del potencial de producci\u00f3n\"}]},{\"@type\":\"WebSite\",\"@id\":\"https:\/\/www.cythelia.fr\/es\/#website\",\"url\":\"https:\/\/www.cythelia.fr\/es\/\",\"name\":\"Cythelia Version ES\",\"description\":\"\",\"potentialAction\":[{\"@type\":\"SearchAction\",\"target\":{\"@type\":\"EntryPoint\",\"urlTemplate\":\"https:\/\/www.cythelia.fr\/es\/?s={search_term_string}\"},\"query-input\":\"required name=search_term_string\"}],\"inLanguage\":\"fr-FR\"}]}<\/script>\n<!-- \/ Yoast SEO plugin. -->","yoast_head_json":{"title":"Estudio del potencial de producci\u00f3n","description":"Un estudio del potencial de producci\u00f3n permite determinar el potencial de un proyecto fotovoltaico y tiene un impacto directo en su rentabilidad planeada.","robots":{"index":"index","follow":"follow","max-snippet":"max-snippet:-1","max-image-preview":"max-image-preview:large","max-video-preview":"max-video-preview:-1"},"canonical":"https:\/\/www.cythelia.fr\/es\/energias-renovables\/peritaje\/estudio-potencial-produccion\/","og_locale":"fr_FR","og_type":"article","og_title":"Estudio del potencial de producci\u00f3n","og_description":"Un estudio del potencial de producci\u00f3n permite determinar el potencial de un proyecto fotovoltaico y tiene un impacto directo en su rentabilidad planeada.","og_url":"https:\/\/www.cythelia.fr\/es\/energias-renovables\/peritaje\/estudio-potencial-produccion\/","og_site_name":"Cythelia Version ES","article_modified_time":"2023-05-02T11:27:53+00:00","twitter_misc":{"Dur\u00e9e de lecture estim\u00e9e":"2 minutes"},"schema":{"@context":"https:\/\/schema.org","@graph":[{"@type":"WebPage","@id":"https:\/\/www.cythelia.fr\/es\/energias-renovables\/peritaje\/estudio-potencial-produccion\/","url":"https:\/\/www.cythelia.fr\/es\/energias-renovables\/peritaje\/estudio-potencial-produccion\/","name":"Estudio del potencial de producci\u00f3n","isPartOf":{"@id":"https:\/\/www.cythelia.fr\/es\/#website"},"datePublished":"2015-02-18T12:54:00+00:00","dateModified":"2023-05-02T11:27:53+00:00","description":"Un estudio del potencial de producci\u00f3n permite determinar el potencial de un proyecto fotovoltaico y tiene un impacto directo en su rentabilidad planeada.","breadcrumb":{"@id":"https:\/\/www.cythelia.fr\/es\/energias-renovables\/peritaje\/estudio-potencial-produccion\/#breadcrumb"},"inLanguage":"fr-FR","potentialAction":[{"@type":"ReadAction","target":["https:\/\/www.cythelia.fr\/es\/energias-renovables\/peritaje\/estudio-potencial-produccion\/"]}]},{"@type":"BreadcrumbList","@id":"https:\/\/www.cythelia.fr\/es\/energias-renovables\/peritaje\/estudio-potencial-produccion\/#breadcrumb","itemListElement":[{"@type":"ListItem","position":1,"name":"Accueil","item":"https:\/\/www.cythelia.fr\/es\/"},{"@type":"ListItem","position":2,"name":"Energ\u00edas renovables","item":"https:\/\/www.cythelia.fr\/es\/energias-renovables\/"},{"@type":"ListItem","position":3,"name":"Peritaje","item":"https:\/\/www.cythelia.fr\/es\/energias-renovables\/peritaje\/"},{"@type":"ListItem","position":4,"name":"Estudio del potencial de producci\u00f3n"}]},{"@type":"WebSite","@id":"https:\/\/www.cythelia.fr\/es\/#website","url":"https:\/\/www.cythelia.fr\/es\/","name":"Cythelia Version ES","description":"","potentialAction":[{"@type":"SearchAction","target":{"@type":"EntryPoint","urlTemplate":"https:\/\/www.cythelia.fr\/es\/?s={search_term_string}"},"query-input":"required name=search_term_string"}],"inLanguage":"fr-FR"}]}},"_links":{"self":[{"href":"https:\/\/www.cythelia.fr\/es\/wp-json\/wp\/v2\/pages\/5479"}],"collection":[{"href":"https:\/\/www.cythelia.fr\/es\/wp-json\/wp\/v2\/pages"}],"about":[{"href":"https:\/\/www.cythelia.fr\/es\/wp-json\/wp\/v2\/types\/page"}],"author":[{"embeddable":true,"href":"https:\/\/www.cythelia.fr\/es\/wp-json\/wp\/v2\/users\/1"}],"replies":[{"embeddable":true,"href":"https:\/\/www.cythelia.fr\/es\/wp-json\/wp\/v2\/comments?post=5479"}],"version-history":[{"count":7,"href":"https:\/\/www.cythelia.fr\/es\/wp-json\/wp\/v2\/pages\/5479\/revisions"}],"predecessor-version":[{"id":7998,"href":"https:\/\/www.cythelia.fr\/es\/wp-json\/wp\/v2\/pages\/5479\/revisions\/7998"}],"up":[{"embeddable":true,"href":"https:\/\/www.cythelia.fr\/es\/wp-json\/wp\/v2\/pages\/5475"}],"wp:attachment":[{"href":"https:\/\/www.cythelia.fr\/es\/wp-json\/wp\/v2\/media?parent=5479"}],"curies":[{"name":"wp","href":"https:\/\/api.w.org\/{rel}","templated":true}]}}