{"id":5477,"date":"2015-02-18T10:55:06","date_gmt":"2015-02-18T10:55:06","guid":{"rendered":"https:\/\/www.cythelia.fr\/?page_id=5477"},"modified":"2023-05-02T12:26:14","modified_gmt":"2023-05-02T11:26:14","slug":"catastro-solar","status":"publish","type":"page","link":"https:\/\/www.cythelia.fr\/es\/energias-renovables\/peritaje\/catastro-solar\/","title":{"rendered":"Catastro solar"},"content":{"rendered":"<section class=\"wpb-content-wrapper\">[vc_row section_background=\u00a0\u00bbcolor\u00a0\u00bb background_color=\u00a0\u00bb#ffffff\u00a0\u00bb][vc_column][vc_row_inner][vc_column_inner width=\u00a0\u00bb3\/4&Prime;][vc_custom_heading text=\u00a0\u00bbCatastro solar\u00a0\u00bb font_container=\u00a0\u00bbtag:h4|text_align:left\u00a0\u00bb google_fonts=\u00a0\u00bbfont_family:Open%20Sans%3A300%2C300italic%2Cregular%2Citalic%2C600%2C600italic%2C700%2C700italic%2C800%2C800italic|font_style:400%20regular%3A400%3Anormal\u00a0\u00bb][vc_column_text]Hoy en d\u00eda multitud de comunidades desarrollan modelizaciones 3D de su territorio. A trav\u00e9s de los algoritmos desarrollados para el software ARCHELIOS\u00ae, podemos modelizar la insolaci\u00f3n en las fachadas y los tejados de los edificios en una gran escala.<\/p>\n<p>Esta modelizaci\u00f3n permite desarrollar un catastro solar, integrado en el Sistema de Informaci\u00f3n Geogr\u00e1fica (SIG) 2D y 3D de la comunidad y\/o disponible en l\u00ednea en la p\u00e1gina web de la comunidad.<\/p>\n<blockquote><p><em><strong>Determinaci\u00f3n del potencial de aportaciones solares:<\/strong> aportes globales, potencial de aportaciones para las puertas y ventanas en la fachada, etc.<\/em><\/p>\n<p><em><strong>Detecci\u00f3n de zonas \u00ab\u00a0sin sol\u00a0\u00bb<\/strong><\/em><\/p>\n<p><em><strong>Red el\u00e9ctrica inteligente:<\/strong> c\u00e1lculo de la cobertura de consumos el\u00e9ctricos para la producci\u00f3n potencial fotovoltaica y optimizaci\u00f3n a trav\u00e9s del almacenaje (edificios o manzanas)<\/em><\/p><\/blockquote>\n<p>[\/vc_column_text][vc_empty_space][vc_custom_heading text=\u00a0\u00bbAspectos t\u00e9cnicos del catastro solar\u00a0\u00bb font_container=\u00a0\u00bbtag:h4|text_align:left\u00a0\u00bb google_fonts=\u00a0\u00bbfont_family:Open%20Sans%3A300%2C300italic%2Cregular%2Citalic%2C600%2C600italic%2C700%2C700italic%2C800%2C800italic|font_style:400%20regular%3A400%3Anormal\u00a0\u00bb][vc_column_text]<\/p>\n<blockquote><p><em><strong>El catastro solar tiene en cuenta las orientaciones e inclinaciones de los tejados y las fachadas.\u00a0<\/strong>Los c\u00e1lculos se realizan a trav\u00e9s de los algoritmos del software <a href=\"http:\/\/www.trace-software.com\/fr\/produits\/archelios-pro\/\" target=\"_blank\" rel=\"noopener\">ARCHELIOS\u00ae<\/a>.<\/em><\/p><\/blockquote>\n<p><em><strong>El catastro solar tiene en cuenta autom\u00e1ticamente las sombras generadas por el relieve <\/strong><\/em><em> (colinas, monta\u00f1as, etc.), bas\u00e1ndose en datos topol\u00f3gicos de la NASA.<\/em><\/p>\n<p><em><strong>El catastro solar tiene en cuenta las sombras generadas por los dem\u00e1s edificios, \u00e1rboles, etc.<\/strong> bas\u00e1ndose en un modelo 3D.<\/em>[\/vc_column_text][vc_empty_space][vc_custom_heading text=\u00a0\u00bbEjemplos de referencias en catastro solar\u00a0\u00bb font_container=\u00a0\u00bbtag:h3|text_align:left\u00a0\u00bb google_fonts=\u00a0\u00bbfont_family:Open%20Sans%3A300%2C300italic%2Cregular%2Citalic%2C600%2C600italic%2C700%2C700italic%2C800%2C800italic|font_style:400%20regular%3A400%3Anormal\u00a0\u00bb][vc_empty_space][vc_basic_grid post_type=\u00a0\u00bbpost\u00a0\u00bb max_items=\u00a0\u00bb-1&Prime; grid_id=\u00a0\u00bbvc_gid:1683026759979-6005fea1-e694-10&Prime; taxonomies=\u00a0\u00bb8&Prime;][vc_button title=\u00a0\u00bbVer todas las referencias\u00a0\u00bb color=\u00a0\u00bbbtn-primary\u00a0\u00bb href=\u00a0\u00bb\/es\/cythelia-3\/referencias\/\u00a0\u00bb][\/vc_column_inner][vc_column_inner el_class=\u00a0\u00bbsidebarsticker\u00a0\u00bb width=\u00a0\u00bb1\/4&Prime;][vc_widget_sidebar sidebar_id=\u00a0\u00bbSideBar Production\u00a0\u00bb][\/vc_column_inner][\/vc_row_inner][\/vc_column][\/vc_row][vc_row][vc_column][vc_column_text]<\/p>\n<p>[\/vc_column_text][\/vc_column][\/vc_row]\n<\/section>","protected":false},"excerpt":{"rendered":"<p>[vc_row section_background=\u00a0\u00bbcolor\u00a0\u00bb background_color=\u00a0\u00bb#ffffff\u00a0\u00bb][vc_column][vc_row_inner][vc_column_inner width=\u00a0\u00bb3\/4&Prime;][vc_custom_heading text=\u00a0\u00bbCatastro solar\u00a0\u00bb font_container=\u00a0\u00bbtag:h4|text_align:left\u00a0\u00bb google_fonts=\u00a0\u00bbfont_family:Open%20Sans%3A300%2C300italic%2Cregular%2Citalic%2C600%2C600italic%2C700%2C700italic%2C800%2C800italic|font_style:400%20regular%3A400%3Anormal\u00a0\u00bb][vc_column_text]Hoy en d\u00eda multitud de comunidades desarrollan modelizaciones 3D de su territorio. A trav\u00e9s de los algoritmos desarrollados para el software ARCHELIOS\u00ae, podemos modelizar la insolaci\u00f3n en las fachadas y los tejados de los edificios en una gran escala. Esta modelizaci\u00f3n permite desarrollar &hellip; <a class=\"readmore\" href=\"https:\/\/www.cythelia.fr\/es\/energias-renovables\/peritaje\/catastro-solar\/\">Lire la suite <span class=\"meta-nav\">&rarr;<\/span><\/a><\/p>\n","protected":false},"author":1,"featured_media":0,"parent":5475,"menu_order":0,"comment_status":"open","ping_status":"open","template":"template\/template-landing-page-vc.php","meta":[],"yoast_head":"<!-- This site is optimized with the Yoast SEO plugin v20.0 - https:\/\/yoast.com\/wordpress\/plugins\/seo\/ -->\n<title>Catastro solar<\/title>\n<meta name=\"description\" content=\"A trav\u00e9s de los algoritmos desarrollados para el software ARCHELIOS\u00ae, podemos modelizar la insolaci\u00f3n en las fachadas y los tejados de los edificios en una gran escala.\" \/>\n<meta name=\"robots\" content=\"index, follow, max-snippet:-1, max-image-preview:large, max-video-preview:-1\" \/>\n<link rel=\"canonical\" href=\"https:\/\/www.cythelia.fr\/es\/energias-renovables\/peritaje\/catastro-solar\/\" \/>\n<meta property=\"og:locale\" content=\"fr_FR\" \/>\n<meta property=\"og:type\" content=\"article\" \/>\n<meta property=\"og:title\" content=\"Catastro solar\" \/>\n<meta property=\"og:description\" content=\"A trav\u00e9s de los algoritmos desarrollados para el software ARCHELIOS\u00ae, podemos modelizar la insolaci\u00f3n en las fachadas y los tejados de los edificios en una gran escala.\" \/>\n<meta property=\"og:url\" content=\"https:\/\/www.cythelia.fr\/es\/energias-renovables\/peritaje\/catastro-solar\/\" \/>\n<meta property=\"og:site_name\" content=\"Cythelia Version ES\" \/>\n<meta property=\"article:modified_time\" content=\"2023-05-02T11:26:14+00:00\" \/>\n<meta name=\"twitter:label1\" content=\"Dur\u00e9e de lecture estim\u00e9e\" \/>\n\t<meta name=\"twitter:data1\" content=\"2 minutes\" \/>\n<script type=\"application\/ld+json\" class=\"yoast-schema-graph\">{\"@context\":\"https:\/\/schema.org\",\"@graph\":[{\"@type\":\"WebPage\",\"@id\":\"https:\/\/www.cythelia.fr\/es\/energias-renovables\/peritaje\/catastro-solar\/\",\"url\":\"https:\/\/www.cythelia.fr\/es\/energias-renovables\/peritaje\/catastro-solar\/\",\"name\":\"Catastro solar\",\"isPartOf\":{\"@id\":\"https:\/\/www.cythelia.fr\/es\/#website\"},\"datePublished\":\"2015-02-18T10:55:06+00:00\",\"dateModified\":\"2023-05-02T11:26:14+00:00\",\"description\":\"A trav\u00e9s de los algoritmos desarrollados para el software ARCHELIOS\u00ae, podemos modelizar la insolaci\u00f3n en las fachadas y los tejados de los edificios en una gran escala.\",\"breadcrumb\":{\"@id\":\"https:\/\/www.cythelia.fr\/es\/energias-renovables\/peritaje\/catastro-solar\/#breadcrumb\"},\"inLanguage\":\"fr-FR\",\"potentialAction\":[{\"@type\":\"ReadAction\",\"target\":[\"https:\/\/www.cythelia.fr\/es\/energias-renovables\/peritaje\/catastro-solar\/\"]}]},{\"@type\":\"BreadcrumbList\",\"@id\":\"https:\/\/www.cythelia.fr\/es\/energias-renovables\/peritaje\/catastro-solar\/#breadcrumb\",\"itemListElement\":[{\"@type\":\"ListItem\",\"position\":1,\"name\":\"Accueil\",\"item\":\"https:\/\/www.cythelia.fr\/es\/\"},{\"@type\":\"ListItem\",\"position\":2,\"name\":\"Energ\u00edas renovables\",\"item\":\"https:\/\/www.cythelia.fr\/es\/energias-renovables\/\"},{\"@type\":\"ListItem\",\"position\":3,\"name\":\"Peritaje\",\"item\":\"https:\/\/www.cythelia.fr\/es\/energias-renovables\/peritaje\/\"},{\"@type\":\"ListItem\",\"position\":4,\"name\":\"Catastro solar\"}]},{\"@type\":\"WebSite\",\"@id\":\"https:\/\/www.cythelia.fr\/es\/#website\",\"url\":\"https:\/\/www.cythelia.fr\/es\/\",\"name\":\"Cythelia Version ES\",\"description\":\"\",\"potentialAction\":[{\"@type\":\"SearchAction\",\"target\":{\"@type\":\"EntryPoint\",\"urlTemplate\":\"https:\/\/www.cythelia.fr\/es\/?s={search_term_string}\"},\"query-input\":\"required name=search_term_string\"}],\"inLanguage\":\"fr-FR\"}]}<\/script>\n<!-- \/ Yoast SEO plugin. -->","yoast_head_json":{"title":"Catastro solar","description":"A trav\u00e9s de los algoritmos desarrollados para el software ARCHELIOS\u00ae, podemos modelizar la insolaci\u00f3n en las fachadas y los tejados de los edificios en una gran escala.","robots":{"index":"index","follow":"follow","max-snippet":"max-snippet:-1","max-image-preview":"max-image-preview:large","max-video-preview":"max-video-preview:-1"},"canonical":"https:\/\/www.cythelia.fr\/es\/energias-renovables\/peritaje\/catastro-solar\/","og_locale":"fr_FR","og_type":"article","og_title":"Catastro solar","og_description":"A trav\u00e9s de los algoritmos desarrollados para el software ARCHELIOS\u00ae, podemos modelizar la insolaci\u00f3n en las fachadas y los tejados de los edificios en una gran escala.","og_url":"https:\/\/www.cythelia.fr\/es\/energias-renovables\/peritaje\/catastro-solar\/","og_site_name":"Cythelia Version ES","article_modified_time":"2023-05-02T11:26:14+00:00","twitter_misc":{"Dur\u00e9e de lecture estim\u00e9e":"2 minutes"},"schema":{"@context":"https:\/\/schema.org","@graph":[{"@type":"WebPage","@id":"https:\/\/www.cythelia.fr\/es\/energias-renovables\/peritaje\/catastro-solar\/","url":"https:\/\/www.cythelia.fr\/es\/energias-renovables\/peritaje\/catastro-solar\/","name":"Catastro solar","isPartOf":{"@id":"https:\/\/www.cythelia.fr\/es\/#website"},"datePublished":"2015-02-18T10:55:06+00:00","dateModified":"2023-05-02T11:26:14+00:00","description":"A trav\u00e9s de los algoritmos desarrollados para el software ARCHELIOS\u00ae, podemos modelizar la insolaci\u00f3n en las fachadas y los tejados de los edificios en una gran escala.","breadcrumb":{"@id":"https:\/\/www.cythelia.fr\/es\/energias-renovables\/peritaje\/catastro-solar\/#breadcrumb"},"inLanguage":"fr-FR","potentialAction":[{"@type":"ReadAction","target":["https:\/\/www.cythelia.fr\/es\/energias-renovables\/peritaje\/catastro-solar\/"]}]},{"@type":"BreadcrumbList","@id":"https:\/\/www.cythelia.fr\/es\/energias-renovables\/peritaje\/catastro-solar\/#breadcrumb","itemListElement":[{"@type":"ListItem","position":1,"name":"Accueil","item":"https:\/\/www.cythelia.fr\/es\/"},{"@type":"ListItem","position":2,"name":"Energ\u00edas renovables","item":"https:\/\/www.cythelia.fr\/es\/energias-renovables\/"},{"@type":"ListItem","position":3,"name":"Peritaje","item":"https:\/\/www.cythelia.fr\/es\/energias-renovables\/peritaje\/"},{"@type":"ListItem","position":4,"name":"Catastro solar"}]},{"@type":"WebSite","@id":"https:\/\/www.cythelia.fr\/es\/#website","url":"https:\/\/www.cythelia.fr\/es\/","name":"Cythelia Version ES","description":"","potentialAction":[{"@type":"SearchAction","target":{"@type":"EntryPoint","urlTemplate":"https:\/\/www.cythelia.fr\/es\/?s={search_term_string}"},"query-input":"required name=search_term_string"}],"inLanguage":"fr-FR"}]}},"_links":{"self":[{"href":"https:\/\/www.cythelia.fr\/es\/wp-json\/wp\/v2\/pages\/5477"}],"collection":[{"href":"https:\/\/www.cythelia.fr\/es\/wp-json\/wp\/v2\/pages"}],"about":[{"href":"https:\/\/www.cythelia.fr\/es\/wp-json\/wp\/v2\/types\/page"}],"author":[{"embeddable":true,"href":"https:\/\/www.cythelia.fr\/es\/wp-json\/wp\/v2\/users\/1"}],"replies":[{"embeddable":true,"href":"https:\/\/www.cythelia.fr\/es\/wp-json\/wp\/v2\/comments?post=5477"}],"version-history":[{"count":9,"href":"https:\/\/www.cythelia.fr\/es\/wp-json\/wp\/v2\/pages\/5477\/revisions"}],"predecessor-version":[{"id":7996,"href":"https:\/\/www.cythelia.fr\/es\/wp-json\/wp\/v2\/pages\/5477\/revisions\/7996"}],"up":[{"embeddable":true,"href":"https:\/\/www.cythelia.fr\/es\/wp-json\/wp\/v2\/pages\/5475"}],"wp:attachment":[{"href":"https:\/\/www.cythelia.fr\/es\/wp-json\/wp\/v2\/media?parent=5477"}],"curies":[{"name":"wp","href":"https:\/\/api.w.org\/{rel}","templated":true}]}}