{"id":5469,"date":"2015-02-18T10:31:18","date_gmt":"2015-02-18T10:31:18","guid":{"rendered":"https:\/\/www.cythelia.fr\/?page_id=5469"},"modified":"2023-05-02T12:25:39","modified_gmt":"2023-05-02T11:25:39","slug":"auditoria-fotovoltaica","status":"publish","type":"page","link":"https:\/\/www.cythelia.fr\/es\/energias-renovables\/auditoria-fotovoltaica\/","title":{"rendered":"Auditor\u00eda fotovoltaica"},"content":{"rendered":"<section class=\"wpb-content-wrapper\">[vc_row section_background=\u00a0\u00bbcolor\u00a0\u00bb background_color=\u00a0\u00bb#ffffff\u00a0\u00bb][vc_column][vc_row_inner][vc_column_inner width=\u00a0\u00bb3\/4&Prime;][vc_column_text]<span style=\"font-weight: 400;\">En la fase de explotaci\u00f3n, Cythelia aporta sus conocimientos especializados para la realizaci\u00f3n de auditor\u00edas de plantas fotovoltaicas o de diligencia debida. <\/span><\/p>\n<p>Realizamos estas misiones por cuenta de organismos de financiaci\u00f3n, aseguradoras, inversores y operadores. La auditor\u00eda fotovoltaica o la diligencia debida son necesarias en el caso de una adquisici\u00f3n de plantas, peri\u00f3dicamente en fase de explotaci\u00f3n, en el caso de una producci\u00f3n menor de la esperada, para hacer valer una garant\u00eda, etc.<\/p>\n<p>Cythelia ha desarrollado un dron fotovoltaico con una c\u00e1mara de infrarrojos y de alta definici\u00f3n que permite detectar anomal\u00edas de funcionamiento en los m\u00f3dulos fotovoltaicos.<\/p>\n<p>Una auditor\u00eda fotovoltaica abarca las siguientes tareas:<\/p>\n<blockquote><p><strong><em>Respeto de las normas y mejores pr\u00e1cticas<\/em><\/strong><\/p>\n<p><strong><em> An\u00e1lisis de la producci\u00f3n frente a los datos meteorol\u00f3gicos reales<\/em><\/strong><\/p>\n<p><strong><em> Medida de las caracter\u00edsticas de corriente-tensi\u00f3n<\/em><\/strong><\/p>\n<p><strong><em> Termograf\u00eda infrarroja de los cuadros el\u00e9ctricos y los m\u00f3dulos (c\u00e1mara en mano y dron)<\/em><\/strong><\/p>\n<p><strong><em> etc.<\/em><\/strong><\/p><\/blockquote>\n<p>[\/vc_column_text][vc_empty_space][vc_custom_heading text=\u00a0\u00bbEjemplos de referencias de auditor\u00edas fotovoltaicas\u00a0\u00bb font_container=\u00a0\u00bbtag:h3|text_align:left\u00a0\u00bb google_fonts=\u00a0\u00bbfont_family:Open%20Sans%3A300%2C300italic%2Cregular%2Citalic%2C600%2C600italic%2C700%2C700italic%2C800%2C800italic|font_style:400%20regular%3A400%3Anormal\u00a0\u00bb][vc_empty_space][vc_basic_grid post_type=\u00a0\u00bbpost\u00a0\u00bb max_items=\u00a0\u00bb-1&Prime; grid_id=\u00a0\u00bbvc_gid:1683026726423-601eff7a-7528-3&Prime; taxonomies=\u00a0\u00bb7&Prime;][vc_button title=\u00a0\u00bbVer todas las referencias\u00a0\u00bb color=\u00a0\u00bbbtn-primary\u00a0\u00bb href=\u00a0\u00bb\/es\/cythelia-3\/referencias\/\u00a0\u00bb][\/vc_column_inner][vc_column_inner el_class=\u00a0\u00bbsidebarsticker\u00a0\u00bb width=\u00a0\u00bb1\/4&Prime;][vc_widget_sidebar sidebar_id=\u00a0\u00bbSideBar Production\u00a0\u00bb][\/vc_column_inner][\/vc_row_inner][\/vc_column][\/vc_row]\n<\/section>","protected":false},"excerpt":{"rendered":"<p>[vc_row section_background=\u00a0\u00bbcolor\u00a0\u00bb background_color=\u00a0\u00bb#ffffff\u00a0\u00bb][vc_column][vc_row_inner][vc_column_inner width=\u00a0\u00bb3\/4&Prime;][vc_column_text]En la fase de explotaci\u00f3n, Cythelia aporta sus conocimientos especializados para la realizaci\u00f3n de auditor\u00edas de plantas fotovoltaicas o de diligencia debida. Realizamos estas misiones por cuenta de organismos de financiaci\u00f3n, aseguradoras, inversores y operadores. La auditor\u00eda fotovoltaica o la diligencia debida son necesarias en el caso &hellip; <a class=\"readmore\" href=\"https:\/\/www.cythelia.fr\/es\/energias-renovables\/auditoria-fotovoltaica\/\">Lire la suite <span class=\"meta-nav\">&rarr;<\/span><\/a><\/p>\n","protected":false},"author":1,"featured_media":0,"parent":5214,"menu_order":0,"comment_status":"open","ping_status":"open","template":"template\/template-landing-page-vc.php","meta":[],"yoast_head":"<!-- This site is optimized with the Yoast SEO plugin v20.0 - https:\/\/yoast.com\/wordpress\/plugins\/seo\/ -->\n<title>Auditor\u00eda fotovoltaica<\/title>\n<meta name=\"description\" content=\"En la fase de explotaci\u00f3n, Cythelia aporta sus conocimientos especializados para la realizaci\u00f3n de auditor\u00edas de centrales fotovoltaicas o de diligencia debida.\u00a0\" \/>\n<meta name=\"robots\" content=\"index, follow, max-snippet:-1, max-image-preview:large, max-video-preview:-1\" \/>\n<link rel=\"canonical\" href=\"https:\/\/www.cythelia.fr\/es\/energias-renovables\/auditoria-fotovoltaica\/\" \/>\n<meta property=\"og:locale\" content=\"fr_FR\" \/>\n<meta property=\"og:type\" content=\"article\" \/>\n<meta property=\"og:title\" content=\"Auditor\u00eda fotovoltaica\" \/>\n<meta property=\"og:description\" content=\"En la fase de explotaci\u00f3n, Cythelia aporta sus conocimientos especializados para la realizaci\u00f3n de auditor\u00edas de centrales fotovoltaicas o de diligencia debida.\u00a0\" \/>\n<meta property=\"og:url\" content=\"https:\/\/www.cythelia.fr\/es\/energias-renovables\/auditoria-fotovoltaica\/\" \/>\n<meta property=\"og:site_name\" content=\"Cythelia Version ES\" \/>\n<meta property=\"article:modified_time\" content=\"2023-05-02T11:25:39+00:00\" \/>\n<meta name=\"twitter:label1\" content=\"Dur\u00e9e de lecture estim\u00e9e\" \/>\n\t<meta name=\"twitter:data1\" content=\"1 minute\" \/>\n<script type=\"application\/ld+json\" class=\"yoast-schema-graph\">{\"@context\":\"https:\/\/schema.org\",\"@graph\":[{\"@type\":\"WebPage\",\"@id\":\"https:\/\/www.cythelia.fr\/es\/energias-renovables\/auditoria-fotovoltaica\/\",\"url\":\"https:\/\/www.cythelia.fr\/es\/energias-renovables\/auditoria-fotovoltaica\/\",\"name\":\"Auditor\u00eda fotovoltaica\",\"isPartOf\":{\"@id\":\"https:\/\/www.cythelia.fr\/es\/#website\"},\"datePublished\":\"2015-02-18T10:31:18+00:00\",\"dateModified\":\"2023-05-02T11:25:39+00:00\",\"description\":\"En la fase de explotaci\u00f3n, Cythelia aporta sus conocimientos especializados para la realizaci\u00f3n de auditor\u00edas de centrales fotovoltaicas o de diligencia debida.\u00a0\",\"breadcrumb\":{\"@id\":\"https:\/\/www.cythelia.fr\/es\/energias-renovables\/auditoria-fotovoltaica\/#breadcrumb\"},\"inLanguage\":\"fr-FR\",\"potentialAction\":[{\"@type\":\"ReadAction\",\"target\":[\"https:\/\/www.cythelia.fr\/es\/energias-renovables\/auditoria-fotovoltaica\/\"]}]},{\"@type\":\"BreadcrumbList\",\"@id\":\"https:\/\/www.cythelia.fr\/es\/energias-renovables\/auditoria-fotovoltaica\/#breadcrumb\",\"itemListElement\":[{\"@type\":\"ListItem\",\"position\":1,\"name\":\"Accueil\",\"item\":\"https:\/\/www.cythelia.fr\/es\/\"},{\"@type\":\"ListItem\",\"position\":2,\"name\":\"Energ\u00edas renovables\",\"item\":\"https:\/\/www.cythelia.fr\/es\/energias-renovables\/\"},{\"@type\":\"ListItem\",\"position\":3,\"name\":\"Auditor\u00eda fotovoltaica\"}]},{\"@type\":\"WebSite\",\"@id\":\"https:\/\/www.cythelia.fr\/es\/#website\",\"url\":\"https:\/\/www.cythelia.fr\/es\/\",\"name\":\"Cythelia Version ES\",\"description\":\"\",\"potentialAction\":[{\"@type\":\"SearchAction\",\"target\":{\"@type\":\"EntryPoint\",\"urlTemplate\":\"https:\/\/www.cythelia.fr\/es\/?s={search_term_string}\"},\"query-input\":\"required name=search_term_string\"}],\"inLanguage\":\"fr-FR\"}]}<\/script>\n<!-- \/ Yoast SEO plugin. -->","yoast_head_json":{"title":"Auditor\u00eda fotovoltaica","description":"En la fase de explotaci\u00f3n, Cythelia aporta sus conocimientos especializados para la realizaci\u00f3n de auditor\u00edas de centrales fotovoltaicas o de diligencia debida.\u00a0","robots":{"index":"index","follow":"follow","max-snippet":"max-snippet:-1","max-image-preview":"max-image-preview:large","max-video-preview":"max-video-preview:-1"},"canonical":"https:\/\/www.cythelia.fr\/es\/energias-renovables\/auditoria-fotovoltaica\/","og_locale":"fr_FR","og_type":"article","og_title":"Auditor\u00eda fotovoltaica","og_description":"En la fase de explotaci\u00f3n, Cythelia aporta sus conocimientos especializados para la realizaci\u00f3n de auditor\u00edas de centrales fotovoltaicas o de diligencia debida.\u00a0","og_url":"https:\/\/www.cythelia.fr\/es\/energias-renovables\/auditoria-fotovoltaica\/","og_site_name":"Cythelia Version ES","article_modified_time":"2023-05-02T11:25:39+00:00","twitter_misc":{"Dur\u00e9e de lecture estim\u00e9e":"1 minute"},"schema":{"@context":"https:\/\/schema.org","@graph":[{"@type":"WebPage","@id":"https:\/\/www.cythelia.fr\/es\/energias-renovables\/auditoria-fotovoltaica\/","url":"https:\/\/www.cythelia.fr\/es\/energias-renovables\/auditoria-fotovoltaica\/","name":"Auditor\u00eda fotovoltaica","isPartOf":{"@id":"https:\/\/www.cythelia.fr\/es\/#website"},"datePublished":"2015-02-18T10:31:18+00:00","dateModified":"2023-05-02T11:25:39+00:00","description":"En la fase de explotaci\u00f3n, Cythelia aporta sus conocimientos especializados para la realizaci\u00f3n de auditor\u00edas de centrales fotovoltaicas o de diligencia debida.\u00a0","breadcrumb":{"@id":"https:\/\/www.cythelia.fr\/es\/energias-renovables\/auditoria-fotovoltaica\/#breadcrumb"},"inLanguage":"fr-FR","potentialAction":[{"@type":"ReadAction","target":["https:\/\/www.cythelia.fr\/es\/energias-renovables\/auditoria-fotovoltaica\/"]}]},{"@type":"BreadcrumbList","@id":"https:\/\/www.cythelia.fr\/es\/energias-renovables\/auditoria-fotovoltaica\/#breadcrumb","itemListElement":[{"@type":"ListItem","position":1,"name":"Accueil","item":"https:\/\/www.cythelia.fr\/es\/"},{"@type":"ListItem","position":2,"name":"Energ\u00edas renovables","item":"https:\/\/www.cythelia.fr\/es\/energias-renovables\/"},{"@type":"ListItem","position":3,"name":"Auditor\u00eda fotovoltaica"}]},{"@type":"WebSite","@id":"https:\/\/www.cythelia.fr\/es\/#website","url":"https:\/\/www.cythelia.fr\/es\/","name":"Cythelia Version ES","description":"","potentialAction":[{"@type":"SearchAction","target":{"@type":"EntryPoint","urlTemplate":"https:\/\/www.cythelia.fr\/es\/?s={search_term_string}"},"query-input":"required name=search_term_string"}],"inLanguage":"fr-FR"}]}},"_links":{"self":[{"href":"https:\/\/www.cythelia.fr\/es\/wp-json\/wp\/v2\/pages\/5469"}],"collection":[{"href":"https:\/\/www.cythelia.fr\/es\/wp-json\/wp\/v2\/pages"}],"about":[{"href":"https:\/\/www.cythelia.fr\/es\/wp-json\/wp\/v2\/types\/page"}],"author":[{"embeddable":true,"href":"https:\/\/www.cythelia.fr\/es\/wp-json\/wp\/v2\/users\/1"}],"replies":[{"embeddable":true,"href":"https:\/\/www.cythelia.fr\/es\/wp-json\/wp\/v2\/comments?post=5469"}],"version-history":[{"count":6,"href":"https:\/\/www.cythelia.fr\/es\/wp-json\/wp\/v2\/pages\/5469\/revisions"}],"predecessor-version":[{"id":7995,"href":"https:\/\/www.cythelia.fr\/es\/wp-json\/wp\/v2\/pages\/5469\/revisions\/7995"}],"up":[{"embeddable":true,"href":"https:\/\/www.cythelia.fr\/es\/wp-json\/wp\/v2\/pages\/5214"}],"wp:attachment":[{"href":"https:\/\/www.cythelia.fr\/es\/wp-json\/wp\/v2\/media?parent=5469"}],"curies":[{"name":"wp","href":"https:\/\/api.w.org\/{rel}","templated":true}]}}