{"id":5461,"date":"2015-02-18T10:25:06","date_gmt":"2015-02-18T10:25:06","guid":{"rendered":"https:\/\/www.cythelia.fr\/?page_id=5461"},"modified":"2023-01-26T09:50:08","modified_gmt":"2023-01-26T08:50:08","slug":"smart-grids","status":"publish","type":"page","link":"https:\/\/www.cythelia.fr\/es\/smart-grids\/","title":{"rendered":"Redes el\u00e9ctricas inteligentes (Smart Grids) &#8211; Autoconsumo"},"content":{"rendered":"<section class=\"wpb-content-wrapper\">[vc_row section_background=\u00a0\u00bbcolor\u00a0\u00bb background_color=\u00a0\u00bb#ffffff\u00a0\u00bb][vc_column][vc_column_text]<\/p>\n<h2 style=\"color: #3c3c3c; text-align: center; font-family: Open Sans; font-weight: 400; font-style: normal;\">Los asuntos relacionados con la producci\u00f3n y el consumo de energ\u00eda, a pesar de que se separaron claramente hace unos a\u00f1os, tender\u00e1n a fusionarse. \u00c9ste ser\u00e1 el desaf\u00edo del desarrollo de las redes inteligentes (o smart grids) y del autoconsumo.<\/h2>\n<p>&nbsp;<\/p>\n<p>Desde hace muchos a\u00f1os hemos desarrollado una amplia experiencia en redes el\u00e9ctricas inteligentes y autoconsumo. La producci\u00f3n de energ\u00eda y el control energ\u00e9tico constituyen el n\u00facleo de nuestra actividad desde siempre. Nuestro <a title=\"Polo de investigaci\u00f3n\" href=\"https:\/\/www.cythelia.fr\/es\/polo-investigacion\/\">polo de investigaci\u00f3n<\/a> desarrolla soluciones innovadoras y la oficina de proyectos acompa\u00f1a a los directores de obra en el desarrollo de sus proyectos.<\/p>\n<p><strong>El autoconsumo<\/strong> de energ\u00eda renovable ya es la norma en Alemania. En Francia, participamos en los primeros proyectos a gran escala, particularmente la construcci\u00f3n de 20 centrales fotovoltaicas en los institutos de la regi\u00f3n del Centro, de autoconsumo total.<\/p>\n<p>Trabajamos en <strong>el desarrollo de redes h\u00edbridas inteligentes<\/strong>, que permitan integrar a la vez producciones de electricidad convencionales, renovables y almacenaje, especialmente en los pa\u00edses del sur.[\/vc_column_text][vc_empty_space][vc_custom_heading text=\u00a0\u00bbEjemplos de referencia &#8211; Redes el\u00e9ctricas inteligentes y autoconsumo\u00a0\u00bb font_container=\u00a0\u00bbtag:h3|text_align:left\u00a0\u00bb google_fonts=\u00a0\u00bbfont_family:Open%20Sans%3A300%2C300italic%2Cregular%2Citalic%2C600%2C600italic%2C700%2C700italic%2C800%2C800italic|font_style:400%20regular%3A400%3Anormal\u00a0\u00bb][vc_basic_grid post_type=\u00a0\u00bbpost\u00a0\u00bb max_items=\u00a0\u00bb3&Prime; grid_id=\u00a0\u00bbvc_gid:1674722982531-1be53033-ebbe-4&Prime; taxonomies=\u00a0\u00bb6&Prime;][vc_button title=\u00a0\u00bbVer todas las referencias\u00a0\u00bb color=\u00a0\u00bbbtn-primary\u00a0\u00bb size=\u00a0\u00bbbtn-large\u00a0\u00bb href=\u00a0\u00bb\/es\/cythelia-3\/referencias\/\u00a0\u00bb][vc_empty_space][\/vc_column][\/vc_row]\n<\/section>","protected":false},"excerpt":{"rendered":"<p>[vc_row section_background=\u00a0\u00bbcolor\u00a0\u00bb background_color=\u00a0\u00bb#ffffff\u00a0\u00bb][vc_column][vc_column_text] Los asuntos relacionados con la producci\u00f3n y el consumo de energ\u00eda, a pesar de que se separaron claramente hace unos a\u00f1os, tender\u00e1n a fusionarse. \u00c9ste ser\u00e1 el desaf\u00edo del desarrollo de las redes inteligentes (o smart grids) y del autoconsumo. &nbsp; Desde hace muchos a\u00f1os hemos desarrollado &hellip; <a class=\"readmore\" href=\"https:\/\/www.cythelia.fr\/es\/smart-grids\/\">Lire la suite <span class=\"meta-nav\">&rarr;<\/span><\/a><\/p>\n","protected":false},"author":1,"featured_media":0,"parent":0,"menu_order":0,"comment_status":"open","ping_status":"open","template":"template\/template-landing-page-vc.php","meta":[],"yoast_head":"<!-- This site is optimized with the Yoast SEO plugin v20.0 - https:\/\/yoast.com\/wordpress\/plugins\/seo\/ -->\n<title>Smart Grids \/ Autoconsumo<\/title>\n<meta name=\"description\" content=\"Desde hace muchos a\u00f1os hemos desarrollado una amplia experiencia en redes el\u00e9ctricas inteligentes y autoconsumo.\" \/>\n<meta name=\"robots\" content=\"index, follow, max-snippet:-1, max-image-preview:large, max-video-preview:-1\" \/>\n<link rel=\"canonical\" href=\"https:\/\/www.cythelia.fr\/es\/smart-grids\/\" \/>\n<meta property=\"og:locale\" content=\"fr_FR\" \/>\n<meta property=\"og:type\" content=\"article\" \/>\n<meta property=\"og:title\" content=\"Smart Grids \/ Autoconsumo\" \/>\n<meta property=\"og:description\" content=\"Desde hace muchos a\u00f1os hemos desarrollado una amplia experiencia en redes el\u00e9ctricas inteligentes y autoconsumo.\" \/>\n<meta property=\"og:url\" content=\"https:\/\/www.cythelia.fr\/es\/smart-grids\/\" \/>\n<meta property=\"og:site_name\" content=\"Cythelia Version ES\" \/>\n<meta property=\"article:modified_time\" content=\"2023-01-26T08:50:08+00:00\" \/>\n<meta name=\"twitter:label1\" content=\"Dur\u00e9e de lecture estim\u00e9e\" \/>\n\t<meta name=\"twitter:data1\" content=\"1 minute\" \/>\n<script type=\"application\/ld+json\" class=\"yoast-schema-graph\">{\"@context\":\"https:\/\/schema.org\",\"@graph\":[{\"@type\":\"WebPage\",\"@id\":\"https:\/\/www.cythelia.fr\/es\/smart-grids\/\",\"url\":\"https:\/\/www.cythelia.fr\/es\/smart-grids\/\",\"name\":\"Smart Grids \/ Autoconsumo\",\"isPartOf\":{\"@id\":\"https:\/\/www.cythelia.fr\/es\/#website\"},\"datePublished\":\"2015-02-18T10:25:06+00:00\",\"dateModified\":\"2023-01-26T08:50:08+00:00\",\"description\":\"Desde hace muchos a\u00f1os hemos desarrollado una amplia experiencia en redes el\u00e9ctricas inteligentes y autoconsumo.\",\"breadcrumb\":{\"@id\":\"https:\/\/www.cythelia.fr\/es\/smart-grids\/#breadcrumb\"},\"inLanguage\":\"fr-FR\",\"potentialAction\":[{\"@type\":\"ReadAction\",\"target\":[\"https:\/\/www.cythelia.fr\/es\/smart-grids\/\"]}]},{\"@type\":\"BreadcrumbList\",\"@id\":\"https:\/\/www.cythelia.fr\/es\/smart-grids\/#breadcrumb\",\"itemListElement\":[{\"@type\":\"ListItem\",\"position\":1,\"name\":\"Accueil\",\"item\":\"https:\/\/www.cythelia.fr\/es\/\"},{\"@type\":\"ListItem\",\"position\":2,\"name\":\"Redes el\u00e9ctricas inteligentes (Smart Grids) &#8211; Autoconsumo\"}]},{\"@type\":\"WebSite\",\"@id\":\"https:\/\/www.cythelia.fr\/es\/#website\",\"url\":\"https:\/\/www.cythelia.fr\/es\/\",\"name\":\"Cythelia Version ES\",\"description\":\"\",\"potentialAction\":[{\"@type\":\"SearchAction\",\"target\":{\"@type\":\"EntryPoint\",\"urlTemplate\":\"https:\/\/www.cythelia.fr\/es\/?s={search_term_string}\"},\"query-input\":\"required name=search_term_string\"}],\"inLanguage\":\"fr-FR\"}]}<\/script>\n<!-- \/ Yoast SEO plugin. -->","yoast_head_json":{"title":"Smart Grids \/ Autoconsumo","description":"Desde hace muchos a\u00f1os hemos desarrollado una amplia experiencia en redes el\u00e9ctricas inteligentes y autoconsumo.","robots":{"index":"index","follow":"follow","max-snippet":"max-snippet:-1","max-image-preview":"max-image-preview:large","max-video-preview":"max-video-preview:-1"},"canonical":"https:\/\/www.cythelia.fr\/es\/smart-grids\/","og_locale":"fr_FR","og_type":"article","og_title":"Smart Grids \/ Autoconsumo","og_description":"Desde hace muchos a\u00f1os hemos desarrollado una amplia experiencia en redes el\u00e9ctricas inteligentes y autoconsumo.","og_url":"https:\/\/www.cythelia.fr\/es\/smart-grids\/","og_site_name":"Cythelia Version ES","article_modified_time":"2023-01-26T08:50:08+00:00","twitter_misc":{"Dur\u00e9e de lecture estim\u00e9e":"1 minute"},"schema":{"@context":"https:\/\/schema.org","@graph":[{"@type":"WebPage","@id":"https:\/\/www.cythelia.fr\/es\/smart-grids\/","url":"https:\/\/www.cythelia.fr\/es\/smart-grids\/","name":"Smart Grids \/ Autoconsumo","isPartOf":{"@id":"https:\/\/www.cythelia.fr\/es\/#website"},"datePublished":"2015-02-18T10:25:06+00:00","dateModified":"2023-01-26T08:50:08+00:00","description":"Desde hace muchos a\u00f1os hemos desarrollado una amplia experiencia en redes el\u00e9ctricas inteligentes y autoconsumo.","breadcrumb":{"@id":"https:\/\/www.cythelia.fr\/es\/smart-grids\/#breadcrumb"},"inLanguage":"fr-FR","potentialAction":[{"@type":"ReadAction","target":["https:\/\/www.cythelia.fr\/es\/smart-grids\/"]}]},{"@type":"BreadcrumbList","@id":"https:\/\/www.cythelia.fr\/es\/smart-grids\/#breadcrumb","itemListElement":[{"@type":"ListItem","position":1,"name":"Accueil","item":"https:\/\/www.cythelia.fr\/es\/"},{"@type":"ListItem","position":2,"name":"Redes el\u00e9ctricas inteligentes (Smart Grids) &#8211; Autoconsumo"}]},{"@type":"WebSite","@id":"https:\/\/www.cythelia.fr\/es\/#website","url":"https:\/\/www.cythelia.fr\/es\/","name":"Cythelia Version ES","description":"","potentialAction":[{"@type":"SearchAction","target":{"@type":"EntryPoint","urlTemplate":"https:\/\/www.cythelia.fr\/es\/?s={search_term_string}"},"query-input":"required name=search_term_string"}],"inLanguage":"fr-FR"}]}},"_links":{"self":[{"href":"https:\/\/www.cythelia.fr\/es\/wp-json\/wp\/v2\/pages\/5461"}],"collection":[{"href":"https:\/\/www.cythelia.fr\/es\/wp-json\/wp\/v2\/pages"}],"about":[{"href":"https:\/\/www.cythelia.fr\/es\/wp-json\/wp\/v2\/types\/page"}],"author":[{"embeddable":true,"href":"https:\/\/www.cythelia.fr\/es\/wp-json\/wp\/v2\/users\/1"}],"replies":[{"embeddable":true,"href":"https:\/\/www.cythelia.fr\/es\/wp-json\/wp\/v2\/comments?post=5461"}],"version-history":[{"count":6,"href":"https:\/\/www.cythelia.fr\/es\/wp-json\/wp\/v2\/pages\/5461\/revisions"}],"predecessor-version":[{"id":7991,"href":"https:\/\/www.cythelia.fr\/es\/wp-json\/wp\/v2\/pages\/5461\/revisions\/7991"}],"wp:attachment":[{"href":"https:\/\/www.cythelia.fr\/es\/wp-json\/wp\/v2\/media?parent=5461"}],"curies":[{"name":"wp","href":"https:\/\/api.w.org\/{rel}","templated":true}]}}