{"id":5146,"date":"2015-02-03T14:54:26","date_gmt":"2015-02-03T14:54:26","guid":{"rendered":"https:\/\/www.cythelia.fr\/?page_id=5146"},"modified":"2017-09-26T17:16:03","modified_gmt":"2017-09-26T16:16:03","slug":"accueil","status":"publish","type":"page","link":"https:\/\/www.cythelia.fr\/es\/","title":{"rendered":"Inicio"},"content":{"rendered":"<section class=\"wpb-content-wrapper\">[vc_row section_top_margin=\u00a0\u00bbnormaltopmargin\u00a0\u00bb section_bottom_margin=\u00a0\u00bbnormalbottommargin\u00a0\u00bb section_schema=\u00a0\u00bbnormal\u00a0\u00bb section_background=\u00a0\u00bbcolor\u00a0\u00bb background_color=\u00a0\u00bb#ffffff\u00a0\u00bb background_repeat=\u00a0\u00bbrepeat\u00a0\u00bb moving_direction=\u00a0\u00bbhorizontal\u00a0\u00bb parallax_speed_1=\u00a0\u00bb300&Prime; parallax_speed_2=\u00a0\u00bb300&Prime; parallax_speed_3=\u00a0\u00bb300&Prime; parallax_speed_4=\u00a0\u00bb300&Prime; parallax_speed_5=\u00a0\u00bb300&Prime; parallax_speed_6=\u00a0\u00bb300&Prime; parallax_speed_7=\u00a0\u00bb300&Prime; parallax_speed_8=\u00a0\u00bb300&Prime; parallax_speed_9=\u00a0\u00bb300&Prime; parallax_speed_10=\u00a0\u00bb300&Prime;][vc_column width=\u00a0\u00bb1\/1&Prime;][vc_row_inner enable_animation=\u00a0\u00bbyes\u00a0\u00bb animspeed=\u00a0\u00bbslow\u00a0\u00bb seqspeed=\u00a0\u00bb1978&Prime;][vc_column_inner width=\u00a0\u00bb1\/1&Prime;][vc_column_text]<\/p>\n<p style=\"width: 100%;text-align: center;font-size: 25pt;line-height: 28pt\">Desde hace m\u00e1s de 20 a\u00f1os, Cythelia asiste a sus clientes en asuntos energ\u00e9ticos, con total independencia.<\/p>\n<p style=\"font-size: 15pt;color: #009fe3\">Nuestras misiones cubren todo el ciclo de vida de los proyectos, desde el apoyo para la toma de decisiones hasta la implementaci\u00f3n de las soluciones y su seguimiento en el tiempo.<\/p>\n<p>Siempre a la vanguardia de la innovaci\u00f3n, nuestro <a title=\"Polo de investigaci\u00f3n\" href=\"https:\/\/www.cythelia.fr\/es\/pole-de-recherche\/\">polo de investigaci\u00f3n<\/a>* desarrolla soluciones de software y hardware para hacer frente a los desaf\u00edos de la transici\u00f3n energ\u00e9tica. En particular <a title=\"Archelios\" href=\"http:\/\/www.trace-software.com\/products\/archelios-suite\/\" target=\"_blank\">la suite Archelios dedicada a la energ\u00eda fotovoltaica:<\/a><\/p>\n<blockquote><p><em><strong><a href=\"http:\/\/www.trace-software.com\/es\/soluciones\/software-de-planificacion-fotovoltaica\/\" target=\"_blank\">Archelios PRO<\/a> : <\/strong>planificaci\u00f3n, dise\u00f1o y dimensionamiento de instalaciones fotovoltaicas<\/em><\/p>\n<p><em><strong><a href=\"http:\/\/www.trace-software.com\/es\/soluciones\/calculo-y-dimensionamiento-instalaciones-fotovoltaicas\/\" target=\"_blank\">Archelios CALC<\/a> : <\/strong>c\u00e1lculo normativo<\/em><\/p>\n<p><em><strong><a href=\"http:\/\/www.trace-software.com\/archelios-om\/monitoring-software-for-pv-installations\/\" target=\"_blank\">Archelios O&amp;M<\/a><\/strong> : advanced PV monitoring<br \/>\n<\/em><\/p>\n<p><em><strong><a href=\"https:\/\/www.cythelia.fr\/es\/energias-renovables\/peritaje\/catastro-solar\/\" target=\"_blank\">Archelios MAP<\/a> : <\/strong>Catastro solar<\/em><\/p>\n<p><em><strong><a href=\"https:\/\/www.cythelia.fr\/es\/energias-renovables\/peritaje\/estudio-deslumbramiento\/\" target=\"_blank\">Archelios RAY<\/a> : <\/strong>Estudios de deslumbramiento<\/em><\/p><\/blockquote>\n<p><strong>Nuestros \u00e1mbitos de actividad:<\/strong>[\/vc_column_text][vc_raw_html]<\/p>\n<p>JTNDZGl2JTIwY2xhc3MlM0QlMjJncmlkJTIyJTNFJTBBJTA5JTNDZmlndXJlJTIwY2xhc3MlM0QlMjJlZmZlY3QtbGF5bGElMjIlM0UlMEElMDklMDklM0NpbWclMjBzcmMlM0QlMjIlMkZ3cC1jb250ZW50JTJGdGhlbWVzJTJGY3l0aGVsaWElMkZhc3NldHMlMkZpbWclMkZwaG90b3ZvbHRhaXF1ZS5qcGclMjIlMjBhbHQlM0QlMjJQcm9kdWNjaSVDMyVCM24lMjBkZSUyMGVuZXJnJUMzJUFEYXMlMjByZW5vdmFibGVzJTIyJTJGJTNFJTBBJTA5JTA5JTNDZmlnY2FwdGlvbiUzRSUwQSUwOSUwOSUwOSUzQ2gzJTIwc3R5bGUlM0QlMjJjb2xvciUzQXdoaXRlJTNCJTIyJTNFUHJvZHVjY2klQzMlQjNuJTIwZGUlMjBlbmVyZyVDMyVBRGFzJTIwcmVub3ZhYmxlcyUzQyUyRmgzJTNFJTBBJTA5JTA5JTA5JTNDcCUzRWVzcGVjaWFsbWVudGUlMjBmb3Rvdm9sdGFpY2ElM0MlMkZwJTNFJTBBJTA5JTA5JTA5JTNDYSUyMGhyZWYlM0QlMjIlMkZlcyUyRmVuZXJnaWFzLXJlbm92YWJsZXMlMkYlMjIlM0VTYWJlciUyMG0lQzMlQTFzJTNDJTJGYSUzRSUwQSUwOSUwOSUzQyUyRmZpZ2NhcHRpb24lM0UlMDklMDklMDklMEElMDklM0MlMkZmaWd1cmUlM0UlMEElMDklM0NmaWd1cmUlMjBjbGFzcyUzRCUyMmVmZmVjdC1sYXlsYSUyMiUzRSUwQSUwOSUwOSUzQ2ltZyUyMHNyYyUzRCUyMiUyRndwLWNvbnRlbnQlMkZ0aGVtZXMlMkZjeXRoZWxpYSUyRmFzc2V0cyUyRmltZyUyRm1haXRyaXNlLWVuZXJnaWUuanBnJTIyJTIwYWx0JTNEJTIyJTIyJTJGJTNFJTBBJTA5JTA5JTNDZmlnY2FwdGlvbiUzRSUwQSUwOSUwOSUwOSUzQ2gzJTIwc3R5bGUlM0QlMjJjb2xvciUzQXdoaXRlJTNCJTIyJTNFQ29udHJvbCUyMGRlJTIwZW5lcmclQzMlQURhJTNDJTJGaDMlM0UlMEElMDklMDklMDklM0NhJTIwaHJlZiUzRCUyMiUyRmVzJTJGY29udHJvbC1lbmVyZ2V0aWNvJTJGJTIyJTNFU2FiZXIlMjBtJUMzJUExcyUzQyUyRmElM0UlMEElMDklMDklM0MlMkZmaWdjYXB0aW9uJTNFJTA5JTA5JTA5JTBBJTA5JTNDJTJGZmlndXJlJTNFJTBBJTA5JTNDZmlndXJlJTIwY2xhc3MlM0QlMjJlZmZlY3QtbGF5bGElMjIlM0UlMEElMDklMDklM0NpbWclMjBzcmMlM0QlMjIlMkZ3cC1jb250ZW50JTJGdGhlbWVzJTJGY3l0aGVsaWElMkZhc3NldHMlMkZpbWclMkZzbWFydC1ncmlkcy5qcGclMjIlMjBhbHQlM0QlMjJMYSUyMGFkZWN1YWNpJUMzJUIzbiUyMGRlJTIwbGElMjBwcm9kdWNjaSVDMyVCM24lMjB5JTIwZGVsJTIwY29uc3VtbyUyMiUyRiUzRSUwQSUwOSUwOSUzQ2ZpZ2NhcHRpb24lM0UlMEElMDklMDklMDklM0NoMyUyMHN0eWxlJTNEJTIyY29sb3IlM0F3aGl0ZSUzQiUyMiUzRUVsJTIwZGVzYXJyb2xsbyUyMGRlJTIwbGFzJTIwcmVkZXMlMjBpbnRlbGlnZW50ZXMlMjB5JTIwc29sdWNpb25lcyUyMGRlJTIwYXV0b2NvbnN1bW8lM0MlMkZoMyUzRSUwQSUwOSUwOSUwOSUzQ2ElMjBocmVmJTNEJTIyJTJGZXMlMkZzbWFydC1ncmlkcyUyRiUyMiUzRVNhYmVyJTIwbSVDMyVBMXMlM0MlMkZhJTNFJTBBJTA5JTA5JTNDJTJGZmlnY2FwdGlvbiUzRSUwOSUwOSUwOSUwQSUwOSUzQyUyRmZpZ3VyZSUzRSUwQSUzQyUyRmRpdiUzRQ==<\/p>\n<p>[\/vc_raw_html][vc_column_text]<\/p>\n<div style=\"font-size: 0.9em;font-style: italic;line-height: 1.2em;clear: both;padding-top: 40px\">* Cythelia est\u00e1 acreditada por el Ministerio de Educaci\u00f3n Nacional y el Ministerio de Ense\u00f1anza superior e Investigaci\u00f3n de Francia para realizar proyectos de investigaci\u00f3n en nombre de terceros.<br \/>\nPor tanto, los trabajos que nos conf\u00eda pueden optar al Cr\u00e9dito Fiscal para la Investigaci\u00f3n (CIR).<\/div>\n<p>[\/vc_column_text][\/vc_column_inner][\/vc_row_inner][\/vc_column][\/vc_row][vc_row section_id=\u00a0\u00bbconfiance\u00a0\u00bb section_top_margin=\u00a0\u00bbnotopmargin\u00a0\u00bb section_bottom_margin=\u00a0\u00bbnormalbottommargin\u00a0\u00bb section_schema=\u00a0\u00bbnormal\u00a0\u00bb background_repeat=\u00a0\u00bbrepeat\u00a0\u00bb moving_direction=\u00a0\u00bbhorizontal\u00a0\u00bb parallax_speed_1=\u00a0\u00bb300&Prime; parallax_speed_2=\u00a0\u00bb300&Prime; parallax_speed_3=\u00a0\u00bb300&Prime; parallax_speed_4=\u00a0\u00bb300&Prime; parallax_speed_5=\u00a0\u00bb300&Prime; parallax_speed_6=\u00a0\u00bb300&Prime; parallax_speed_7=\u00a0\u00bb300&Prime; parallax_speed_8=\u00a0\u00bb300&Prime; parallax_speed_9=\u00a0\u00bb300&Prime; parallax_speed_10=\u00a0\u00bb300&Prime; top_ribon_bg=\u00a0\u00bb675&Prime; bottom_ribon_bg=\u00a0\u00bb676&Prime; section_background=\u00a0\u00bbcolor\u00a0\u00bb background_color=\u00a0\u00bb#ffffff\u00a0\u00bb][vc_column width=\u00a0\u00bb1\/1&Prime;][vc_column_text]<\/p>\n<p><span style=\"width: 100%;text-align: center;font-size: 30pt\">Nuestras certificaciones<\/span><\/p>\n<div style=\"widht;100%;height: 10px\"><\/div>\n<p>[\/vc_column_text][vc_gallery type=\u00a0\u00bbimage_grid\u00a0\u00bb interval=\u00a0\u00bb3&Prime; images=\u00a0\u00bb6249,6245,6244,6246,6248&Prime; onclick=\u00a0\u00bblink_no\u00a0\u00bb custom_links_target=\u00a0\u00bb_self\u00a0\u00bb img_size=\u00a0\u00bb100&#215;100&Prime; el_class=\u00a0\u00bbgridlogos\u00a0\u00bb][vc_button title=\u00a0\u00bbVer detalles de nuestras certificaciones\u00a0\u00bb target=\u00a0\u00bb_self\u00a0\u00bb color=\u00a0\u00bbbtn-primary\u00a0\u00bb icon=\u00a0\u00bbnone\u00a0\u00bb size=\u00a0\u00bbwpb_regularsize\u00a0\u00bb href=\u00a0\u00bb\/es\/cythelia-3\/certificaciones\/\u00a0\u00bb][\/vc_column][\/vc_row][vc_row section_id=\u00a0\u00bbcontactez-nous\u00a0\u00bb section_top_margin=\u00a0\u00bbnormaltopmargin\u00a0\u00bb section_bottom_margin=\u00a0\u00bbnormalbottommargin\u00a0\u00bb section_schema=\u00a0\u00bblight\u00a0\u00bb section_background=\u00a0\u00bbmovingbg\u00a0\u00bb background_repeat=\u00a0\u00bbrepeat\u00a0\u00bb moving_direction=\u00a0\u00bbhorizontal\u00a0\u00bb moving_image_background=\u00a0\u00bb5383&Prime; parallax_speed_1=\u00a0\u00bb300&Prime; parallax_speed_2=\u00a0\u00bb300&Prime; parallax_speed_3=\u00a0\u00bb300&Prime; parallax_speed_4=\u00a0\u00bb300&Prime; parallax_speed_5=\u00a0\u00bb300&Prime; parallax_speed_6=\u00a0\u00bb300&Prime; parallax_speed_7=\u00a0\u00bb300&Prime; parallax_speed_8=\u00a0\u00bb300&Prime; parallax_speed_9=\u00a0\u00bb300&Prime; parallax_speed_10=\u00a0\u00bb300&Prime;][vc_column width=\u00a0\u00bb1\/1&Prime;][jeg_callout buttonstyle=\u00a0\u00bbprimary\u00a0\u00bb text=\u00a0\u00bb\u00bfQuiere saber m\u00e1s acerca de nuestros servicios y habilidades?<\/p>\n<p>\u00a0\u00bb buttontext=\u00a0\u00bbCont\u00e1ctenos\u00a0\u00bb buttonurl=\u00a0\u00bb\/es\/cythelia-3\/contactenos\/\u00a0\u00bb][\/vc_column][\/vc_row]\n<\/section>","protected":false},"excerpt":{"rendered":"<p>[vc_row section_top_margin=\u00a0\u00bbnormaltopmargin\u00a0\u00bb section_bottom_margin=\u00a0\u00bbnormalbottommargin\u00a0\u00bb section_schema=\u00a0\u00bbnormal\u00a0\u00bb section_background=\u00a0\u00bbcolor\u00a0\u00bb background_color=\u00a0\u00bb#ffffff\u00a0\u00bb background_repeat=\u00a0\u00bbrepeat\u00a0\u00bb moving_direction=\u00a0\u00bbhorizontal\u00a0\u00bb parallax_speed_1=\u00a0\u00bb300&Prime; parallax_speed_2=\u00a0\u00bb300&Prime; parallax_speed_3=\u00a0\u00bb300&Prime; parallax_speed_4=\u00a0\u00bb300&Prime; parallax_speed_5=\u00a0\u00bb300&Prime; parallax_speed_6=\u00a0\u00bb300&Prime; parallax_speed_7=\u00a0\u00bb300&Prime; parallax_speed_8=\u00a0\u00bb300&Prime; parallax_speed_9=\u00a0\u00bb300&Prime; parallax_speed_10=\u00a0\u00bb300&Prime;][vc_column width=\u00a0\u00bb1\/1&Prime;][vc_row_inner enable_animation=\u00a0\u00bbyes\u00a0\u00bb animspeed=\u00a0\u00bbslow\u00a0\u00bb seqspeed=\u00a0\u00bb1978&Prime;][vc_column_inner width=\u00a0\u00bb1\/1&Prime;][vc_column_text] Desde hace m\u00e1s de 20 a\u00f1os, Cythelia asiste a sus clientes en asuntos energ\u00e9ticos, con total independencia. Nuestras misiones cubren todo el ciclo de vida de los &hellip; <a class=\"readmore\" href=\"https:\/\/www.cythelia.fr\/es\/\">Lire la suite <span class=\"meta-nav\">&rarr;<\/span><\/a><\/p>\n","protected":false},"author":1,"featured_media":0,"parent":0,"menu_order":0,"comment_status":"open","ping_status":"open","template":"template\/template-landing-page-vc.php","meta":[],"yoast_head":"<!-- This site is optimized with the Yoast SEO plugin v20.0 - https:\/\/yoast.com\/wordpress\/plugins\/seo\/ -->\n<title>Cythelia energy<\/title>\n<meta name=\"description\" content=\"Depuis plus de 20 ans, Cythelia accompagne ses clients sur les questions \u00e9nerg\u00e9tiques, en toute ind\u00e9pendance\" \/>\n<meta name=\"robots\" content=\"index, follow, max-snippet:-1, max-image-preview:large, max-video-preview:-1\" \/>\n<link rel=\"canonical\" href=\"https:\/\/www.cythelia.fr\/es\/\" \/>\n<meta property=\"og:locale\" content=\"fr_FR\" \/>\n<meta property=\"og:type\" content=\"article\" \/>\n<meta property=\"og:title\" content=\"Cythelia energy\" \/>\n<meta property=\"og:description\" content=\"Depuis plus de 20 ans, Cythelia accompagne ses clients sur les questions \u00e9nerg\u00e9tiques, en toute ind\u00e9pendance\" \/>\n<meta property=\"og:url\" content=\"https:\/\/www.cythelia.fr\/es\/\" \/>\n<meta property=\"og:site_name\" content=\"Cythelia Version ES\" \/>\n<meta property=\"article:modified_time\" content=\"2017-09-26T16:16:03+00:00\" \/>\n<meta name=\"twitter:label1\" content=\"Dur\u00e9e de lecture estim\u00e9e\" \/>\n\t<meta name=\"twitter:data1\" content=\"3 minutes\" \/>\n<script type=\"application\/ld+json\" class=\"yoast-schema-graph\">{\"@context\":\"https:\/\/schema.org\",\"@graph\":[{\"@type\":\"WebPage\",\"@id\":\"https:\/\/www.cythelia.fr\/es\/\",\"url\":\"https:\/\/www.cythelia.fr\/es\/\",\"name\":\"Cythelia energy\",\"isPartOf\":{\"@id\":\"https:\/\/www.cythelia.fr\/es\/#website\"},\"datePublished\":\"2015-02-03T14:54:26+00:00\",\"dateModified\":\"2017-09-26T16:16:03+00:00\",\"description\":\"Depuis plus de 20 ans, Cythelia accompagne ses clients sur les questions \u00e9nerg\u00e9tiques, en toute ind\u00e9pendance\",\"breadcrumb\":{\"@id\":\"https:\/\/www.cythelia.fr\/es\/#breadcrumb\"},\"inLanguage\":\"fr-FR\",\"potentialAction\":[{\"@type\":\"ReadAction\",\"target\":[\"https:\/\/www.cythelia.fr\/es\/\"]}]},{\"@type\":\"BreadcrumbList\",\"@id\":\"https:\/\/www.cythelia.fr\/es\/#breadcrumb\",\"itemListElement\":[{\"@type\":\"ListItem\",\"position\":1,\"name\":\"Accueil\",\"item\":\"https:\/\/www.cythelia.fr\/es\/\"},{\"@type\":\"ListItem\",\"position\":2,\"name\":\"Inicio\"}]},{\"@type\":\"WebSite\",\"@id\":\"https:\/\/www.cythelia.fr\/es\/#website\",\"url\":\"https:\/\/www.cythelia.fr\/es\/\",\"name\":\"Cythelia Version ES\",\"description\":\"\",\"potentialAction\":[{\"@type\":\"SearchAction\",\"target\":{\"@type\":\"EntryPoint\",\"urlTemplate\":\"https:\/\/www.cythelia.fr\/es\/?s={search_term_string}\"},\"query-input\":\"required name=search_term_string\"}],\"inLanguage\":\"fr-FR\"}]}<\/script>\n<!-- \/ Yoast SEO plugin. -->","yoast_head_json":{"title":"Cythelia energy","description":"Depuis plus de 20 ans, Cythelia accompagne ses clients sur les questions \u00e9nerg\u00e9tiques, en toute ind\u00e9pendance","robots":{"index":"index","follow":"follow","max-snippet":"max-snippet:-1","max-image-preview":"max-image-preview:large","max-video-preview":"max-video-preview:-1"},"canonical":"https:\/\/www.cythelia.fr\/es\/","og_locale":"fr_FR","og_type":"article","og_title":"Cythelia energy","og_description":"Depuis plus de 20 ans, Cythelia accompagne ses clients sur les questions \u00e9nerg\u00e9tiques, en toute ind\u00e9pendance","og_url":"https:\/\/www.cythelia.fr\/es\/","og_site_name":"Cythelia Version ES","article_modified_time":"2017-09-26T16:16:03+00:00","twitter_misc":{"Dur\u00e9e de lecture estim\u00e9e":"3 minutes"},"schema":{"@context":"https:\/\/schema.org","@graph":[{"@type":"WebPage","@id":"https:\/\/www.cythelia.fr\/es\/","url":"https:\/\/www.cythelia.fr\/es\/","name":"Cythelia energy","isPartOf":{"@id":"https:\/\/www.cythelia.fr\/es\/#website"},"datePublished":"2015-02-03T14:54:26+00:00","dateModified":"2017-09-26T16:16:03+00:00","description":"Depuis plus de 20 ans, Cythelia accompagne ses clients sur les questions \u00e9nerg\u00e9tiques, en toute ind\u00e9pendance","breadcrumb":{"@id":"https:\/\/www.cythelia.fr\/es\/#breadcrumb"},"inLanguage":"fr-FR","potentialAction":[{"@type":"ReadAction","target":["https:\/\/www.cythelia.fr\/es\/"]}]},{"@type":"BreadcrumbList","@id":"https:\/\/www.cythelia.fr\/es\/#breadcrumb","itemListElement":[{"@type":"ListItem","position":1,"name":"Accueil","item":"https:\/\/www.cythelia.fr\/es\/"},{"@type":"ListItem","position":2,"name":"Inicio"}]},{"@type":"WebSite","@id":"https:\/\/www.cythelia.fr\/es\/#website","url":"https:\/\/www.cythelia.fr\/es\/","name":"Cythelia Version ES","description":"","potentialAction":[{"@type":"SearchAction","target":{"@type":"EntryPoint","urlTemplate":"https:\/\/www.cythelia.fr\/es\/?s={search_term_string}"},"query-input":"required name=search_term_string"}],"inLanguage":"fr-FR"}]}},"_links":{"self":[{"href":"https:\/\/www.cythelia.fr\/es\/wp-json\/wp\/v2\/pages\/5146"}],"collection":[{"href":"https:\/\/www.cythelia.fr\/es\/wp-json\/wp\/v2\/pages"}],"about":[{"href":"https:\/\/www.cythelia.fr\/es\/wp-json\/wp\/v2\/types\/page"}],"author":[{"embeddable":true,"href":"https:\/\/www.cythelia.fr\/es\/wp-json\/wp\/v2\/users\/1"}],"replies":[{"embeddable":true,"href":"https:\/\/www.cythelia.fr\/es\/wp-json\/wp\/v2\/comments?post=5146"}],"version-history":[{"count":10,"href":"https:\/\/www.cythelia.fr\/es\/wp-json\/wp\/v2\/pages\/5146\/revisions"}],"predecessor-version":[{"id":7983,"href":"https:\/\/www.cythelia.fr\/es\/wp-json\/wp\/v2\/pages\/5146\/revisions\/7983"}],"wp:attachment":[{"href":"https:\/\/www.cythelia.fr\/es\/wp-json\/wp\/v2\/media?parent=5146"}],"curies":[{"name":"wp","href":"https:\/\/api.w.org\/{rel}","templated":true}]}}