{"id":5504,"date":"2015-02-18T13:59:52","date_gmt":"2015-02-18T13:59:52","guid":{"rendered":"https:\/\/www.cythelia.fr\/?page_id=5504"},"modified":"2016-02-03T12:23:10","modified_gmt":"2016-02-03T11:23:10","slug":"etudes-rt","status":"publish","type":"page","link":"https:\/\/www.cythelia.fr\/en\/energy-management\/prestations-specifiques\/etudes-rt\/","title":{"rendered":"Building Energy Efficiency Standards assessments"},"content":{"rendered":"<section class=\"wpb-content-wrapper\">[vc_row section_top_margin=\u00a0\u00bbnormaltopmargin\u00a0\u00bb section_bottom_margin=\u00a0\u00bbnormalbottommargin\u00a0\u00bb section_schema=\u00a0\u00bbnormal\u00a0\u00bb section_background=\u00a0\u00bbcolor\u00a0\u00bb background_color=\u00a0\u00bb#ffffff\u00a0\u00bb background_repeat=\u00a0\u00bbrepeat\u00a0\u00bb moving_direction=\u00a0\u00bbhorizontal\u00a0\u00bb parallax_speed_1=\u00a0\u00bb300&Prime; parallax_speed_2=\u00a0\u00bb300&Prime; parallax_speed_3=\u00a0\u00bb300&Prime; parallax_speed_4=\u00a0\u00bb300&Prime; parallax_speed_5=\u00a0\u00bb300&Prime; parallax_speed_6=\u00a0\u00bb300&Prime; parallax_speed_7=\u00a0\u00bb300&Prime; parallax_speed_8=\u00a0\u00bb300&Prime; parallax_speed_9=\u00a0\u00bb300&Prime; parallax_speed_10=\u00a0\u00bb300&Prime;][vc_column width=\u00a0\u00bb1\/1&Prime;][vc_row_inner][vc_column_inner width=\u00a0\u00bb3\/4&Prime;][vc_custom_heading text=\u00a0\u00bbComplete conformity assessments according to the 2012 Building Energy Efficiency Standards\u00a0\u00bb font_container=\u00a0\u00bbtag:h2|text_align:left\u00a0\u00bb google_fonts=\u00a0\u00bbfont_family:Open%20Sans%3A300%2C300italic%2Cregular%2Citalic%2C600%2C600italic%2C700%2C700italic%2C800%2C800italic|font_style:400%20regular%3A400%3Anormal\u00a0\u00bb][vc_column_text]<strong>Cythelia<\/strong> carries out complete assessments using the certified \u00ab\u00a0Th-BCE\u00a0\u00bb calculation method to check conformity with the 2012 Building Energy Efficiency Standards .<\/p>\n<p>We produce the documents that you need to submit to your local building department when applying for a permit, as well as detailed reports to give to the building inspector when issuing the work completion certificate.<\/p>\n<p><img decoding=\"async\" loading=\"lazy\" class=\"alignright size-full wp-image-5983\" style=\"margin-left: 20px; padding-top: 30px; margin-right: 20px;\" src=\"https:\/\/www.cythelia.fr\/en\/wp-content\/uploads\/sites\/2\/2015\/02\/logo-opqibi-Avec-Numero-certification-TRANSPARENT-REDUIT.png\" alt=\"\" width=\"130\" height=\"82\" \/>To streamline the assessment process, we provide a file that needs to be completed and which lists the necessary elements for conducting the assessment. If your project has not yet been clearly defined, we can guide you early on and ensure that you make the right choices when designing your project.<\/p>\n<p>Our OPQIBI 19.05 and Promotelec certification bears testament to our expertise in thermal building design.[\/vc_column_text][vc_empty_space height=\u00a0\u00bb50px\u00a0\u00bb][vc_custom_heading text=\u00a0\u00bbOur OPQIBI 19.05 and Promotelec certification bears testament to our expertise in thermal building design:\u00a0\u00bb font_container=\u00a0\u00bbtag:h2|text_align:left\u00a0\u00bb google_fonts=\u00a0\u00bbfont_family:Open%20Sans%3A300%2C300italic%2Cregular%2Citalic%2C600%2C600italic%2C700%2C700italic%2C800%2C800italic|font_style:400%20regular%3A400%3Anormal\u00a0\u00bb][vc_column_text]<strong>Conformity assessment \u2013 Stage 1: Compile the documents required to perform the conformity assessment<\/strong><br \/>\nTo simplify the process of compiling the documents that we need to assess your conformity with the 2012 Building Energy Efficiency Standards, Cythelia has produced a file that we will send you free of charge. Click on the following link to see a preview: \u00ab\u00a0<a href=\"https:\/\/www.cythelia.fr\/pdf\/Etude-thermique-RT-2012-Fichier-client.pdf\">2012 Building Energy Efficiency Standards conformity assessment: customer file<\/a>\u00ab\u00a0.<br \/>\nUsing this file, we can carry out your assessment as smoothly as possible while guaranteeing a fast turnaround time.<\/p>\n<p><strong>Conformity assessment \u2013 Stage 2: Conduct the assessment<\/strong><br \/>\nOnce we have received the documents specified in the customer file, we create a model of the building and perform the assessment using the Th-BCE calculation method. If necessary, we can advise you on insulation and heating systems.<\/p>\n<p><strong>Conformity assessment \u2013 Stage 3: Validate the project<\/strong><br \/>\nThe results of the assessment will determine whether or not your building conforms to the standards. If the outcome is positive, we will provide you with the reports to be submitted to your local building department when applying for a permit. A more extensive assessment report will be issued for your work completion certificate. The inspector will use this document to ensure that the actual systems installed match the choices made during the assessment.<\/p>\n<p><strong>Conformity assessment \u2013 Stage 4: Support for satisfying regulations<\/strong><br \/>\nIf your project fails to conform to regulations, Cythelia will provide you with advice for cost-effectively reaching the level required by the 2012 Building Energy Efficiency Standards (technical \/ economic optimization).[\/vc_column_text][vc_empty_space height=\u00a0\u00bb50px\u00a0\u00bb][vc_custom_heading text=\u00a0\u00bb2012 Building Energy Efficiency Standards in a nutshell\u00a0\u00bb font_container=\u00a0\u00bbtag:h2|text_align:left\u00a0\u00bb google_fonts=\u00a0\u00bbfont_family:Open%20Sans%3A300%2C300italic%2Cregular%2Citalic%2C600%2C600italic%2C700%2C700italic%2C800%2C800italic|font_style:400%20regular%3A400%3Anormal\u00a0\u00bb][vc_column_text]The objectives of the Building Energy Efficiency Standards (especially the 2012 version) are as follows:<\/p>\n<ul>\n<li>Assess a building&rsquo;s conformity with national requirements<\/li>\n<li>Compare different buildings based on fixed criteria and assumptions<\/li>\n<li>Guarantee a minimum level of performance on a national scale<\/li>\n<\/ul>\n<p>The regulatory calculation is not intended to design or size a building, but instead check that it achieves a minimum level of performance. Therefore, you should not use thermal regulations as an example or reference of high-performance buildings in your design process.<\/p>\n<p><strong>Energy efficiency standards for new builds: from 1974 to 2012<\/strong><\/p>\n<p>The following timeline shows how thermal regulations for new builds have evolved in recent years.<\/p>\n<p><img decoding=\"async\" loading=\"lazy\" class=\"aligncenter size-full wp-image-7855\" src=\"https:\/\/www.cythelia.fr\/en\/wp-content\/uploads\/sites\/2\/2015\/02\/timeline-statutory-thermal-regulations.jpg\" alt=\"timeline-statutory-thermal-regulations\" width=\"736\" height=\"546\" srcset=\"https:\/\/www.cythelia.fr\/en\/wp-content\/uploads\/sites\/2\/2015\/02\/timeline-statutory-thermal-regulations.jpg 736w, https:\/\/www.cythelia.fr\/en\/wp-content\/uploads\/sites\/2\/2015\/02\/timeline-statutory-thermal-regulations-300x223.jpg 300w\" sizes=\"(max-width: 736px) 100vw, 736px\" \/>[\/vc_column_text][vc_empty_space height=\u00a0\u00bb50px\u00a0\u00bb][\/vc_column_inner][vc_column_inner width=\u00a0\u00bb1\/4&Prime; el_class=\u00a0\u00bbsidebarsticker\u00a0\u00bb position=\u00a0\u00bbnone\u00a0\u00bb][vc_widget_sidebar sidebar_id=\u00a0\u00bbSideBar Consommation\u00a0\u00bb][\/vc_column_inner][\/vc_row_inner][\/vc_column][\/vc_row]\n<\/section>","protected":false},"excerpt":{"rendered":"<p>[vc_row section_top_margin=\u00a0\u00bbnormaltopmargin\u00a0\u00bb section_bottom_margin=\u00a0\u00bbnormalbottommargin\u00a0\u00bb section_schema=\u00a0\u00bbnormal\u00a0\u00bb section_background=\u00a0\u00bbcolor\u00a0\u00bb background_color=\u00a0\u00bb#ffffff\u00a0\u00bb background_repeat=\u00a0\u00bbrepeat\u00a0\u00bb moving_direction=\u00a0\u00bbhorizontal\u00a0\u00bb parallax_speed_1=\u00a0\u00bb300&Prime; parallax_speed_2=\u00a0\u00bb300&Prime; parallax_speed_3=\u00a0\u00bb300&Prime; parallax_speed_4=\u00a0\u00bb300&Prime; parallax_speed_5=\u00a0\u00bb300&Prime; parallax_speed_6=\u00a0\u00bb300&Prime; parallax_speed_7=\u00a0\u00bb300&Prime; parallax_speed_8=\u00a0\u00bb300&Prime; parallax_speed_9=\u00a0\u00bb300&Prime; parallax_speed_10=\u00a0\u00bb300&Prime;][vc_column width=\u00a0\u00bb1\/1&Prime;][vc_row_inner][vc_column_inner width=\u00a0\u00bb3\/4&Prime;][vc_custom_heading text=\u00a0\u00bbComplete conformity assessments according to the 2012 Building Energy Efficiency Standards\u00a0\u00bb font_container=\u00a0\u00bbtag:h2|text_align:left\u00a0\u00bb google_fonts=\u00a0\u00bbfont_family:Open%20Sans%3A300%2C300italic%2Cregular%2Citalic%2C600%2C600italic%2C700%2C700italic%2C800%2C800italic|font_style:400%20regular%3A400%3Anormal\u00a0\u00bb][vc_column_text]Cythelia carries out complete assessments using the certified \u00ab\u00a0Th-BCE\u00a0\u00bb calculation method to check conformity with the 2012 Building &hellip; <a class=\"readmore\" href=\"https:\/\/www.cythelia.fr\/en\/energy-management\/prestations-specifiques\/etudes-rt\/\">Lire la suite <span class=\"meta-nav\">&rarr;<\/span><\/a><\/p>\n","protected":false},"author":1,"featured_media":0,"parent":5499,"menu_order":0,"comment_status":"open","ping_status":"open","template":"template\/template-landing-page-vc.php","meta":[],"yoast_head":"<!-- This site is optimized with the Yoast SEO plugin v20.0 - https:\/\/yoast.com\/wordpress\/plugins\/seo\/ -->\n<title>Etudes RT<\/title>\n<meta name=\"description\" content=\"Cythelia r\u00e9alise des \u00e9tudes RT2012 compl\u00e8tes utilisant le moteur de calcul certifi\u00e9 Th-BCE .\" \/>\n<meta name=\"robots\" content=\"index, follow, max-snippet:-1, max-image-preview:large, max-video-preview:-1\" \/>\n<link rel=\"canonical\" href=\"https:\/\/www.cythelia.fr\/en\/energy-management\/prestations-specifiques\/etudes-rt\/\" \/>\n<meta property=\"og:locale\" content=\"fr_FR\" \/>\n<meta property=\"og:type\" content=\"article\" \/>\n<meta property=\"og:title\" content=\"Etudes RT\" \/>\n<meta property=\"og:description\" content=\"Cythelia r\u00e9alise des \u00e9tudes RT2012 compl\u00e8tes utilisant le moteur de calcul certifi\u00e9 Th-BCE .\" \/>\n<meta property=\"og:url\" content=\"https:\/\/www.cythelia.fr\/en\/energy-management\/prestations-specifiques\/etudes-rt\/\" \/>\n<meta property=\"og:site_name\" content=\"Cythelia Version EN\" \/>\n<meta property=\"article:modified_time\" content=\"2016-02-03T11:23:10+00:00\" \/>\n<meta property=\"og:image\" content=\"https:\/\/www.cythelia.fr\/en\/wp-content\/uploads\/sites\/2\/2015\/02\/logo-opqibi-Avec-Numero-certification-TRANSPARENT-REDUIT.png\" \/>\n<meta name=\"twitter:label1\" content=\"Dur\u00e9e de lecture estim\u00e9e\" \/>\n\t<meta name=\"twitter:data1\" content=\"4 minutes\" \/>\n<script type=\"application\/ld+json\" class=\"yoast-schema-graph\">{\"@context\":\"https:\/\/schema.org\",\"@graph\":[{\"@type\":\"WebPage\",\"@id\":\"https:\/\/www.cythelia.fr\/en\/energy-management\/prestations-specifiques\/etudes-rt\/\",\"url\":\"https:\/\/www.cythelia.fr\/en\/energy-management\/prestations-specifiques\/etudes-rt\/\",\"name\":\"Etudes RT\",\"isPartOf\":{\"@id\":\"https:\/\/www.cythelia.fr\/en\/#website\"},\"datePublished\":\"2015-02-18T13:59:52+00:00\",\"dateModified\":\"2016-02-03T11:23:10+00:00\",\"description\":\"Cythelia r\u00e9alise des \u00e9tudes RT2012 compl\u00e8tes utilisant le moteur de calcul certifi\u00e9 Th-BCE .\",\"breadcrumb\":{\"@id\":\"https:\/\/www.cythelia.fr\/en\/energy-management\/prestations-specifiques\/etudes-rt\/#breadcrumb\"},\"inLanguage\":\"fr-FR\",\"potentialAction\":[{\"@type\":\"ReadAction\",\"target\":[\"https:\/\/www.cythelia.fr\/en\/energy-management\/prestations-specifiques\/etudes-rt\/\"]}]},{\"@type\":\"BreadcrumbList\",\"@id\":\"https:\/\/www.cythelia.fr\/en\/energy-management\/prestations-specifiques\/etudes-rt\/#breadcrumb\",\"itemListElement\":[{\"@type\":\"ListItem\",\"position\":1,\"name\":\"Accueil\",\"item\":\"https:\/\/www.cythelia.fr\/en\/\"},{\"@type\":\"ListItem\",\"position\":2,\"name\":\"Energy management\",\"item\":\"https:\/\/www.cythelia.fr\/en\/energy-management\/\"},{\"@type\":\"ListItem\",\"position\":3,\"name\":\"Bespoke services\",\"item\":\"https:\/\/www.cythelia.fr\/en\/energy-management\/prestations-specifiques\/\"},{\"@type\":\"ListItem\",\"position\":4,\"name\":\"Building Energy Efficiency Standards assessments\"}]},{\"@type\":\"WebSite\",\"@id\":\"https:\/\/www.cythelia.fr\/en\/#website\",\"url\":\"https:\/\/www.cythelia.fr\/en\/\",\"name\":\"Cythelia Version EN\",\"description\":\"\",\"potentialAction\":[{\"@type\":\"SearchAction\",\"target\":{\"@type\":\"EntryPoint\",\"urlTemplate\":\"https:\/\/www.cythelia.fr\/en\/?s={search_term_string}\"},\"query-input\":\"required name=search_term_string\"}],\"inLanguage\":\"fr-FR\"}]}<\/script>\n<!-- \/ Yoast SEO plugin. -->","yoast_head_json":{"title":"Etudes RT","description":"Cythelia r\u00e9alise des \u00e9tudes RT2012 compl\u00e8tes utilisant le moteur de calcul certifi\u00e9 Th-BCE .","robots":{"index":"index","follow":"follow","max-snippet":"max-snippet:-1","max-image-preview":"max-image-preview:large","max-video-preview":"max-video-preview:-1"},"canonical":"https:\/\/www.cythelia.fr\/en\/energy-management\/prestations-specifiques\/etudes-rt\/","og_locale":"fr_FR","og_type":"article","og_title":"Etudes RT","og_description":"Cythelia r\u00e9alise des \u00e9tudes RT2012 compl\u00e8tes utilisant le moteur de calcul certifi\u00e9 Th-BCE .","og_url":"https:\/\/www.cythelia.fr\/en\/energy-management\/prestations-specifiques\/etudes-rt\/","og_site_name":"Cythelia Version EN","article_modified_time":"2016-02-03T11:23:10+00:00","og_image":[{"url":"https:\/\/www.cythelia.fr\/en\/wp-content\/uploads\/sites\/2\/2015\/02\/logo-opqibi-Avec-Numero-certification-TRANSPARENT-REDUIT.png"}],"twitter_misc":{"Dur\u00e9e de lecture estim\u00e9e":"4 minutes"},"schema":{"@context":"https:\/\/schema.org","@graph":[{"@type":"WebPage","@id":"https:\/\/www.cythelia.fr\/en\/energy-management\/prestations-specifiques\/etudes-rt\/","url":"https:\/\/www.cythelia.fr\/en\/energy-management\/prestations-specifiques\/etudes-rt\/","name":"Etudes RT","isPartOf":{"@id":"https:\/\/www.cythelia.fr\/en\/#website"},"datePublished":"2015-02-18T13:59:52+00:00","dateModified":"2016-02-03T11:23:10+00:00","description":"Cythelia r\u00e9alise des \u00e9tudes RT2012 compl\u00e8tes utilisant le moteur de calcul certifi\u00e9 Th-BCE .","breadcrumb":{"@id":"https:\/\/www.cythelia.fr\/en\/energy-management\/prestations-specifiques\/etudes-rt\/#breadcrumb"},"inLanguage":"fr-FR","potentialAction":[{"@type":"ReadAction","target":["https:\/\/www.cythelia.fr\/en\/energy-management\/prestations-specifiques\/etudes-rt\/"]}]},{"@type":"BreadcrumbList","@id":"https:\/\/www.cythelia.fr\/en\/energy-management\/prestations-specifiques\/etudes-rt\/#breadcrumb","itemListElement":[{"@type":"ListItem","position":1,"name":"Accueil","item":"https:\/\/www.cythelia.fr\/en\/"},{"@type":"ListItem","position":2,"name":"Energy management","item":"https:\/\/www.cythelia.fr\/en\/energy-management\/"},{"@type":"ListItem","position":3,"name":"Bespoke services","item":"https:\/\/www.cythelia.fr\/en\/energy-management\/prestations-specifiques\/"},{"@type":"ListItem","position":4,"name":"Building Energy Efficiency Standards assessments"}]},{"@type":"WebSite","@id":"https:\/\/www.cythelia.fr\/en\/#website","url":"https:\/\/www.cythelia.fr\/en\/","name":"Cythelia Version EN","description":"","potentialAction":[{"@type":"SearchAction","target":{"@type":"EntryPoint","urlTemplate":"https:\/\/www.cythelia.fr\/en\/?s={search_term_string}"},"query-input":"required name=search_term_string"}],"inLanguage":"fr-FR"}]}},"_links":{"self":[{"href":"https:\/\/www.cythelia.fr\/en\/wp-json\/wp\/v2\/pages\/5504"}],"collection":[{"href":"https:\/\/www.cythelia.fr\/en\/wp-json\/wp\/v2\/pages"}],"about":[{"href":"https:\/\/www.cythelia.fr\/en\/wp-json\/wp\/v2\/types\/page"}],"author":[{"embeddable":true,"href":"https:\/\/www.cythelia.fr\/en\/wp-json\/wp\/v2\/users\/1"}],"replies":[{"embeddable":true,"href":"https:\/\/www.cythelia.fr\/en\/wp-json\/wp\/v2\/comments?post=5504"}],"version-history":[{"count":4,"href":"https:\/\/www.cythelia.fr\/en\/wp-json\/wp\/v2\/pages\/5504\/revisions"}],"predecessor-version":[{"id":7856,"href":"https:\/\/www.cythelia.fr\/en\/wp-json\/wp\/v2\/pages\/5504\/revisions\/7856"}],"up":[{"embeddable":true,"href":"https:\/\/www.cythelia.fr\/en\/wp-json\/wp\/v2\/pages\/5499"}],"wp:attachment":[{"href":"https:\/\/www.cythelia.fr\/en\/wp-json\/wp\/v2\/media?parent=5504"}],"curies":[{"name":"wp","href":"https:\/\/api.w.org\/{rel}","templated":true}]}}